{"id":26382,"date":"2024-07-25T02:52:23","date_gmt":"2024-07-25T00:52:23","guid":{"rendered":"https:\/\/smans.com\/product\/multiex-cp\/"},"modified":"2026-04-09T13:22:55","modified_gmt":"2026-04-09T11:22:55","slug":"multiex-cp","status":"publish","type":"product","link":"https:\/\/smans.com\/fr\/product\/multiex-cp\/","title":{"rendered":"kolb Cleaning technology - MultiEx\u00ae CP"},"content":{"rendered":"<p><strong>kolb<\/strong>\u00a0MultiEx<sup class=\"trademark\">\u00ae<\/sup>\u00a0CP peut \u00eatre utilis\u00e9 pour les pochoirs, les \u00e9crans, les fausses empreintes (non mont\u00e9es), ainsi que pour les supports de rev\u00eatement et les supports de soudure, les masques et les cadres.<\/p>\n<p>Le d\u00e9tergent \u00e9limine les rev\u00eatements paryl\u00e8ne, les r\u00e9sines \u00e9poxy, les peintures acryliques, les peintures \u00e0 base de r\u00e9sine synth\u00e9tique, les peintures nitro, les peintures \u00e0 deux composants, les peintures UV, les rev\u00eatements en poudre et les polyur\u00e9thanes, ainsi que diverses p\u00e2tes thermiques.<\/p>\n","protected":false},"excerpt":{"rendered":"<p>Pour presque tous les types de peintures, rev\u00eatements et diverses p\u00e2tes thermiques<\/p>\n","protected":false},"featured_media":0,"template":"","meta":{"_acf_changed":false},"pwb-brand":[18324],"product_brand":[],"product_cat":[18095,18013,18152,17991],"product_tag":[],"class_list":{"0":"post-26382","1":"product","2":"type-product","3":"status-publish","5":"pwb-brand-brand-kolb-cleaning-technol-fr","6":"product_cat-cleaning-fr","7":"product_cat-consommables-fr-2","8":"product_cat-detergents-fr","9":"product_cat-electronique-fr","10":"product_shipping_class-kolb-consumables-fr","12":"first","13":"instock","14":"taxable","15":"shipping-taxable","16":"purchasable","17":"product-type-simple"},"acf":[],"yoast_head":"<!-- This site is optimized with the Yoast SEO plugin v27.1.1 - https:\/\/yoast.com\/product\/yoast-seo-wordpress\/ -->\n<title>MultiEx\u00ae CP - Smans<\/title>\n<meta name=\"robots\" content=\"index, follow, max-snippet:-1, max-image-preview:large, max-video-preview:-1\" \/>\n<link rel=\"canonical\" href=\"https:\/\/smans.com\/fr\/product\/multiex-cp\/\" \/>\n<meta property=\"og:locale\" content=\"fr_FR\" \/>\n<meta property=\"og:type\" content=\"article\" \/>\n<meta property=\"og:title\" content=\"MultiEx\u00ae CP - Smans\" \/>\n<meta property=\"og:description\" content=\"Pour presque tous les types de peintures, rev\u00eatements et diverses p\u00e2tes thermiques\" \/>\n<meta property=\"og:url\" content=\"https:\/\/smans.com\/fr\/product\/multiex-cp\/\" \/>\n<meta property=\"og:site_name\" content=\"Smans\" \/>\n<meta property=\"article:modified_time\" content=\"2026-04-09T11:22:55+00:00\" \/>\n<meta name=\"twitter:card\" content=\"summary_large_image\" \/>\n<script type=\"application\/ld+json\" class=\"yoast-schema-graph\">{\"@context\":\"https:\/\/schema.org\",\"@graph\":[{\"@type\":\"WebPage\",\"@id\":\"https:\/\/smans.com\/fr\/product\/multiex-cp\/\",\"url\":\"https:\/\/smans.com\/fr\/product\/multiex-cp\/\",\"name\":\"MultiEx\u00ae CP - Smans\",\"isPartOf\":{\"@id\":\"https:\/\/smans.com\/nl\/#website\"},\"datePublished\":\"2024-07-25T00:52:23+00:00\",\"dateModified\":\"2026-04-09T11:22:55+00:00\",\"breadcrumb\":{\"@id\":\"https:\/\/smans.com\/fr\/product\/multiex-cp\/#breadcrumb\"},\"inLanguage\":\"fr-FR\",\"potentialAction\":[{\"@type\":\"ReadAction\",\"target\":[\"https:\/\/smans.com\/fr\/product\/multiex-cp\/\"]}]},{\"@type\":\"BreadcrumbList\",\"@id\":\"https:\/\/smans.com\/fr\/product\/multiex-cp\/#breadcrumb\",\"itemListElement\":[{\"@type\":\"ListItem\",\"position\":1,\"name\":\"Home\",\"item\":\"https:\/\/smans.com\/fr\/\"},{\"@type\":\"ListItem\",\"position\":2,\"name\":\"Boutique\",\"item\":\"https:\/\/smans.com\/nl\/shop\/\"},{\"@type\":\"ListItem\",\"position\":3,\"name\":\"kolb Cleaning technology - MultiEx\u00ae CP\"}]},{\"@type\":\"WebSite\",\"@id\":\"https:\/\/smans.com\/nl\/#website\",\"url\":\"https:\/\/smans.com\/nl\/\",\"name\":\"Smans\",\"description\":\"\",\"publisher\":{\"@id\":\"https:\/\/smans.com\/nl\/#organization\"},\"potentialAction\":[{\"@type\":\"SearchAction\",\"target\":{\"@type\":\"EntryPoint\",\"urlTemplate\":\"https:\/\/smans.com\/nl\/?s={search_term_string}\"},\"query-input\":{\"@type\":\"PropertyValueSpecification\",\"valueRequired\":true,\"valueName\":\"search_term_string\"}}],\"inLanguage\":\"fr-FR\"},{\"@type\":\"Organization\",\"@id\":\"https:\/\/smans.com\/nl\/#organization\",\"name\":\"Smans\",\"url\":\"https:\/\/smans.com\/nl\/\",\"logo\":{\"@type\":\"ImageObject\",\"inLanguage\":\"fr-FR\",\"@id\":\"https:\/\/smans.com\/nl\/#\/schema\/logo\/image\/\",\"url\":\"https:\/\/smans.com\/wp-content\/uploads\/2023\/09\/logo.svg\",\"contentUrl\":\"https:\/\/smans.com\/wp-content\/uploads\/2023\/09\/logo.svg\",\"caption\":\"Smans\"},\"image\":{\"@id\":\"https:\/\/smans.com\/nl\/#\/schema\/logo\/image\/\"}}]}<\/script>\n<!-- \/ Yoast SEO plugin. -->","yoast_head_json":{"title":"MultiEx\u00ae CP - Smans","robots":{"index":"index","follow":"follow","max-snippet":"max-snippet:-1","max-image-preview":"max-image-preview:large","max-video-preview":"max-video-preview:-1"},"canonical":"https:\/\/smans.com\/fr\/product\/multiex-cp\/","og_locale":"fr_FR","og_type":"article","og_title":"MultiEx\u00ae CP - Smans","og_description":"Pour presque tous les types de peintures, rev\u00eatements et diverses p\u00e2tes thermiques","og_url":"https:\/\/smans.com\/fr\/product\/multiex-cp\/","og_site_name":"Smans","article_modified_time":"2026-04-09T11:22:55+00:00","twitter_card":"summary_large_image","schema":{"@context":"https:\/\/schema.org","@graph":[{"@type":"WebPage","@id":"https:\/\/smans.com\/fr\/product\/multiex-cp\/","url":"https:\/\/smans.com\/fr\/product\/multiex-cp\/","name":"MultiEx\u00ae CP - Smans","isPartOf":{"@id":"https:\/\/smans.com\/nl\/#website"},"datePublished":"2024-07-25T00:52:23+00:00","dateModified":"2026-04-09T11:22:55+00:00","breadcrumb":{"@id":"https:\/\/smans.com\/fr\/product\/multiex-cp\/#breadcrumb"},"inLanguage":"fr-FR","potentialAction":[{"@type":"ReadAction","target":["https:\/\/smans.com\/fr\/product\/multiex-cp\/"]}]},{"@type":"BreadcrumbList","@id":"https:\/\/smans.com\/fr\/product\/multiex-cp\/#breadcrumb","itemListElement":[{"@type":"ListItem","position":1,"name":"Home","item":"https:\/\/smans.com\/fr\/"},{"@type":"ListItem","position":2,"name":"Boutique","item":"https:\/\/smans.com\/nl\/shop\/"},{"@type":"ListItem","position":3,"name":"kolb Cleaning technology - MultiEx\u00ae CP"}]},{"@type":"WebSite","@id":"https:\/\/smans.com\/nl\/#website","url":"https:\/\/smans.com\/nl\/","name":"Smans","description":"","publisher":{"@id":"https:\/\/smans.com\/nl\/#organization"},"potentialAction":[{"@type":"SearchAction","target":{"@type":"EntryPoint","urlTemplate":"https:\/\/smans.com\/nl\/?s={search_term_string}"},"query-input":{"@type":"PropertyValueSpecification","valueRequired":true,"valueName":"search_term_string"}}],"inLanguage":"fr-FR"},{"@type":"Organization","@id":"https:\/\/smans.com\/nl\/#organization","name":"Smans","url":"https:\/\/smans.com\/nl\/","logo":{"@type":"ImageObject","inLanguage":"fr-FR","@id":"https:\/\/smans.com\/nl\/#\/schema\/logo\/image\/","url":"https:\/\/smans.com\/wp-content\/uploads\/2023\/09\/logo.svg","contentUrl":"https:\/\/smans.com\/wp-content\/uploads\/2023\/09\/logo.svg","caption":"Smans"},"image":{"@id":"https:\/\/smans.com\/nl\/#\/schema\/logo\/image\/"}}]}},"brands":[{"id":18324,"name":"kolb Cleaning technology","slug":"brand-kolb-cleaning-technol-fr"}],"_links":{"self":[{"href":"https:\/\/smans.com\/fr\/wp-json\/wp\/v2\/product\/26382","targetHints":{"allow":["GET"]}}],"collection":[{"href":"https:\/\/smans.com\/fr\/wp-json\/wp\/v2\/product"}],"about":[{"href":"https:\/\/smans.com\/fr\/wp-json\/wp\/v2\/types\/product"}],"wp:attachment":[{"href":"https:\/\/smans.com\/fr\/wp-json\/wp\/v2\/media?parent=26382"}],"wp:term":[{"taxonomy":"pwb-brand","embeddable":true,"href":"https:\/\/smans.com\/fr\/wp-json\/wp\/v2\/pwb-brand?post=26382"},{"taxonomy":"product_brand","embeddable":true,"href":"https:\/\/smans.com\/fr\/wp-json\/wp\/v2\/product_brand?post=26382"},{"taxonomy":"product_cat","embeddable":true,"href":"https:\/\/smans.com\/fr\/wp-json\/wp\/v2\/product_cat?post=26382"},{"taxonomy":"product_tag","embeddable":true,"href":"https:\/\/smans.com\/fr\/wp-json\/wp\/v2\/product_tag?post=26382"}],"curies":[{"name":"wp","href":"https:\/\/api.w.org\/{rel}","templated":true}]}}