{"id":26384,"date":"2024-07-25T02:52:27","date_gmt":"2024-07-25T00:52:27","guid":{"rendered":"https:\/\/smans.com\/product\/electric-crimping-machine-ct15\/"},"modified":"2026-04-07T12:49:48","modified_gmt":"2026-04-07T10:49:48","slug":"electric-crimping-machine-ct15","status":"publish","type":"product","link":"https:\/\/smans.com\/fr\/product\/electric-crimping-machine-ct15\/","title":{"rendered":"Schleuniger - Electric Crimping Machine CT15"},"content":{"rendered":"<p data-start=\"57\" data-end=\"451\">La machine de sertissage \u00e9lectrique CT 15 allie flexibilit\u00e9, efficacit\u00e9 et pr\u00e9cision, sp\u00e9cialement con\u00e7ue pour les applications de sertissage de contacts \u00e0 visser. Pendant le processus de sertissage, les profils de sertissage restent parall\u00e8les, garantissant des sertissages tr\u00e8s pr\u00e9cis. Cette caract\u00e9ristique permet un traitement facile des bornes ferm\u00e9es ainsi que des sertissages hexagonaux.<\/p>\n<h4 data-start=\"453\" data-end=\"489\"><strong data-start=\"453\" data-end=\"487\">Caract\u00e9ristiques principales<\/strong><\/h4>\n<ul data-start=\"490\" data-end=\"1341\">\n<li data-start=\"490\" data-end=\"654\"><strong data-start=\"492\" data-end=\"521\">Performances puissantes :<\/strong> La t\u00eate de sertissage d\u00e9livre jusqu&rsquo;\u00e0 15 kN (1,7 tonnes) de force, adapt\u00e9e aux bornes ouvertes et ferm\u00e9es, y compris les manchons.<\/li>\n<li data-start=\"655\" data-end=\"761\"><strong data-start=\"657\" data-end=\"674\">Polyvalence :<\/strong> \u00c9quip\u00e9e de t\u00eates de sertissage interchangeables pour une large gamme d&rsquo;applications.<\/li>\n<li data-start=\"762\" data-end=\"850\"><strong data-start=\"764\" data-end=\"792\">Facilit\u00e9 d&rsquo;utilisation :<\/strong> Un \u00e9cran tactile convivial permet un contr\u00f4le intuitif.<\/li>\n<li data-start=\"851\" data-end=\"1004\"><strong data-start=\"853\" data-end=\"874\">Design portable :<\/strong> Alimentation 110\/220V, taille compacte et construction l\u00e9g\u00e8re, ce qui rend la machine facile \u00e0 d\u00e9placer o\u00f9 elle est n\u00e9cessaire.<\/li>\n<\/ul>\n<p>\u00a0<\/p>\n<h4><strong data-start=\"1007\" data-end=\"1056\">Id\u00e9ale pour r\u00e9pondre aux besoins croissants\u00a0<\/strong><\/h4>\n<p>\u00c0 mesure que le nombre de t\u00e2ches de sertissage manuel augmente, le CT 15 est la solution id\u00e9ale pour am\u00e9liorer l&rsquo;efficacit\u00e9 et pr\u00e9venir les blessures dues aux mouvements r\u00e9p\u00e9titifs. Cette machine de sertissage repr\u00e9sente une avanc\u00e9e significative en mati\u00e8re de productivit\u00e9 moderne.<\/p>\n","protected":false},"excerpt":{"rendered":"<p>La sertisseuse \u00e9lectrique CT 15 allie flexibilit\u00e9, efficacit\u00e9 et pr\u00e9cision. Elle est sp\u00e9cialement con\u00e7ue pour les applications de sertissage en vrac.<\/p>\n","protected":false},"featured_media":0,"template":"","meta":{"_acf_changed":false},"pwb-brand":[18298],"product_brand":[],"product_cat":[17990,17993,18034],"product_tag":[],"class_list":{"0":"post-26384","1":"product","2":"type-product","3":"status-publish","5":"pwb-brand-brand-schleuniger-fr","6":"product_cat-cables-et-cablage-fr","7":"product_cat-couper-denuder-sertissage-fr","8":"product_cat-wire-crimping-machines-fr","10":"first","11":"instock","12":"taxable","13":"shipping-taxable","14":"product-type-simple"},"acf":[],"yoast_head":"<!-- This site is optimized with the Yoast SEO plugin v27.1.1 - https:\/\/yoast.com\/product\/yoast-seo-wordpress\/ -->\n<title>Electric Crimping Machine CT15 - Smans<\/title>\n<meta name=\"robots\" content=\"index, follow, max-snippet:-1, max-image-preview:large, max-video-preview:-1\" \/>\n<link rel=\"canonical\" href=\"https:\/\/smans.com\/fr\/product\/electric-crimping-machine-ct15\/\" \/>\n<meta property=\"og:locale\" content=\"fr_FR\" \/>\n<meta property=\"og:type\" content=\"article\" \/>\n<meta property=\"og:title\" content=\"Electric Crimping Machine CT15 - Smans\" \/>\n<meta property=\"og:description\" content=\"La sertisseuse \u00e9lectrique CT 15 allie flexibilit\u00e9, efficacit\u00e9 et pr\u00e9cision. Elle est sp\u00e9cialement con\u00e7ue pour les applications de sertissage en vrac.\" \/>\n<meta property=\"og:url\" content=\"https:\/\/smans.com\/fr\/product\/electric-crimping-machine-ct15\/\" \/>\n<meta property=\"og:site_name\" content=\"Smans\" \/>\n<meta property=\"article:modified_time\" content=\"2026-04-07T10:49:48+00:00\" \/>\n<meta name=\"twitter:card\" content=\"summary_large_image\" \/>\n<meta name=\"twitter:label1\" content=\"Dur\u00e9e de lecture estim\u00e9e\" \/>\n\t<meta name=\"twitter:data1\" content=\"1 minute\" \/>\n<script type=\"application\/ld+json\" class=\"yoast-schema-graph\">{\"@context\":\"https:\/\/schema.org\",\"@graph\":[{\"@type\":\"WebPage\",\"@id\":\"https:\/\/smans.com\/fr\/product\/electric-crimping-machine-ct15\/\",\"url\":\"https:\/\/smans.com\/fr\/product\/electric-crimping-machine-ct15\/\",\"name\":\"Electric Crimping Machine CT15 - Smans\",\"isPartOf\":{\"@id\":\"https:\/\/smans.com\/nl\/#website\"},\"datePublished\":\"2024-07-25T00:52:27+00:00\",\"dateModified\":\"2026-04-07T10:49:48+00:00\",\"breadcrumb\":{\"@id\":\"https:\/\/smans.com\/fr\/product\/electric-crimping-machine-ct15\/#breadcrumb\"},\"inLanguage\":\"fr-FR\",\"potentialAction\":[{\"@type\":\"ReadAction\",\"target\":[\"https:\/\/smans.com\/fr\/product\/electric-crimping-machine-ct15\/\"]}]},{\"@type\":\"BreadcrumbList\",\"@id\":\"https:\/\/smans.com\/fr\/product\/electric-crimping-machine-ct15\/#breadcrumb\",\"itemListElement\":[{\"@type\":\"ListItem\",\"position\":1,\"name\":\"Home\",\"item\":\"https:\/\/smans.com\/fr\/\"},{\"@type\":\"ListItem\",\"position\":2,\"name\":\"Boutique\",\"item\":\"https:\/\/smans.com\/nl\/shop\/\"},{\"@type\":\"ListItem\",\"position\":3,\"name\":\"Schleuniger - Electric Crimping Machine CT15\"}]},{\"@type\":\"WebSite\",\"@id\":\"https:\/\/smans.com\/nl\/#website\",\"url\":\"https:\/\/smans.com\/nl\/\",\"name\":\"Smans\",\"description\":\"\",\"publisher\":{\"@id\":\"https:\/\/smans.com\/nl\/#organization\"},\"potentialAction\":[{\"@type\":\"SearchAction\",\"target\":{\"@type\":\"EntryPoint\",\"urlTemplate\":\"https:\/\/smans.com\/nl\/?s={search_term_string}\"},\"query-input\":{\"@type\":\"PropertyValueSpecification\",\"valueRequired\":true,\"valueName\":\"search_term_string\"}}],\"inLanguage\":\"fr-FR\"},{\"@type\":\"Organization\",\"@id\":\"https:\/\/smans.com\/nl\/#organization\",\"name\":\"Smans\",\"url\":\"https:\/\/smans.com\/nl\/\",\"logo\":{\"@type\":\"ImageObject\",\"inLanguage\":\"fr-FR\",\"@id\":\"https:\/\/smans.com\/nl\/#\/schema\/logo\/image\/\",\"url\":\"https:\/\/smans.com\/wp-content\/uploads\/2023\/09\/logo.svg\",\"contentUrl\":\"https:\/\/smans.com\/wp-content\/uploads\/2023\/09\/logo.svg\",\"caption\":\"Smans\"},\"image\":{\"@id\":\"https:\/\/smans.com\/nl\/#\/schema\/logo\/image\/\"}}]}<\/script>\n<!-- \/ Yoast SEO plugin. -->","yoast_head_json":{"title":"Electric Crimping Machine CT15 - Smans","robots":{"index":"index","follow":"follow","max-snippet":"max-snippet:-1","max-image-preview":"max-image-preview:large","max-video-preview":"max-video-preview:-1"},"canonical":"https:\/\/smans.com\/fr\/product\/electric-crimping-machine-ct15\/","og_locale":"fr_FR","og_type":"article","og_title":"Electric Crimping Machine CT15 - Smans","og_description":"La sertisseuse \u00e9lectrique CT 15 allie flexibilit\u00e9, efficacit\u00e9 et pr\u00e9cision. Elle est sp\u00e9cialement con\u00e7ue pour les applications de sertissage en vrac.","og_url":"https:\/\/smans.com\/fr\/product\/electric-crimping-machine-ct15\/","og_site_name":"Smans","article_modified_time":"2026-04-07T10:49:48+00:00","twitter_card":"summary_large_image","twitter_misc":{"Dur\u00e9e de lecture estim\u00e9e":"1 minute"},"schema":{"@context":"https:\/\/schema.org","@graph":[{"@type":"WebPage","@id":"https:\/\/smans.com\/fr\/product\/electric-crimping-machine-ct15\/","url":"https:\/\/smans.com\/fr\/product\/electric-crimping-machine-ct15\/","name":"Electric Crimping Machine CT15 - Smans","isPartOf":{"@id":"https:\/\/smans.com\/nl\/#website"},"datePublished":"2024-07-25T00:52:27+00:00","dateModified":"2026-04-07T10:49:48+00:00","breadcrumb":{"@id":"https:\/\/smans.com\/fr\/product\/electric-crimping-machine-ct15\/#breadcrumb"},"inLanguage":"fr-FR","potentialAction":[{"@type":"ReadAction","target":["https:\/\/smans.com\/fr\/product\/electric-crimping-machine-ct15\/"]}]},{"@type":"BreadcrumbList","@id":"https:\/\/smans.com\/fr\/product\/electric-crimping-machine-ct15\/#breadcrumb","itemListElement":[{"@type":"ListItem","position":1,"name":"Home","item":"https:\/\/smans.com\/fr\/"},{"@type":"ListItem","position":2,"name":"Boutique","item":"https:\/\/smans.com\/nl\/shop\/"},{"@type":"ListItem","position":3,"name":"Schleuniger - Electric Crimping Machine CT15"}]},{"@type":"WebSite","@id":"https:\/\/smans.com\/nl\/#website","url":"https:\/\/smans.com\/nl\/","name":"Smans","description":"","publisher":{"@id":"https:\/\/smans.com\/nl\/#organization"},"potentialAction":[{"@type":"SearchAction","target":{"@type":"EntryPoint","urlTemplate":"https:\/\/smans.com\/nl\/?s={search_term_string}"},"query-input":{"@type":"PropertyValueSpecification","valueRequired":true,"valueName":"search_term_string"}}],"inLanguage":"fr-FR"},{"@type":"Organization","@id":"https:\/\/smans.com\/nl\/#organization","name":"Smans","url":"https:\/\/smans.com\/nl\/","logo":{"@type":"ImageObject","inLanguage":"fr-FR","@id":"https:\/\/smans.com\/nl\/#\/schema\/logo\/image\/","url":"https:\/\/smans.com\/wp-content\/uploads\/2023\/09\/logo.svg","contentUrl":"https:\/\/smans.com\/wp-content\/uploads\/2023\/09\/logo.svg","caption":"Smans"},"image":{"@id":"https:\/\/smans.com\/nl\/#\/schema\/logo\/image\/"}}]}},"brands":[{"id":18298,"name":"Schleuniger","slug":"brand-schleuniger-fr"}],"_links":{"self":[{"href":"https:\/\/smans.com\/fr\/wp-json\/wp\/v2\/product\/26384","targetHints":{"allow":["GET"]}}],"collection":[{"href":"https:\/\/smans.com\/fr\/wp-json\/wp\/v2\/product"}],"about":[{"href":"https:\/\/smans.com\/fr\/wp-json\/wp\/v2\/types\/product"}],"wp:attachment":[{"href":"https:\/\/smans.com\/fr\/wp-json\/wp\/v2\/media?parent=26384"}],"wp:term":[{"taxonomy":"pwb-brand","embeddable":true,"href":"https:\/\/smans.com\/fr\/wp-json\/wp\/v2\/pwb-brand?post=26384"},{"taxonomy":"product_brand","embeddable":true,"href":"https:\/\/smans.com\/fr\/wp-json\/wp\/v2\/product_brand?post=26384"},{"taxonomy":"product_cat","embeddable":true,"href":"https:\/\/smans.com\/fr\/wp-json\/wp\/v2\/product_cat?post=26384"},{"taxonomy":"product_tag","embeddable":true,"href":"https:\/\/smans.com\/fr\/wp-json\/wp\/v2\/product_tag?post=26384"}],"curies":[{"name":"wp","href":"https:\/\/api.w.org\/{rel}","templated":true}]}}