{"id":26385,"date":"2024-07-25T02:52:29","date_gmt":"2024-07-25T00:52:29","guid":{"rendered":"https:\/\/smans.com\/product\/pneumatic-crimping-machine-ct30s\/"},"modified":"2026-04-27T11:35:59","modified_gmt":"2026-04-27T09:35:59","slug":"pneumatic-crimping-machine-ct30s","status":"publish","type":"product","link":"https:\/\/smans.com\/fr\/product\/pneumatic-crimping-machine-ct30s\/","title":{"rendered":"Schleuniger - Pneumatic Crimping Machine CT30S"},"content":{"rendered":"<p data-start=\"49\" data-end=\"131\">La t\u00eate de sertissage \u00e0 action ciseaux d\u00e9livre jusqu&rsquo;\u00e0 14 kN (1,6 tonne) de force.<\/p>\n<p data-start=\"133\" data-end=\"387\">La t\u00eate de sertissage est \u00e0 ressort, ce qui aide \u00e0 bien positionner et s\u00e9curiser le terminal avant le sertissage. L&rsquo;inclinaison ergonomique de 15 degr\u00e9s de la machine offre un angle de vue optimal sur la zone de sertissage pour une utilisation s\u00e9curis\u00e9e.<\/p>\n<p data-start=\"389\" data-end=\"541\">Le CT 30 S est tr\u00e8s simple \u00e0 configurer et \u00e0 utiliser. Une large gamme de matrices de sertissage est disponible pour r\u00e9pondre \u00e0 vos besoins sp\u00e9cifiques.<\/p>\n","protected":false},"excerpt":{"rendered":"<p>La sertisseuse pneumatique CT 30 S est con\u00e7ue pour les applications de sertissage de pi\u00e8ces d\u00e9tach\u00e9es.<\/p>\n","protected":false},"featured_media":0,"template":"","meta":{"_acf_changed":false},"pwb-brand":[18298],"product_brand":[],"product_cat":[17990,17993,18034],"product_tag":[],"class_list":{"0":"post-26385","1":"product","2":"type-product","3":"status-publish","5":"pwb-brand-brand-schleuniger-fr","6":"product_cat-cables-et-cablage-fr","7":"product_cat-couper-denuder-sertissage-fr","8":"product_cat-wire-crimping-machines-fr","10":"first","11":"instock","12":"taxable","13":"shipping-taxable","14":"product-type-simple"},"acf":[],"yoast_head":"<!-- This site is optimized with the Yoast SEO plugin v27.1.1 - https:\/\/yoast.com\/product\/yoast-seo-wordpress\/ -->\n<title>Pneumatic Crimping Machine CT30S - Smans<\/title>\n<meta name=\"robots\" content=\"index, follow, max-snippet:-1, max-image-preview:large, max-video-preview:-1\" \/>\n<link rel=\"canonical\" href=\"https:\/\/smans.com\/fr\/product\/pneumatic-crimping-machine-ct30s\/\" \/>\n<meta property=\"og:locale\" content=\"fr_FR\" \/>\n<meta property=\"og:type\" content=\"article\" \/>\n<meta property=\"og:title\" content=\"Pneumatic Crimping Machine CT30S - Smans\" \/>\n<meta property=\"og:description\" content=\"La sertisseuse pneumatique CT 30 S est con\u00e7ue pour les applications de sertissage de pi\u00e8ces d\u00e9tach\u00e9es.\" \/>\n<meta property=\"og:url\" content=\"https:\/\/smans.com\/fr\/product\/pneumatic-crimping-machine-ct30s\/\" \/>\n<meta property=\"og:site_name\" content=\"Smans\" \/>\n<meta property=\"article:modified_time\" content=\"2026-04-27T09:35:59+00:00\" \/>\n<meta name=\"twitter:card\" content=\"summary_large_image\" \/>\n<script type=\"application\/ld+json\" class=\"yoast-schema-graph\">{\"@context\":\"https:\/\/schema.org\",\"@graph\":[{\"@type\":\"WebPage\",\"@id\":\"https:\/\/smans.com\/fr\/product\/pneumatic-crimping-machine-ct30s\/\",\"url\":\"https:\/\/smans.com\/fr\/product\/pneumatic-crimping-machine-ct30s\/\",\"name\":\"Pneumatic Crimping Machine CT30S - Smans\",\"isPartOf\":{\"@id\":\"https:\/\/smans.com\/nl\/#website\"},\"datePublished\":\"2024-07-25T00:52:29+00:00\",\"dateModified\":\"2026-04-27T09:35:59+00:00\",\"breadcrumb\":{\"@id\":\"https:\/\/smans.com\/fr\/product\/pneumatic-crimping-machine-ct30s\/#breadcrumb\"},\"inLanguage\":\"fr-FR\",\"potentialAction\":[{\"@type\":\"ReadAction\",\"target\":[\"https:\/\/smans.com\/fr\/product\/pneumatic-crimping-machine-ct30s\/\"]}]},{\"@type\":\"BreadcrumbList\",\"@id\":\"https:\/\/smans.com\/fr\/product\/pneumatic-crimping-machine-ct30s\/#breadcrumb\",\"itemListElement\":[{\"@type\":\"ListItem\",\"position\":1,\"name\":\"Home\",\"item\":\"https:\/\/smans.com\/fr\/\"},{\"@type\":\"ListItem\",\"position\":2,\"name\":\"Boutique\",\"item\":\"https:\/\/smans.com\/nl\/shop\/\"},{\"@type\":\"ListItem\",\"position\":3,\"name\":\"Schleuniger - Pneumatic Crimping Machine CT30S\"}]},{\"@type\":\"WebSite\",\"@id\":\"https:\/\/smans.com\/nl\/#website\",\"url\":\"https:\/\/smans.com\/nl\/\",\"name\":\"Smans\",\"description\":\"\",\"publisher\":{\"@id\":\"https:\/\/smans.com\/nl\/#organization\"},\"potentialAction\":[{\"@type\":\"SearchAction\",\"target\":{\"@type\":\"EntryPoint\",\"urlTemplate\":\"https:\/\/smans.com\/nl\/?s={search_term_string}\"},\"query-input\":{\"@type\":\"PropertyValueSpecification\",\"valueRequired\":true,\"valueName\":\"search_term_string\"}}],\"inLanguage\":\"fr-FR\"},{\"@type\":\"Organization\",\"@id\":\"https:\/\/smans.com\/nl\/#organization\",\"name\":\"Smans\",\"url\":\"https:\/\/smans.com\/nl\/\",\"logo\":{\"@type\":\"ImageObject\",\"inLanguage\":\"fr-FR\",\"@id\":\"https:\/\/smans.com\/nl\/#\/schema\/logo\/image\/\",\"url\":\"https:\/\/smans.com\/wp-content\/uploads\/2023\/09\/logo.svg\",\"contentUrl\":\"https:\/\/smans.com\/wp-content\/uploads\/2023\/09\/logo.svg\",\"caption\":\"Smans\"},\"image\":{\"@id\":\"https:\/\/smans.com\/nl\/#\/schema\/logo\/image\/\"}}]}<\/script>\n<!-- \/ Yoast SEO plugin. -->","yoast_head_json":{"title":"Pneumatic Crimping Machine CT30S - Smans","robots":{"index":"index","follow":"follow","max-snippet":"max-snippet:-1","max-image-preview":"max-image-preview:large","max-video-preview":"max-video-preview:-1"},"canonical":"https:\/\/smans.com\/fr\/product\/pneumatic-crimping-machine-ct30s\/","og_locale":"fr_FR","og_type":"article","og_title":"Pneumatic Crimping Machine CT30S - Smans","og_description":"La sertisseuse pneumatique CT 30 S est con\u00e7ue pour les applications de sertissage de pi\u00e8ces d\u00e9tach\u00e9es.","og_url":"https:\/\/smans.com\/fr\/product\/pneumatic-crimping-machine-ct30s\/","og_site_name":"Smans","article_modified_time":"2026-04-27T09:35:59+00:00","twitter_card":"summary_large_image","schema":{"@context":"https:\/\/schema.org","@graph":[{"@type":"WebPage","@id":"https:\/\/smans.com\/fr\/product\/pneumatic-crimping-machine-ct30s\/","url":"https:\/\/smans.com\/fr\/product\/pneumatic-crimping-machine-ct30s\/","name":"Pneumatic Crimping Machine CT30S - Smans","isPartOf":{"@id":"https:\/\/smans.com\/nl\/#website"},"datePublished":"2024-07-25T00:52:29+00:00","dateModified":"2026-04-27T09:35:59+00:00","breadcrumb":{"@id":"https:\/\/smans.com\/fr\/product\/pneumatic-crimping-machine-ct30s\/#breadcrumb"},"inLanguage":"fr-FR","potentialAction":[{"@type":"ReadAction","target":["https:\/\/smans.com\/fr\/product\/pneumatic-crimping-machine-ct30s\/"]}]},{"@type":"BreadcrumbList","@id":"https:\/\/smans.com\/fr\/product\/pneumatic-crimping-machine-ct30s\/#breadcrumb","itemListElement":[{"@type":"ListItem","position":1,"name":"Home","item":"https:\/\/smans.com\/fr\/"},{"@type":"ListItem","position":2,"name":"Boutique","item":"https:\/\/smans.com\/nl\/shop\/"},{"@type":"ListItem","position":3,"name":"Schleuniger - Pneumatic Crimping Machine CT30S"}]},{"@type":"WebSite","@id":"https:\/\/smans.com\/nl\/#website","url":"https:\/\/smans.com\/nl\/","name":"Smans","description":"","publisher":{"@id":"https:\/\/smans.com\/nl\/#organization"},"potentialAction":[{"@type":"SearchAction","target":{"@type":"EntryPoint","urlTemplate":"https:\/\/smans.com\/nl\/?s={search_term_string}"},"query-input":{"@type":"PropertyValueSpecification","valueRequired":true,"valueName":"search_term_string"}}],"inLanguage":"fr-FR"},{"@type":"Organization","@id":"https:\/\/smans.com\/nl\/#organization","name":"Smans","url":"https:\/\/smans.com\/nl\/","logo":{"@type":"ImageObject","inLanguage":"fr-FR","@id":"https:\/\/smans.com\/nl\/#\/schema\/logo\/image\/","url":"https:\/\/smans.com\/wp-content\/uploads\/2023\/09\/logo.svg","contentUrl":"https:\/\/smans.com\/wp-content\/uploads\/2023\/09\/logo.svg","caption":"Smans"},"image":{"@id":"https:\/\/smans.com\/nl\/#\/schema\/logo\/image\/"}}]}},"brands":[{"id":18298,"name":"Schleuniger","slug":"brand-schleuniger-fr"}],"_links":{"self":[{"href":"https:\/\/smans.com\/fr\/wp-json\/wp\/v2\/product\/26385","targetHints":{"allow":["GET"]}}],"collection":[{"href":"https:\/\/smans.com\/fr\/wp-json\/wp\/v2\/product"}],"about":[{"href":"https:\/\/smans.com\/fr\/wp-json\/wp\/v2\/types\/product"}],"wp:attachment":[{"href":"https:\/\/smans.com\/fr\/wp-json\/wp\/v2\/media?parent=26385"}],"wp:term":[{"taxonomy":"pwb-brand","embeddable":true,"href":"https:\/\/smans.com\/fr\/wp-json\/wp\/v2\/pwb-brand?post=26385"},{"taxonomy":"product_brand","embeddable":true,"href":"https:\/\/smans.com\/fr\/wp-json\/wp\/v2\/product_brand?post=26385"},{"taxonomy":"product_cat","embeddable":true,"href":"https:\/\/smans.com\/fr\/wp-json\/wp\/v2\/product_cat?post=26385"},{"taxonomy":"product_tag","embeddable":true,"href":"https:\/\/smans.com\/fr\/wp-json\/wp\/v2\/product_tag?post=26385"}],"curies":[{"name":"wp","href":"https:\/\/api.w.org\/{rel}","templated":true}]}}