{"id":26386,"date":"2024-07-25T02:52:31","date_gmt":"2024-07-25T00:52:31","guid":{"rendered":"https:\/\/smans.com\/product\/pneumatic-crimping-machine-ct30st\/"},"modified":"2026-04-10T13:13:29","modified_gmt":"2026-04-10T11:13:29","slug":"pneumatic-crimping-machine-ct30st","status":"publish","type":"product","link":"https:\/\/smans.com\/fr\/product\/pneumatic-crimping-machine-ct30st\/","title":{"rendered":"Schleuniger - Pneumatic Crimping Machine CT30ST"},"content":{"rendered":"<p><strong>Adapter and dies are excluded.<\/strong><\/p>\n<p>La machine de sertissage pneumatique CT 30 ST est id\u00e9ale pour les applications de sertissage autonome. Pendant le processus de sertissage, les profils de sertissage restent parall\u00e8les, garantissant des r\u00e9sultats pr\u00e9cis. Cela la rend particuli\u00e8rement adapt\u00e9e au traitement efficace des bornes ferm\u00e9es et des sertissages hexagonaux.<\/p>\n<p>La machine fournit une force allant jusqu&rsquo;\u00e0 14 kN (1,6 tonne) et est compatible avec les cosses ouvertes et ferm\u00e9es, y compris les embouts de c\u00e2bles. Son angle d&rsquo;inclinaison ergonomique de 15 degr\u00e9s offre une vue optimale de la zone de sertissage, am\u00e9liorant ainsi la s\u00e9curit\u00e9 et le confort lors de l&rsquo;utilisation.<\/p>\n<p>La CT 30 ST est facile \u00e0 configurer et \u00e0 utiliser, et elle est compatible avec tous les nouveaux jeux de matrices Schleuniger.<\/p>\n","protected":false},"excerpt":{"rendered":"<p>La sertisseuse pneumatique CT 30 ST est con\u00e7ue pour les applications de sertissage de pi\u00e8ces d\u00e9tach\u00e9es.<\/p>\n","protected":false},"featured_media":0,"template":"","meta":{"_acf_changed":false},"pwb-brand":[18298],"product_brand":[],"product_cat":[17990,17993,18034],"product_tag":[],"class_list":{"0":"post-26386","1":"product","2":"type-product","3":"status-publish","5":"pwb-brand-brand-schleuniger-fr","6":"product_cat-cables-et-cablage-fr","7":"product_cat-couper-denuder-sertissage-fr","8":"product_cat-wire-crimping-machines-fr","10":"first","11":"instock","12":"taxable","13":"shipping-taxable","14":"product-type-simple"},"acf":[],"yoast_head":"<!-- This site is optimized with the Yoast SEO plugin v27.1.1 - https:\/\/yoast.com\/product\/yoast-seo-wordpress\/ -->\n<title>Pneumatic Crimping Machine CT30ST - Smans<\/title>\n<meta name=\"robots\" content=\"index, follow, max-snippet:-1, max-image-preview:large, max-video-preview:-1\" \/>\n<link rel=\"canonical\" href=\"https:\/\/smans.com\/fr\/product\/pneumatic-crimping-machine-ct30st\/\" \/>\n<meta property=\"og:locale\" content=\"fr_FR\" \/>\n<meta property=\"og:type\" content=\"article\" \/>\n<meta property=\"og:title\" content=\"Pneumatic Crimping Machine CT30ST - Smans\" \/>\n<meta property=\"og:description\" content=\"La sertisseuse pneumatique CT 30 ST est con\u00e7ue pour les applications de sertissage de pi\u00e8ces d\u00e9tach\u00e9es.\" \/>\n<meta property=\"og:url\" content=\"https:\/\/smans.com\/fr\/product\/pneumatic-crimping-machine-ct30st\/\" \/>\n<meta property=\"og:site_name\" content=\"Smans\" \/>\n<meta property=\"article:modified_time\" content=\"2026-04-10T11:13:29+00:00\" \/>\n<meta name=\"twitter:card\" content=\"summary_large_image\" \/>\n<meta name=\"twitter:label1\" content=\"Dur\u00e9e de lecture estim\u00e9e\" \/>\n\t<meta name=\"twitter:data1\" content=\"1 minute\" \/>\n<script type=\"application\/ld+json\" class=\"yoast-schema-graph\">{\"@context\":\"https:\/\/schema.org\",\"@graph\":[{\"@type\":\"WebPage\",\"@id\":\"https:\/\/smans.com\/fr\/product\/pneumatic-crimping-machine-ct30st\/\",\"url\":\"https:\/\/smans.com\/fr\/product\/pneumatic-crimping-machine-ct30st\/\",\"name\":\"Pneumatic Crimping Machine CT30ST - Smans\",\"isPartOf\":{\"@id\":\"https:\/\/smans.com\/nl\/#website\"},\"datePublished\":\"2024-07-25T00:52:31+00:00\",\"dateModified\":\"2026-04-10T11:13:29+00:00\",\"breadcrumb\":{\"@id\":\"https:\/\/smans.com\/fr\/product\/pneumatic-crimping-machine-ct30st\/#breadcrumb\"},\"inLanguage\":\"fr-FR\",\"potentialAction\":[{\"@type\":\"ReadAction\",\"target\":[\"https:\/\/smans.com\/fr\/product\/pneumatic-crimping-machine-ct30st\/\"]}]},{\"@type\":\"BreadcrumbList\",\"@id\":\"https:\/\/smans.com\/fr\/product\/pneumatic-crimping-machine-ct30st\/#breadcrumb\",\"itemListElement\":[{\"@type\":\"ListItem\",\"position\":1,\"name\":\"Home\",\"item\":\"https:\/\/smans.com\/fr\/\"},{\"@type\":\"ListItem\",\"position\":2,\"name\":\"Boutique\",\"item\":\"https:\/\/smans.com\/nl\/shop\/\"},{\"@type\":\"ListItem\",\"position\":3,\"name\":\"Schleuniger - Pneumatic Crimping Machine CT30ST\"}]},{\"@type\":\"WebSite\",\"@id\":\"https:\/\/smans.com\/nl\/#website\",\"url\":\"https:\/\/smans.com\/nl\/\",\"name\":\"Smans\",\"description\":\"\",\"publisher\":{\"@id\":\"https:\/\/smans.com\/nl\/#organization\"},\"potentialAction\":[{\"@type\":\"SearchAction\",\"target\":{\"@type\":\"EntryPoint\",\"urlTemplate\":\"https:\/\/smans.com\/nl\/?s={search_term_string}\"},\"query-input\":{\"@type\":\"PropertyValueSpecification\",\"valueRequired\":true,\"valueName\":\"search_term_string\"}}],\"inLanguage\":\"fr-FR\"},{\"@type\":\"Organization\",\"@id\":\"https:\/\/smans.com\/nl\/#organization\",\"name\":\"Smans\",\"url\":\"https:\/\/smans.com\/nl\/\",\"logo\":{\"@type\":\"ImageObject\",\"inLanguage\":\"fr-FR\",\"@id\":\"https:\/\/smans.com\/nl\/#\/schema\/logo\/image\/\",\"url\":\"https:\/\/smans.com\/wp-content\/uploads\/2023\/09\/logo.svg\",\"contentUrl\":\"https:\/\/smans.com\/wp-content\/uploads\/2023\/09\/logo.svg\",\"caption\":\"Smans\"},\"image\":{\"@id\":\"https:\/\/smans.com\/nl\/#\/schema\/logo\/image\/\"}}]}<\/script>\n<!-- \/ Yoast SEO plugin. -->","yoast_head_json":{"title":"Pneumatic Crimping Machine CT30ST - Smans","robots":{"index":"index","follow":"follow","max-snippet":"max-snippet:-1","max-image-preview":"max-image-preview:large","max-video-preview":"max-video-preview:-1"},"canonical":"https:\/\/smans.com\/fr\/product\/pneumatic-crimping-machine-ct30st\/","og_locale":"fr_FR","og_type":"article","og_title":"Pneumatic Crimping Machine CT30ST - Smans","og_description":"La sertisseuse pneumatique CT 30 ST est con\u00e7ue pour les applications de sertissage de pi\u00e8ces d\u00e9tach\u00e9es.","og_url":"https:\/\/smans.com\/fr\/product\/pneumatic-crimping-machine-ct30st\/","og_site_name":"Smans","article_modified_time":"2026-04-10T11:13:29+00:00","twitter_card":"summary_large_image","twitter_misc":{"Dur\u00e9e de lecture estim\u00e9e":"1 minute"},"schema":{"@context":"https:\/\/schema.org","@graph":[{"@type":"WebPage","@id":"https:\/\/smans.com\/fr\/product\/pneumatic-crimping-machine-ct30st\/","url":"https:\/\/smans.com\/fr\/product\/pneumatic-crimping-machine-ct30st\/","name":"Pneumatic Crimping Machine CT30ST - Smans","isPartOf":{"@id":"https:\/\/smans.com\/nl\/#website"},"datePublished":"2024-07-25T00:52:31+00:00","dateModified":"2026-04-10T11:13:29+00:00","breadcrumb":{"@id":"https:\/\/smans.com\/fr\/product\/pneumatic-crimping-machine-ct30st\/#breadcrumb"},"inLanguage":"fr-FR","potentialAction":[{"@type":"ReadAction","target":["https:\/\/smans.com\/fr\/product\/pneumatic-crimping-machine-ct30st\/"]}]},{"@type":"BreadcrumbList","@id":"https:\/\/smans.com\/fr\/product\/pneumatic-crimping-machine-ct30st\/#breadcrumb","itemListElement":[{"@type":"ListItem","position":1,"name":"Home","item":"https:\/\/smans.com\/fr\/"},{"@type":"ListItem","position":2,"name":"Boutique","item":"https:\/\/smans.com\/nl\/shop\/"},{"@type":"ListItem","position":3,"name":"Schleuniger - Pneumatic Crimping Machine CT30ST"}]},{"@type":"WebSite","@id":"https:\/\/smans.com\/nl\/#website","url":"https:\/\/smans.com\/nl\/","name":"Smans","description":"","publisher":{"@id":"https:\/\/smans.com\/nl\/#organization"},"potentialAction":[{"@type":"SearchAction","target":{"@type":"EntryPoint","urlTemplate":"https:\/\/smans.com\/nl\/?s={search_term_string}"},"query-input":{"@type":"PropertyValueSpecification","valueRequired":true,"valueName":"search_term_string"}}],"inLanguage":"fr-FR"},{"@type":"Organization","@id":"https:\/\/smans.com\/nl\/#organization","name":"Smans","url":"https:\/\/smans.com\/nl\/","logo":{"@type":"ImageObject","inLanguage":"fr-FR","@id":"https:\/\/smans.com\/nl\/#\/schema\/logo\/image\/","url":"https:\/\/smans.com\/wp-content\/uploads\/2023\/09\/logo.svg","contentUrl":"https:\/\/smans.com\/wp-content\/uploads\/2023\/09\/logo.svg","caption":"Smans"},"image":{"@id":"https:\/\/smans.com\/nl\/#\/schema\/logo\/image\/"}}]}},"brands":[{"id":18298,"name":"Schleuniger","slug":"brand-schleuniger-fr"}],"_links":{"self":[{"href":"https:\/\/smans.com\/fr\/wp-json\/wp\/v2\/product\/26386","targetHints":{"allow":["GET"]}}],"collection":[{"href":"https:\/\/smans.com\/fr\/wp-json\/wp\/v2\/product"}],"about":[{"href":"https:\/\/smans.com\/fr\/wp-json\/wp\/v2\/types\/product"}],"wp:attachment":[{"href":"https:\/\/smans.com\/fr\/wp-json\/wp\/v2\/media?parent=26386"}],"wp:term":[{"taxonomy":"pwb-brand","embeddable":true,"href":"https:\/\/smans.com\/fr\/wp-json\/wp\/v2\/pwb-brand?post=26386"},{"taxonomy":"product_brand","embeddable":true,"href":"https:\/\/smans.com\/fr\/wp-json\/wp\/v2\/product_brand?post=26386"},{"taxonomy":"product_cat","embeddable":true,"href":"https:\/\/smans.com\/fr\/wp-json\/wp\/v2\/product_cat?post=26386"},{"taxonomy":"product_tag","embeddable":true,"href":"https:\/\/smans.com\/fr\/wp-json\/wp\/v2\/product_tag?post=26386"}],"curies":[{"name":"wp","href":"https:\/\/api.w.org\/{rel}","templated":true}]}}