{"id":26388,"date":"2024-07-25T02:52:35","date_gmt":"2024-07-25T00:52:35","guid":{"rendered":"https:\/\/smans.com\/product\/pneumatic-crimping-machine-ct36\/"},"modified":"2026-04-08T12:54:16","modified_gmt":"2026-04-08T10:54:16","slug":"pneumatic-crimping-machine-ct36","status":"publish","type":"product","link":"https:\/\/smans.com\/fr\/product\/pneumatic-crimping-machine-ct36\/","title":{"rendered":"Schleuniger - Pneumatic Crimping Machine CT36"},"content":{"rendered":"<div class=\"flex max-w-full flex-col flex-grow\">\n<div class=\"min-h-8 text-message flex w-full flex-col items-end gap-2 whitespace-normal break-words text-start [.text-message+&amp;]:mt-5\" dir=\"auto\" data-message-author-role=\"assistant\" data-message-id=\"0875bb44-37e7-4f92-9e81-b97c028034d1\" data-message-model-slug=\"gpt-4o\">\n<div class=\"flex w-full flex-col gap-1 empty:hidden first:pt-[3px]\">\n<div class=\"markdown prose w-full break-words dark:prose-invert light\">\n<p>La machine de sertissage pneumatique CT 36 allie s\u00e9curit\u00e9 et productivit\u00e9 pour les applications de sertissage \u00e0 l\u2019unit\u00e9. Elle fournit une force allant jusqu\u2019\u00e0 20 kN (2,5 tonnes) pour les cosses ouvertes et ferm\u00e9es, y compris les embouts de c\u00e2bles. Le m\u00e9canisme \u00e0 cycle complet garantit une fermeture compl\u00e8te des matrices, tandis que l\u2019inclinaison ergonomique de 15\u00b0 et l\u2019\u00e9clairage LED am\u00e9liorent la visibilit\u00e9.<\/p>\n<p><strong>Principales fonctionnalit\u00e9s de s\u00e9curit\u00e9 :<\/strong><\/p>\n<ul>\n<li>La t\u00eate de sertissage reste ferm\u00e9e jusqu\u2019\u00e0 son utilisation.<\/li>\n<li>P\u00e9dale : gauche pour ouvrir, droite pour sertir, avec un levier de s\u00e9curit\u00e9 \u00e9vitant un fonctionnement simultan\u00e9.<\/li>\n<li>Une faible pression maintient les bornes en place, \u00e9loignant les mains de la zone de sertissage.<\/li>\n<li>En cas d\u2019obstruction (&gt;5,9 mm), la pression d\u2019air est d\u00e9sactiv\u00e9e.<\/li>\n<\/ul>\n<p>Le syst\u00e8me de changement rapide des adaptateurs de matrices garantit une configuration rapide. La CT 36 est simple \u00e0 utiliser et compatible avec une grande vari\u00e9t\u00e9 d\u2019outils de sertissage.<\/p>\n<\/div>\n<\/div>\n<\/div>\n<\/div>\n","protected":false},"excerpt":{"rendered":"<p>Machine de sertissage pneumatique<\/p>\n","protected":false},"featured_media":0,"template":"","meta":{"_acf_changed":false},"pwb-brand":[18298],"product_brand":[],"product_cat":[17990,17993,18034],"product_tag":[],"class_list":{"0":"post-26388","1":"product","2":"type-product","3":"status-publish","5":"pwb-brand-brand-schleuniger-fr","6":"product_cat-cables-et-cablage-fr","7":"product_cat-couper-denuder-sertissage-fr","8":"product_cat-wire-crimping-machines-fr","10":"first","11":"instock","12":"taxable","13":"shipping-taxable","14":"product-type-simple"},"acf":[],"yoast_head":"<!-- This site is optimized with the Yoast SEO plugin v27.1.1 - https:\/\/yoast.com\/product\/yoast-seo-wordpress\/ -->\n<title>Pneumatic Crimping Machine CT36 - Smans<\/title>\n<meta name=\"robots\" content=\"index, follow, max-snippet:-1, max-image-preview:large, max-video-preview:-1\" \/>\n<link rel=\"canonical\" href=\"https:\/\/smans.com\/fr\/product\/pneumatic-crimping-machine-ct36\/\" \/>\n<meta property=\"og:locale\" content=\"fr_FR\" \/>\n<meta property=\"og:type\" content=\"article\" \/>\n<meta property=\"og:title\" content=\"Pneumatic Crimping Machine CT36 - Smans\" \/>\n<meta property=\"og:description\" content=\"Machine de sertissage pneumatique\" \/>\n<meta property=\"og:url\" content=\"https:\/\/smans.com\/fr\/product\/pneumatic-crimping-machine-ct36\/\" \/>\n<meta property=\"og:site_name\" content=\"Smans\" \/>\n<meta property=\"article:modified_time\" content=\"2026-04-08T10:54:16+00:00\" \/>\n<meta name=\"twitter:card\" content=\"summary_large_image\" \/>\n<meta name=\"twitter:label1\" content=\"Dur\u00e9e de lecture estim\u00e9e\" \/>\n\t<meta name=\"twitter:data1\" content=\"1 minute\" \/>\n<script type=\"application\/ld+json\" class=\"yoast-schema-graph\">{\"@context\":\"https:\/\/schema.org\",\"@graph\":[{\"@type\":\"WebPage\",\"@id\":\"https:\/\/smans.com\/fr\/product\/pneumatic-crimping-machine-ct36\/\",\"url\":\"https:\/\/smans.com\/fr\/product\/pneumatic-crimping-machine-ct36\/\",\"name\":\"Pneumatic Crimping Machine CT36 - Smans\",\"isPartOf\":{\"@id\":\"https:\/\/smans.com\/nl\/#website\"},\"datePublished\":\"2024-07-25T00:52:35+00:00\",\"dateModified\":\"2026-04-08T10:54:16+00:00\",\"breadcrumb\":{\"@id\":\"https:\/\/smans.com\/fr\/product\/pneumatic-crimping-machine-ct36\/#breadcrumb\"},\"inLanguage\":\"fr-FR\",\"potentialAction\":[{\"@type\":\"ReadAction\",\"target\":[\"https:\/\/smans.com\/fr\/product\/pneumatic-crimping-machine-ct36\/\"]}]},{\"@type\":\"BreadcrumbList\",\"@id\":\"https:\/\/smans.com\/fr\/product\/pneumatic-crimping-machine-ct36\/#breadcrumb\",\"itemListElement\":[{\"@type\":\"ListItem\",\"position\":1,\"name\":\"Home\",\"item\":\"https:\/\/smans.com\/fr\/\"},{\"@type\":\"ListItem\",\"position\":2,\"name\":\"Boutique\",\"item\":\"https:\/\/smans.com\/nl\/shop\/\"},{\"@type\":\"ListItem\",\"position\":3,\"name\":\"Schleuniger - Pneumatic Crimping Machine CT36\"}]},{\"@type\":\"WebSite\",\"@id\":\"https:\/\/smans.com\/nl\/#website\",\"url\":\"https:\/\/smans.com\/nl\/\",\"name\":\"Smans\",\"description\":\"\",\"publisher\":{\"@id\":\"https:\/\/smans.com\/nl\/#organization\"},\"potentialAction\":[{\"@type\":\"SearchAction\",\"target\":{\"@type\":\"EntryPoint\",\"urlTemplate\":\"https:\/\/smans.com\/nl\/?s={search_term_string}\"},\"query-input\":{\"@type\":\"PropertyValueSpecification\",\"valueRequired\":true,\"valueName\":\"search_term_string\"}}],\"inLanguage\":\"fr-FR\"},{\"@type\":\"Organization\",\"@id\":\"https:\/\/smans.com\/nl\/#organization\",\"name\":\"Smans\",\"url\":\"https:\/\/smans.com\/nl\/\",\"logo\":{\"@type\":\"ImageObject\",\"inLanguage\":\"fr-FR\",\"@id\":\"https:\/\/smans.com\/nl\/#\/schema\/logo\/image\/\",\"url\":\"https:\/\/smans.com\/wp-content\/uploads\/2023\/09\/logo.svg\",\"contentUrl\":\"https:\/\/smans.com\/wp-content\/uploads\/2023\/09\/logo.svg\",\"caption\":\"Smans\"},\"image\":{\"@id\":\"https:\/\/smans.com\/nl\/#\/schema\/logo\/image\/\"}}]}<\/script>\n<!-- \/ Yoast SEO plugin. -->","yoast_head_json":{"title":"Pneumatic Crimping Machine CT36 - Smans","robots":{"index":"index","follow":"follow","max-snippet":"max-snippet:-1","max-image-preview":"max-image-preview:large","max-video-preview":"max-video-preview:-1"},"canonical":"https:\/\/smans.com\/fr\/product\/pneumatic-crimping-machine-ct36\/","og_locale":"fr_FR","og_type":"article","og_title":"Pneumatic Crimping Machine CT36 - Smans","og_description":"Machine de sertissage pneumatique","og_url":"https:\/\/smans.com\/fr\/product\/pneumatic-crimping-machine-ct36\/","og_site_name":"Smans","article_modified_time":"2026-04-08T10:54:16+00:00","twitter_card":"summary_large_image","twitter_misc":{"Dur\u00e9e de lecture estim\u00e9e":"1 minute"},"schema":{"@context":"https:\/\/schema.org","@graph":[{"@type":"WebPage","@id":"https:\/\/smans.com\/fr\/product\/pneumatic-crimping-machine-ct36\/","url":"https:\/\/smans.com\/fr\/product\/pneumatic-crimping-machine-ct36\/","name":"Pneumatic Crimping Machine CT36 - Smans","isPartOf":{"@id":"https:\/\/smans.com\/nl\/#website"},"datePublished":"2024-07-25T00:52:35+00:00","dateModified":"2026-04-08T10:54:16+00:00","breadcrumb":{"@id":"https:\/\/smans.com\/fr\/product\/pneumatic-crimping-machine-ct36\/#breadcrumb"},"inLanguage":"fr-FR","potentialAction":[{"@type":"ReadAction","target":["https:\/\/smans.com\/fr\/product\/pneumatic-crimping-machine-ct36\/"]}]},{"@type":"BreadcrumbList","@id":"https:\/\/smans.com\/fr\/product\/pneumatic-crimping-machine-ct36\/#breadcrumb","itemListElement":[{"@type":"ListItem","position":1,"name":"Home","item":"https:\/\/smans.com\/fr\/"},{"@type":"ListItem","position":2,"name":"Boutique","item":"https:\/\/smans.com\/nl\/shop\/"},{"@type":"ListItem","position":3,"name":"Schleuniger - Pneumatic Crimping Machine CT36"}]},{"@type":"WebSite","@id":"https:\/\/smans.com\/nl\/#website","url":"https:\/\/smans.com\/nl\/","name":"Smans","description":"","publisher":{"@id":"https:\/\/smans.com\/nl\/#organization"},"potentialAction":[{"@type":"SearchAction","target":{"@type":"EntryPoint","urlTemplate":"https:\/\/smans.com\/nl\/?s={search_term_string}"},"query-input":{"@type":"PropertyValueSpecification","valueRequired":true,"valueName":"search_term_string"}}],"inLanguage":"fr-FR"},{"@type":"Organization","@id":"https:\/\/smans.com\/nl\/#organization","name":"Smans","url":"https:\/\/smans.com\/nl\/","logo":{"@type":"ImageObject","inLanguage":"fr-FR","@id":"https:\/\/smans.com\/nl\/#\/schema\/logo\/image\/","url":"https:\/\/smans.com\/wp-content\/uploads\/2023\/09\/logo.svg","contentUrl":"https:\/\/smans.com\/wp-content\/uploads\/2023\/09\/logo.svg","caption":"Smans"},"image":{"@id":"https:\/\/smans.com\/nl\/#\/schema\/logo\/image\/"}}]}},"brands":[{"id":18298,"name":"Schleuniger","slug":"brand-schleuniger-fr"}],"_links":{"self":[{"href":"https:\/\/smans.com\/fr\/wp-json\/wp\/v2\/product\/26388","targetHints":{"allow":["GET"]}}],"collection":[{"href":"https:\/\/smans.com\/fr\/wp-json\/wp\/v2\/product"}],"about":[{"href":"https:\/\/smans.com\/fr\/wp-json\/wp\/v2\/types\/product"}],"wp:attachment":[{"href":"https:\/\/smans.com\/fr\/wp-json\/wp\/v2\/media?parent=26388"}],"wp:term":[{"taxonomy":"pwb-brand","embeddable":true,"href":"https:\/\/smans.com\/fr\/wp-json\/wp\/v2\/pwb-brand?post=26388"},{"taxonomy":"product_brand","embeddable":true,"href":"https:\/\/smans.com\/fr\/wp-json\/wp\/v2\/product_brand?post=26388"},{"taxonomy":"product_cat","embeddable":true,"href":"https:\/\/smans.com\/fr\/wp-json\/wp\/v2\/product_cat?post=26388"},{"taxonomy":"product_tag","embeddable":true,"href":"https:\/\/smans.com\/fr\/wp-json\/wp\/v2\/product_tag?post=26388"}],"curies":[{"name":"wp","href":"https:\/\/api.w.org\/{rel}","templated":true}]}}