{"id":26390,"date":"2024-07-25T02:52:40","date_gmt":"2024-07-25T00:52:40","guid":{"rendered":"https:\/\/smans.com\/product\/hydraulic-crimping-machine-ct65\/"},"modified":"2026-04-08T12:54:16","modified_gmt":"2026-04-08T10:54:16","slug":"hydraulic-crimping-machine-ct65","status":"publish","type":"product","link":"https:\/\/smans.com\/fr\/product\/hydraulic-crimping-machine-ct65\/","title":{"rendered":"Schleuniger - Hydraulic Crimping Machine CT65"},"content":{"rendered":"<p data-start=\"0\" data-end=\"557\">La machine de sertissage pneumatique CT 60 est un outil puissant con\u00e7u pour le sertissage de pi\u00e8ces d\u00e9tach\u00e9es de calibre moyen. Avec un mouvement de sertissage parall\u00e8le, elle d\u00e9livre jusqu&rsquo;\u00e0 60 kN (6,7 tonnes) de force, adapt\u00e9e aux bornes ouvertes et ferm\u00e9es, y compris les manchons. Pour des applications de 35 mm\u00b2 (2 AWG) ou plus, l&rsquo;adaptateur de matrice de haute r\u00e9sistance est recommand\u00e9. La qualit\u00e9 du sertissage est assur\u00e9e par un m\u00e9canisme \u00e0 cycle complet, garantissant que les matrices soient compl\u00e8tement ferm\u00e9es avant de se rouvrir.<\/p>\n<h4 data-start=\"559\" data-end=\"595\"><strong data-start=\"559\" data-end=\"593\">Caract\u00e9ristiques principales<\/strong><\/h4>\n<ul data-start=\"596\" data-end=\"1254\">\n<li data-start=\"596\" data-end=\"771\"><strong data-start=\"598\" data-end=\"622\">Design ergonomique :<\/strong> L&rsquo;angle d&rsquo;inclinaison de 15 degr\u00e9s offre une position de vue optimale, et l&rsquo;\u00e9clairage LED int\u00e9gr\u00e9 am\u00e9liore la visibilit\u00e9 de la zone de sertissage.<\/li>\n<li data-start=\"772\" data-end=\"927\"><strong data-start=\"774\" data-end=\"790\">Efficacit\u00e9 :<\/strong> Le recul ajustable et la hauteur de sertissage permettent des temps de cycle plus rapides tout en r\u00e9duisant la consommation d&rsquo;\u00e9nergie.<\/li>\n<li data-start=\"928\" data-end=\"1124\"><strong data-start=\"930\" data-end=\"964\">Syst\u00e8me de changement rapide :<\/strong> Le syst\u00e8me d&rsquo;adaptateur de matrice \u00e0 changement rapide permet un \u00e9change rapide des matrices, assurant une pr\u00e9paration sans faille pour les t\u00e2ches suivantes.<\/li>\n<li data-start=\"1125\" data-end=\"1254\"><strong data-start=\"1127\" data-end=\"1144\">Polyvalence :<\/strong> Prend en charge une large gamme d&rsquo;inserts de sertissage en s\u00e9lectionnant l&rsquo;adaptateur de matrice appropri\u00e9.<\/li>\n<\/ul>\n<p data-start=\"1256\" data-end=\"1379\">La CT 60 est facile \u00e0 configurer et \u00e0 utiliser, ce qui en fait un excellent choix pour diverses applications de sertissage.<\/p>\n","protected":false},"excerpt":{"rendered":"<p>La puissante machine de sertissage pneumatique CT 65 est con\u00e7ue pour les applications de sertissage de pi\u00e8ces d\u00e9tach\u00e9es de calibre moyen.<\/p>\n","protected":false},"featured_media":0,"template":"","meta":{"_acf_changed":false},"pwb-brand":[18298],"product_brand":[],"product_cat":[17990,17993,18034],"product_tag":[],"class_list":{"0":"post-26390","1":"product","2":"type-product","3":"status-publish","5":"pwb-brand-brand-schleuniger-fr","6":"product_cat-cables-et-cablage-fr","7":"product_cat-couper-denuder-sertissage-fr","8":"product_cat-wire-crimping-machines-fr","10":"first","11":"instock","12":"taxable","13":"shipping-taxable","14":"product-type-simple"},"acf":[],"yoast_head":"<!-- This site is optimized with the Yoast SEO plugin v27.1.1 - https:\/\/yoast.com\/product\/yoast-seo-wordpress\/ -->\n<title>Hydraulic Crimping Machine CT65 - Smans<\/title>\n<meta name=\"robots\" content=\"index, follow, max-snippet:-1, max-image-preview:large, max-video-preview:-1\" \/>\n<link rel=\"canonical\" href=\"https:\/\/smans.com\/fr\/product\/hydraulic-crimping-machine-ct65\/\" \/>\n<meta property=\"og:locale\" content=\"fr_FR\" \/>\n<meta property=\"og:type\" content=\"article\" \/>\n<meta property=\"og:title\" content=\"Hydraulic Crimping Machine CT65 - Smans\" \/>\n<meta property=\"og:description\" content=\"La puissante machine de sertissage pneumatique CT 65 est con\u00e7ue pour les applications de sertissage de pi\u00e8ces d\u00e9tach\u00e9es de calibre moyen.\" \/>\n<meta property=\"og:url\" content=\"https:\/\/smans.com\/fr\/product\/hydraulic-crimping-machine-ct65\/\" \/>\n<meta property=\"og:site_name\" content=\"Smans\" \/>\n<meta property=\"article:modified_time\" content=\"2026-04-08T10:54:16+00:00\" \/>\n<meta name=\"twitter:card\" content=\"summary_large_image\" \/>\n<meta name=\"twitter:label1\" content=\"Dur\u00e9e de lecture estim\u00e9e\" \/>\n\t<meta name=\"twitter:data1\" content=\"1 minute\" \/>\n<script type=\"application\/ld+json\" class=\"yoast-schema-graph\">{\"@context\":\"https:\/\/schema.org\",\"@graph\":[{\"@type\":\"WebPage\",\"@id\":\"https:\/\/smans.com\/fr\/product\/hydraulic-crimping-machine-ct65\/\",\"url\":\"https:\/\/smans.com\/fr\/product\/hydraulic-crimping-machine-ct65\/\",\"name\":\"Hydraulic Crimping Machine CT65 - Smans\",\"isPartOf\":{\"@id\":\"https:\/\/smans.com\/nl\/#website\"},\"datePublished\":\"2024-07-25T00:52:40+00:00\",\"dateModified\":\"2026-04-08T10:54:16+00:00\",\"breadcrumb\":{\"@id\":\"https:\/\/smans.com\/fr\/product\/hydraulic-crimping-machine-ct65\/#breadcrumb\"},\"inLanguage\":\"fr-FR\",\"potentialAction\":[{\"@type\":\"ReadAction\",\"target\":[\"https:\/\/smans.com\/fr\/product\/hydraulic-crimping-machine-ct65\/\"]}]},{\"@type\":\"BreadcrumbList\",\"@id\":\"https:\/\/smans.com\/fr\/product\/hydraulic-crimping-machine-ct65\/#breadcrumb\",\"itemListElement\":[{\"@type\":\"ListItem\",\"position\":1,\"name\":\"Home\",\"item\":\"https:\/\/smans.com\/fr\/\"},{\"@type\":\"ListItem\",\"position\":2,\"name\":\"Boutique\",\"item\":\"https:\/\/smans.com\/nl\/shop\/\"},{\"@type\":\"ListItem\",\"position\":3,\"name\":\"Schleuniger - Hydraulic Crimping Machine CT65\"}]},{\"@type\":\"WebSite\",\"@id\":\"https:\/\/smans.com\/nl\/#website\",\"url\":\"https:\/\/smans.com\/nl\/\",\"name\":\"Smans\",\"description\":\"\",\"publisher\":{\"@id\":\"https:\/\/smans.com\/nl\/#organization\"},\"potentialAction\":[{\"@type\":\"SearchAction\",\"target\":{\"@type\":\"EntryPoint\",\"urlTemplate\":\"https:\/\/smans.com\/nl\/?s={search_term_string}\"},\"query-input\":{\"@type\":\"PropertyValueSpecification\",\"valueRequired\":true,\"valueName\":\"search_term_string\"}}],\"inLanguage\":\"fr-FR\"},{\"@type\":\"Organization\",\"@id\":\"https:\/\/smans.com\/nl\/#organization\",\"name\":\"Smans\",\"url\":\"https:\/\/smans.com\/nl\/\",\"logo\":{\"@type\":\"ImageObject\",\"inLanguage\":\"fr-FR\",\"@id\":\"https:\/\/smans.com\/nl\/#\/schema\/logo\/image\/\",\"url\":\"https:\/\/smans.com\/wp-content\/uploads\/2023\/09\/logo.svg\",\"contentUrl\":\"https:\/\/smans.com\/wp-content\/uploads\/2023\/09\/logo.svg\",\"caption\":\"Smans\"},\"image\":{\"@id\":\"https:\/\/smans.com\/nl\/#\/schema\/logo\/image\/\"}}]}<\/script>\n<!-- \/ Yoast SEO plugin. -->","yoast_head_json":{"title":"Hydraulic Crimping Machine CT65 - Smans","robots":{"index":"index","follow":"follow","max-snippet":"max-snippet:-1","max-image-preview":"max-image-preview:large","max-video-preview":"max-video-preview:-1"},"canonical":"https:\/\/smans.com\/fr\/product\/hydraulic-crimping-machine-ct65\/","og_locale":"fr_FR","og_type":"article","og_title":"Hydraulic Crimping Machine CT65 - Smans","og_description":"La puissante machine de sertissage pneumatique CT 65 est con\u00e7ue pour les applications de sertissage de pi\u00e8ces d\u00e9tach\u00e9es de calibre moyen.","og_url":"https:\/\/smans.com\/fr\/product\/hydraulic-crimping-machine-ct65\/","og_site_name":"Smans","article_modified_time":"2026-04-08T10:54:16+00:00","twitter_card":"summary_large_image","twitter_misc":{"Dur\u00e9e de lecture estim\u00e9e":"1 minute"},"schema":{"@context":"https:\/\/schema.org","@graph":[{"@type":"WebPage","@id":"https:\/\/smans.com\/fr\/product\/hydraulic-crimping-machine-ct65\/","url":"https:\/\/smans.com\/fr\/product\/hydraulic-crimping-machine-ct65\/","name":"Hydraulic Crimping Machine CT65 - Smans","isPartOf":{"@id":"https:\/\/smans.com\/nl\/#website"},"datePublished":"2024-07-25T00:52:40+00:00","dateModified":"2026-04-08T10:54:16+00:00","breadcrumb":{"@id":"https:\/\/smans.com\/fr\/product\/hydraulic-crimping-machine-ct65\/#breadcrumb"},"inLanguage":"fr-FR","potentialAction":[{"@type":"ReadAction","target":["https:\/\/smans.com\/fr\/product\/hydraulic-crimping-machine-ct65\/"]}]},{"@type":"BreadcrumbList","@id":"https:\/\/smans.com\/fr\/product\/hydraulic-crimping-machine-ct65\/#breadcrumb","itemListElement":[{"@type":"ListItem","position":1,"name":"Home","item":"https:\/\/smans.com\/fr\/"},{"@type":"ListItem","position":2,"name":"Boutique","item":"https:\/\/smans.com\/nl\/shop\/"},{"@type":"ListItem","position":3,"name":"Schleuniger - Hydraulic Crimping Machine CT65"}]},{"@type":"WebSite","@id":"https:\/\/smans.com\/nl\/#website","url":"https:\/\/smans.com\/nl\/","name":"Smans","description":"","publisher":{"@id":"https:\/\/smans.com\/nl\/#organization"},"potentialAction":[{"@type":"SearchAction","target":{"@type":"EntryPoint","urlTemplate":"https:\/\/smans.com\/nl\/?s={search_term_string}"},"query-input":{"@type":"PropertyValueSpecification","valueRequired":true,"valueName":"search_term_string"}}],"inLanguage":"fr-FR"},{"@type":"Organization","@id":"https:\/\/smans.com\/nl\/#organization","name":"Smans","url":"https:\/\/smans.com\/nl\/","logo":{"@type":"ImageObject","inLanguage":"fr-FR","@id":"https:\/\/smans.com\/nl\/#\/schema\/logo\/image\/","url":"https:\/\/smans.com\/wp-content\/uploads\/2023\/09\/logo.svg","contentUrl":"https:\/\/smans.com\/wp-content\/uploads\/2023\/09\/logo.svg","caption":"Smans"},"image":{"@id":"https:\/\/smans.com\/nl\/#\/schema\/logo\/image\/"}}]}},"brands":[{"id":18298,"name":"Schleuniger","slug":"brand-schleuniger-fr"}],"_links":{"self":[{"href":"https:\/\/smans.com\/fr\/wp-json\/wp\/v2\/product\/26390","targetHints":{"allow":["GET"]}}],"collection":[{"href":"https:\/\/smans.com\/fr\/wp-json\/wp\/v2\/product"}],"about":[{"href":"https:\/\/smans.com\/fr\/wp-json\/wp\/v2\/types\/product"}],"wp:attachment":[{"href":"https:\/\/smans.com\/fr\/wp-json\/wp\/v2\/media?parent=26390"}],"wp:term":[{"taxonomy":"pwb-brand","embeddable":true,"href":"https:\/\/smans.com\/fr\/wp-json\/wp\/v2\/pwb-brand?post=26390"},{"taxonomy":"product_brand","embeddable":true,"href":"https:\/\/smans.com\/fr\/wp-json\/wp\/v2\/product_brand?post=26390"},{"taxonomy":"product_cat","embeddable":true,"href":"https:\/\/smans.com\/fr\/wp-json\/wp\/v2\/product_cat?post=26390"},{"taxonomy":"product_tag","embeddable":true,"href":"https:\/\/smans.com\/fr\/wp-json\/wp\/v2\/product_tag?post=26390"}],"curies":[{"name":"wp","href":"https:\/\/api.w.org\/{rel}","templated":true}]}}