{"id":26391,"date":"2024-07-25T02:52:42","date_gmt":"2024-07-25T00:52:42","guid":{"rendered":"https:\/\/smans.com\/product\/hydraulic-crimping-machine-ct150\/"},"modified":"2026-04-05T12:32:44","modified_gmt":"2026-04-05T10:32:44","slug":"hydraulic-crimping-machine-ct150","status":"publish","type":"product","link":"https:\/\/smans.com\/fr\/product\/hydraulic-crimping-machine-ct150\/","title":{"rendered":"Schleuniger - Hydraulic Crimping Machine CT150"},"content":{"rendered":"<p>La presse \u00e0 sertir hydraulique CT 150 offre puissance, efficacit\u00e9 et pr\u00e9cision pour les applications de sertissage de pi\u00e8ces d\u00e9tach\u00e9es de gros calibre. Son action de sertissage parall\u00e8le fournit jusqu&rsquo;\u00e0 150 kN (16,9 tonnes) de force pour les applications de sertissage \u00e0 barillet ouvert, \u00e0 barillet ferm\u00e9 et pour les applications lourdes de sertissage \u00e0 4 indentations.<\/p>\n<p>Le rendement est optimis\u00e9 en minimisant simultan\u00e9ment le d\u00e9placement de la t\u00eate de sertissage et en augmentant la vitesse de fermeture et d&rsquo;ouverture. Le m\u00e9canisme \u00e0 cycle complet, associ\u00e9 au moniteur de sertissage int\u00e9gr\u00e9, garantit une production de haute qualit\u00e9, conforme aux sp\u00e9cifications les plus exigeantes.<\/p>\n","protected":false},"excerpt":{"rendered":"<p>La presse \u00e0 sertir hydraulique CT 150 offre puissance, efficacit\u00e9 et pr\u00e9cision pour les applications de sertissage de pi\u00e8ces d\u00e9tach\u00e9es de gros calibre.<\/p>\n","protected":false},"featured_media":0,"template":"","meta":{"_acf_changed":false},"pwb-brand":[18298],"product_brand":[],"product_cat":[17990,17993,18034],"product_tag":[],"class_list":{"0":"post-26391","1":"product","2":"type-product","3":"status-publish","5":"pwb-brand-brand-schleuniger-fr","6":"product_cat-cables-et-cablage-fr","7":"product_cat-couper-denuder-sertissage-fr","8":"product_cat-wire-crimping-machines-fr","10":"first","11":"instock","12":"taxable","13":"shipping-taxable","14":"product-type-simple"},"acf":[],"yoast_head":"<!-- This site is optimized with the Yoast SEO plugin v27.1.1 - https:\/\/yoast.com\/product\/yoast-seo-wordpress\/ -->\n<title>Hydraulic Crimping Machine CT150 - Smans<\/title>\n<meta name=\"robots\" content=\"index, follow, max-snippet:-1, max-image-preview:large, max-video-preview:-1\" \/>\n<link rel=\"canonical\" href=\"https:\/\/smans.com\/fr\/product\/hydraulic-crimping-machine-ct150\/\" \/>\n<meta property=\"og:locale\" content=\"fr_FR\" \/>\n<meta property=\"og:type\" content=\"article\" \/>\n<meta property=\"og:title\" content=\"Hydraulic Crimping Machine CT150 - Smans\" \/>\n<meta property=\"og:description\" content=\"La presse \u00e0 sertir hydraulique CT 150 offre puissance, efficacit\u00e9 et pr\u00e9cision pour les applications de sertissage de pi\u00e8ces d\u00e9tach\u00e9es de gros calibre.\" \/>\n<meta property=\"og:url\" content=\"https:\/\/smans.com\/fr\/product\/hydraulic-crimping-machine-ct150\/\" \/>\n<meta property=\"og:site_name\" content=\"Smans\" \/>\n<meta property=\"article:modified_time\" content=\"2026-04-05T10:32:44+00:00\" \/>\n<meta name=\"twitter:card\" content=\"summary_large_image\" \/>\n<meta name=\"twitter:label1\" content=\"Dur\u00e9e de lecture estim\u00e9e\" \/>\n\t<meta name=\"twitter:data1\" content=\"1 minute\" \/>\n<script type=\"application\/ld+json\" class=\"yoast-schema-graph\">{\"@context\":\"https:\/\/schema.org\",\"@graph\":[{\"@type\":\"WebPage\",\"@id\":\"https:\/\/smans.com\/fr\/product\/hydraulic-crimping-machine-ct150\/\",\"url\":\"https:\/\/smans.com\/fr\/product\/hydraulic-crimping-machine-ct150\/\",\"name\":\"Hydraulic Crimping Machine CT150 - Smans\",\"isPartOf\":{\"@id\":\"https:\/\/smans.com\/nl\/#website\"},\"datePublished\":\"2024-07-25T00:52:42+00:00\",\"dateModified\":\"2026-04-05T10:32:44+00:00\",\"breadcrumb\":{\"@id\":\"https:\/\/smans.com\/fr\/product\/hydraulic-crimping-machine-ct150\/#breadcrumb\"},\"inLanguage\":\"fr-FR\",\"potentialAction\":[{\"@type\":\"ReadAction\",\"target\":[\"https:\/\/smans.com\/fr\/product\/hydraulic-crimping-machine-ct150\/\"]}]},{\"@type\":\"BreadcrumbList\",\"@id\":\"https:\/\/smans.com\/fr\/product\/hydraulic-crimping-machine-ct150\/#breadcrumb\",\"itemListElement\":[{\"@type\":\"ListItem\",\"position\":1,\"name\":\"Home\",\"item\":\"https:\/\/smans.com\/fr\/\"},{\"@type\":\"ListItem\",\"position\":2,\"name\":\"Boutique\",\"item\":\"https:\/\/smans.com\/nl\/shop\/\"},{\"@type\":\"ListItem\",\"position\":3,\"name\":\"Schleuniger - Hydraulic Crimping Machine CT150\"}]},{\"@type\":\"WebSite\",\"@id\":\"https:\/\/smans.com\/nl\/#website\",\"url\":\"https:\/\/smans.com\/nl\/\",\"name\":\"Smans\",\"description\":\"\",\"publisher\":{\"@id\":\"https:\/\/smans.com\/nl\/#organization\"},\"potentialAction\":[{\"@type\":\"SearchAction\",\"target\":{\"@type\":\"EntryPoint\",\"urlTemplate\":\"https:\/\/smans.com\/nl\/?s={search_term_string}\"},\"query-input\":{\"@type\":\"PropertyValueSpecification\",\"valueRequired\":true,\"valueName\":\"search_term_string\"}}],\"inLanguage\":\"fr-FR\"},{\"@type\":\"Organization\",\"@id\":\"https:\/\/smans.com\/nl\/#organization\",\"name\":\"Smans\",\"url\":\"https:\/\/smans.com\/nl\/\",\"logo\":{\"@type\":\"ImageObject\",\"inLanguage\":\"fr-FR\",\"@id\":\"https:\/\/smans.com\/nl\/#\/schema\/logo\/image\/\",\"url\":\"https:\/\/smans.com\/wp-content\/uploads\/2023\/09\/logo.svg\",\"contentUrl\":\"https:\/\/smans.com\/wp-content\/uploads\/2023\/09\/logo.svg\",\"caption\":\"Smans\"},\"image\":{\"@id\":\"https:\/\/smans.com\/nl\/#\/schema\/logo\/image\/\"}}]}<\/script>\n<!-- \/ Yoast SEO plugin. -->","yoast_head_json":{"title":"Hydraulic Crimping Machine CT150 - Smans","robots":{"index":"index","follow":"follow","max-snippet":"max-snippet:-1","max-image-preview":"max-image-preview:large","max-video-preview":"max-video-preview:-1"},"canonical":"https:\/\/smans.com\/fr\/product\/hydraulic-crimping-machine-ct150\/","og_locale":"fr_FR","og_type":"article","og_title":"Hydraulic Crimping Machine CT150 - Smans","og_description":"La presse \u00e0 sertir hydraulique CT 150 offre puissance, efficacit\u00e9 et pr\u00e9cision pour les applications de sertissage de pi\u00e8ces d\u00e9tach\u00e9es de gros calibre.","og_url":"https:\/\/smans.com\/fr\/product\/hydraulic-crimping-machine-ct150\/","og_site_name":"Smans","article_modified_time":"2026-04-05T10:32:44+00:00","twitter_card":"summary_large_image","twitter_misc":{"Dur\u00e9e de lecture estim\u00e9e":"1 minute"},"schema":{"@context":"https:\/\/schema.org","@graph":[{"@type":"WebPage","@id":"https:\/\/smans.com\/fr\/product\/hydraulic-crimping-machine-ct150\/","url":"https:\/\/smans.com\/fr\/product\/hydraulic-crimping-machine-ct150\/","name":"Hydraulic Crimping Machine CT150 - Smans","isPartOf":{"@id":"https:\/\/smans.com\/nl\/#website"},"datePublished":"2024-07-25T00:52:42+00:00","dateModified":"2026-04-05T10:32:44+00:00","breadcrumb":{"@id":"https:\/\/smans.com\/fr\/product\/hydraulic-crimping-machine-ct150\/#breadcrumb"},"inLanguage":"fr-FR","potentialAction":[{"@type":"ReadAction","target":["https:\/\/smans.com\/fr\/product\/hydraulic-crimping-machine-ct150\/"]}]},{"@type":"BreadcrumbList","@id":"https:\/\/smans.com\/fr\/product\/hydraulic-crimping-machine-ct150\/#breadcrumb","itemListElement":[{"@type":"ListItem","position":1,"name":"Home","item":"https:\/\/smans.com\/fr\/"},{"@type":"ListItem","position":2,"name":"Boutique","item":"https:\/\/smans.com\/nl\/shop\/"},{"@type":"ListItem","position":3,"name":"Schleuniger - Hydraulic Crimping Machine CT150"}]},{"@type":"WebSite","@id":"https:\/\/smans.com\/nl\/#website","url":"https:\/\/smans.com\/nl\/","name":"Smans","description":"","publisher":{"@id":"https:\/\/smans.com\/nl\/#organization"},"potentialAction":[{"@type":"SearchAction","target":{"@type":"EntryPoint","urlTemplate":"https:\/\/smans.com\/nl\/?s={search_term_string}"},"query-input":{"@type":"PropertyValueSpecification","valueRequired":true,"valueName":"search_term_string"}}],"inLanguage":"fr-FR"},{"@type":"Organization","@id":"https:\/\/smans.com\/nl\/#organization","name":"Smans","url":"https:\/\/smans.com\/nl\/","logo":{"@type":"ImageObject","inLanguage":"fr-FR","@id":"https:\/\/smans.com\/nl\/#\/schema\/logo\/image\/","url":"https:\/\/smans.com\/wp-content\/uploads\/2023\/09\/logo.svg","contentUrl":"https:\/\/smans.com\/wp-content\/uploads\/2023\/09\/logo.svg","caption":"Smans"},"image":{"@id":"https:\/\/smans.com\/nl\/#\/schema\/logo\/image\/"}}]}},"brands":[{"id":18298,"name":"Schleuniger","slug":"brand-schleuniger-fr"}],"_links":{"self":[{"href":"https:\/\/smans.com\/fr\/wp-json\/wp\/v2\/product\/26391","targetHints":{"allow":["GET"]}}],"collection":[{"href":"https:\/\/smans.com\/fr\/wp-json\/wp\/v2\/product"}],"about":[{"href":"https:\/\/smans.com\/fr\/wp-json\/wp\/v2\/types\/product"}],"wp:attachment":[{"href":"https:\/\/smans.com\/fr\/wp-json\/wp\/v2\/media?parent=26391"}],"wp:term":[{"taxonomy":"pwb-brand","embeddable":true,"href":"https:\/\/smans.com\/fr\/wp-json\/wp\/v2\/pwb-brand?post=26391"},{"taxonomy":"product_brand","embeddable":true,"href":"https:\/\/smans.com\/fr\/wp-json\/wp\/v2\/product_brand?post=26391"},{"taxonomy":"product_cat","embeddable":true,"href":"https:\/\/smans.com\/fr\/wp-json\/wp\/v2\/product_cat?post=26391"},{"taxonomy":"product_tag","embeddable":true,"href":"https:\/\/smans.com\/fr\/wp-json\/wp\/v2\/product_tag?post=26391"}],"curies":[{"name":"wp","href":"https:\/\/api.w.org\/{rel}","templated":true}]}}