{"id":27029,"date":"2024-08-21T02:59:17","date_gmt":"2024-08-21T00:59:17","guid":{"rendered":"https:\/\/smans.com\/product\/imprimante-bradyprinter-a5500-avec-applicateur-detiquettes-drapeaux-version-emea-avec-wi-fi\/"},"modified":"2026-04-16T12:24:55","modified_gmt":"2026-04-16T10:24:55","slug":"imprimante-bradyprinter-a5500-avec-applicateur-detiquettes-drapeaux-version-emea-avec-wi-fi","status":"publish","type":"product","link":"https:\/\/smans.com\/fr\/product\/imprimante-bradyprinter-a5500-avec-applicateur-detiquettes-drapeaux-version-emea-avec-wi-fi\/","title":{"rendered":"Brady - Imprimante BradyPrinter A5500 avec applicateur d&rsquo;\u00e9tiquettes drapeaux &#8211; Version EMEA avec Wi-Fi"},"content":{"rendered":"<p>L&rsquo;ajout d&rsquo;une \u00e9tiquette drapeau pour vos fils de petit diam\u00e8tre vous offre l\u2019espace dont vous avez besoin pour vos donn\u00e9es mais, sans les outils ad\u00e9quats, peut ralentir votre rendement. R\u00e9duisez votre temps de signalisation gr\u00e2ce \u00e0 l\u2019applicateur d\u2019\u00e9tiquettes drapeaux BradyPrinter A5500<\/p>\n<ul>\n<li>Application rapide d\u2019\u00e9tiquettes drapeaux : imprimez et appliquez vos \u00e9tiquettes drapeaux en seulement cinq secondes<\/li>\n<li>R\u00e9duisez le r\u00e9usinage : les \u00e9tiquettes drapeaux sont appliqu\u00e9es uniform\u00e9ment sans plis, asym\u00e9trie ou chevauchement des bords<\/li>\n<li>Inscrivez des donn\u00e9es sur votre \u00e9tiquette de diverses mani\u00e8res, y compris via une connexion Wi-Fi<\/li>\n<li>R\u00e9duction des d\u00e9chets : imprimez et appliquez des \u00e9tiquettes s\u00e9rialis\u00e9es \u00e0 la vol\u00e9e sans avoir \u00e0 r\u00e9imprimer un lot entier en cas d\u2019erreur<\/li>\n<li>Ce syst\u00e8me d\u2019impression et de pose automatique innovant transforme une s\u00e9rie de t\u00e2ches n\u00e9cessitant beaucoup de travail en un processus automatis\u00e9 et rapide<\/li>\n<li>S&rsquo;est vu d\u00e9cerner la m\u00e9daille d\u2019or (Gold Rating) du produit de c\u00e2blage et de communication innovant en 2020, dans le cadre des Cabling Installation &amp; Maintenance Innovators Awards<\/li>\n<li>Testez-la avant de l\u2019acheter : Brady peut imprimer et appliquer des \u00e9tiquettes drapeaux \u00e0 un \u00e9chantillon de fil. Pour plus d\u2019informations, veuillez contacter le support technique<\/li>\n<\/ul>\n","protected":false},"excerpt":{"rendered":"<p>Imprimante BradyPrinter A5500 avec applicateur d&rsquo;\u00e9tiquettes drapeaux &#8211; Version EMEA avec Wi-Fi<\/p>\n","protected":false},"featured_media":0,"template":"","meta":{"_acf_changed":false},"pwb-brand":[18214],"product_brand":[],"product_cat":[17990,17995,18033,17992],"product_tag":[],"class_list":{"0":"post-27029","1":"product","2":"type-product","3":"status-publish","5":"pwb-brand-brand-brady-fr-2","6":"product_cat-cables-et-cablage-fr","7":"product_cat-etiquetage-marquage-fr","8":"product_cat-label-printers-fr","9":"product_cat-stocksale-2025-fr","11":"first","12":"instock","13":"sale","14":"taxable","15":"shipping-taxable","16":"purchasable","17":"product-type-simple"},"acf":[],"yoast_head":"<!-- This site is optimized with the Yoast SEO plugin v27.1.1 - https:\/\/yoast.com\/product\/yoast-seo-wordpress\/ -->\n<title>Imprimante BradyPrinter A5500 avec applicateur d&#039;\u00e9tiquettes drapeaux - Version EMEA avec Wi-Fi - Smans<\/title>\n<meta name=\"robots\" content=\"index, follow, max-snippet:-1, max-image-preview:large, max-video-preview:-1\" \/>\n<link rel=\"canonical\" href=\"https:\/\/smans.com\/fr\/product\/imprimante-bradyprinter-a5500-avec-applicateur-detiquettes-drapeaux-version-emea-avec-wi-fi\/\" \/>\n<meta property=\"og:locale\" content=\"fr_FR\" \/>\n<meta property=\"og:type\" content=\"article\" \/>\n<meta property=\"og:title\" content=\"Imprimante BradyPrinter A5500 avec applicateur d&#039;\u00e9tiquettes drapeaux - Version EMEA avec Wi-Fi - Smans\" \/>\n<meta property=\"og:description\" content=\"Imprimante BradyPrinter A5500 avec applicateur d&#039;\u00e9tiquettes drapeaux - Version EMEA avec Wi-Fi\" \/>\n<meta property=\"og:url\" content=\"https:\/\/smans.com\/fr\/product\/imprimante-bradyprinter-a5500-avec-applicateur-detiquettes-drapeaux-version-emea-avec-wi-fi\/\" \/>\n<meta property=\"og:site_name\" content=\"Smans\" \/>\n<meta property=\"article:modified_time\" content=\"2026-04-16T10:24:55+00:00\" \/>\n<meta name=\"twitter:card\" content=\"summary_large_image\" \/>\n<meta name=\"twitter:label1\" content=\"Dur\u00e9e de lecture estim\u00e9e\" \/>\n\t<meta name=\"twitter:data1\" content=\"1 minute\" \/>\n<script type=\"application\/ld+json\" class=\"yoast-schema-graph\">{\"@context\":\"https:\/\/schema.org\",\"@graph\":[{\"@type\":\"WebPage\",\"@id\":\"https:\/\/smans.com\/fr\/product\/imprimante-bradyprinter-a5500-avec-applicateur-detiquettes-drapeaux-version-emea-avec-wi-fi\/\",\"url\":\"https:\/\/smans.com\/fr\/product\/imprimante-bradyprinter-a5500-avec-applicateur-detiquettes-drapeaux-version-emea-avec-wi-fi\/\",\"name\":\"Imprimante BradyPrinter A5500 avec applicateur d'\u00e9tiquettes drapeaux - Version EMEA avec Wi-Fi - Smans\",\"isPartOf\":{\"@id\":\"https:\/\/smans.com\/nl\/#website\"},\"datePublished\":\"2024-08-21T00:59:17+00:00\",\"dateModified\":\"2026-04-16T10:24:55+00:00\",\"breadcrumb\":{\"@id\":\"https:\/\/smans.com\/fr\/product\/imprimante-bradyprinter-a5500-avec-applicateur-detiquettes-drapeaux-version-emea-avec-wi-fi\/#breadcrumb\"},\"inLanguage\":\"fr-FR\",\"potentialAction\":[{\"@type\":\"ReadAction\",\"target\":[\"https:\/\/smans.com\/fr\/product\/imprimante-bradyprinter-a5500-avec-applicateur-detiquettes-drapeaux-version-emea-avec-wi-fi\/\"]}]},{\"@type\":\"BreadcrumbList\",\"@id\":\"https:\/\/smans.com\/fr\/product\/imprimante-bradyprinter-a5500-avec-applicateur-detiquettes-drapeaux-version-emea-avec-wi-fi\/#breadcrumb\",\"itemListElement\":[{\"@type\":\"ListItem\",\"position\":1,\"name\":\"Home\",\"item\":\"https:\/\/smans.com\/fr\/\"},{\"@type\":\"ListItem\",\"position\":2,\"name\":\"Boutique\",\"item\":\"https:\/\/smans.com\/nl\/shop\/\"},{\"@type\":\"ListItem\",\"position\":3,\"name\":\"Brady - Imprimante BradyPrinter A5500 avec applicateur d&#8217;\u00e9tiquettes drapeaux &#8211; Version EMEA avec Wi-Fi\"}]},{\"@type\":\"WebSite\",\"@id\":\"https:\/\/smans.com\/nl\/#website\",\"url\":\"https:\/\/smans.com\/nl\/\",\"name\":\"Smans\",\"description\":\"\",\"publisher\":{\"@id\":\"https:\/\/smans.com\/nl\/#organization\"},\"potentialAction\":[{\"@type\":\"SearchAction\",\"target\":{\"@type\":\"EntryPoint\",\"urlTemplate\":\"https:\/\/smans.com\/nl\/?s={search_term_string}\"},\"query-input\":{\"@type\":\"PropertyValueSpecification\",\"valueRequired\":true,\"valueName\":\"search_term_string\"}}],\"inLanguage\":\"fr-FR\"},{\"@type\":\"Organization\",\"@id\":\"https:\/\/smans.com\/nl\/#organization\",\"name\":\"Smans\",\"url\":\"https:\/\/smans.com\/nl\/\",\"logo\":{\"@type\":\"ImageObject\",\"inLanguage\":\"fr-FR\",\"@id\":\"https:\/\/smans.com\/nl\/#\/schema\/logo\/image\/\",\"url\":\"https:\/\/smans.com\/wp-content\/uploads\/2023\/09\/logo.svg\",\"contentUrl\":\"https:\/\/smans.com\/wp-content\/uploads\/2023\/09\/logo.svg\",\"caption\":\"Smans\"},\"image\":{\"@id\":\"https:\/\/smans.com\/nl\/#\/schema\/logo\/image\/\"}}]}<\/script>\n<!-- \/ Yoast SEO plugin. -->","yoast_head_json":{"title":"Imprimante BradyPrinter A5500 avec applicateur d'\u00e9tiquettes drapeaux - Version EMEA avec Wi-Fi - Smans","robots":{"index":"index","follow":"follow","max-snippet":"max-snippet:-1","max-image-preview":"max-image-preview:large","max-video-preview":"max-video-preview:-1"},"canonical":"https:\/\/smans.com\/fr\/product\/imprimante-bradyprinter-a5500-avec-applicateur-detiquettes-drapeaux-version-emea-avec-wi-fi\/","og_locale":"fr_FR","og_type":"article","og_title":"Imprimante BradyPrinter A5500 avec applicateur d'\u00e9tiquettes drapeaux - Version EMEA avec Wi-Fi - Smans","og_description":"Imprimante BradyPrinter A5500 avec applicateur d'\u00e9tiquettes drapeaux - Version EMEA avec Wi-Fi","og_url":"https:\/\/smans.com\/fr\/product\/imprimante-bradyprinter-a5500-avec-applicateur-detiquettes-drapeaux-version-emea-avec-wi-fi\/","og_site_name":"Smans","article_modified_time":"2026-04-16T10:24:55+00:00","twitter_card":"summary_large_image","twitter_misc":{"Dur\u00e9e de lecture estim\u00e9e":"1 minute"},"schema":{"@context":"https:\/\/schema.org","@graph":[{"@type":"WebPage","@id":"https:\/\/smans.com\/fr\/product\/imprimante-bradyprinter-a5500-avec-applicateur-detiquettes-drapeaux-version-emea-avec-wi-fi\/","url":"https:\/\/smans.com\/fr\/product\/imprimante-bradyprinter-a5500-avec-applicateur-detiquettes-drapeaux-version-emea-avec-wi-fi\/","name":"Imprimante BradyPrinter A5500 avec applicateur d'\u00e9tiquettes drapeaux - Version EMEA avec Wi-Fi - Smans","isPartOf":{"@id":"https:\/\/smans.com\/nl\/#website"},"datePublished":"2024-08-21T00:59:17+00:00","dateModified":"2026-04-16T10:24:55+00:00","breadcrumb":{"@id":"https:\/\/smans.com\/fr\/product\/imprimante-bradyprinter-a5500-avec-applicateur-detiquettes-drapeaux-version-emea-avec-wi-fi\/#breadcrumb"},"inLanguage":"fr-FR","potentialAction":[{"@type":"ReadAction","target":["https:\/\/smans.com\/fr\/product\/imprimante-bradyprinter-a5500-avec-applicateur-detiquettes-drapeaux-version-emea-avec-wi-fi\/"]}]},{"@type":"BreadcrumbList","@id":"https:\/\/smans.com\/fr\/product\/imprimante-bradyprinter-a5500-avec-applicateur-detiquettes-drapeaux-version-emea-avec-wi-fi\/#breadcrumb","itemListElement":[{"@type":"ListItem","position":1,"name":"Home","item":"https:\/\/smans.com\/fr\/"},{"@type":"ListItem","position":2,"name":"Boutique","item":"https:\/\/smans.com\/nl\/shop\/"},{"@type":"ListItem","position":3,"name":"Brady - Imprimante BradyPrinter A5500 avec applicateur d&#8217;\u00e9tiquettes drapeaux &#8211; Version EMEA avec Wi-Fi"}]},{"@type":"WebSite","@id":"https:\/\/smans.com\/nl\/#website","url":"https:\/\/smans.com\/nl\/","name":"Smans","description":"","publisher":{"@id":"https:\/\/smans.com\/nl\/#organization"},"potentialAction":[{"@type":"SearchAction","target":{"@type":"EntryPoint","urlTemplate":"https:\/\/smans.com\/nl\/?s={search_term_string}"},"query-input":{"@type":"PropertyValueSpecification","valueRequired":true,"valueName":"search_term_string"}}],"inLanguage":"fr-FR"},{"@type":"Organization","@id":"https:\/\/smans.com\/nl\/#organization","name":"Smans","url":"https:\/\/smans.com\/nl\/","logo":{"@type":"ImageObject","inLanguage":"fr-FR","@id":"https:\/\/smans.com\/nl\/#\/schema\/logo\/image\/","url":"https:\/\/smans.com\/wp-content\/uploads\/2023\/09\/logo.svg","contentUrl":"https:\/\/smans.com\/wp-content\/uploads\/2023\/09\/logo.svg","caption":"Smans"},"image":{"@id":"https:\/\/smans.com\/nl\/#\/schema\/logo\/image\/"}}]}},"brands":[{"id":18214,"name":"Brady","slug":"brand-brady-fr-2"}],"_links":{"self":[{"href":"https:\/\/smans.com\/fr\/wp-json\/wp\/v2\/product\/27029","targetHints":{"allow":["GET"]}}],"collection":[{"href":"https:\/\/smans.com\/fr\/wp-json\/wp\/v2\/product"}],"about":[{"href":"https:\/\/smans.com\/fr\/wp-json\/wp\/v2\/types\/product"}],"wp:attachment":[{"href":"https:\/\/smans.com\/fr\/wp-json\/wp\/v2\/media?parent=27029"}],"wp:term":[{"taxonomy":"pwb-brand","embeddable":true,"href":"https:\/\/smans.com\/fr\/wp-json\/wp\/v2\/pwb-brand?post=27029"},{"taxonomy":"product_brand","embeddable":true,"href":"https:\/\/smans.com\/fr\/wp-json\/wp\/v2\/product_brand?post=27029"},{"taxonomy":"product_cat","embeddable":true,"href":"https:\/\/smans.com\/fr\/wp-json\/wp\/v2\/product_cat?post=27029"},{"taxonomy":"product_tag","embeddable":true,"href":"https:\/\/smans.com\/fr\/wp-json\/wp\/v2\/product_tag?post=27029"}],"curies":[{"name":"wp","href":"https:\/\/api.w.org\/{rel}","templated":true}]}}