{"id":27475,"date":"2024-09-10T03:04:54","date_gmt":"2024-09-10T01:04:54","guid":{"rendered":"https:\/\/smans.com\/product\/fritsch-inline-reflow-oven-iro850\/"},"modified":"2026-04-16T12:25:39","modified_gmt":"2026-04-16T10:25:39","slug":"fritsch-inline-reflow-oven-iro850","status":"publish","type":"product","link":"https:\/\/smans.com\/fr\/product\/fritsch-inline-reflow-oven-iro850\/","title":{"rendered":"Fritsch SMT - Fritsch Inline Reflow Oven IRO850"},"content":{"rendered":"<p>FRITSCH propose, avec son syst\u00e8me de soudage par refusion, la solution optimale pour la production de petites et moyennes s\u00e9ries. Le four de refusion garantit un soudage sans plomb respectueux de l&rsquo;environnement pour une grande diversit\u00e9 de composants, y compris QFP, BGA\/CSP, etc. Le four de refusion a une longueur maximale de 850 mm et une largeur de travail utile de la cha\u00eene de broches de 35 \u00e0 395 mm. Le syst\u00e8me est contr\u00f4l\u00e9 par un logiciel convivial qui peut \u00eatre adapt\u00e9 aux exigences du projet de soudage.<\/p>\n","protected":false},"excerpt":{"rendered":"<p>Syst\u00e8me de soudure par refusion pour la production de petites \u00e0 moyennes s\u00e9ries.<\/p>\n","protected":false},"featured_media":0,"template":"","meta":{"_acf_changed":false},"pwb-brand":[18242],"product_brand":[],"product_cat":[17991,18011,18086,18087],"product_tag":[],"class_list":{"0":"post-27475","1":"product","2":"type-product","3":"status-publish","5":"pwb-brand-brand-fritsch-fr","6":"product_cat-electronique-fr","7":"product_cat-equipement-d-assemblage-smt-fr","8":"product_cat-prototyping-soldering-fr","9":"product_cat-soldering-fr","11":"first","12":"instock","13":"taxable","14":"shipping-taxable","15":"product-type-simple"},"acf":[],"yoast_head":"<!-- This site is optimized with the Yoast SEO plugin v27.1.1 - https:\/\/yoast.com\/product\/yoast-seo-wordpress\/ -->\n<title>Fritsch Inline Reflow Oven IRO850 - Smans<\/title>\n<meta name=\"robots\" content=\"index, follow, max-snippet:-1, max-image-preview:large, max-video-preview:-1\" \/>\n<link rel=\"canonical\" href=\"https:\/\/smans.com\/fr\/product\/fritsch-inline-reflow-oven-iro850\/\" \/>\n<meta property=\"og:locale\" content=\"fr_FR\" \/>\n<meta property=\"og:type\" content=\"article\" \/>\n<meta property=\"og:title\" content=\"Fritsch Inline Reflow Oven IRO850 - Smans\" \/>\n<meta property=\"og:description\" content=\"Syst\u00e8me de soudure par refusion pour la production de petites \u00e0 moyennes s\u00e9ries.\" \/>\n<meta property=\"og:url\" content=\"https:\/\/smans.com\/fr\/product\/fritsch-inline-reflow-oven-iro850\/\" \/>\n<meta property=\"og:site_name\" content=\"Smans\" \/>\n<meta property=\"article:modified_time\" content=\"2026-04-16T10:25:39+00:00\" \/>\n<meta name=\"twitter:card\" content=\"summary_large_image\" \/>\n<script type=\"application\/ld+json\" class=\"yoast-schema-graph\">{\"@context\":\"https:\/\/schema.org\",\"@graph\":[{\"@type\":\"WebPage\",\"@id\":\"https:\/\/smans.com\/fr\/product\/fritsch-inline-reflow-oven-iro850\/\",\"url\":\"https:\/\/smans.com\/fr\/product\/fritsch-inline-reflow-oven-iro850\/\",\"name\":\"Fritsch Inline Reflow Oven IRO850 - Smans\",\"isPartOf\":{\"@id\":\"https:\/\/smans.com\/nl\/#website\"},\"datePublished\":\"2024-09-10T01:04:54+00:00\",\"dateModified\":\"2026-04-16T10:25:39+00:00\",\"breadcrumb\":{\"@id\":\"https:\/\/smans.com\/fr\/product\/fritsch-inline-reflow-oven-iro850\/#breadcrumb\"},\"inLanguage\":\"fr-FR\",\"potentialAction\":[{\"@type\":\"ReadAction\",\"target\":[\"https:\/\/smans.com\/fr\/product\/fritsch-inline-reflow-oven-iro850\/\"]}]},{\"@type\":\"BreadcrumbList\",\"@id\":\"https:\/\/smans.com\/fr\/product\/fritsch-inline-reflow-oven-iro850\/#breadcrumb\",\"itemListElement\":[{\"@type\":\"ListItem\",\"position\":1,\"name\":\"Home\",\"item\":\"https:\/\/smans.com\/fr\/\"},{\"@type\":\"ListItem\",\"position\":2,\"name\":\"Boutique\",\"item\":\"https:\/\/smans.com\/nl\/shop\/\"},{\"@type\":\"ListItem\",\"position\":3,\"name\":\"Fritsch SMT - Fritsch Inline Reflow Oven IRO850\"}]},{\"@type\":\"WebSite\",\"@id\":\"https:\/\/smans.com\/nl\/#website\",\"url\":\"https:\/\/smans.com\/nl\/\",\"name\":\"Smans\",\"description\":\"\",\"publisher\":{\"@id\":\"https:\/\/smans.com\/nl\/#organization\"},\"potentialAction\":[{\"@type\":\"SearchAction\",\"target\":{\"@type\":\"EntryPoint\",\"urlTemplate\":\"https:\/\/smans.com\/nl\/?s={search_term_string}\"},\"query-input\":{\"@type\":\"PropertyValueSpecification\",\"valueRequired\":true,\"valueName\":\"search_term_string\"}}],\"inLanguage\":\"fr-FR\"},{\"@type\":\"Organization\",\"@id\":\"https:\/\/smans.com\/nl\/#organization\",\"name\":\"Smans\",\"url\":\"https:\/\/smans.com\/nl\/\",\"logo\":{\"@type\":\"ImageObject\",\"inLanguage\":\"fr-FR\",\"@id\":\"https:\/\/smans.com\/nl\/#\/schema\/logo\/image\/\",\"url\":\"https:\/\/smans.com\/wp-content\/uploads\/2023\/09\/logo.svg\",\"contentUrl\":\"https:\/\/smans.com\/wp-content\/uploads\/2023\/09\/logo.svg\",\"caption\":\"Smans\"},\"image\":{\"@id\":\"https:\/\/smans.com\/nl\/#\/schema\/logo\/image\/\"}}]}<\/script>\n<!-- \/ Yoast SEO plugin. -->","yoast_head_json":{"title":"Fritsch Inline Reflow Oven IRO850 - Smans","robots":{"index":"index","follow":"follow","max-snippet":"max-snippet:-1","max-image-preview":"max-image-preview:large","max-video-preview":"max-video-preview:-1"},"canonical":"https:\/\/smans.com\/fr\/product\/fritsch-inline-reflow-oven-iro850\/","og_locale":"fr_FR","og_type":"article","og_title":"Fritsch Inline Reflow Oven IRO850 - Smans","og_description":"Syst\u00e8me de soudure par refusion pour la production de petites \u00e0 moyennes s\u00e9ries.","og_url":"https:\/\/smans.com\/fr\/product\/fritsch-inline-reflow-oven-iro850\/","og_site_name":"Smans","article_modified_time":"2026-04-16T10:25:39+00:00","twitter_card":"summary_large_image","schema":{"@context":"https:\/\/schema.org","@graph":[{"@type":"WebPage","@id":"https:\/\/smans.com\/fr\/product\/fritsch-inline-reflow-oven-iro850\/","url":"https:\/\/smans.com\/fr\/product\/fritsch-inline-reflow-oven-iro850\/","name":"Fritsch Inline Reflow Oven IRO850 - Smans","isPartOf":{"@id":"https:\/\/smans.com\/nl\/#website"},"datePublished":"2024-09-10T01:04:54+00:00","dateModified":"2026-04-16T10:25:39+00:00","breadcrumb":{"@id":"https:\/\/smans.com\/fr\/product\/fritsch-inline-reflow-oven-iro850\/#breadcrumb"},"inLanguage":"fr-FR","potentialAction":[{"@type":"ReadAction","target":["https:\/\/smans.com\/fr\/product\/fritsch-inline-reflow-oven-iro850\/"]}]},{"@type":"BreadcrumbList","@id":"https:\/\/smans.com\/fr\/product\/fritsch-inline-reflow-oven-iro850\/#breadcrumb","itemListElement":[{"@type":"ListItem","position":1,"name":"Home","item":"https:\/\/smans.com\/fr\/"},{"@type":"ListItem","position":2,"name":"Boutique","item":"https:\/\/smans.com\/nl\/shop\/"},{"@type":"ListItem","position":3,"name":"Fritsch SMT - Fritsch Inline Reflow Oven IRO850"}]},{"@type":"WebSite","@id":"https:\/\/smans.com\/nl\/#website","url":"https:\/\/smans.com\/nl\/","name":"Smans","description":"","publisher":{"@id":"https:\/\/smans.com\/nl\/#organization"},"potentialAction":[{"@type":"SearchAction","target":{"@type":"EntryPoint","urlTemplate":"https:\/\/smans.com\/nl\/?s={search_term_string}"},"query-input":{"@type":"PropertyValueSpecification","valueRequired":true,"valueName":"search_term_string"}}],"inLanguage":"fr-FR"},{"@type":"Organization","@id":"https:\/\/smans.com\/nl\/#organization","name":"Smans","url":"https:\/\/smans.com\/nl\/","logo":{"@type":"ImageObject","inLanguage":"fr-FR","@id":"https:\/\/smans.com\/nl\/#\/schema\/logo\/image\/","url":"https:\/\/smans.com\/wp-content\/uploads\/2023\/09\/logo.svg","contentUrl":"https:\/\/smans.com\/wp-content\/uploads\/2023\/09\/logo.svg","caption":"Smans"},"image":{"@id":"https:\/\/smans.com\/nl\/#\/schema\/logo\/image\/"}}]}},"brands":[{"id":18242,"name":"Fritsch SMT","slug":"brand-fritsch-fr"}],"_links":{"self":[{"href":"https:\/\/smans.com\/fr\/wp-json\/wp\/v2\/product\/27475","targetHints":{"allow":["GET"]}}],"collection":[{"href":"https:\/\/smans.com\/fr\/wp-json\/wp\/v2\/product"}],"about":[{"href":"https:\/\/smans.com\/fr\/wp-json\/wp\/v2\/types\/product"}],"wp:attachment":[{"href":"https:\/\/smans.com\/fr\/wp-json\/wp\/v2\/media?parent=27475"}],"wp:term":[{"taxonomy":"pwb-brand","embeddable":true,"href":"https:\/\/smans.com\/fr\/wp-json\/wp\/v2\/pwb-brand?post=27475"},{"taxonomy":"product_brand","embeddable":true,"href":"https:\/\/smans.com\/fr\/wp-json\/wp\/v2\/product_brand?post=27475"},{"taxonomy":"product_cat","embeddable":true,"href":"https:\/\/smans.com\/fr\/wp-json\/wp\/v2\/product_cat?post=27475"},{"taxonomy":"product_tag","embeddable":true,"href":"https:\/\/smans.com\/fr\/wp-json\/wp\/v2\/product_tag?post=27475"}],"curies":[{"name":"wp","href":"https:\/\/api.w.org\/{rel}","templated":true}]}}