{"id":28224,"date":"2024-10-09T01:25:21","date_gmt":"2024-10-08T23:25:21","guid":{"rendered":"https:\/\/smans.com\/product\/easy-arm-1\/"},"modified":"2026-04-13T12:59:37","modified_gmt":"2026-04-13T10:59:37","slug":"easy-arm-1","status":"publish","type":"product","link":"https:\/\/smans.com\/fr\/product\/easy-arm-1\/","title":{"rendered":"Ersa - Solder Fume Extraction System EASY ARM 1"},"content":{"rendered":"<p>Les unit\u00e9s d&rsquo;extraction des fum\u00e9es de soudage Ersa EASY ARM s\u00e9duisent par leur puissance d&rsquo;extraction \u00e9lev\u00e9e et leur fonctionnement silencieux. Le syst\u00e8me d&rsquo;extraction des fum\u00e9es de soudage Ersa de type EASY ARM 1 s&rsquo;appuie sur de nombreuses ann\u00e9es d&rsquo;exp\u00e9rience dans le domaine du nettoyage de l&rsquo;air de process.<\/p>\n<p>Les syst\u00e8mes d&rsquo;aspiration des fum\u00e9es de soudage EASY ARM 1 se caract\u00e9risent par une puissance d&rsquo;aspiration \u00e9lev\u00e9e (100 m\u00b3\/h par bras d&rsquo;aspiration), une efficacit\u00e9 de filtration \u00e9lev\u00e9e et un fonctionnement tr\u00e8s silencieux.<\/p>\n<p>L&rsquo;air de process est purifi\u00e9 en trois \u00e9tapes : un pr\u00e9filtre retient les poussi\u00e8res et les particules de grande taille. Le filtre combin\u00e9 s\u00e9pare les microparticules, telles que celles produites lors du soudage, et le filtre \u00e0 charbon actif lie les gaz nocifs.<\/p>\n","protected":false},"excerpt":{"rendered":"<p>Extraction efficace et compacte des fum\u00e9es de soudure pour les postes de travail individuels<\/p>\n","protected":false},"featured_media":0,"template":"","meta":{"_acf_changed":false},"pwb-brand":[18232],"product_brand":[],"product_cat":[17990,17991,18051,18072,18001,18003],"product_tag":[],"class_list":{"0":"post-28224","1":"product","2":"type-product","3":"status-publish","5":"pwb-brand-brand-ersa-fr","6":"product_cat-cables-et-cablage-fr","7":"product_cat-electronique-fr","8":"product_cat-fume-extraction-fr","9":"product_cat-fume-extraction-fr-2","10":"product_cat-processus-secondaires-fr","11":"product_cat-systemes-manuels-de-soudure-et-de-reparation-fr","13":"first","14":"instock","15":"taxable","16":"shipping-taxable","17":"purchasable","18":"product-type-simple"},"acf":[],"yoast_head":"<!-- This site is optimized with the Yoast SEO plugin v27.1.1 - https:\/\/yoast.com\/product\/yoast-seo-wordpress\/ -->\n<title>Solder Fume Extraction System EASY ARM 1 - Smans<\/title>\n<meta name=\"robots\" content=\"index, follow, max-snippet:-1, max-image-preview:large, max-video-preview:-1\" \/>\n<link rel=\"canonical\" href=\"https:\/\/smans.com\/fr\/product\/easy-arm-1\/\" \/>\n<meta property=\"og:locale\" content=\"fr_FR\" \/>\n<meta property=\"og:type\" content=\"article\" \/>\n<meta property=\"og:title\" content=\"Solder Fume Extraction System EASY ARM 1 - Smans\" \/>\n<meta property=\"og:description\" content=\"Extraction efficace et compacte des fum\u00e9es de soudure pour les postes de travail individuels\" \/>\n<meta property=\"og:url\" content=\"https:\/\/smans.com\/fr\/product\/easy-arm-1\/\" \/>\n<meta property=\"og:site_name\" content=\"Smans\" \/>\n<meta property=\"article:modified_time\" content=\"2026-04-13T10:59:37+00:00\" \/>\n<meta name=\"twitter:card\" content=\"summary_large_image\" \/>\n<meta name=\"twitter:label1\" content=\"Dur\u00e9e de lecture estim\u00e9e\" \/>\n\t<meta name=\"twitter:data1\" content=\"1 minute\" \/>\n<script type=\"application\/ld+json\" class=\"yoast-schema-graph\">{\"@context\":\"https:\/\/schema.org\",\"@graph\":[{\"@type\":\"WebPage\",\"@id\":\"https:\/\/smans.com\/fr\/product\/easy-arm-1\/\",\"url\":\"https:\/\/smans.com\/fr\/product\/easy-arm-1\/\",\"name\":\"Solder Fume Extraction System EASY ARM 1 - Smans\",\"isPartOf\":{\"@id\":\"https:\/\/smans.com\/nl\/#website\"},\"datePublished\":\"2024-10-08T23:25:21+00:00\",\"dateModified\":\"2026-04-13T10:59:37+00:00\",\"breadcrumb\":{\"@id\":\"https:\/\/smans.com\/fr\/product\/easy-arm-1\/#breadcrumb\"},\"inLanguage\":\"fr-FR\",\"potentialAction\":[{\"@type\":\"ReadAction\",\"target\":[\"https:\/\/smans.com\/fr\/product\/easy-arm-1\/\"]}]},{\"@type\":\"BreadcrumbList\",\"@id\":\"https:\/\/smans.com\/fr\/product\/easy-arm-1\/#breadcrumb\",\"itemListElement\":[{\"@type\":\"ListItem\",\"position\":1,\"name\":\"Home\",\"item\":\"https:\/\/smans.com\/fr\/\"},{\"@type\":\"ListItem\",\"position\":2,\"name\":\"Boutique\",\"item\":\"https:\/\/smans.com\/nl\/shop\/\"},{\"@type\":\"ListItem\",\"position\":3,\"name\":\"Ersa - Solder Fume Extraction System EASY ARM 1\"}]},{\"@type\":\"WebSite\",\"@id\":\"https:\/\/smans.com\/nl\/#website\",\"url\":\"https:\/\/smans.com\/nl\/\",\"name\":\"Smans\",\"description\":\"\",\"publisher\":{\"@id\":\"https:\/\/smans.com\/nl\/#organization\"},\"potentialAction\":[{\"@type\":\"SearchAction\",\"target\":{\"@type\":\"EntryPoint\",\"urlTemplate\":\"https:\/\/smans.com\/nl\/?s={search_term_string}\"},\"query-input\":{\"@type\":\"PropertyValueSpecification\",\"valueRequired\":true,\"valueName\":\"search_term_string\"}}],\"inLanguage\":\"fr-FR\"},{\"@type\":\"Organization\",\"@id\":\"https:\/\/smans.com\/nl\/#organization\",\"name\":\"Smans\",\"url\":\"https:\/\/smans.com\/nl\/\",\"logo\":{\"@type\":\"ImageObject\",\"inLanguage\":\"fr-FR\",\"@id\":\"https:\/\/smans.com\/nl\/#\/schema\/logo\/image\/\",\"url\":\"https:\/\/smans.com\/wp-content\/uploads\/2023\/09\/logo.svg\",\"contentUrl\":\"https:\/\/smans.com\/wp-content\/uploads\/2023\/09\/logo.svg\",\"caption\":\"Smans\"},\"image\":{\"@id\":\"https:\/\/smans.com\/nl\/#\/schema\/logo\/image\/\"}}]}<\/script>\n<!-- \/ Yoast SEO plugin. -->","yoast_head_json":{"title":"Solder Fume Extraction System EASY ARM 1 - Smans","robots":{"index":"index","follow":"follow","max-snippet":"max-snippet:-1","max-image-preview":"max-image-preview:large","max-video-preview":"max-video-preview:-1"},"canonical":"https:\/\/smans.com\/fr\/product\/easy-arm-1\/","og_locale":"fr_FR","og_type":"article","og_title":"Solder Fume Extraction System EASY ARM 1 - Smans","og_description":"Extraction efficace et compacte des fum\u00e9es de soudure pour les postes de travail individuels","og_url":"https:\/\/smans.com\/fr\/product\/easy-arm-1\/","og_site_name":"Smans","article_modified_time":"2026-04-13T10:59:37+00:00","twitter_card":"summary_large_image","twitter_misc":{"Dur\u00e9e de lecture estim\u00e9e":"1 minute"},"schema":{"@context":"https:\/\/schema.org","@graph":[{"@type":"WebPage","@id":"https:\/\/smans.com\/fr\/product\/easy-arm-1\/","url":"https:\/\/smans.com\/fr\/product\/easy-arm-1\/","name":"Solder Fume Extraction System EASY ARM 1 - Smans","isPartOf":{"@id":"https:\/\/smans.com\/nl\/#website"},"datePublished":"2024-10-08T23:25:21+00:00","dateModified":"2026-04-13T10:59:37+00:00","breadcrumb":{"@id":"https:\/\/smans.com\/fr\/product\/easy-arm-1\/#breadcrumb"},"inLanguage":"fr-FR","potentialAction":[{"@type":"ReadAction","target":["https:\/\/smans.com\/fr\/product\/easy-arm-1\/"]}]},{"@type":"BreadcrumbList","@id":"https:\/\/smans.com\/fr\/product\/easy-arm-1\/#breadcrumb","itemListElement":[{"@type":"ListItem","position":1,"name":"Home","item":"https:\/\/smans.com\/fr\/"},{"@type":"ListItem","position":2,"name":"Boutique","item":"https:\/\/smans.com\/nl\/shop\/"},{"@type":"ListItem","position":3,"name":"Ersa - Solder Fume Extraction System EASY ARM 1"}]},{"@type":"WebSite","@id":"https:\/\/smans.com\/nl\/#website","url":"https:\/\/smans.com\/nl\/","name":"Smans","description":"","publisher":{"@id":"https:\/\/smans.com\/nl\/#organization"},"potentialAction":[{"@type":"SearchAction","target":{"@type":"EntryPoint","urlTemplate":"https:\/\/smans.com\/nl\/?s={search_term_string}"},"query-input":{"@type":"PropertyValueSpecification","valueRequired":true,"valueName":"search_term_string"}}],"inLanguage":"fr-FR"},{"@type":"Organization","@id":"https:\/\/smans.com\/nl\/#organization","name":"Smans","url":"https:\/\/smans.com\/nl\/","logo":{"@type":"ImageObject","inLanguage":"fr-FR","@id":"https:\/\/smans.com\/nl\/#\/schema\/logo\/image\/","url":"https:\/\/smans.com\/wp-content\/uploads\/2023\/09\/logo.svg","contentUrl":"https:\/\/smans.com\/wp-content\/uploads\/2023\/09\/logo.svg","caption":"Smans"},"image":{"@id":"https:\/\/smans.com\/nl\/#\/schema\/logo\/image\/"}}]}},"brands":[{"id":18232,"name":"Ersa","slug":"brand-ersa-fr"}],"_links":{"self":[{"href":"https:\/\/smans.com\/fr\/wp-json\/wp\/v2\/product\/28224","targetHints":{"allow":["GET"]}}],"collection":[{"href":"https:\/\/smans.com\/fr\/wp-json\/wp\/v2\/product"}],"about":[{"href":"https:\/\/smans.com\/fr\/wp-json\/wp\/v2\/types\/product"}],"wp:attachment":[{"href":"https:\/\/smans.com\/fr\/wp-json\/wp\/v2\/media?parent=28224"}],"wp:term":[{"taxonomy":"pwb-brand","embeddable":true,"href":"https:\/\/smans.com\/fr\/wp-json\/wp\/v2\/pwb-brand?post=28224"},{"taxonomy":"product_brand","embeddable":true,"href":"https:\/\/smans.com\/fr\/wp-json\/wp\/v2\/product_brand?post=28224"},{"taxonomy":"product_cat","embeddable":true,"href":"https:\/\/smans.com\/fr\/wp-json\/wp\/v2\/product_cat?post=28224"},{"taxonomy":"product_tag","embeddable":true,"href":"https:\/\/smans.com\/fr\/wp-json\/wp\/v2\/product_tag?post=28224"}],"curies":[{"name":"wp","href":"https:\/\/api.w.org\/{rel}","templated":true}]}}