{"id":28227,"date":"2024-10-09T01:25:25","date_gmt":"2024-10-08T23:25:25","guid":{"rendered":"https:\/\/smans.com\/product\/taping-tool-kthb-mini\/"},"modified":"2026-04-10T13:15:33","modified_gmt":"2026-04-10T11:15:33","slug":"taping-tool-kthb-mini","status":"publish","type":"product","link":"https:\/\/smans.com\/fr\/product\/taping-tool-kthb-mini\/","title":{"rendered":"Komax Taping - Taping Tool KTHB Mini"},"content":{"rendered":"<p data-start=\"2542\" data-end=\"2844\">Le <strong data-start=\"2545\" data-end=\"2558\">KTHB Mini<\/strong> est une <strong data-start=\"2567\" data-end=\"2616\">unit\u00e9 de rubanage mobile et facile \u00e0 utiliser<\/strong>, id\u00e9ale pour les <strong data-start=\"2634\" data-end=\"2688\">prototypes et la production de faisceaux de c\u00e2bles<\/strong> sur un <strong data-start=\"2696\" data-end=\"2720\">panneau d&rsquo;assemblage<\/strong>. Avec <strong data-start=\"2727\" data-end=\"2764\">une simple pression sur un bouton<\/strong>, les <strong data-start=\"2770\" data-end=\"2841\">segments plus longs peuvent \u00eatre ruban\u00e9s rapidement et efficacement<\/strong>.<\/p>\n<p data-start=\"2846\" data-end=\"3070\">Gr\u00e2ce \u00e0 sa <strong data-start=\"2857\" data-end=\"2887\">vitesse de rotation \u00e9lev\u00e9e<\/strong> allant jusqu&rsquo;\u00e0 <strong data-start=\"2903\" data-end=\"2927\">280 tours par minute<\/strong>, le <strong data-start=\"2932\" data-end=\"2972\">KTHB Mini est extr\u00eamement \u00e9conomique<\/strong>, permettant un <strong data-start=\"2988\" data-end=\"3024\">gain de temps allant jusqu&rsquo;\u00e0 50%<\/strong> par rapport au rubanage enti\u00e8rement manuel.<\/p>\n<p data-start=\"3072\" data-end=\"3294\"><strong data-start=\"3072\" data-end=\"3133\">Une utilisation simple n\u00e9cessitant une formation minimale<\/strong> :<br data-start=\"3135\" data-end=\"3138\" \/>\u2714 <strong data-start=\"3140\" data-end=\"3175\">Placez la machine autour du fil<\/strong><br data-start=\"3175\" data-end=\"3178\" \/>\u2714 <strong data-start=\"3180\" data-end=\"3235\">Lancez le processus de rubanage avec un seul bouton<\/strong><br data-start=\"3235\" data-end=\"3238\" \/>\u2714 <strong data-start=\"3240\" data-end=\"3292\">Le cutter int\u00e9gr\u00e9 coupe automatiquement le ruban<\/strong><\/p>\n<h4 data-start=\"3296\" data-end=\"3342\"><strong data-start=\"3301\" data-end=\"3340\">Caract\u00e9ristiques et Fonctionnalit\u00e9s<\/strong><\/h4>\n<p data-start=\"3343\" data-end=\"3680\">\u2714 <strong data-start=\"3345\" data-end=\"3411\">Solution rapide et efficace pour le rubanage de longs segments<\/strong><br data-start=\"3411\" data-end=\"3414\" \/>\u2714 <strong data-start=\"3416\" data-end=\"3487\">Id\u00e9al pour la production de faisceaux de c\u00e2bles sur circuit imprim\u00e9<\/strong><br data-start=\"3487\" data-end=\"3490\" \/>\u2714 <strong data-start=\"3492\" data-end=\"3553\">Jusqu&rsquo;\u00e0 280 tours par minute pour une productivit\u00e9 \u00e9lev\u00e9e<\/strong><br data-start=\"3553\" data-end=\"3556\" \/>\u2714 <strong data-start=\"3558\" data-end=\"3634\">Qualit\u00e9 constante du rubanage dans les processus d&rsquo;alimentation manuelle<\/strong><br data-start=\"3634\" data-end=\"3637\" \/>\u2714 <strong data-start=\"3639\" data-end=\"3678\">Compact, l\u00e9ger et facile \u00e0 utiliser<\/strong><\/p>\n<p data-start=\"3682\" data-end=\"3804\" data-is-last-node=\"\">Le <strong data-start=\"3685\" data-end=\"3698\">KTHB Mini<\/strong> est la <strong data-start=\"3706\" data-end=\"3732\">solution mobile id\u00e9ale<\/strong> pour un <strong data-start=\"3741\" data-end=\"3780\">rubanage rapide, efficace et pr\u00e9cis<\/strong> de segments plus longs.<\/p>\n","protected":false},"excerpt":{"rendered":"<p>KTHB Mini : Unit\u00e9 de Rubanage Mobile pour la Production de Faisceaux de C\u00e2bles<\/p>\n","protected":false},"featured_media":0,"template":"","meta":{"_acf_changed":false},"pwb-brand":[18262],"product_brand":[],"product_cat":[17990,18001,18050],"product_tag":[],"class_list":{"0":"post-28227","1":"product","2":"type-product","3":"status-publish","5":"pwb-brand-brand-komax-taping-fr","6":"product_cat-cables-et-cablage-fr","7":"product_cat-processus-secondaires-fr","8":"product_cat-taping-bundling-solutions-fr","10":"first","11":"instock","12":"taxable","13":"shipping-taxable","14":"purchasable","15":"product-type-simple"},"acf":[],"yoast_head":"<!-- This site is optimized with the Yoast SEO plugin v27.1.1 - https:\/\/yoast.com\/product\/yoast-seo-wordpress\/ -->\n<title>Taping Tool KTHB Mini - Smans<\/title>\n<meta name=\"robots\" content=\"index, follow, max-snippet:-1, max-image-preview:large, max-video-preview:-1\" \/>\n<link rel=\"canonical\" href=\"https:\/\/smans.com\/fr\/product\/taping-tool-kthb-mini\/\" \/>\n<meta property=\"og:locale\" content=\"fr_FR\" \/>\n<meta property=\"og:type\" content=\"article\" \/>\n<meta property=\"og:title\" content=\"Taping Tool KTHB Mini - Smans\" \/>\n<meta property=\"og:description\" content=\"KTHB Mini : Unit\u00e9 de Rubanage Mobile pour la Production de Faisceaux de C\u00e2bles\" \/>\n<meta property=\"og:url\" content=\"https:\/\/smans.com\/fr\/product\/taping-tool-kthb-mini\/\" \/>\n<meta property=\"og:site_name\" content=\"Smans\" \/>\n<meta property=\"article:modified_time\" content=\"2026-04-10T11:15:33+00:00\" \/>\n<meta name=\"twitter:card\" content=\"summary_large_image\" \/>\n<meta name=\"twitter:label1\" content=\"Dur\u00e9e de lecture estim\u00e9e\" \/>\n\t<meta name=\"twitter:data1\" content=\"1 minute\" \/>\n<script type=\"application\/ld+json\" class=\"yoast-schema-graph\">{\"@context\":\"https:\/\/schema.org\",\"@graph\":[{\"@type\":\"WebPage\",\"@id\":\"https:\/\/smans.com\/fr\/product\/taping-tool-kthb-mini\/\",\"url\":\"https:\/\/smans.com\/fr\/product\/taping-tool-kthb-mini\/\",\"name\":\"Taping Tool KTHB Mini - Smans\",\"isPartOf\":{\"@id\":\"https:\/\/smans.com\/nl\/#website\"},\"datePublished\":\"2024-10-08T23:25:25+00:00\",\"dateModified\":\"2026-04-10T11:15:33+00:00\",\"breadcrumb\":{\"@id\":\"https:\/\/smans.com\/fr\/product\/taping-tool-kthb-mini\/#breadcrumb\"},\"inLanguage\":\"fr-FR\",\"potentialAction\":[{\"@type\":\"ReadAction\",\"target\":[\"https:\/\/smans.com\/fr\/product\/taping-tool-kthb-mini\/\"]}]},{\"@type\":\"BreadcrumbList\",\"@id\":\"https:\/\/smans.com\/fr\/product\/taping-tool-kthb-mini\/#breadcrumb\",\"itemListElement\":[{\"@type\":\"ListItem\",\"position\":1,\"name\":\"Home\",\"item\":\"https:\/\/smans.com\/fr\/\"},{\"@type\":\"ListItem\",\"position\":2,\"name\":\"Boutique\",\"item\":\"https:\/\/smans.com\/nl\/shop\/\"},{\"@type\":\"ListItem\",\"position\":3,\"name\":\"Komax Taping - Taping Tool KTHB Mini\"}]},{\"@type\":\"WebSite\",\"@id\":\"https:\/\/smans.com\/nl\/#website\",\"url\":\"https:\/\/smans.com\/nl\/\",\"name\":\"Smans\",\"description\":\"\",\"publisher\":{\"@id\":\"https:\/\/smans.com\/nl\/#organization\"},\"potentialAction\":[{\"@type\":\"SearchAction\",\"target\":{\"@type\":\"EntryPoint\",\"urlTemplate\":\"https:\/\/smans.com\/nl\/?s={search_term_string}\"},\"query-input\":{\"@type\":\"PropertyValueSpecification\",\"valueRequired\":true,\"valueName\":\"search_term_string\"}}],\"inLanguage\":\"fr-FR\"},{\"@type\":\"Organization\",\"@id\":\"https:\/\/smans.com\/nl\/#organization\",\"name\":\"Smans\",\"url\":\"https:\/\/smans.com\/nl\/\",\"logo\":{\"@type\":\"ImageObject\",\"inLanguage\":\"fr-FR\",\"@id\":\"https:\/\/smans.com\/nl\/#\/schema\/logo\/image\/\",\"url\":\"https:\/\/smans.com\/wp-content\/uploads\/2023\/09\/logo.svg\",\"contentUrl\":\"https:\/\/smans.com\/wp-content\/uploads\/2023\/09\/logo.svg\",\"caption\":\"Smans\"},\"image\":{\"@id\":\"https:\/\/smans.com\/nl\/#\/schema\/logo\/image\/\"}}]}<\/script>\n<!-- \/ Yoast SEO plugin. -->","yoast_head_json":{"title":"Taping Tool KTHB Mini - Smans","robots":{"index":"index","follow":"follow","max-snippet":"max-snippet:-1","max-image-preview":"max-image-preview:large","max-video-preview":"max-video-preview:-1"},"canonical":"https:\/\/smans.com\/fr\/product\/taping-tool-kthb-mini\/","og_locale":"fr_FR","og_type":"article","og_title":"Taping Tool KTHB Mini - Smans","og_description":"KTHB Mini : Unit\u00e9 de Rubanage Mobile pour la Production de Faisceaux de C\u00e2bles","og_url":"https:\/\/smans.com\/fr\/product\/taping-tool-kthb-mini\/","og_site_name":"Smans","article_modified_time":"2026-04-10T11:15:33+00:00","twitter_card":"summary_large_image","twitter_misc":{"Dur\u00e9e de lecture estim\u00e9e":"1 minute"},"schema":{"@context":"https:\/\/schema.org","@graph":[{"@type":"WebPage","@id":"https:\/\/smans.com\/fr\/product\/taping-tool-kthb-mini\/","url":"https:\/\/smans.com\/fr\/product\/taping-tool-kthb-mini\/","name":"Taping Tool KTHB Mini - Smans","isPartOf":{"@id":"https:\/\/smans.com\/nl\/#website"},"datePublished":"2024-10-08T23:25:25+00:00","dateModified":"2026-04-10T11:15:33+00:00","breadcrumb":{"@id":"https:\/\/smans.com\/fr\/product\/taping-tool-kthb-mini\/#breadcrumb"},"inLanguage":"fr-FR","potentialAction":[{"@type":"ReadAction","target":["https:\/\/smans.com\/fr\/product\/taping-tool-kthb-mini\/"]}]},{"@type":"BreadcrumbList","@id":"https:\/\/smans.com\/fr\/product\/taping-tool-kthb-mini\/#breadcrumb","itemListElement":[{"@type":"ListItem","position":1,"name":"Home","item":"https:\/\/smans.com\/fr\/"},{"@type":"ListItem","position":2,"name":"Boutique","item":"https:\/\/smans.com\/nl\/shop\/"},{"@type":"ListItem","position":3,"name":"Komax Taping - Taping Tool KTHB Mini"}]},{"@type":"WebSite","@id":"https:\/\/smans.com\/nl\/#website","url":"https:\/\/smans.com\/nl\/","name":"Smans","description":"","publisher":{"@id":"https:\/\/smans.com\/nl\/#organization"},"potentialAction":[{"@type":"SearchAction","target":{"@type":"EntryPoint","urlTemplate":"https:\/\/smans.com\/nl\/?s={search_term_string}"},"query-input":{"@type":"PropertyValueSpecification","valueRequired":true,"valueName":"search_term_string"}}],"inLanguage":"fr-FR"},{"@type":"Organization","@id":"https:\/\/smans.com\/nl\/#organization","name":"Smans","url":"https:\/\/smans.com\/nl\/","logo":{"@type":"ImageObject","inLanguage":"fr-FR","@id":"https:\/\/smans.com\/nl\/#\/schema\/logo\/image\/","url":"https:\/\/smans.com\/wp-content\/uploads\/2023\/09\/logo.svg","contentUrl":"https:\/\/smans.com\/wp-content\/uploads\/2023\/09\/logo.svg","caption":"Smans"},"image":{"@id":"https:\/\/smans.com\/nl\/#\/schema\/logo\/image\/"}}]}},"brands":[{"id":18262,"name":"Komax Taping","slug":"brand-komax-taping-fr"}],"_links":{"self":[{"href":"https:\/\/smans.com\/fr\/wp-json\/wp\/v2\/product\/28227","targetHints":{"allow":["GET"]}}],"collection":[{"href":"https:\/\/smans.com\/fr\/wp-json\/wp\/v2\/product"}],"about":[{"href":"https:\/\/smans.com\/fr\/wp-json\/wp\/v2\/types\/product"}],"wp:attachment":[{"href":"https:\/\/smans.com\/fr\/wp-json\/wp\/v2\/media?parent=28227"}],"wp:term":[{"taxonomy":"pwb-brand","embeddable":true,"href":"https:\/\/smans.com\/fr\/wp-json\/wp\/v2\/pwb-brand?post=28227"},{"taxonomy":"product_brand","embeddable":true,"href":"https:\/\/smans.com\/fr\/wp-json\/wp\/v2\/product_brand?post=28227"},{"taxonomy":"product_cat","embeddable":true,"href":"https:\/\/smans.com\/fr\/wp-json\/wp\/v2\/product_cat?post=28227"},{"taxonomy":"product_tag","embeddable":true,"href":"https:\/\/smans.com\/fr\/wp-json\/wp\/v2\/product_tag?post=28227"}],"curies":[{"name":"wp","href":"https:\/\/api.w.org\/{rel}","templated":true}]}}