{"id":28228,"date":"2024-10-09T01:25:27","date_gmt":"2024-10-08T23:25:27","guid":{"rendered":"https:\/\/smans.com\/product\/mecal-pull-test-gauge\/"},"modified":"2026-04-10T13:16:22","modified_gmt":"2026-04-10T11:16:22","slug":"mecal-pull-test-gauge","status":"publish","type":"product","link":"https:\/\/smans.com\/fr\/product\/mecal-pull-test-gauge\/","title":{"rendered":"Mecal - SMST Pull Test Gauge"},"content":{"rendered":"<p data-start=\"98\" data-end=\"537\">Elle est utilis\u00e9e pour mesurer la force &#8211; exprim\u00e9e en Newton &#8211; n\u00e9cessaire pour arracher une borne d&rsquo;un fil serti. La vitesse de traction peut \u00eatre r\u00e9gl\u00e9e entre 15 et 120 mm\/min. L&rsquo;instrument est \u00e9quip\u00e9 d&rsquo;un port de communication s\u00e9rie. Chaque SMST est r\u00e9gl\u00e9 dans notre laboratoire et sa calibration est effectu\u00e9e avec l&rsquo;\u00e9quipement sp\u00e9cifique Mecal MST 0158, \u00e9quip\u00e9 de l&rsquo;analyseur de force 546 QDT. Disponible \u00e9galement en version \u00e9pissure.<\/p>\n","protected":false},"excerpt":{"rendered":"<p>Jauge de test de traction \u00e0 vitesse variable pour essai de traction jusqu&rsquo;\u00e0 2 000 N<\/p>\n","protected":false},"featured_media":0,"template":"","meta":{"_acf_changed":false},"pwb-brand":[18272],"product_brand":[],"product_cat":[17990,17997,18027],"product_tag":[],"class_list":{"0":"post-28228","1":"product","2":"type-product","3":"status-publish","5":"pwb-brand-brand-mecal-fr","6":"product_cat-cables-et-cablage-fr","7":"product_cat-control-de-la-qualite-fr","8":"product_cat-pull-force-meters-fr","10":"first","11":"instock","12":"taxable","13":"shipping-taxable","14":"purchasable","15":"product-type-simple"},"acf":[],"yoast_head":"<!-- This site is optimized with the Yoast SEO plugin v27.1.1 - https:\/\/yoast.com\/product\/yoast-seo-wordpress\/ -->\n<title>SMST Pull Test Gauge - Smans<\/title>\n<meta name=\"robots\" content=\"index, follow, max-snippet:-1, max-image-preview:large, max-video-preview:-1\" \/>\n<link rel=\"canonical\" href=\"https:\/\/smans.com\/fr\/product\/mecal-pull-test-gauge\/\" \/>\n<meta property=\"og:locale\" content=\"fr_FR\" \/>\n<meta property=\"og:type\" content=\"article\" \/>\n<meta property=\"og:title\" content=\"SMST Pull Test Gauge - Smans\" \/>\n<meta property=\"og:description\" content=\"Jauge de test de traction \u00e0 vitesse variable pour essai de traction jusqu&#039;\u00e0 2 000 N\" \/>\n<meta property=\"og:url\" content=\"https:\/\/smans.com\/fr\/product\/mecal-pull-test-gauge\/\" \/>\n<meta property=\"og:site_name\" content=\"Smans\" \/>\n<meta property=\"article:modified_time\" content=\"2026-04-10T11:16:22+00:00\" \/>\n<meta name=\"twitter:card\" content=\"summary_large_image\" \/>\n<script type=\"application\/ld+json\" class=\"yoast-schema-graph\">{\"@context\":\"https:\/\/schema.org\",\"@graph\":[{\"@type\":\"WebPage\",\"@id\":\"https:\/\/smans.com\/fr\/product\/mecal-pull-test-gauge\/\",\"url\":\"https:\/\/smans.com\/fr\/product\/mecal-pull-test-gauge\/\",\"name\":\"SMST Pull Test Gauge - Smans\",\"isPartOf\":{\"@id\":\"https:\/\/smans.com\/nl\/#website\"},\"datePublished\":\"2024-10-08T23:25:27+00:00\",\"dateModified\":\"2026-04-10T11:16:22+00:00\",\"breadcrumb\":{\"@id\":\"https:\/\/smans.com\/fr\/product\/mecal-pull-test-gauge\/#breadcrumb\"},\"inLanguage\":\"fr-FR\",\"potentialAction\":[{\"@type\":\"ReadAction\",\"target\":[\"https:\/\/smans.com\/fr\/product\/mecal-pull-test-gauge\/\"]}]},{\"@type\":\"BreadcrumbList\",\"@id\":\"https:\/\/smans.com\/fr\/product\/mecal-pull-test-gauge\/#breadcrumb\",\"itemListElement\":[{\"@type\":\"ListItem\",\"position\":1,\"name\":\"Home\",\"item\":\"https:\/\/smans.com\/fr\/\"},{\"@type\":\"ListItem\",\"position\":2,\"name\":\"Boutique\",\"item\":\"https:\/\/smans.com\/nl\/shop\/\"},{\"@type\":\"ListItem\",\"position\":3,\"name\":\"Mecal - SMST Pull Test Gauge\"}]},{\"@type\":\"WebSite\",\"@id\":\"https:\/\/smans.com\/nl\/#website\",\"url\":\"https:\/\/smans.com\/nl\/\",\"name\":\"Smans\",\"description\":\"\",\"publisher\":{\"@id\":\"https:\/\/smans.com\/nl\/#organization\"},\"potentialAction\":[{\"@type\":\"SearchAction\",\"target\":{\"@type\":\"EntryPoint\",\"urlTemplate\":\"https:\/\/smans.com\/nl\/?s={search_term_string}\"},\"query-input\":{\"@type\":\"PropertyValueSpecification\",\"valueRequired\":true,\"valueName\":\"search_term_string\"}}],\"inLanguage\":\"fr-FR\"},{\"@type\":\"Organization\",\"@id\":\"https:\/\/smans.com\/nl\/#organization\",\"name\":\"Smans\",\"url\":\"https:\/\/smans.com\/nl\/\",\"logo\":{\"@type\":\"ImageObject\",\"inLanguage\":\"fr-FR\",\"@id\":\"https:\/\/smans.com\/nl\/#\/schema\/logo\/image\/\",\"url\":\"https:\/\/smans.com\/wp-content\/uploads\/2023\/09\/logo.svg\",\"contentUrl\":\"https:\/\/smans.com\/wp-content\/uploads\/2023\/09\/logo.svg\",\"caption\":\"Smans\"},\"image\":{\"@id\":\"https:\/\/smans.com\/nl\/#\/schema\/logo\/image\/\"}}]}<\/script>\n<!-- \/ Yoast SEO plugin. -->","yoast_head_json":{"title":"SMST Pull Test Gauge - Smans","robots":{"index":"index","follow":"follow","max-snippet":"max-snippet:-1","max-image-preview":"max-image-preview:large","max-video-preview":"max-video-preview:-1"},"canonical":"https:\/\/smans.com\/fr\/product\/mecal-pull-test-gauge\/","og_locale":"fr_FR","og_type":"article","og_title":"SMST Pull Test Gauge - Smans","og_description":"Jauge de test de traction \u00e0 vitesse variable pour essai de traction jusqu'\u00e0 2 000 N","og_url":"https:\/\/smans.com\/fr\/product\/mecal-pull-test-gauge\/","og_site_name":"Smans","article_modified_time":"2026-04-10T11:16:22+00:00","twitter_card":"summary_large_image","schema":{"@context":"https:\/\/schema.org","@graph":[{"@type":"WebPage","@id":"https:\/\/smans.com\/fr\/product\/mecal-pull-test-gauge\/","url":"https:\/\/smans.com\/fr\/product\/mecal-pull-test-gauge\/","name":"SMST Pull Test Gauge - Smans","isPartOf":{"@id":"https:\/\/smans.com\/nl\/#website"},"datePublished":"2024-10-08T23:25:27+00:00","dateModified":"2026-04-10T11:16:22+00:00","breadcrumb":{"@id":"https:\/\/smans.com\/fr\/product\/mecal-pull-test-gauge\/#breadcrumb"},"inLanguage":"fr-FR","potentialAction":[{"@type":"ReadAction","target":["https:\/\/smans.com\/fr\/product\/mecal-pull-test-gauge\/"]}]},{"@type":"BreadcrumbList","@id":"https:\/\/smans.com\/fr\/product\/mecal-pull-test-gauge\/#breadcrumb","itemListElement":[{"@type":"ListItem","position":1,"name":"Home","item":"https:\/\/smans.com\/fr\/"},{"@type":"ListItem","position":2,"name":"Boutique","item":"https:\/\/smans.com\/nl\/shop\/"},{"@type":"ListItem","position":3,"name":"Mecal - SMST Pull Test Gauge"}]},{"@type":"WebSite","@id":"https:\/\/smans.com\/nl\/#website","url":"https:\/\/smans.com\/nl\/","name":"Smans","description":"","publisher":{"@id":"https:\/\/smans.com\/nl\/#organization"},"potentialAction":[{"@type":"SearchAction","target":{"@type":"EntryPoint","urlTemplate":"https:\/\/smans.com\/nl\/?s={search_term_string}"},"query-input":{"@type":"PropertyValueSpecification","valueRequired":true,"valueName":"search_term_string"}}],"inLanguage":"fr-FR"},{"@type":"Organization","@id":"https:\/\/smans.com\/nl\/#organization","name":"Smans","url":"https:\/\/smans.com\/nl\/","logo":{"@type":"ImageObject","inLanguage":"fr-FR","@id":"https:\/\/smans.com\/nl\/#\/schema\/logo\/image\/","url":"https:\/\/smans.com\/wp-content\/uploads\/2023\/09\/logo.svg","contentUrl":"https:\/\/smans.com\/wp-content\/uploads\/2023\/09\/logo.svg","caption":"Smans"},"image":{"@id":"https:\/\/smans.com\/nl\/#\/schema\/logo\/image\/"}}]}},"brands":[{"id":18272,"name":"Mecal","slug":"brand-mecal-fr"}],"_links":{"self":[{"href":"https:\/\/smans.com\/fr\/wp-json\/wp\/v2\/product\/28228","targetHints":{"allow":["GET"]}}],"collection":[{"href":"https:\/\/smans.com\/fr\/wp-json\/wp\/v2\/product"}],"about":[{"href":"https:\/\/smans.com\/fr\/wp-json\/wp\/v2\/types\/product"}],"wp:attachment":[{"href":"https:\/\/smans.com\/fr\/wp-json\/wp\/v2\/media?parent=28228"}],"wp:term":[{"taxonomy":"pwb-brand","embeddable":true,"href":"https:\/\/smans.com\/fr\/wp-json\/wp\/v2\/pwb-brand?post=28228"},{"taxonomy":"product_brand","embeddable":true,"href":"https:\/\/smans.com\/fr\/wp-json\/wp\/v2\/product_brand?post=28228"},{"taxonomy":"product_cat","embeddable":true,"href":"https:\/\/smans.com\/fr\/wp-json\/wp\/v2\/product_cat?post=28228"},{"taxonomy":"product_tag","embeddable":true,"href":"https:\/\/smans.com\/fr\/wp-json\/wp\/v2\/product_tag?post=28228"}],"curies":[{"name":"wp","href":"https:\/\/api.w.org\/{rel}","templated":true}]}}