{"id":31455,"date":"2024-11-15T02:31:47","date_gmt":"2024-11-15T01:31:47","guid":{"rendered":"https:\/\/smans.com\/product\/ism-ultraflex-3600-7-automated-storage-sr\/"},"modified":"2026-01-30T07:31:15","modified_gmt":"2026-01-30T06:31:15","slug":"ism-ultraflex-3600-7-automated-storage-sr","status":"publish","type":"product","link":"https:\/\/smans.com\/fr\/product\/ism-ultraflex-3600-7-automated-storage-sr\/","title":{"rendered":"Essegi - ISM UltraFlex 3600 7\u00a0\u00bb Automated Storage"},"content":{"rendered":"<p>Syst\u00e8mes de tours ind\u00e9pendants ou int\u00e9gr\u00e9s, d&rsquo;une capacit\u00e9 maximale de 3 600 bobines par module.<\/p>\n<p>Les entrep\u00f4ts automatiques de la s\u00e9rie Ultraflex constituent la solution id\u00e9ale pour le stockage et la gestion des composants \u00e9lectroniques.<\/p>\n<p>Ils automatisent la r\u00e9ception, l&rsquo;archivage, la tra\u00e7abilit\u00e9, le pr\u00e9l\u00e8vement dans l&rsquo;entrep\u00f4t et la livraison aux lignes de production des composants n\u00e9cessaires \u00e0 la production \u00e9lectronique, avec un impact d\u00e9cisif sur la productivit\u00e9 globale des entreprises.<\/p>\n<p><strong>Ce mod\u00e8le est \u00e9quip\u00e9 de<\/strong><\/p>\n<ul>\n<li>Reconnaissance et gestion automatiques de tous les formats de caisses<\/li>\n<li>Chargement et d\u00e9chargement automatiques avec ISM 3600 F.A.<\/li>\n<li>Radar d&rsquo;alignement automatique<\/li>\n<\/ul>\n<p><strong>Caract\u00e9ristiques<\/strong><\/p>\n<ul>\n<li>Gain de temps<\/li>\n<li>Ultra-flexibilit\u00e9 garantie<\/li>\n<li>Capacit\u00e9 extraordinaire<\/li>\n<li>Gestion de multiples m\u00e9langes de composants<\/li>\n<li>Int\u00e9gration totale<\/li>\n<li>Gain de place<\/li>\n<li>Contr\u00f4le de l&rsquo;humidit\u00e9<\/li>\n<li>Tra\u00e7abilit\u00e9<\/li>\n<li>Finition antistatique<\/li>\n<\/ul>\n","protected":false},"excerpt":{"rendered":"<p>Syst\u00e8mes de tours ind\u00e9pendants ou int\u00e9gr\u00e9s, d&rsquo;une capacit\u00e9 maximale de 3 600 bobines par module.<\/p>\n","protected":false},"featured_media":0,"template":"","meta":{"_acf_changed":false},"pwb-brand":[18236],"product_brand":[],"product_cat":[17992],"product_tag":[],"class_list":{"0":"post-31455","1":"product","2":"type-product","3":"status-publish","5":"pwb-brand-brand-essegi-fr","6":"product_cat-stocksale-2025-fr","8":"first","9":"instock","10":"taxable","11":"shipping-taxable","12":"product-type-simple"},"acf":[],"yoast_head":"<!-- This site is optimized with the Yoast SEO plugin v27.1.1 - https:\/\/yoast.com\/product\/yoast-seo-wordpress\/ -->\n<title>ISM UltraFlex 3600 7&#039;&#039; Automated Storage - Smans<\/title>\n<meta name=\"robots\" content=\"index, follow, max-snippet:-1, max-image-preview:large, max-video-preview:-1\" \/>\n<link rel=\"canonical\" href=\"https:\/\/smans.com\/fr\/product\/ism-ultraflex-3600-7-automated-storage-sr\/\" \/>\n<meta property=\"og:locale\" content=\"fr_FR\" \/>\n<meta property=\"og:type\" content=\"article\" \/>\n<meta property=\"og:title\" content=\"ISM UltraFlex 3600 7&#039;&#039; Automated Storage - Smans\" \/>\n<meta property=\"og:description\" content=\"Syst\u00e8mes de tours ind\u00e9pendants ou int\u00e9gr\u00e9s, d&#039;une capacit\u00e9 maximale de 3 600 bobines par module.\" \/>\n<meta property=\"og:url\" content=\"https:\/\/smans.com\/fr\/product\/ism-ultraflex-3600-7-automated-storage-sr\/\" \/>\n<meta property=\"og:site_name\" content=\"Smans\" \/>\n<meta property=\"article:modified_time\" content=\"2026-01-30T06:31:15+00:00\" \/>\n<meta name=\"twitter:card\" content=\"summary_large_image\" \/>\n<meta name=\"twitter:label1\" content=\"Dur\u00e9e de lecture estim\u00e9e\" \/>\n\t<meta name=\"twitter:data1\" content=\"1 minute\" \/>\n<script type=\"application\/ld+json\" class=\"yoast-schema-graph\">{\"@context\":\"https:\/\/schema.org\",\"@graph\":[{\"@type\":\"WebPage\",\"@id\":\"https:\/\/smans.com\/fr\/product\/ism-ultraflex-3600-7-automated-storage-sr\/\",\"url\":\"https:\/\/smans.com\/fr\/product\/ism-ultraflex-3600-7-automated-storage-sr\/\",\"name\":\"ISM UltraFlex 3600 7'' Automated Storage - Smans\",\"isPartOf\":{\"@id\":\"https:\/\/smans.com\/nl\/#website\"},\"datePublished\":\"2024-11-15T01:31:47+00:00\",\"dateModified\":\"2026-01-30T06:31:15+00:00\",\"breadcrumb\":{\"@id\":\"https:\/\/smans.com\/fr\/product\/ism-ultraflex-3600-7-automated-storage-sr\/#breadcrumb\"},\"inLanguage\":\"fr-FR\",\"potentialAction\":[{\"@type\":\"ReadAction\",\"target\":[\"https:\/\/smans.com\/fr\/product\/ism-ultraflex-3600-7-automated-storage-sr\/\"]}]},{\"@type\":\"BreadcrumbList\",\"@id\":\"https:\/\/smans.com\/fr\/product\/ism-ultraflex-3600-7-automated-storage-sr\/#breadcrumb\",\"itemListElement\":[{\"@type\":\"ListItem\",\"position\":1,\"name\":\"Home\",\"item\":\"https:\/\/smans.com\/fr\/\"},{\"@type\":\"ListItem\",\"position\":2,\"name\":\"Boutique\",\"item\":\"https:\/\/smans.com\/nl\/shop\/\"},{\"@type\":\"ListItem\",\"position\":3,\"name\":\"Essegi - ISM UltraFlex 3600 7&#8221; Automated Storage\"}]},{\"@type\":\"WebSite\",\"@id\":\"https:\/\/smans.com\/nl\/#website\",\"url\":\"https:\/\/smans.com\/nl\/\",\"name\":\"Smans\",\"description\":\"\",\"publisher\":{\"@id\":\"https:\/\/smans.com\/nl\/#organization\"},\"potentialAction\":[{\"@type\":\"SearchAction\",\"target\":{\"@type\":\"EntryPoint\",\"urlTemplate\":\"https:\/\/smans.com\/nl\/?s={search_term_string}\"},\"query-input\":{\"@type\":\"PropertyValueSpecification\",\"valueRequired\":true,\"valueName\":\"search_term_string\"}}],\"inLanguage\":\"fr-FR\"},{\"@type\":\"Organization\",\"@id\":\"https:\/\/smans.com\/nl\/#organization\",\"name\":\"Smans\",\"url\":\"https:\/\/smans.com\/nl\/\",\"logo\":{\"@type\":\"ImageObject\",\"inLanguage\":\"fr-FR\",\"@id\":\"https:\/\/smans.com\/nl\/#\/schema\/logo\/image\/\",\"url\":\"https:\/\/smans.com\/wp-content\/uploads\/2023\/09\/logo.svg\",\"contentUrl\":\"https:\/\/smans.com\/wp-content\/uploads\/2023\/09\/logo.svg\",\"caption\":\"Smans\"},\"image\":{\"@id\":\"https:\/\/smans.com\/nl\/#\/schema\/logo\/image\/\"}}]}<\/script>\n<!-- \/ Yoast SEO plugin. -->","yoast_head_json":{"title":"ISM UltraFlex 3600 7'' Automated Storage - Smans","robots":{"index":"index","follow":"follow","max-snippet":"max-snippet:-1","max-image-preview":"max-image-preview:large","max-video-preview":"max-video-preview:-1"},"canonical":"https:\/\/smans.com\/fr\/product\/ism-ultraflex-3600-7-automated-storage-sr\/","og_locale":"fr_FR","og_type":"article","og_title":"ISM UltraFlex 3600 7'' Automated Storage - Smans","og_description":"Syst\u00e8mes de tours ind\u00e9pendants ou int\u00e9gr\u00e9s, d'une capacit\u00e9 maximale de 3 600 bobines par module.","og_url":"https:\/\/smans.com\/fr\/product\/ism-ultraflex-3600-7-automated-storage-sr\/","og_site_name":"Smans","article_modified_time":"2026-01-30T06:31:15+00:00","twitter_card":"summary_large_image","twitter_misc":{"Dur\u00e9e de lecture estim\u00e9e":"1 minute"},"schema":{"@context":"https:\/\/schema.org","@graph":[{"@type":"WebPage","@id":"https:\/\/smans.com\/fr\/product\/ism-ultraflex-3600-7-automated-storage-sr\/","url":"https:\/\/smans.com\/fr\/product\/ism-ultraflex-3600-7-automated-storage-sr\/","name":"ISM UltraFlex 3600 7'' Automated Storage - Smans","isPartOf":{"@id":"https:\/\/smans.com\/nl\/#website"},"datePublished":"2024-11-15T01:31:47+00:00","dateModified":"2026-01-30T06:31:15+00:00","breadcrumb":{"@id":"https:\/\/smans.com\/fr\/product\/ism-ultraflex-3600-7-automated-storage-sr\/#breadcrumb"},"inLanguage":"fr-FR","potentialAction":[{"@type":"ReadAction","target":["https:\/\/smans.com\/fr\/product\/ism-ultraflex-3600-7-automated-storage-sr\/"]}]},{"@type":"BreadcrumbList","@id":"https:\/\/smans.com\/fr\/product\/ism-ultraflex-3600-7-automated-storage-sr\/#breadcrumb","itemListElement":[{"@type":"ListItem","position":1,"name":"Home","item":"https:\/\/smans.com\/fr\/"},{"@type":"ListItem","position":2,"name":"Boutique","item":"https:\/\/smans.com\/nl\/shop\/"},{"@type":"ListItem","position":3,"name":"Essegi - ISM UltraFlex 3600 7&#8221; Automated Storage"}]},{"@type":"WebSite","@id":"https:\/\/smans.com\/nl\/#website","url":"https:\/\/smans.com\/nl\/","name":"Smans","description":"","publisher":{"@id":"https:\/\/smans.com\/nl\/#organization"},"potentialAction":[{"@type":"SearchAction","target":{"@type":"EntryPoint","urlTemplate":"https:\/\/smans.com\/nl\/?s={search_term_string}"},"query-input":{"@type":"PropertyValueSpecification","valueRequired":true,"valueName":"search_term_string"}}],"inLanguage":"fr-FR"},{"@type":"Organization","@id":"https:\/\/smans.com\/nl\/#organization","name":"Smans","url":"https:\/\/smans.com\/nl\/","logo":{"@type":"ImageObject","inLanguage":"fr-FR","@id":"https:\/\/smans.com\/nl\/#\/schema\/logo\/image\/","url":"https:\/\/smans.com\/wp-content\/uploads\/2023\/09\/logo.svg","contentUrl":"https:\/\/smans.com\/wp-content\/uploads\/2023\/09\/logo.svg","caption":"Smans"},"image":{"@id":"https:\/\/smans.com\/nl\/#\/schema\/logo\/image\/"}}]}},"brands":[{"id":18236,"name":"Essegi","slug":"brand-essegi-fr"}],"_links":{"self":[{"href":"https:\/\/smans.com\/fr\/wp-json\/wp\/v2\/product\/31455","targetHints":{"allow":["GET"]}}],"collection":[{"href":"https:\/\/smans.com\/fr\/wp-json\/wp\/v2\/product"}],"about":[{"href":"https:\/\/smans.com\/fr\/wp-json\/wp\/v2\/types\/product"}],"wp:attachment":[{"href":"https:\/\/smans.com\/fr\/wp-json\/wp\/v2\/media?parent=31455"}],"wp:term":[{"taxonomy":"pwb-brand","embeddable":true,"href":"https:\/\/smans.com\/fr\/wp-json\/wp\/v2\/pwb-brand?post=31455"},{"taxonomy":"product_brand","embeddable":true,"href":"https:\/\/smans.com\/fr\/wp-json\/wp\/v2\/product_brand?post=31455"},{"taxonomy":"product_cat","embeddable":true,"href":"https:\/\/smans.com\/fr\/wp-json\/wp\/v2\/product_cat?post=31455"},{"taxonomy":"product_tag","embeddable":true,"href":"https:\/\/smans.com\/fr\/wp-json\/wp\/v2\/product_tag?post=31455"}],"curies":[{"name":"wp","href":"https:\/\/api.w.org\/{rel}","templated":true}]}}