{"id":31466,"date":"2024-11-16T02:08:53","date_gmt":"2024-11-16T01:08:53","guid":{"rendered":"https:\/\/smans.com\/product\/coaxstrip-5200\/"},"modified":"2026-04-08T12:58:16","modified_gmt":"2026-04-08T10:58:16","slug":"coaxstrip-5200","status":"publish","type":"product","link":"https:\/\/smans.com\/fr\/product\/coaxstrip-5200\/","title":{"rendered":"Schleuniger - CoaxStrip 5200"},"content":{"rendered":"<p>La Schleuniger CoaxStrip 5200 est une <strong>machine \u00e0 d\u00e9nuder les fils et c\u00e2bles enti\u00e8rement programmable<\/strong> qui se distingue par sa pr\u00e9cision et sa facilit\u00e9 d&rsquo;utilisation. Cette machine compacte traite <strong>les c\u00e2bles coaxiaux, multiconducteurs et monoconducteurs<\/strong> d&rsquo;un diam\u00e8tre ext\u00e9rieur maximal de 7 mm en trois \u00e9tapes de d\u00e9nudage maximum. Gr\u00e2ce \u00e0 son syst\u00e8me de d\u00e9nudage rotatif de haute qualit\u00e9 et \u00e0 son commande intelligente via un \u00e9cran tactile couleur, vous obtenez toujours des r\u00e9sultats parfaits sans avoir \u00e0 effectuer de r\u00e9glages manuels lors des changements de c\u00e2bles.<\/p>\n<p>La CoaxStrip 5200 offre une combinaison exceptionnelle de rapidit\u00e9, de flexibilit\u00e9 et de pr\u00e9cision. Avec une force de serrage programmable, jusqu&rsquo;\u00e0 1 000 programmes enregistrables et des interfaces telles que USB et commande par p\u00e9dale, cette machine s&rsquo;int\u00e8gre parfaitement dans les environnements de production modernes. Son fonctionnement silencieux (&lt;70 dB), l&rsquo;\u00e9clairage LED de la zone de travail et la fonctionnalit\u00e9 de lecteur de codes-barres rendent son utilisation extr\u00eamement conviviale.<\/p>\n","protected":false},"excerpt":{"rendered":"<p>Machine \u00e0 d\u00e9nuder les c\u00e2bles coaxiaux enti\u00e8rement programmable pour les c\u00e2bles coaxiaux, multiconducteurs et monoconducteurs jusqu&rsquo;\u00e0 7 mm de diam\u00e8tre.<\/p>\n","protected":false},"featured_media":0,"template":"","meta":{"_acf_changed":false},"pwb-brand":[18298],"product_brand":[],"product_cat":[17990,17993,18042],"product_tag":[],"class_list":{"0":"post-31466","1":"product","2":"type-product","3":"status-publish","5":"pwb-brand-brand-schleuniger-fr","6":"product_cat-cables-et-cablage-fr","7":"product_cat-couper-denuder-sertissage-fr","8":"product_cat-denudeuses-de-fils-fr","10":"first","11":"instock","12":"taxable","13":"shipping-taxable","14":"product-type-simple"},"acf":[],"yoast_head":"<!-- This site is optimized with the Yoast SEO plugin v27.1.1 - https:\/\/yoast.com\/product\/yoast-seo-wordpress\/ -->\n<title>CoaxStrip 5200 - Smans<\/title>\n<meta name=\"robots\" content=\"index, follow, max-snippet:-1, max-image-preview:large, max-video-preview:-1\" \/>\n<link rel=\"canonical\" href=\"https:\/\/smans.com\/fr\/product\/coaxstrip-5200\/\" \/>\n<meta property=\"og:locale\" content=\"fr_FR\" \/>\n<meta property=\"og:type\" content=\"article\" \/>\n<meta property=\"og:title\" content=\"CoaxStrip 5200 - Smans\" \/>\n<meta property=\"og:description\" content=\"Machine \u00e0 d\u00e9nuder les c\u00e2bles coaxiaux enti\u00e8rement programmable pour les c\u00e2bles coaxiaux, multiconducteurs et monoconducteurs jusqu&#039;\u00e0 7 mm de diam\u00e8tre.\" \/>\n<meta property=\"og:url\" content=\"https:\/\/smans.com\/fr\/product\/coaxstrip-5200\/\" \/>\n<meta property=\"og:site_name\" content=\"Smans\" \/>\n<meta property=\"article:modified_time\" content=\"2026-04-08T10:58:16+00:00\" \/>\n<meta name=\"twitter:card\" content=\"summary_large_image\" \/>\n<meta name=\"twitter:label1\" content=\"Dur\u00e9e de lecture estim\u00e9e\" \/>\n\t<meta name=\"twitter:data1\" content=\"1 minute\" \/>\n<script type=\"application\/ld+json\" class=\"yoast-schema-graph\">{\"@context\":\"https:\/\/schema.org\",\"@graph\":[{\"@type\":\"WebPage\",\"@id\":\"https:\/\/smans.com\/fr\/product\/coaxstrip-5200\/\",\"url\":\"https:\/\/smans.com\/fr\/product\/coaxstrip-5200\/\",\"name\":\"CoaxStrip 5200 - Smans\",\"isPartOf\":{\"@id\":\"https:\/\/smans.com\/nl\/#website\"},\"datePublished\":\"2024-11-16T01:08:53+00:00\",\"dateModified\":\"2026-04-08T10:58:16+00:00\",\"breadcrumb\":{\"@id\":\"https:\/\/smans.com\/fr\/product\/coaxstrip-5200\/#breadcrumb\"},\"inLanguage\":\"fr-FR\",\"potentialAction\":[{\"@type\":\"ReadAction\",\"target\":[\"https:\/\/smans.com\/fr\/product\/coaxstrip-5200\/\"]}]},{\"@type\":\"BreadcrumbList\",\"@id\":\"https:\/\/smans.com\/fr\/product\/coaxstrip-5200\/#breadcrumb\",\"itemListElement\":[{\"@type\":\"ListItem\",\"position\":1,\"name\":\"Home\",\"item\":\"https:\/\/smans.com\/fr\/\"},{\"@type\":\"ListItem\",\"position\":2,\"name\":\"Boutique\",\"item\":\"https:\/\/smans.com\/nl\/shop\/\"},{\"@type\":\"ListItem\",\"position\":3,\"name\":\"Schleuniger - CoaxStrip 5200\"}]},{\"@type\":\"WebSite\",\"@id\":\"https:\/\/smans.com\/nl\/#website\",\"url\":\"https:\/\/smans.com\/nl\/\",\"name\":\"Smans\",\"description\":\"\",\"publisher\":{\"@id\":\"https:\/\/smans.com\/nl\/#organization\"},\"potentialAction\":[{\"@type\":\"SearchAction\",\"target\":{\"@type\":\"EntryPoint\",\"urlTemplate\":\"https:\/\/smans.com\/nl\/?s={search_term_string}\"},\"query-input\":{\"@type\":\"PropertyValueSpecification\",\"valueRequired\":true,\"valueName\":\"search_term_string\"}}],\"inLanguage\":\"fr-FR\"},{\"@type\":\"Organization\",\"@id\":\"https:\/\/smans.com\/nl\/#organization\",\"name\":\"Smans\",\"url\":\"https:\/\/smans.com\/nl\/\",\"logo\":{\"@type\":\"ImageObject\",\"inLanguage\":\"fr-FR\",\"@id\":\"https:\/\/smans.com\/nl\/#\/schema\/logo\/image\/\",\"url\":\"https:\/\/smans.com\/wp-content\/uploads\/2023\/09\/logo.svg\",\"contentUrl\":\"https:\/\/smans.com\/wp-content\/uploads\/2023\/09\/logo.svg\",\"caption\":\"Smans\"},\"image\":{\"@id\":\"https:\/\/smans.com\/nl\/#\/schema\/logo\/image\/\"}}]}<\/script>\n<!-- \/ Yoast SEO plugin. -->","yoast_head_json":{"title":"CoaxStrip 5200 - Smans","robots":{"index":"index","follow":"follow","max-snippet":"max-snippet:-1","max-image-preview":"max-image-preview:large","max-video-preview":"max-video-preview:-1"},"canonical":"https:\/\/smans.com\/fr\/product\/coaxstrip-5200\/","og_locale":"fr_FR","og_type":"article","og_title":"CoaxStrip 5200 - Smans","og_description":"Machine \u00e0 d\u00e9nuder les c\u00e2bles coaxiaux enti\u00e8rement programmable pour les c\u00e2bles coaxiaux, multiconducteurs et monoconducteurs jusqu'\u00e0 7 mm de diam\u00e8tre.","og_url":"https:\/\/smans.com\/fr\/product\/coaxstrip-5200\/","og_site_name":"Smans","article_modified_time":"2026-04-08T10:58:16+00:00","twitter_card":"summary_large_image","twitter_misc":{"Dur\u00e9e de lecture estim\u00e9e":"1 minute"},"schema":{"@context":"https:\/\/schema.org","@graph":[{"@type":"WebPage","@id":"https:\/\/smans.com\/fr\/product\/coaxstrip-5200\/","url":"https:\/\/smans.com\/fr\/product\/coaxstrip-5200\/","name":"CoaxStrip 5200 - Smans","isPartOf":{"@id":"https:\/\/smans.com\/nl\/#website"},"datePublished":"2024-11-16T01:08:53+00:00","dateModified":"2026-04-08T10:58:16+00:00","breadcrumb":{"@id":"https:\/\/smans.com\/fr\/product\/coaxstrip-5200\/#breadcrumb"},"inLanguage":"fr-FR","potentialAction":[{"@type":"ReadAction","target":["https:\/\/smans.com\/fr\/product\/coaxstrip-5200\/"]}]},{"@type":"BreadcrumbList","@id":"https:\/\/smans.com\/fr\/product\/coaxstrip-5200\/#breadcrumb","itemListElement":[{"@type":"ListItem","position":1,"name":"Home","item":"https:\/\/smans.com\/fr\/"},{"@type":"ListItem","position":2,"name":"Boutique","item":"https:\/\/smans.com\/nl\/shop\/"},{"@type":"ListItem","position":3,"name":"Schleuniger - CoaxStrip 5200"}]},{"@type":"WebSite","@id":"https:\/\/smans.com\/nl\/#website","url":"https:\/\/smans.com\/nl\/","name":"Smans","description":"","publisher":{"@id":"https:\/\/smans.com\/nl\/#organization"},"potentialAction":[{"@type":"SearchAction","target":{"@type":"EntryPoint","urlTemplate":"https:\/\/smans.com\/nl\/?s={search_term_string}"},"query-input":{"@type":"PropertyValueSpecification","valueRequired":true,"valueName":"search_term_string"}}],"inLanguage":"fr-FR"},{"@type":"Organization","@id":"https:\/\/smans.com\/nl\/#organization","name":"Smans","url":"https:\/\/smans.com\/nl\/","logo":{"@type":"ImageObject","inLanguage":"fr-FR","@id":"https:\/\/smans.com\/nl\/#\/schema\/logo\/image\/","url":"https:\/\/smans.com\/wp-content\/uploads\/2023\/09\/logo.svg","contentUrl":"https:\/\/smans.com\/wp-content\/uploads\/2023\/09\/logo.svg","caption":"Smans"},"image":{"@id":"https:\/\/smans.com\/nl\/#\/schema\/logo\/image\/"}}]}},"brands":[{"id":18298,"name":"Schleuniger","slug":"brand-schleuniger-fr"}],"_links":{"self":[{"href":"https:\/\/smans.com\/fr\/wp-json\/wp\/v2\/product\/31466","targetHints":{"allow":["GET"]}}],"collection":[{"href":"https:\/\/smans.com\/fr\/wp-json\/wp\/v2\/product"}],"about":[{"href":"https:\/\/smans.com\/fr\/wp-json\/wp\/v2\/types\/product"}],"wp:attachment":[{"href":"https:\/\/smans.com\/fr\/wp-json\/wp\/v2\/media?parent=31466"}],"wp:term":[{"taxonomy":"pwb-brand","embeddable":true,"href":"https:\/\/smans.com\/fr\/wp-json\/wp\/v2\/pwb-brand?post=31466"},{"taxonomy":"product_brand","embeddable":true,"href":"https:\/\/smans.com\/fr\/wp-json\/wp\/v2\/product_brand?post=31466"},{"taxonomy":"product_cat","embeddable":true,"href":"https:\/\/smans.com\/fr\/wp-json\/wp\/v2\/product_cat?post=31466"},{"taxonomy":"product_tag","embeddable":true,"href":"https:\/\/smans.com\/fr\/wp-json\/wp\/v2\/product_tag?post=31466"}],"curies":[{"name":"wp","href":"https:\/\/api.w.org\/{rel}","templated":true}]}}