{"id":31469,"date":"2024-11-20T02:50:18","date_gmt":"2024-11-20T01:50:18","guid":{"rendered":"https:\/\/smans.com\/product\/stripping-machine-unistrip-2050\/"},"modified":"2026-04-16T12:27:41","modified_gmt":"2026-04-16T10:27:41","slug":"stripping-machine-unistrip-2050","status":"publish","type":"product","link":"https:\/\/smans.com\/fr\/product\/stripping-machine-unistrip-2050\/","title":{"rendered":"Schleuniger - Stripping Machine UniStrip 2050"},"content":{"rendered":"<p>La Schleuniger UniStrip 2050 est une d\u00e9nudeuse pneumatique robuste et facile \u00e0 utiliser, con\u00e7ue pour d\u00e9nuder les c\u00e2bles multiconducteurs et les fils massifs jusqu&rsquo;\u00e0 <strong>15 mm de diam\u00e8tre et 70 mm\u00b2<\/strong> (AWG 2\/0).<\/p>\n<p>La machine combine une force de d\u00e9nudage \u00e9lev\u00e9e et une utilisation simple, ce qui la rend id\u00e9ale pour les environnements de production o\u00f9 la vitesse, la fiabilit\u00e9 et la r\u00e9p\u00e9tabilit\u00e9 des r\u00e9sultats sont essentielles.<\/p>\n<p>Gr\u00e2ce \u00e0 son fonctionnement enti\u00e8rement pneumatique, elle ne n\u00e9cessite <strong>aucune alimentation \u00e9lectrique<\/strong>, ce qui la rend non seulement facile \u00e0 entretenir, mais \u00e9galement adapt\u00e9e \u00e0 une utilisation dans les ateliers, les camions de service ou les sites de production disposant d&rsquo;une alimentation \u00e9lectrique limit\u00e9e.<\/p>\n<p>L&rsquo;UniStrip 2050 est livr\u00e9 avec un jeu complet de lames et de guides, comprenant trois jeux de lames avec quatre tailles de rayon par jeu (douze au total) et sept tailles de guide-fil, ce qui permet de traiter pratiquement tous les types de c\u00e2bles. Le r\u00e9glage du d\u00e9nudage s&rsquo;effectue manuellement \u00e0 l&rsquo;aide d&rsquo;une but\u00e9e coulissante et est activ\u00e9 par une p\u00e9dale, ce qui permet \u00e0 l&rsquo;op\u00e9rateur d&rsquo;avoir les deux mains libres pour le positionnement.<\/p>\n","protected":false},"excerpt":{"rendered":"<p>Une machine \u00e0 d\u00e9nuder enti\u00e8rement pneumatique pour le d\u00e9nudage rapide et pr\u00e9cis de c\u00e2bles multiconducteurs et de fils jusqu&rsquo;\u00e0 15 mm de diam\u00e8tre.<\/p>\n","protected":false},"featured_media":0,"template":"","meta":{"_acf_changed":false},"pwb-brand":[18298],"product_brand":[],"product_cat":[17990,17993,18042],"product_tag":[],"class_list":{"0":"post-31469","1":"product","2":"type-product","3":"status-publish","5":"pwb-brand-brand-schleuniger-fr","6":"product_cat-cables-et-cablage-fr","7":"product_cat-couper-denuder-sertissage-fr","8":"product_cat-denudeuses-de-fils-fr","10":"first","11":"instock","12":"taxable","13":"shipping-taxable","14":"product-type-simple"},"acf":[],"yoast_head":"<!-- This site is optimized with the Yoast SEO plugin v27.1.1 - https:\/\/yoast.com\/product\/yoast-seo-wordpress\/ -->\n<title>Stripping Machine UniStrip 2050 - Smans<\/title>\n<meta name=\"robots\" content=\"index, follow, max-snippet:-1, max-image-preview:large, max-video-preview:-1\" \/>\n<link rel=\"canonical\" href=\"https:\/\/smans.com\/fr\/product\/stripping-machine-unistrip-2050\/\" \/>\n<meta property=\"og:locale\" content=\"fr_FR\" \/>\n<meta property=\"og:type\" content=\"article\" \/>\n<meta property=\"og:title\" content=\"Stripping Machine UniStrip 2050 - Smans\" \/>\n<meta property=\"og:description\" content=\"Une machine \u00e0 d\u00e9nuder enti\u00e8rement pneumatique pour le d\u00e9nudage rapide et pr\u00e9cis de c\u00e2bles multiconducteurs et de fils jusqu&#039;\u00e0 15 mm de diam\u00e8tre.\" \/>\n<meta property=\"og:url\" content=\"https:\/\/smans.com\/fr\/product\/stripping-machine-unistrip-2050\/\" \/>\n<meta property=\"og:site_name\" content=\"Smans\" \/>\n<meta property=\"article:modified_time\" content=\"2026-04-16T10:27:41+00:00\" \/>\n<meta name=\"twitter:card\" content=\"summary_large_image\" \/>\n<meta name=\"twitter:label1\" content=\"Dur\u00e9e de lecture estim\u00e9e\" \/>\n\t<meta name=\"twitter:data1\" content=\"1 minute\" \/>\n<script type=\"application\/ld+json\" class=\"yoast-schema-graph\">{\"@context\":\"https:\/\/schema.org\",\"@graph\":[{\"@type\":\"WebPage\",\"@id\":\"https:\/\/smans.com\/fr\/product\/stripping-machine-unistrip-2050\/\",\"url\":\"https:\/\/smans.com\/fr\/product\/stripping-machine-unistrip-2050\/\",\"name\":\"Stripping Machine UniStrip 2050 - Smans\",\"isPartOf\":{\"@id\":\"https:\/\/smans.com\/nl\/#website\"},\"datePublished\":\"2024-11-20T01:50:18+00:00\",\"dateModified\":\"2026-04-16T10:27:41+00:00\",\"breadcrumb\":{\"@id\":\"https:\/\/smans.com\/fr\/product\/stripping-machine-unistrip-2050\/#breadcrumb\"},\"inLanguage\":\"fr-FR\",\"potentialAction\":[{\"@type\":\"ReadAction\",\"target\":[\"https:\/\/smans.com\/fr\/product\/stripping-machine-unistrip-2050\/\"]}]},{\"@type\":\"BreadcrumbList\",\"@id\":\"https:\/\/smans.com\/fr\/product\/stripping-machine-unistrip-2050\/#breadcrumb\",\"itemListElement\":[{\"@type\":\"ListItem\",\"position\":1,\"name\":\"Home\",\"item\":\"https:\/\/smans.com\/fr\/\"},{\"@type\":\"ListItem\",\"position\":2,\"name\":\"Boutique\",\"item\":\"https:\/\/smans.com\/nl\/shop\/\"},{\"@type\":\"ListItem\",\"position\":3,\"name\":\"Schleuniger - Stripping Machine UniStrip 2050\"}]},{\"@type\":\"WebSite\",\"@id\":\"https:\/\/smans.com\/nl\/#website\",\"url\":\"https:\/\/smans.com\/nl\/\",\"name\":\"Smans\",\"description\":\"\",\"publisher\":{\"@id\":\"https:\/\/smans.com\/nl\/#organization\"},\"potentialAction\":[{\"@type\":\"SearchAction\",\"target\":{\"@type\":\"EntryPoint\",\"urlTemplate\":\"https:\/\/smans.com\/nl\/?s={search_term_string}\"},\"query-input\":{\"@type\":\"PropertyValueSpecification\",\"valueRequired\":true,\"valueName\":\"search_term_string\"}}],\"inLanguage\":\"fr-FR\"},{\"@type\":\"Organization\",\"@id\":\"https:\/\/smans.com\/nl\/#organization\",\"name\":\"Smans\",\"url\":\"https:\/\/smans.com\/nl\/\",\"logo\":{\"@type\":\"ImageObject\",\"inLanguage\":\"fr-FR\",\"@id\":\"https:\/\/smans.com\/nl\/#\/schema\/logo\/image\/\",\"url\":\"https:\/\/smans.com\/wp-content\/uploads\/2023\/09\/logo.svg\",\"contentUrl\":\"https:\/\/smans.com\/wp-content\/uploads\/2023\/09\/logo.svg\",\"caption\":\"Smans\"},\"image\":{\"@id\":\"https:\/\/smans.com\/nl\/#\/schema\/logo\/image\/\"}}]}<\/script>\n<!-- \/ Yoast SEO plugin. -->","yoast_head_json":{"title":"Stripping Machine UniStrip 2050 - Smans","robots":{"index":"index","follow":"follow","max-snippet":"max-snippet:-1","max-image-preview":"max-image-preview:large","max-video-preview":"max-video-preview:-1"},"canonical":"https:\/\/smans.com\/fr\/product\/stripping-machine-unistrip-2050\/","og_locale":"fr_FR","og_type":"article","og_title":"Stripping Machine UniStrip 2050 - Smans","og_description":"Une machine \u00e0 d\u00e9nuder enti\u00e8rement pneumatique pour le d\u00e9nudage rapide et pr\u00e9cis de c\u00e2bles multiconducteurs et de fils jusqu'\u00e0 15 mm de diam\u00e8tre.","og_url":"https:\/\/smans.com\/fr\/product\/stripping-machine-unistrip-2050\/","og_site_name":"Smans","article_modified_time":"2026-04-16T10:27:41+00:00","twitter_card":"summary_large_image","twitter_misc":{"Dur\u00e9e de lecture estim\u00e9e":"1 minute"},"schema":{"@context":"https:\/\/schema.org","@graph":[{"@type":"WebPage","@id":"https:\/\/smans.com\/fr\/product\/stripping-machine-unistrip-2050\/","url":"https:\/\/smans.com\/fr\/product\/stripping-machine-unistrip-2050\/","name":"Stripping Machine UniStrip 2050 - Smans","isPartOf":{"@id":"https:\/\/smans.com\/nl\/#website"},"datePublished":"2024-11-20T01:50:18+00:00","dateModified":"2026-04-16T10:27:41+00:00","breadcrumb":{"@id":"https:\/\/smans.com\/fr\/product\/stripping-machine-unistrip-2050\/#breadcrumb"},"inLanguage":"fr-FR","potentialAction":[{"@type":"ReadAction","target":["https:\/\/smans.com\/fr\/product\/stripping-machine-unistrip-2050\/"]}]},{"@type":"BreadcrumbList","@id":"https:\/\/smans.com\/fr\/product\/stripping-machine-unistrip-2050\/#breadcrumb","itemListElement":[{"@type":"ListItem","position":1,"name":"Home","item":"https:\/\/smans.com\/fr\/"},{"@type":"ListItem","position":2,"name":"Boutique","item":"https:\/\/smans.com\/nl\/shop\/"},{"@type":"ListItem","position":3,"name":"Schleuniger - Stripping Machine UniStrip 2050"}]},{"@type":"WebSite","@id":"https:\/\/smans.com\/nl\/#website","url":"https:\/\/smans.com\/nl\/","name":"Smans","description":"","publisher":{"@id":"https:\/\/smans.com\/nl\/#organization"},"potentialAction":[{"@type":"SearchAction","target":{"@type":"EntryPoint","urlTemplate":"https:\/\/smans.com\/nl\/?s={search_term_string}"},"query-input":{"@type":"PropertyValueSpecification","valueRequired":true,"valueName":"search_term_string"}}],"inLanguage":"fr-FR"},{"@type":"Organization","@id":"https:\/\/smans.com\/nl\/#organization","name":"Smans","url":"https:\/\/smans.com\/nl\/","logo":{"@type":"ImageObject","inLanguage":"fr-FR","@id":"https:\/\/smans.com\/nl\/#\/schema\/logo\/image\/","url":"https:\/\/smans.com\/wp-content\/uploads\/2023\/09\/logo.svg","contentUrl":"https:\/\/smans.com\/wp-content\/uploads\/2023\/09\/logo.svg","caption":"Smans"},"image":{"@id":"https:\/\/smans.com\/nl\/#\/schema\/logo\/image\/"}}]}},"brands":[{"id":18298,"name":"Schleuniger","slug":"brand-schleuniger-fr"}],"_links":{"self":[{"href":"https:\/\/smans.com\/fr\/wp-json\/wp\/v2\/product\/31469","targetHints":{"allow":["GET"]}}],"collection":[{"href":"https:\/\/smans.com\/fr\/wp-json\/wp\/v2\/product"}],"about":[{"href":"https:\/\/smans.com\/fr\/wp-json\/wp\/v2\/types\/product"}],"wp:attachment":[{"href":"https:\/\/smans.com\/fr\/wp-json\/wp\/v2\/media?parent=31469"}],"wp:term":[{"taxonomy":"pwb-brand","embeddable":true,"href":"https:\/\/smans.com\/fr\/wp-json\/wp\/v2\/pwb-brand?post=31469"},{"taxonomy":"product_brand","embeddable":true,"href":"https:\/\/smans.com\/fr\/wp-json\/wp\/v2\/product_brand?post=31469"},{"taxonomy":"product_cat","embeddable":true,"href":"https:\/\/smans.com\/fr\/wp-json\/wp\/v2\/product_cat?post=31469"},{"taxonomy":"product_tag","embeddable":true,"href":"https:\/\/smans.com\/fr\/wp-json\/wp\/v2\/product_tag?post=31469"}],"curies":[{"name":"wp","href":"https:\/\/api.w.org\/{rel}","templated":true}]}}