{"id":31471,"date":"2024-11-20T02:50:26","date_gmt":"2024-11-20T01:50:26","guid":{"rendered":"https:\/\/smans.com\/product\/prefeeder-zg200-b2s\/"},"modified":"2026-04-07T12:53:49","modified_gmt":"2026-04-07T10:53:49","slug":"prefeeder-zg200-b2s","status":"publish","type":"product","link":"https:\/\/smans.com\/fr\/product\/prefeeder-zg200-b2s\/","title":{"rendered":"Ulmer - Prefeeder ZG200 B2S, stand exclus"},"content":{"rendered":"<p><strong>Le prix est SANS STAND !<\/strong><\/p>\n<p>Le margeur compact ZG200 B2 a \u00e9t\u00e9 con\u00e7u pour acheminer des mat\u00e9riaux tels que des cordons, des tuyaux, des bandes, des c\u00e2bles plats, etc. vers des machines de coupe, de d\u00e9nudage et de poin\u00e7onnage.<\/p>\n<p>Avec le margeur ZG200 B2, les c\u00e2bles provenant de bobines, de conipacks, d&rsquo;enrouleurs, de syst\u00e8mes de racks ou de faisceaux de c\u00e2bles peuvent \u00eatre d\u00e9charg\u00e9s de mani\u00e8re id\u00e9ale et achemin\u00e9s vers le processus de fabrication. Le mat\u00e9riau est transport\u00e9 par deux courroies dent\u00e9es rev\u00eatues, fonctionnant de mani\u00e8re synchrone. Les c\u00e2bles fins, rugueux ou non circulaires peuvent \u00eatre trait\u00e9s avec puissance mais en douceur. L&rsquo;unit\u00e9 peut \u00eatre facilement modifi\u00e9e pour s&rsquo;adapter \u00e0 d&rsquo;autres mat\u00e9riaux.<\/p>\n<p>Pour le traitement de fils torsad\u00e9s ou rigides, l&rsquo;unit\u00e9 de contr\u00f4le optique de l&rsquo;affaissement du fil DHS1000 D est un compl\u00e9ment id\u00e9al au margeur ZG200 B2. Les capteurs DHS mesurent en permanence l&rsquo;affaissement du fil et transmettent la vitesse d&rsquo;alimentation correspondante.<\/p>\n<p>Il faut s&rsquo;assurer que les bobines se d\u00e9placent en douceur. Gr\u00e2ce \u00e0 son contr\u00f4leur pour la bande sup\u00e9rieure, la ZG200 B2 peut traiter des mat\u00e9riaux sensibles \u00e0 la pression en toute s\u00e9curit\u00e9 et sans dommage.<\/p>\n<p>Le ZG200 B2 peut \u00e9galement \u00eatre \u00e9quip\u00e9 d&rsquo;un servomoteur et porte alors le nom de ZG 200 B2 S. Avec une vitesse de d\u00e9placement de 2,7 m\/sec, le ZG 200 B2 S est recommand\u00e9 pour une utilisation en liaison avec des machines de coupe et de d\u00e9nudage rapides. En outre, le servomoteur est con\u00e7u pour ne n\u00e9cessiter que tr\u00e8s peu d&rsquo;entretien et de frais de maintenance en g\u00e9n\u00e9ral.<\/p>\n","protected":false},"excerpt":{"rendered":"<p>Con\u00e7u pour acheminer des mat\u00e9riaux tels que des cordons, des tuyaux, des bandes, des c\u00e2bles plats, etc. vers des machines de coupe, de d\u00e9nudage et de poin\u00e7onnage.<\/p>\n","protected":false},"featured_media":0,"template":"","meta":{"_acf_changed":false},"pwb-brand":[18310],"product_brand":[],"product_cat":[17990,18019,17998],"product_tag":[],"class_list":{"0":"post-31471","1":"product","2":"type-product","3":"status-publish","5":"pwb-brand-brand-ulmer-fr","6":"product_cat-cables-et-cablage-fr","7":"product_cat-prefeeding-systems-fr","8":"product_cat-traitement-de-cables-fr","10":"first","11":"instock","12":"taxable","13":"shipping-taxable","14":"purchasable","15":"product-type-simple"},"acf":[],"yoast_head":"<!-- This site is optimized with the Yoast SEO plugin v27.1.1 - https:\/\/yoast.com\/product\/yoast-seo-wordpress\/ -->\n<title>Prefeeder ZG200 B2S, stand exclus - Smans<\/title>\n<meta name=\"robots\" content=\"index, follow, max-snippet:-1, max-image-preview:large, max-video-preview:-1\" \/>\n<link rel=\"canonical\" href=\"https:\/\/smans.com\/fr\/product\/prefeeder-zg200-b2s\/\" \/>\n<meta property=\"og:locale\" content=\"fr_FR\" \/>\n<meta property=\"og:type\" content=\"article\" \/>\n<meta property=\"og:title\" content=\"Prefeeder ZG200 B2S, stand exclus - Smans\" \/>\n<meta property=\"og:description\" content=\"Con\u00e7u pour acheminer des mat\u00e9riaux tels que des cordons, des tuyaux, des bandes, des c\u00e2bles plats, etc. vers des machines de coupe, de d\u00e9nudage et de poin\u00e7onnage.\" \/>\n<meta property=\"og:url\" content=\"https:\/\/smans.com\/fr\/product\/prefeeder-zg200-b2s\/\" \/>\n<meta property=\"og:site_name\" content=\"Smans\" \/>\n<meta property=\"article:modified_time\" content=\"2026-04-07T10:53:49+00:00\" \/>\n<meta name=\"twitter:card\" content=\"summary_large_image\" \/>\n<meta name=\"twitter:label1\" content=\"Dur\u00e9e de lecture estim\u00e9e\" \/>\n\t<meta name=\"twitter:data1\" content=\"1 minute\" \/>\n<script type=\"application\/ld+json\" class=\"yoast-schema-graph\">{\"@context\":\"https:\/\/schema.org\",\"@graph\":[{\"@type\":\"WebPage\",\"@id\":\"https:\/\/smans.com\/fr\/product\/prefeeder-zg200-b2s\/\",\"url\":\"https:\/\/smans.com\/fr\/product\/prefeeder-zg200-b2s\/\",\"name\":\"Prefeeder ZG200 B2S, stand exclus - Smans\",\"isPartOf\":{\"@id\":\"https:\/\/smans.com\/nl\/#website\"},\"datePublished\":\"2024-11-20T01:50:26+00:00\",\"dateModified\":\"2026-04-07T10:53:49+00:00\",\"breadcrumb\":{\"@id\":\"https:\/\/smans.com\/fr\/product\/prefeeder-zg200-b2s\/#breadcrumb\"},\"inLanguage\":\"fr-FR\",\"potentialAction\":[{\"@type\":\"ReadAction\",\"target\":[\"https:\/\/smans.com\/fr\/product\/prefeeder-zg200-b2s\/\"]}]},{\"@type\":\"BreadcrumbList\",\"@id\":\"https:\/\/smans.com\/fr\/product\/prefeeder-zg200-b2s\/#breadcrumb\",\"itemListElement\":[{\"@type\":\"ListItem\",\"position\":1,\"name\":\"Home\",\"item\":\"https:\/\/smans.com\/fr\/\"},{\"@type\":\"ListItem\",\"position\":2,\"name\":\"Boutique\",\"item\":\"https:\/\/smans.com\/nl\/shop\/\"},{\"@type\":\"ListItem\",\"position\":3,\"name\":\"Ulmer - Prefeeder ZG200 B2S, stand exclus\"}]},{\"@type\":\"WebSite\",\"@id\":\"https:\/\/smans.com\/nl\/#website\",\"url\":\"https:\/\/smans.com\/nl\/\",\"name\":\"Smans\",\"description\":\"\",\"publisher\":{\"@id\":\"https:\/\/smans.com\/nl\/#organization\"},\"potentialAction\":[{\"@type\":\"SearchAction\",\"target\":{\"@type\":\"EntryPoint\",\"urlTemplate\":\"https:\/\/smans.com\/nl\/?s={search_term_string}\"},\"query-input\":{\"@type\":\"PropertyValueSpecification\",\"valueRequired\":true,\"valueName\":\"search_term_string\"}}],\"inLanguage\":\"fr-FR\"},{\"@type\":\"Organization\",\"@id\":\"https:\/\/smans.com\/nl\/#organization\",\"name\":\"Smans\",\"url\":\"https:\/\/smans.com\/nl\/\",\"logo\":{\"@type\":\"ImageObject\",\"inLanguage\":\"fr-FR\",\"@id\":\"https:\/\/smans.com\/nl\/#\/schema\/logo\/image\/\",\"url\":\"https:\/\/smans.com\/wp-content\/uploads\/2023\/09\/logo.svg\",\"contentUrl\":\"https:\/\/smans.com\/wp-content\/uploads\/2023\/09\/logo.svg\",\"caption\":\"Smans\"},\"image\":{\"@id\":\"https:\/\/smans.com\/nl\/#\/schema\/logo\/image\/\"}}]}<\/script>\n<!-- \/ Yoast SEO plugin. -->","yoast_head_json":{"title":"Prefeeder ZG200 B2S, stand exclus - Smans","robots":{"index":"index","follow":"follow","max-snippet":"max-snippet:-1","max-image-preview":"max-image-preview:large","max-video-preview":"max-video-preview:-1"},"canonical":"https:\/\/smans.com\/fr\/product\/prefeeder-zg200-b2s\/","og_locale":"fr_FR","og_type":"article","og_title":"Prefeeder ZG200 B2S, stand exclus - Smans","og_description":"Con\u00e7u pour acheminer des mat\u00e9riaux tels que des cordons, des tuyaux, des bandes, des c\u00e2bles plats, etc. vers des machines de coupe, de d\u00e9nudage et de poin\u00e7onnage.","og_url":"https:\/\/smans.com\/fr\/product\/prefeeder-zg200-b2s\/","og_site_name":"Smans","article_modified_time":"2026-04-07T10:53:49+00:00","twitter_card":"summary_large_image","twitter_misc":{"Dur\u00e9e de lecture estim\u00e9e":"1 minute"},"schema":{"@context":"https:\/\/schema.org","@graph":[{"@type":"WebPage","@id":"https:\/\/smans.com\/fr\/product\/prefeeder-zg200-b2s\/","url":"https:\/\/smans.com\/fr\/product\/prefeeder-zg200-b2s\/","name":"Prefeeder ZG200 B2S, stand exclus - Smans","isPartOf":{"@id":"https:\/\/smans.com\/nl\/#website"},"datePublished":"2024-11-20T01:50:26+00:00","dateModified":"2026-04-07T10:53:49+00:00","breadcrumb":{"@id":"https:\/\/smans.com\/fr\/product\/prefeeder-zg200-b2s\/#breadcrumb"},"inLanguage":"fr-FR","potentialAction":[{"@type":"ReadAction","target":["https:\/\/smans.com\/fr\/product\/prefeeder-zg200-b2s\/"]}]},{"@type":"BreadcrumbList","@id":"https:\/\/smans.com\/fr\/product\/prefeeder-zg200-b2s\/#breadcrumb","itemListElement":[{"@type":"ListItem","position":1,"name":"Home","item":"https:\/\/smans.com\/fr\/"},{"@type":"ListItem","position":2,"name":"Boutique","item":"https:\/\/smans.com\/nl\/shop\/"},{"@type":"ListItem","position":3,"name":"Ulmer - Prefeeder ZG200 B2S, stand exclus"}]},{"@type":"WebSite","@id":"https:\/\/smans.com\/nl\/#website","url":"https:\/\/smans.com\/nl\/","name":"Smans","description":"","publisher":{"@id":"https:\/\/smans.com\/nl\/#organization"},"potentialAction":[{"@type":"SearchAction","target":{"@type":"EntryPoint","urlTemplate":"https:\/\/smans.com\/nl\/?s={search_term_string}"},"query-input":{"@type":"PropertyValueSpecification","valueRequired":true,"valueName":"search_term_string"}}],"inLanguage":"fr-FR"},{"@type":"Organization","@id":"https:\/\/smans.com\/nl\/#organization","name":"Smans","url":"https:\/\/smans.com\/nl\/","logo":{"@type":"ImageObject","inLanguage":"fr-FR","@id":"https:\/\/smans.com\/nl\/#\/schema\/logo\/image\/","url":"https:\/\/smans.com\/wp-content\/uploads\/2023\/09\/logo.svg","contentUrl":"https:\/\/smans.com\/wp-content\/uploads\/2023\/09\/logo.svg","caption":"Smans"},"image":{"@id":"https:\/\/smans.com\/nl\/#\/schema\/logo\/image\/"}}]}},"brands":[{"id":18310,"name":"Ulmer","slug":"brand-ulmer-fr"}],"_links":{"self":[{"href":"https:\/\/smans.com\/fr\/wp-json\/wp\/v2\/product\/31471","targetHints":{"allow":["GET"]}}],"collection":[{"href":"https:\/\/smans.com\/fr\/wp-json\/wp\/v2\/product"}],"about":[{"href":"https:\/\/smans.com\/fr\/wp-json\/wp\/v2\/types\/product"}],"wp:attachment":[{"href":"https:\/\/smans.com\/fr\/wp-json\/wp\/v2\/media?parent=31471"}],"wp:term":[{"taxonomy":"pwb-brand","embeddable":true,"href":"https:\/\/smans.com\/fr\/wp-json\/wp\/v2\/pwb-brand?post=31471"},{"taxonomy":"product_brand","embeddable":true,"href":"https:\/\/smans.com\/fr\/wp-json\/wp\/v2\/product_brand?post=31471"},{"taxonomy":"product_cat","embeddable":true,"href":"https:\/\/smans.com\/fr\/wp-json\/wp\/v2\/product_cat?post=31471"},{"taxonomy":"product_tag","embeddable":true,"href":"https:\/\/smans.com\/fr\/wp-json\/wp\/v2\/product_tag?post=31471"}],"curies":[{"name":"wp","href":"https:\/\/api.w.org\/{rel}","templated":true}]}}