{"id":31472,"date":"2024-11-20T02:50:29","date_gmt":"2024-11-20T01:50:29","guid":{"rendered":"https:\/\/smans.com\/product\/wibs-10-le-blindage-des-cables-defaits\/"},"modified":"2026-04-10T13:17:35","modified_gmt":"2026-04-10T11:17:35","slug":"wibs-10-le-blindage-des-cables-defaits","status":"publish","type":"product","link":"https:\/\/smans.com\/fr\/product\/wibs-10-le-blindage-des-cables-defaits\/","title":{"rendered":"WiMes - WiBS-10 le blindage des c\u00e2bles d\u00e9faits"},"content":{"rendered":"<p>Machine pour d\u00e9rouler le blindage sur les c\u00e2bles<\/p>\n<ul>\n<li>Longueur maximale du blindage 80mm (d\u00e9pend du type de blindage)<\/li>\n<li>Changement facile des brosses<\/li>\n<li>Les moteurs peuvent tourner dans le sens des aiguilles d&rsquo;une montre ou dans le sens inverse des aiguilles d&rsquo;une montre<\/li>\n<li>R\u00e9glage facile de la vitesse de rotation et de la distance entre les brosses<\/li>\n<li>Possibilit\u00e9 de personnaliser les brosses<\/li>\n<li>Machine universelle pour tout volume de production<\/li>\n<\/ul>\n<p>Options :<\/p>\n<ul>\n<li>Syst\u00e8me de verrouillage pour prot\u00e9ger les param\u00e8tres de configuration<\/li>\n<li>P\u00e9dale de commande<\/li>\n<li>Capteur de d\u00e9marrage par induction pour un d\u00e9marrage automatique<\/li>\n<\/ul>\n","protected":false},"excerpt":{"rendered":"<p>Machine \u00e0 d\u00e9rouler le blindage des c\u00e2bles<\/p>\n","protected":false},"featured_media":0,"template":"","meta":{"_acf_changed":false},"pwb-brand":[18330],"product_brand":[],"product_cat":[18047,17990,18001],"product_tag":[],"class_list":{"0":"post-31472","1":"product","2":"type-product","3":"status-publish","5":"pwb-brand-brand-wimes-fr-2","6":"product_cat-cable-shielding-processing-fr","7":"product_cat-cables-et-cablage-fr","8":"product_cat-processus-secondaires-fr","10":"first","11":"instock","12":"taxable","13":"shipping-taxable","14":"purchasable","15":"product-type-simple"},"acf":[],"yoast_head":"<!-- This site is optimized with the Yoast SEO plugin v27.1.1 - https:\/\/yoast.com\/product\/yoast-seo-wordpress\/ -->\n<title>WiBS-10 le blindage des c\u00e2bles d\u00e9faits - Smans<\/title>\n<meta name=\"robots\" content=\"index, follow, max-snippet:-1, max-image-preview:large, max-video-preview:-1\" \/>\n<link rel=\"canonical\" href=\"https:\/\/smans.com\/fr\/product\/wibs-10-le-blindage-des-cables-defaits\/\" \/>\n<meta property=\"og:locale\" content=\"fr_FR\" \/>\n<meta property=\"og:type\" content=\"article\" \/>\n<meta property=\"og:title\" content=\"WiBS-10 le blindage des c\u00e2bles d\u00e9faits - Smans\" \/>\n<meta property=\"og:description\" content=\"Machine \u00e0 d\u00e9rouler le blindage des c\u00e2bles\" \/>\n<meta property=\"og:url\" content=\"https:\/\/smans.com\/fr\/product\/wibs-10-le-blindage-des-cables-defaits\/\" \/>\n<meta property=\"og:site_name\" content=\"Smans\" \/>\n<meta property=\"article:modified_time\" content=\"2026-04-10T11:17:35+00:00\" \/>\n<meta name=\"twitter:card\" content=\"summary_large_image\" \/>\n<meta name=\"twitter:label1\" content=\"Dur\u00e9e de lecture estim\u00e9e\" \/>\n\t<meta name=\"twitter:data1\" content=\"1 minute\" \/>\n<script type=\"application\/ld+json\" class=\"yoast-schema-graph\">{\"@context\":\"https:\/\/schema.org\",\"@graph\":[{\"@type\":\"WebPage\",\"@id\":\"https:\/\/smans.com\/fr\/product\/wibs-10-le-blindage-des-cables-defaits\/\",\"url\":\"https:\/\/smans.com\/fr\/product\/wibs-10-le-blindage-des-cables-defaits\/\",\"name\":\"WiBS-10 le blindage des c\u00e2bles d\u00e9faits - Smans\",\"isPartOf\":{\"@id\":\"https:\/\/smans.com\/nl\/#website\"},\"datePublished\":\"2024-11-20T01:50:29+00:00\",\"dateModified\":\"2026-04-10T11:17:35+00:00\",\"breadcrumb\":{\"@id\":\"https:\/\/smans.com\/fr\/product\/wibs-10-le-blindage-des-cables-defaits\/#breadcrumb\"},\"inLanguage\":\"fr-FR\",\"potentialAction\":[{\"@type\":\"ReadAction\",\"target\":[\"https:\/\/smans.com\/fr\/product\/wibs-10-le-blindage-des-cables-defaits\/\"]}]},{\"@type\":\"BreadcrumbList\",\"@id\":\"https:\/\/smans.com\/fr\/product\/wibs-10-le-blindage-des-cables-defaits\/#breadcrumb\",\"itemListElement\":[{\"@type\":\"ListItem\",\"position\":1,\"name\":\"Home\",\"item\":\"https:\/\/smans.com\/fr\/\"},{\"@type\":\"ListItem\",\"position\":2,\"name\":\"Boutique\",\"item\":\"https:\/\/smans.com\/nl\/shop\/\"},{\"@type\":\"ListItem\",\"position\":3,\"name\":\"WiMes - WiBS-10 le blindage des c\u00e2bles d\u00e9faits\"}]},{\"@type\":\"WebSite\",\"@id\":\"https:\/\/smans.com\/nl\/#website\",\"url\":\"https:\/\/smans.com\/nl\/\",\"name\":\"Smans\",\"description\":\"\",\"publisher\":{\"@id\":\"https:\/\/smans.com\/nl\/#organization\"},\"potentialAction\":[{\"@type\":\"SearchAction\",\"target\":{\"@type\":\"EntryPoint\",\"urlTemplate\":\"https:\/\/smans.com\/nl\/?s={search_term_string}\"},\"query-input\":{\"@type\":\"PropertyValueSpecification\",\"valueRequired\":true,\"valueName\":\"search_term_string\"}}],\"inLanguage\":\"fr-FR\"},{\"@type\":\"Organization\",\"@id\":\"https:\/\/smans.com\/nl\/#organization\",\"name\":\"Smans\",\"url\":\"https:\/\/smans.com\/nl\/\",\"logo\":{\"@type\":\"ImageObject\",\"inLanguage\":\"fr-FR\",\"@id\":\"https:\/\/smans.com\/nl\/#\/schema\/logo\/image\/\",\"url\":\"https:\/\/smans.com\/wp-content\/uploads\/2023\/09\/logo.svg\",\"contentUrl\":\"https:\/\/smans.com\/wp-content\/uploads\/2023\/09\/logo.svg\",\"caption\":\"Smans\"},\"image\":{\"@id\":\"https:\/\/smans.com\/nl\/#\/schema\/logo\/image\/\"}}]}<\/script>\n<!-- \/ Yoast SEO plugin. -->","yoast_head_json":{"title":"WiBS-10 le blindage des c\u00e2bles d\u00e9faits - Smans","robots":{"index":"index","follow":"follow","max-snippet":"max-snippet:-1","max-image-preview":"max-image-preview:large","max-video-preview":"max-video-preview:-1"},"canonical":"https:\/\/smans.com\/fr\/product\/wibs-10-le-blindage-des-cables-defaits\/","og_locale":"fr_FR","og_type":"article","og_title":"WiBS-10 le blindage des c\u00e2bles d\u00e9faits - Smans","og_description":"Machine \u00e0 d\u00e9rouler le blindage des c\u00e2bles","og_url":"https:\/\/smans.com\/fr\/product\/wibs-10-le-blindage-des-cables-defaits\/","og_site_name":"Smans","article_modified_time":"2026-04-10T11:17:35+00:00","twitter_card":"summary_large_image","twitter_misc":{"Dur\u00e9e de lecture estim\u00e9e":"1 minute"},"schema":{"@context":"https:\/\/schema.org","@graph":[{"@type":"WebPage","@id":"https:\/\/smans.com\/fr\/product\/wibs-10-le-blindage-des-cables-defaits\/","url":"https:\/\/smans.com\/fr\/product\/wibs-10-le-blindage-des-cables-defaits\/","name":"WiBS-10 le blindage des c\u00e2bles d\u00e9faits - Smans","isPartOf":{"@id":"https:\/\/smans.com\/nl\/#website"},"datePublished":"2024-11-20T01:50:29+00:00","dateModified":"2026-04-10T11:17:35+00:00","breadcrumb":{"@id":"https:\/\/smans.com\/fr\/product\/wibs-10-le-blindage-des-cables-defaits\/#breadcrumb"},"inLanguage":"fr-FR","potentialAction":[{"@type":"ReadAction","target":["https:\/\/smans.com\/fr\/product\/wibs-10-le-blindage-des-cables-defaits\/"]}]},{"@type":"BreadcrumbList","@id":"https:\/\/smans.com\/fr\/product\/wibs-10-le-blindage-des-cables-defaits\/#breadcrumb","itemListElement":[{"@type":"ListItem","position":1,"name":"Home","item":"https:\/\/smans.com\/fr\/"},{"@type":"ListItem","position":2,"name":"Boutique","item":"https:\/\/smans.com\/nl\/shop\/"},{"@type":"ListItem","position":3,"name":"WiMes - WiBS-10 le blindage des c\u00e2bles d\u00e9faits"}]},{"@type":"WebSite","@id":"https:\/\/smans.com\/nl\/#website","url":"https:\/\/smans.com\/nl\/","name":"Smans","description":"","publisher":{"@id":"https:\/\/smans.com\/nl\/#organization"},"potentialAction":[{"@type":"SearchAction","target":{"@type":"EntryPoint","urlTemplate":"https:\/\/smans.com\/nl\/?s={search_term_string}"},"query-input":{"@type":"PropertyValueSpecification","valueRequired":true,"valueName":"search_term_string"}}],"inLanguage":"fr-FR"},{"@type":"Organization","@id":"https:\/\/smans.com\/nl\/#organization","name":"Smans","url":"https:\/\/smans.com\/nl\/","logo":{"@type":"ImageObject","inLanguage":"fr-FR","@id":"https:\/\/smans.com\/nl\/#\/schema\/logo\/image\/","url":"https:\/\/smans.com\/wp-content\/uploads\/2023\/09\/logo.svg","contentUrl":"https:\/\/smans.com\/wp-content\/uploads\/2023\/09\/logo.svg","caption":"Smans"},"image":{"@id":"https:\/\/smans.com\/nl\/#\/schema\/logo\/image\/"}}]}},"brands":[{"id":18330,"name":"WiMes","slug":"brand-wimes-fr-2"}],"_links":{"self":[{"href":"https:\/\/smans.com\/fr\/wp-json\/wp\/v2\/product\/31472","targetHints":{"allow":["GET"]}}],"collection":[{"href":"https:\/\/smans.com\/fr\/wp-json\/wp\/v2\/product"}],"about":[{"href":"https:\/\/smans.com\/fr\/wp-json\/wp\/v2\/types\/product"}],"wp:attachment":[{"href":"https:\/\/smans.com\/fr\/wp-json\/wp\/v2\/media?parent=31472"}],"wp:term":[{"taxonomy":"pwb-brand","embeddable":true,"href":"https:\/\/smans.com\/fr\/wp-json\/wp\/v2\/pwb-brand?post=31472"},{"taxonomy":"product_brand","embeddable":true,"href":"https:\/\/smans.com\/fr\/wp-json\/wp\/v2\/product_brand?post=31472"},{"taxonomy":"product_cat","embeddable":true,"href":"https:\/\/smans.com\/fr\/wp-json\/wp\/v2\/product_cat?post=31472"},{"taxonomy":"product_tag","embeddable":true,"href":"https:\/\/smans.com\/fr\/wp-json\/wp\/v2\/product_tag?post=31472"}],"curies":[{"name":"wp","href":"https:\/\/api.w.org\/{rel}","templated":true}]}}