{"id":31473,"date":"2024-11-20T02:50:31","date_gmt":"2024-11-20T01:50:31","guid":{"rendered":"https:\/\/smans.com\/product\/machine-a-enrouler-et-a-fabriquer-des-bobines-de-cable\/"},"modified":"2026-04-10T13:17:35","modified_gmt":"2026-04-10T11:17:35","slug":"machine-a-enrouler-et-a-fabriquer-des-bobines-de-cable","status":"publish","type":"product","link":"https:\/\/smans.com\/fr\/product\/machine-a-enrouler-et-a-fabriquer-des-bobines-de-cable\/","title":{"rendered":"WiMes - Machine \u00e0 enrouler et \u00e0 fabriquer des bobines de c\u00e2ble"},"content":{"rendered":"<p>Machine \u00e0 enrouler et \u00e0 fabriquer des bobines de c\u00e2ble<\/p>\n<p>Param\u00e8tres :<\/p>\n<ul>\n<li>\u00e9quipement pour l&rsquo;enroulement des c\u00e2bles et des fils<\/li>\n<li>gamme de mat\u00e9riaux 1-10mm (en fonction du c\u00e2ble)<\/li>\n<li>charge maximale des bobines 3kg<\/li>\n<li>la machine a 5 pointes<\/li>\n<li>possibilit\u00e9 de r\u00e9gler les pointes dans la gamme de 72\/135\/200mm<\/li>\n<li>diam\u00e8tre de la plaque 230 mm<\/li>\n<li>la s\u00e9curit\u00e9 est assur\u00e9e par un engrenage \u00e0 friction, un inverseur de surcharge<\/li>\n<li>la vitesse peut \u00eatre r\u00e9gl\u00e9e \u00e0 l&rsquo;aide d&rsquo;un potentiom\u00e8tre sur la machine<\/li>\n<\/ul>\n","protected":false},"excerpt":{"rendered":"<p>Machine \u00e0 enrouler et \u00e0 fabriquer des bobines de c\u00e2ble<\/p>\n","protected":false},"featured_media":0,"template":"","meta":{"_acf_changed":false},"pwb-brand":[18330],"product_brand":[],"product_cat":[18047,17990,18001],"product_tag":[],"class_list":{"0":"post-31473","1":"product","2":"type-product","3":"status-publish","5":"pwb-brand-brand-wimes-fr-2","6":"product_cat-cable-shielding-processing-fr","7":"product_cat-cables-et-cablage-fr","8":"product_cat-processus-secondaires-fr","10":"first","11":"instock","12":"taxable","13":"shipping-taxable","14":"purchasable","15":"product-type-simple"},"acf":[],"yoast_head":"<!-- This site is optimized with the Yoast SEO plugin v27.1.1 - https:\/\/yoast.com\/product\/yoast-seo-wordpress\/ -->\n<title>Machine \u00e0 enrouler et \u00e0 fabriquer des bobines de c\u00e2ble - Smans<\/title>\n<meta name=\"robots\" content=\"index, follow, max-snippet:-1, max-image-preview:large, max-video-preview:-1\" \/>\n<link rel=\"canonical\" href=\"https:\/\/smans.com\/fr\/product\/machine-a-enrouler-et-a-fabriquer-des-bobines-de-cable\/\" \/>\n<meta property=\"og:locale\" content=\"fr_FR\" \/>\n<meta property=\"og:type\" content=\"article\" \/>\n<meta property=\"og:title\" content=\"Machine \u00e0 enrouler et \u00e0 fabriquer des bobines de c\u00e2ble - Smans\" \/>\n<meta property=\"og:description\" content=\"Machine \u00e0 enrouler et \u00e0 fabriquer des bobines de c\u00e2ble\" \/>\n<meta property=\"og:url\" content=\"https:\/\/smans.com\/fr\/product\/machine-a-enrouler-et-a-fabriquer-des-bobines-de-cable\/\" \/>\n<meta property=\"og:site_name\" content=\"Smans\" \/>\n<meta property=\"article:modified_time\" content=\"2026-04-10T11:17:35+00:00\" \/>\n<meta name=\"twitter:card\" content=\"summary_large_image\" \/>\n<script type=\"application\/ld+json\" class=\"yoast-schema-graph\">{\"@context\":\"https:\/\/schema.org\",\"@graph\":[{\"@type\":\"WebPage\",\"@id\":\"https:\/\/smans.com\/fr\/product\/machine-a-enrouler-et-a-fabriquer-des-bobines-de-cable\/\",\"url\":\"https:\/\/smans.com\/fr\/product\/machine-a-enrouler-et-a-fabriquer-des-bobines-de-cable\/\",\"name\":\"Machine \u00e0 enrouler et \u00e0 fabriquer des bobines de c\u00e2ble - Smans\",\"isPartOf\":{\"@id\":\"https:\/\/smans.com\/nl\/#website\"},\"datePublished\":\"2024-11-20T01:50:31+00:00\",\"dateModified\":\"2026-04-10T11:17:35+00:00\",\"breadcrumb\":{\"@id\":\"https:\/\/smans.com\/fr\/product\/machine-a-enrouler-et-a-fabriquer-des-bobines-de-cable\/#breadcrumb\"},\"inLanguage\":\"fr-FR\",\"potentialAction\":[{\"@type\":\"ReadAction\",\"target\":[\"https:\/\/smans.com\/fr\/product\/machine-a-enrouler-et-a-fabriquer-des-bobines-de-cable\/\"]}]},{\"@type\":\"BreadcrumbList\",\"@id\":\"https:\/\/smans.com\/fr\/product\/machine-a-enrouler-et-a-fabriquer-des-bobines-de-cable\/#breadcrumb\",\"itemListElement\":[{\"@type\":\"ListItem\",\"position\":1,\"name\":\"Home\",\"item\":\"https:\/\/smans.com\/fr\/\"},{\"@type\":\"ListItem\",\"position\":2,\"name\":\"Boutique\",\"item\":\"https:\/\/smans.com\/nl\/shop\/\"},{\"@type\":\"ListItem\",\"position\":3,\"name\":\"WiMes - Machine \u00e0 enrouler et \u00e0 fabriquer des bobines de c\u00e2ble\"}]},{\"@type\":\"WebSite\",\"@id\":\"https:\/\/smans.com\/nl\/#website\",\"url\":\"https:\/\/smans.com\/nl\/\",\"name\":\"Smans\",\"description\":\"\",\"publisher\":{\"@id\":\"https:\/\/smans.com\/nl\/#organization\"},\"potentialAction\":[{\"@type\":\"SearchAction\",\"target\":{\"@type\":\"EntryPoint\",\"urlTemplate\":\"https:\/\/smans.com\/nl\/?s={search_term_string}\"},\"query-input\":{\"@type\":\"PropertyValueSpecification\",\"valueRequired\":true,\"valueName\":\"search_term_string\"}}],\"inLanguage\":\"fr-FR\"},{\"@type\":\"Organization\",\"@id\":\"https:\/\/smans.com\/nl\/#organization\",\"name\":\"Smans\",\"url\":\"https:\/\/smans.com\/nl\/\",\"logo\":{\"@type\":\"ImageObject\",\"inLanguage\":\"fr-FR\",\"@id\":\"https:\/\/smans.com\/nl\/#\/schema\/logo\/image\/\",\"url\":\"https:\/\/smans.com\/wp-content\/uploads\/2023\/09\/logo.svg\",\"contentUrl\":\"https:\/\/smans.com\/wp-content\/uploads\/2023\/09\/logo.svg\",\"caption\":\"Smans\"},\"image\":{\"@id\":\"https:\/\/smans.com\/nl\/#\/schema\/logo\/image\/\"}}]}<\/script>\n<!-- \/ Yoast SEO plugin. -->","yoast_head_json":{"title":"Machine \u00e0 enrouler et \u00e0 fabriquer des bobines de c\u00e2ble - Smans","robots":{"index":"index","follow":"follow","max-snippet":"max-snippet:-1","max-image-preview":"max-image-preview:large","max-video-preview":"max-video-preview:-1"},"canonical":"https:\/\/smans.com\/fr\/product\/machine-a-enrouler-et-a-fabriquer-des-bobines-de-cable\/","og_locale":"fr_FR","og_type":"article","og_title":"Machine \u00e0 enrouler et \u00e0 fabriquer des bobines de c\u00e2ble - Smans","og_description":"Machine \u00e0 enrouler et \u00e0 fabriquer des bobines de c\u00e2ble","og_url":"https:\/\/smans.com\/fr\/product\/machine-a-enrouler-et-a-fabriquer-des-bobines-de-cable\/","og_site_name":"Smans","article_modified_time":"2026-04-10T11:17:35+00:00","twitter_card":"summary_large_image","schema":{"@context":"https:\/\/schema.org","@graph":[{"@type":"WebPage","@id":"https:\/\/smans.com\/fr\/product\/machine-a-enrouler-et-a-fabriquer-des-bobines-de-cable\/","url":"https:\/\/smans.com\/fr\/product\/machine-a-enrouler-et-a-fabriquer-des-bobines-de-cable\/","name":"Machine \u00e0 enrouler et \u00e0 fabriquer des bobines de c\u00e2ble - Smans","isPartOf":{"@id":"https:\/\/smans.com\/nl\/#website"},"datePublished":"2024-11-20T01:50:31+00:00","dateModified":"2026-04-10T11:17:35+00:00","breadcrumb":{"@id":"https:\/\/smans.com\/fr\/product\/machine-a-enrouler-et-a-fabriquer-des-bobines-de-cable\/#breadcrumb"},"inLanguage":"fr-FR","potentialAction":[{"@type":"ReadAction","target":["https:\/\/smans.com\/fr\/product\/machine-a-enrouler-et-a-fabriquer-des-bobines-de-cable\/"]}]},{"@type":"BreadcrumbList","@id":"https:\/\/smans.com\/fr\/product\/machine-a-enrouler-et-a-fabriquer-des-bobines-de-cable\/#breadcrumb","itemListElement":[{"@type":"ListItem","position":1,"name":"Home","item":"https:\/\/smans.com\/fr\/"},{"@type":"ListItem","position":2,"name":"Boutique","item":"https:\/\/smans.com\/nl\/shop\/"},{"@type":"ListItem","position":3,"name":"WiMes - Machine \u00e0 enrouler et \u00e0 fabriquer des bobines de c\u00e2ble"}]},{"@type":"WebSite","@id":"https:\/\/smans.com\/nl\/#website","url":"https:\/\/smans.com\/nl\/","name":"Smans","description":"","publisher":{"@id":"https:\/\/smans.com\/nl\/#organization"},"potentialAction":[{"@type":"SearchAction","target":{"@type":"EntryPoint","urlTemplate":"https:\/\/smans.com\/nl\/?s={search_term_string}"},"query-input":{"@type":"PropertyValueSpecification","valueRequired":true,"valueName":"search_term_string"}}],"inLanguage":"fr-FR"},{"@type":"Organization","@id":"https:\/\/smans.com\/nl\/#organization","name":"Smans","url":"https:\/\/smans.com\/nl\/","logo":{"@type":"ImageObject","inLanguage":"fr-FR","@id":"https:\/\/smans.com\/nl\/#\/schema\/logo\/image\/","url":"https:\/\/smans.com\/wp-content\/uploads\/2023\/09\/logo.svg","contentUrl":"https:\/\/smans.com\/wp-content\/uploads\/2023\/09\/logo.svg","caption":"Smans"},"image":{"@id":"https:\/\/smans.com\/nl\/#\/schema\/logo\/image\/"}}]}},"brands":[{"id":18330,"name":"WiMes","slug":"brand-wimes-fr-2"}],"_links":{"self":[{"href":"https:\/\/smans.com\/fr\/wp-json\/wp\/v2\/product\/31473","targetHints":{"allow":["GET"]}}],"collection":[{"href":"https:\/\/smans.com\/fr\/wp-json\/wp\/v2\/product"}],"about":[{"href":"https:\/\/smans.com\/fr\/wp-json\/wp\/v2\/types\/product"}],"wp:attachment":[{"href":"https:\/\/smans.com\/fr\/wp-json\/wp\/v2\/media?parent=31473"}],"wp:term":[{"taxonomy":"pwb-brand","embeddable":true,"href":"https:\/\/smans.com\/fr\/wp-json\/wp\/v2\/pwb-brand?post=31473"},{"taxonomy":"product_brand","embeddable":true,"href":"https:\/\/smans.com\/fr\/wp-json\/wp\/v2\/product_brand?post=31473"},{"taxonomy":"product_cat","embeddable":true,"href":"https:\/\/smans.com\/fr\/wp-json\/wp\/v2\/product_cat?post=31473"},{"taxonomy":"product_tag","embeddable":true,"href":"https:\/\/smans.com\/fr\/wp-json\/wp\/v2\/product_tag?post=31473"}],"curies":[{"name":"wp","href":"https:\/\/api.w.org\/{rel}","templated":true}]}}