{"id":31475,"date":"2024-11-21T02:33:22","date_gmt":"2024-11-21T01:33:22","guid":{"rendered":"https:\/\/smans.com\/product\/cirris-4200-low-voltage-cable-tester\/"},"modified":"2026-04-10T13:17:35","modified_gmt":"2026-04-10T11:17:35","slug":"cirris-4200-low-voltage-cable-tester","status":"publish","type":"product","link":"https:\/\/smans.com\/fr\/product\/cirris-4200-low-voltage-cable-tester\/","title":{"rendered":"Cirris - Low voltage cable tester 4200"},"content":{"rendered":"<p>Le testeur de c\u00e2bles Cirris 4200 associe le puissant logiciel Cirris OS au syst\u00e8me d&rsquo;adaptateur intuitif Cirris pour cr\u00e9er un testeur capable d&rsquo;analyser avec pr\u00e9cision vos c\u00e2bles pour d\u00e9tecter les ouvertures, les courts-circuits, les erreurs de c\u00e2blage et d&rsquo;autres erreurs.<\/p>\n<p>Son faible encombrement permet d&rsquo;effectuer des tests sur votre table de travail et de tester des c\u00e2bles avec des r\u00e9sistances, des condensateurs et des diodes. Avec un \u00e9cran tactile capacitif couleur de 7\u2033 et un r\u00e9seau Ethernet c\u00e2bl\u00e9 ou sans fil, le 4200 rend les tests faciles et accessibles.<\/p>\n","protected":false},"excerpt":{"rendered":"<p>Cable Tester<\/p>\n","protected":false},"featured_media":0,"template":"","meta":{"_acf_changed":false},"pwb-brand":[18332],"product_brand":[],"product_cat":[17990,17997,18176],"product_tag":[],"class_list":{"0":"post-31475","1":"product","2":"type-product","3":"status-publish","5":"pwb-brand-brand-cirris-fr-2","6":"product_cat-cables-et-cablage-fr","7":"product_cat-control-de-la-qualite-fr","8":"product_cat-systemes-de-test-cirris-fr","10":"first","11":"instock","12":"taxable","13":"shipping-taxable","14":"product-type-simple"},"acf":[],"yoast_head":"<!-- This site is optimized with the Yoast SEO plugin v27.1.1 - https:\/\/yoast.com\/product\/yoast-seo-wordpress\/ -->\n<title>Low voltage cable tester 4200 - Smans<\/title>\n<meta name=\"robots\" content=\"index, follow, max-snippet:-1, max-image-preview:large, max-video-preview:-1\" \/>\n<link rel=\"canonical\" href=\"https:\/\/smans.com\/fr\/product\/cirris-4200-low-voltage-cable-tester\/\" \/>\n<meta property=\"og:locale\" content=\"fr_FR\" \/>\n<meta property=\"og:type\" content=\"article\" \/>\n<meta property=\"og:title\" content=\"Low voltage cable tester 4200 - Smans\" \/>\n<meta property=\"og:description\" content=\"Cable Tester\" \/>\n<meta property=\"og:url\" content=\"https:\/\/smans.com\/fr\/product\/cirris-4200-low-voltage-cable-tester\/\" \/>\n<meta property=\"og:site_name\" content=\"Smans\" \/>\n<meta property=\"article:modified_time\" content=\"2026-04-10T11:17:35+00:00\" \/>\n<meta name=\"twitter:card\" content=\"summary_large_image\" \/>\n<script type=\"application\/ld+json\" class=\"yoast-schema-graph\">{\"@context\":\"https:\/\/schema.org\",\"@graph\":[{\"@type\":\"WebPage\",\"@id\":\"https:\/\/smans.com\/fr\/product\/cirris-4200-low-voltage-cable-tester\/\",\"url\":\"https:\/\/smans.com\/fr\/product\/cirris-4200-low-voltage-cable-tester\/\",\"name\":\"Low voltage cable tester 4200 - Smans\",\"isPartOf\":{\"@id\":\"https:\/\/smans.com\/nl\/#website\"},\"datePublished\":\"2024-11-21T01:33:22+00:00\",\"dateModified\":\"2026-04-10T11:17:35+00:00\",\"breadcrumb\":{\"@id\":\"https:\/\/smans.com\/fr\/product\/cirris-4200-low-voltage-cable-tester\/#breadcrumb\"},\"inLanguage\":\"fr-FR\",\"potentialAction\":[{\"@type\":\"ReadAction\",\"target\":[\"https:\/\/smans.com\/fr\/product\/cirris-4200-low-voltage-cable-tester\/\"]}]},{\"@type\":\"BreadcrumbList\",\"@id\":\"https:\/\/smans.com\/fr\/product\/cirris-4200-low-voltage-cable-tester\/#breadcrumb\",\"itemListElement\":[{\"@type\":\"ListItem\",\"position\":1,\"name\":\"Home\",\"item\":\"https:\/\/smans.com\/fr\/\"},{\"@type\":\"ListItem\",\"position\":2,\"name\":\"Boutique\",\"item\":\"https:\/\/smans.com\/nl\/shop\/\"},{\"@type\":\"ListItem\",\"position\":3,\"name\":\"Cirris - Low voltage cable tester 4200\"}]},{\"@type\":\"WebSite\",\"@id\":\"https:\/\/smans.com\/nl\/#website\",\"url\":\"https:\/\/smans.com\/nl\/\",\"name\":\"Smans\",\"description\":\"\",\"publisher\":{\"@id\":\"https:\/\/smans.com\/nl\/#organization\"},\"potentialAction\":[{\"@type\":\"SearchAction\",\"target\":{\"@type\":\"EntryPoint\",\"urlTemplate\":\"https:\/\/smans.com\/nl\/?s={search_term_string}\"},\"query-input\":{\"@type\":\"PropertyValueSpecification\",\"valueRequired\":true,\"valueName\":\"search_term_string\"}}],\"inLanguage\":\"fr-FR\"},{\"@type\":\"Organization\",\"@id\":\"https:\/\/smans.com\/nl\/#organization\",\"name\":\"Smans\",\"url\":\"https:\/\/smans.com\/nl\/\",\"logo\":{\"@type\":\"ImageObject\",\"inLanguage\":\"fr-FR\",\"@id\":\"https:\/\/smans.com\/nl\/#\/schema\/logo\/image\/\",\"url\":\"https:\/\/smans.com\/wp-content\/uploads\/2023\/09\/logo.svg\",\"contentUrl\":\"https:\/\/smans.com\/wp-content\/uploads\/2023\/09\/logo.svg\",\"caption\":\"Smans\"},\"image\":{\"@id\":\"https:\/\/smans.com\/nl\/#\/schema\/logo\/image\/\"}}]}<\/script>\n<!-- \/ Yoast SEO plugin. -->","yoast_head_json":{"title":"Low voltage cable tester 4200 - Smans","robots":{"index":"index","follow":"follow","max-snippet":"max-snippet:-1","max-image-preview":"max-image-preview:large","max-video-preview":"max-video-preview:-1"},"canonical":"https:\/\/smans.com\/fr\/product\/cirris-4200-low-voltage-cable-tester\/","og_locale":"fr_FR","og_type":"article","og_title":"Low voltage cable tester 4200 - Smans","og_description":"Cable Tester","og_url":"https:\/\/smans.com\/fr\/product\/cirris-4200-low-voltage-cable-tester\/","og_site_name":"Smans","article_modified_time":"2026-04-10T11:17:35+00:00","twitter_card":"summary_large_image","schema":{"@context":"https:\/\/schema.org","@graph":[{"@type":"WebPage","@id":"https:\/\/smans.com\/fr\/product\/cirris-4200-low-voltage-cable-tester\/","url":"https:\/\/smans.com\/fr\/product\/cirris-4200-low-voltage-cable-tester\/","name":"Low voltage cable tester 4200 - Smans","isPartOf":{"@id":"https:\/\/smans.com\/nl\/#website"},"datePublished":"2024-11-21T01:33:22+00:00","dateModified":"2026-04-10T11:17:35+00:00","breadcrumb":{"@id":"https:\/\/smans.com\/fr\/product\/cirris-4200-low-voltage-cable-tester\/#breadcrumb"},"inLanguage":"fr-FR","potentialAction":[{"@type":"ReadAction","target":["https:\/\/smans.com\/fr\/product\/cirris-4200-low-voltage-cable-tester\/"]}]},{"@type":"BreadcrumbList","@id":"https:\/\/smans.com\/fr\/product\/cirris-4200-low-voltage-cable-tester\/#breadcrumb","itemListElement":[{"@type":"ListItem","position":1,"name":"Home","item":"https:\/\/smans.com\/fr\/"},{"@type":"ListItem","position":2,"name":"Boutique","item":"https:\/\/smans.com\/nl\/shop\/"},{"@type":"ListItem","position":3,"name":"Cirris - Low voltage cable tester 4200"}]},{"@type":"WebSite","@id":"https:\/\/smans.com\/nl\/#website","url":"https:\/\/smans.com\/nl\/","name":"Smans","description":"","publisher":{"@id":"https:\/\/smans.com\/nl\/#organization"},"potentialAction":[{"@type":"SearchAction","target":{"@type":"EntryPoint","urlTemplate":"https:\/\/smans.com\/nl\/?s={search_term_string}"},"query-input":{"@type":"PropertyValueSpecification","valueRequired":true,"valueName":"search_term_string"}}],"inLanguage":"fr-FR"},{"@type":"Organization","@id":"https:\/\/smans.com\/nl\/#organization","name":"Smans","url":"https:\/\/smans.com\/nl\/","logo":{"@type":"ImageObject","inLanguage":"fr-FR","@id":"https:\/\/smans.com\/nl\/#\/schema\/logo\/image\/","url":"https:\/\/smans.com\/wp-content\/uploads\/2023\/09\/logo.svg","contentUrl":"https:\/\/smans.com\/wp-content\/uploads\/2023\/09\/logo.svg","caption":"Smans"},"image":{"@id":"https:\/\/smans.com\/nl\/#\/schema\/logo\/image\/"}}]}},"brands":[{"id":18332,"name":"Cirris","slug":"brand-cirris-fr-2"}],"_links":{"self":[{"href":"https:\/\/smans.com\/fr\/wp-json\/wp\/v2\/product\/31475","targetHints":{"allow":["GET"]}}],"collection":[{"href":"https:\/\/smans.com\/fr\/wp-json\/wp\/v2\/product"}],"about":[{"href":"https:\/\/smans.com\/fr\/wp-json\/wp\/v2\/types\/product"}],"wp:attachment":[{"href":"https:\/\/smans.com\/fr\/wp-json\/wp\/v2\/media?parent=31475"}],"wp:term":[{"taxonomy":"pwb-brand","embeddable":true,"href":"https:\/\/smans.com\/fr\/wp-json\/wp\/v2\/pwb-brand?post=31475"},{"taxonomy":"product_brand","embeddable":true,"href":"https:\/\/smans.com\/fr\/wp-json\/wp\/v2\/product_brand?post=31475"},{"taxonomy":"product_cat","embeddable":true,"href":"https:\/\/smans.com\/fr\/wp-json\/wp\/v2\/product_cat?post=31475"},{"taxonomy":"product_tag","embeddable":true,"href":"https:\/\/smans.com\/fr\/wp-json\/wp\/v2\/product_tag?post=31475"}],"curies":[{"name":"wp","href":"https:\/\/api.w.org\/{rel}","templated":true}]}}