{"id":38486,"date":"2024-12-13T02:41:48","date_gmt":"2024-12-13T01:41:48","guid":{"rendered":"https:\/\/smans.com\/product\/reflow-soldering-machine-hotflow-one-2\/"},"modified":"2026-04-07T12:54:59","modified_gmt":"2026-04-07T10:54:59","slug":"reflow-soldering-machine-hotflow-one-2","status":"publish","type":"product","link":"https:\/\/smans.com\/fr\/product\/reflow-soldering-machine-hotflow-one-2\/","title":{"rendered":"Ersa - Reflow Soldering Machine HOTFLOW ONE 20"},"content":{"rendered":"<p>Le HOTFLOW 20 offre des performances maximales avec une longueur de processus de 4 840 mm et une charge nominale de 92 kW, tandis que la consommation d&rsquo;\u00e9nergie r\u00e9elle pendant la production n&rsquo;est que de 12 \u00e0 16 kW. Gr\u00e2ce \u00e0 la gestion int\u00e9gr\u00e9e de l&rsquo;\u00e9nergie et au refroidissement par air, vous maintenez une consommation faible sans compromettre la qualit\u00e9. Le transfert de chaleur optimis\u00e9 minimise les diff\u00e9rences de temp\u00e9rature (\u0394T) et emp\u00eache la surchauffe des composants.<\/p>\n<h4>Construction avanc\u00e9e et conception facile d&rsquo;entretien<\/h4>\n<p>Avec une largeur de travail allant jusqu&rsquo;\u00e0 516 mm et une vitesse de transport de 20 \u00e0 200 cm\/min, vous pouvez traiter sans effort diff\u00e9rents formats de circuits imprim\u00e9s. La machine est \u00e9quip\u00e9e d&rsquo;un support central \u00e0 faible masse, de modules de chauffage amovibles en haut et en bas et d&rsquo;un syst\u00e8me de lubrification automatique de la cha\u00eene. Cela facilite la maintenance et r\u00e9duit les temps d&rsquo;arr\u00eat, ce qui maximise le temps de fonctionnement de votre production.<\/p>\n<h4>Commande intelligente et contr\u00f4le des processus<\/h4>\n<p>Vous commandez la HOTFLOW 20 via un PC industriel avec \u00e9cran tactile et un syst\u00e8me command\u00e9 par PLC. Le logiciel ERSASOFT int\u00e9gr\u00e9 offre toutes les fonctions n\u00e9cessaires \u00e0 la surveillance des processus, \u00e0 la gestion des t\u00e2ches et au profilage hors ligne via l&rsquo;Autoprofiler. Vous pouvez ainsi optimiser rapidement les profils de temp\u00e9rature et garantir la qualit\u00e9. Toutes les donn\u00e9es de processus sont automatiquement enregistr\u00e9es conform\u00e9ment \u00e0 la norme ZVEI, ce qui garantit la tra\u00e7abilit\u00e9.<\/p>\n<h4>Compact, silencieux et tourn\u00e9 vers l&rsquo;avenir<\/h4>\n<p>Avec une longueur de 6,27 m et un niveau sonore inf\u00e9rieur \u00e0 65 dB(A), le HOTFLOW 20 s&rsquo;int\u00e8gre facilement dans n&rsquo;importe quel environnement de production. Gr\u00e2ce \u00e0 des composants durables, une circulation d&rsquo;air efficace et un rapport qualit\u00e9-prix \u00e9prouv\u00e9, cette machine de refusion offre une fiabilit\u00e9 \u00e0 long terme et un retour sur investissement rapide.<\/p>\n","protected":false},"excerpt":{"rendered":"<p>Machine de soudage par refusion qui excelle en termes de vitesse, de stabilit\u00e9 et d&rsquo;efficacit\u00e9 \u00e9nerg\u00e9tique, avec dix zones de chauffage en haut et en bas.<\/p>\n","protected":false},"featured_media":0,"template":"","meta":{"_acf_changed":false},"pwb-brand":[18232],"product_brand":[],"product_cat":[17991,18011,18087],"product_tag":[],"class_list":{"0":"post-38486","1":"product","2":"type-product","3":"status-publish","5":"pwb-brand-brand-ersa-fr","6":"product_cat-electronique-fr","7":"product_cat-equipement-d-assemblage-smt-fr","8":"product_cat-soldering-fr","10":"first","11":"instock","12":"taxable","13":"shipping-taxable","14":"product-type-simple"},"acf":[],"yoast_head":"<!-- This site is optimized with the Yoast SEO plugin v27.1.1 - https:\/\/yoast.com\/product\/yoast-seo-wordpress\/ -->\n<title>Reflow Soldering Machine HOTFLOW ONE 20 - Smans<\/title>\n<meta name=\"robots\" content=\"index, follow, max-snippet:-1, max-image-preview:large, max-video-preview:-1\" \/>\n<link rel=\"canonical\" href=\"https:\/\/smans.com\/fr\/product\/reflow-soldering-machine-hotflow-one-2\/\" \/>\n<meta property=\"og:locale\" content=\"fr_FR\" \/>\n<meta property=\"og:type\" content=\"article\" \/>\n<meta property=\"og:title\" content=\"Reflow Soldering Machine HOTFLOW ONE 20 - Smans\" \/>\n<meta property=\"og:description\" content=\"Machine de soudage par refusion qui excelle en termes de vitesse, de stabilit\u00e9 et d&#039;efficacit\u00e9 \u00e9nerg\u00e9tique, avec dix zones de chauffage en haut et en bas.\" \/>\n<meta property=\"og:url\" content=\"https:\/\/smans.com\/fr\/product\/reflow-soldering-machine-hotflow-one-2\/\" \/>\n<meta property=\"og:site_name\" content=\"Smans\" \/>\n<meta property=\"article:modified_time\" content=\"2026-04-07T10:54:59+00:00\" \/>\n<meta name=\"twitter:card\" content=\"summary_large_image\" \/>\n<meta name=\"twitter:label1\" content=\"Dur\u00e9e de lecture estim\u00e9e\" \/>\n\t<meta name=\"twitter:data1\" content=\"2 minutes\" \/>\n<script type=\"application\/ld+json\" class=\"yoast-schema-graph\">{\"@context\":\"https:\/\/schema.org\",\"@graph\":[{\"@type\":\"WebPage\",\"@id\":\"https:\/\/smans.com\/fr\/product\/reflow-soldering-machine-hotflow-one-2\/\",\"url\":\"https:\/\/smans.com\/fr\/product\/reflow-soldering-machine-hotflow-one-2\/\",\"name\":\"Reflow Soldering Machine HOTFLOW ONE 20 - Smans\",\"isPartOf\":{\"@id\":\"https:\/\/smans.com\/nl\/#website\"},\"datePublished\":\"2024-12-13T01:41:48+00:00\",\"dateModified\":\"2026-04-07T10:54:59+00:00\",\"breadcrumb\":{\"@id\":\"https:\/\/smans.com\/fr\/product\/reflow-soldering-machine-hotflow-one-2\/#breadcrumb\"},\"inLanguage\":\"fr-FR\",\"potentialAction\":[{\"@type\":\"ReadAction\",\"target\":[\"https:\/\/smans.com\/fr\/product\/reflow-soldering-machine-hotflow-one-2\/\"]}]},{\"@type\":\"BreadcrumbList\",\"@id\":\"https:\/\/smans.com\/fr\/product\/reflow-soldering-machine-hotflow-one-2\/#breadcrumb\",\"itemListElement\":[{\"@type\":\"ListItem\",\"position\":1,\"name\":\"Home\",\"item\":\"https:\/\/smans.com\/fr\/\"},{\"@type\":\"ListItem\",\"position\":2,\"name\":\"Boutique\",\"item\":\"https:\/\/smans.com\/nl\/shop\/\"},{\"@type\":\"ListItem\",\"position\":3,\"name\":\"Ersa - Reflow Soldering Machine HOTFLOW ONE 20\"}]},{\"@type\":\"WebSite\",\"@id\":\"https:\/\/smans.com\/nl\/#website\",\"url\":\"https:\/\/smans.com\/nl\/\",\"name\":\"Smans\",\"description\":\"\",\"publisher\":{\"@id\":\"https:\/\/smans.com\/nl\/#organization\"},\"potentialAction\":[{\"@type\":\"SearchAction\",\"target\":{\"@type\":\"EntryPoint\",\"urlTemplate\":\"https:\/\/smans.com\/nl\/?s={search_term_string}\"},\"query-input\":{\"@type\":\"PropertyValueSpecification\",\"valueRequired\":true,\"valueName\":\"search_term_string\"}}],\"inLanguage\":\"fr-FR\"},{\"@type\":\"Organization\",\"@id\":\"https:\/\/smans.com\/nl\/#organization\",\"name\":\"Smans\",\"url\":\"https:\/\/smans.com\/nl\/\",\"logo\":{\"@type\":\"ImageObject\",\"inLanguage\":\"fr-FR\",\"@id\":\"https:\/\/smans.com\/nl\/#\/schema\/logo\/image\/\",\"url\":\"https:\/\/smans.com\/wp-content\/uploads\/2023\/09\/logo.svg\",\"contentUrl\":\"https:\/\/smans.com\/wp-content\/uploads\/2023\/09\/logo.svg\",\"caption\":\"Smans\"},\"image\":{\"@id\":\"https:\/\/smans.com\/nl\/#\/schema\/logo\/image\/\"}}]}<\/script>\n<!-- \/ Yoast SEO plugin. -->","yoast_head_json":{"title":"Reflow Soldering Machine HOTFLOW ONE 20 - Smans","robots":{"index":"index","follow":"follow","max-snippet":"max-snippet:-1","max-image-preview":"max-image-preview:large","max-video-preview":"max-video-preview:-1"},"canonical":"https:\/\/smans.com\/fr\/product\/reflow-soldering-machine-hotflow-one-2\/","og_locale":"fr_FR","og_type":"article","og_title":"Reflow Soldering Machine HOTFLOW ONE 20 - Smans","og_description":"Machine de soudage par refusion qui excelle en termes de vitesse, de stabilit\u00e9 et d'efficacit\u00e9 \u00e9nerg\u00e9tique, avec dix zones de chauffage en haut et en bas.","og_url":"https:\/\/smans.com\/fr\/product\/reflow-soldering-machine-hotflow-one-2\/","og_site_name":"Smans","article_modified_time":"2026-04-07T10:54:59+00:00","twitter_card":"summary_large_image","twitter_misc":{"Dur\u00e9e de lecture estim\u00e9e":"2 minutes"},"schema":{"@context":"https:\/\/schema.org","@graph":[{"@type":"WebPage","@id":"https:\/\/smans.com\/fr\/product\/reflow-soldering-machine-hotflow-one-2\/","url":"https:\/\/smans.com\/fr\/product\/reflow-soldering-machine-hotflow-one-2\/","name":"Reflow Soldering Machine HOTFLOW ONE 20 - Smans","isPartOf":{"@id":"https:\/\/smans.com\/nl\/#website"},"datePublished":"2024-12-13T01:41:48+00:00","dateModified":"2026-04-07T10:54:59+00:00","breadcrumb":{"@id":"https:\/\/smans.com\/fr\/product\/reflow-soldering-machine-hotflow-one-2\/#breadcrumb"},"inLanguage":"fr-FR","potentialAction":[{"@type":"ReadAction","target":["https:\/\/smans.com\/fr\/product\/reflow-soldering-machine-hotflow-one-2\/"]}]},{"@type":"BreadcrumbList","@id":"https:\/\/smans.com\/fr\/product\/reflow-soldering-machine-hotflow-one-2\/#breadcrumb","itemListElement":[{"@type":"ListItem","position":1,"name":"Home","item":"https:\/\/smans.com\/fr\/"},{"@type":"ListItem","position":2,"name":"Boutique","item":"https:\/\/smans.com\/nl\/shop\/"},{"@type":"ListItem","position":3,"name":"Ersa - Reflow Soldering Machine HOTFLOW ONE 20"}]},{"@type":"WebSite","@id":"https:\/\/smans.com\/nl\/#website","url":"https:\/\/smans.com\/nl\/","name":"Smans","description":"","publisher":{"@id":"https:\/\/smans.com\/nl\/#organization"},"potentialAction":[{"@type":"SearchAction","target":{"@type":"EntryPoint","urlTemplate":"https:\/\/smans.com\/nl\/?s={search_term_string}"},"query-input":{"@type":"PropertyValueSpecification","valueRequired":true,"valueName":"search_term_string"}}],"inLanguage":"fr-FR"},{"@type":"Organization","@id":"https:\/\/smans.com\/nl\/#organization","name":"Smans","url":"https:\/\/smans.com\/nl\/","logo":{"@type":"ImageObject","inLanguage":"fr-FR","@id":"https:\/\/smans.com\/nl\/#\/schema\/logo\/image\/","url":"https:\/\/smans.com\/wp-content\/uploads\/2023\/09\/logo.svg","contentUrl":"https:\/\/smans.com\/wp-content\/uploads\/2023\/09\/logo.svg","caption":"Smans"},"image":{"@id":"https:\/\/smans.com\/nl\/#\/schema\/logo\/image\/"}}]}},"brands":[{"id":18232,"name":"Ersa","slug":"brand-ersa-fr"}],"_links":{"self":[{"href":"https:\/\/smans.com\/fr\/wp-json\/wp\/v2\/product\/38486","targetHints":{"allow":["GET"]}}],"collection":[{"href":"https:\/\/smans.com\/fr\/wp-json\/wp\/v2\/product"}],"about":[{"href":"https:\/\/smans.com\/fr\/wp-json\/wp\/v2\/types\/product"}],"wp:attachment":[{"href":"https:\/\/smans.com\/fr\/wp-json\/wp\/v2\/media?parent=38486"}],"wp:term":[{"taxonomy":"pwb-brand","embeddable":true,"href":"https:\/\/smans.com\/fr\/wp-json\/wp\/v2\/pwb-brand?post=38486"},{"taxonomy":"product_brand","embeddable":true,"href":"https:\/\/smans.com\/fr\/wp-json\/wp\/v2\/product_brand?post=38486"},{"taxonomy":"product_cat","embeddable":true,"href":"https:\/\/smans.com\/fr\/wp-json\/wp\/v2\/product_cat?post=38486"},{"taxonomy":"product_tag","embeddable":true,"href":"https:\/\/smans.com\/fr\/wp-json\/wp\/v2\/product_tag?post=38486"}],"curies":[{"name":"wp","href":"https:\/\/api.w.org\/{rel}","templated":true}]}}