{"id":38547,"date":"2025-02-22T03:53:11","date_gmt":"2025-02-22T02:53:11","guid":{"rendered":"https:\/\/smans.com\/product\/stripping-machine-b300-2\/"},"modified":"2026-04-10T13:20:00","modified_gmt":"2026-04-10T11:20:00","slug":"stripping-machine-b300-2","status":"publish","type":"product","link":"https:\/\/smans.com\/fr\/product\/stripping-machine-b300-2\/","title":{"rendered":"Schleuniger - Stripping Machine B300"},"content":{"rendered":"<p>La Schleuniger B300 est une d\u00e9nudeuse puissante et facile \u00e0 utiliser qui excelle en termes de vitesse, de pr\u00e9cision et de fiabilit\u00e9. Con\u00e7ue pour une large gamme de types de c\u00e2bles, des c\u00e2bles \u00e0 un ou plusieurs conducteurs aux gaines de c\u00e2bles de capteurs et de fibres optiques, cette machine allie pr\u00e9cision m\u00e9canique et programmation intuitive via un \u00e9cran tactile couleur de 5 pouces.<\/p>\n<p>Le B300 traite des <strong>c\u00e2bles de section comprise entre 0,03 et 8 mm\u00b2<\/strong> (AWG 32-8) et de <strong>diam\u00e8tre maximal de 7 mm<\/strong>, avec une longueur de d\u00e9nudage maximale de 50 mm et une longueur de retrait de 30 mm.<\/p>\n<p>Gr\u00e2ce \u00e0 son capteur de d\u00e9clenchement ultrasensible, le d\u00e9nudage d\u00e9marre automatiquement d\u00e8s que le c\u00e2ble touche la surface du capteur, ce qui garantit un flux de travail fluide sans op\u00e9rations suppl\u00e9mentaires.<\/p>\n<p>Avec sa surveillance permanente de l&rsquo;axe pour le contr\u00f4le de la qualit\u00e9, l&rsquo;absence de changement de lame et son grand conteneur \u00e0 d\u00e9chets, le B300 minimise les temps d&rsquo;arr\u00eat et augmente la vitesse de production. La mise \u00e0 niveau logicielle en option ajoute des fonctions telles que le d\u00e9nudage multiple, le d\u00e9nudage s\u00e9quentiel de c\u00e2bles multiconducteurs et la reconnaissance des codes-barres pour la gestion des articles.<\/p>\n<p><strong>Configuration de la machine<\/strong><\/p>\n<ul>\n<li>M\u00e2choire de serrage Set Standard<\/li>\n<li>Set de lames en V HSS<\/li>\n<li>Emballage standard<\/li>\n<\/ul>\n","protected":false},"excerpt":{"rendered":"<p>Une machine \u00e0 d\u00e9nuder programmable pour les c\u00e2bles \u00e0 un conducteur, \u00e0 plusieurs conducteurs et les c\u00e2bles de capteurs jusqu&rsquo;\u00e0 7 mm de diam\u00e8tre.<br \/>\nPrix non cumulables avec d&rsquo;autres r\u00e9ductions.<\/p>\n","protected":false},"featured_media":0,"template":"","meta":{"_acf_changed":false},"pwb-brand":[18298],"product_brand":[],"product_cat":[17990,17993,18042],"product_tag":[],"class_list":{"0":"post-38547","1":"product","2":"type-product","3":"status-publish","5":"pwb-brand-brand-schleuniger-fr","6":"product_cat-cables-et-cablage-fr","7":"product_cat-couper-denuder-sertissage-fr","8":"product_cat-denudeuses-de-fils-fr","10":"first","11":"instock","12":"taxable","13":"shipping-taxable","14":"purchasable","15":"product-type-simple"},"acf":[],"yoast_head":"<!-- This site is optimized with the Yoast SEO plugin v27.1.1 - https:\/\/yoast.com\/product\/yoast-seo-wordpress\/ -->\n<title>Stripping Machine B300 - Smans<\/title>\n<meta name=\"robots\" content=\"index, follow, max-snippet:-1, max-image-preview:large, max-video-preview:-1\" \/>\n<link rel=\"canonical\" href=\"https:\/\/smans.com\/fr\/product\/stripping-machine-b300-2\/\" \/>\n<meta property=\"og:locale\" content=\"fr_FR\" \/>\n<meta property=\"og:type\" content=\"article\" \/>\n<meta property=\"og:title\" content=\"Stripping Machine B300 - Smans\" \/>\n<meta property=\"og:description\" content=\"Une machine \u00e0 d\u00e9nuder programmable pour les c\u00e2bles \u00e0 un conducteur, \u00e0 plusieurs conducteurs et les c\u00e2bles de capteurs jusqu&#039;\u00e0 7 mm de diam\u00e8tre. Prix non cumulables avec d&#039;autres r\u00e9ductions.\" \/>\n<meta property=\"og:url\" content=\"https:\/\/smans.com\/fr\/product\/stripping-machine-b300-2\/\" \/>\n<meta property=\"og:site_name\" content=\"Smans\" \/>\n<meta property=\"article:modified_time\" content=\"2026-04-10T11:20:00+00:00\" \/>\n<meta name=\"twitter:card\" content=\"summary_large_image\" \/>\n<meta name=\"twitter:label1\" content=\"Dur\u00e9e de lecture estim\u00e9e\" \/>\n\t<meta name=\"twitter:data1\" content=\"1 minute\" \/>\n<script type=\"application\/ld+json\" class=\"yoast-schema-graph\">{\"@context\":\"https:\/\/schema.org\",\"@graph\":[{\"@type\":\"WebPage\",\"@id\":\"https:\/\/smans.com\/fr\/product\/stripping-machine-b300-2\/\",\"url\":\"https:\/\/smans.com\/fr\/product\/stripping-machine-b300-2\/\",\"name\":\"Stripping Machine B300 - Smans\",\"isPartOf\":{\"@id\":\"https:\/\/smans.com\/nl\/#website\"},\"datePublished\":\"2025-02-22T02:53:11+00:00\",\"dateModified\":\"2026-04-10T11:20:00+00:00\",\"breadcrumb\":{\"@id\":\"https:\/\/smans.com\/fr\/product\/stripping-machine-b300-2\/#breadcrumb\"},\"inLanguage\":\"fr-FR\",\"potentialAction\":[{\"@type\":\"ReadAction\",\"target\":[\"https:\/\/smans.com\/fr\/product\/stripping-machine-b300-2\/\"]}]},{\"@type\":\"BreadcrumbList\",\"@id\":\"https:\/\/smans.com\/fr\/product\/stripping-machine-b300-2\/#breadcrumb\",\"itemListElement\":[{\"@type\":\"ListItem\",\"position\":1,\"name\":\"Home\",\"item\":\"https:\/\/smans.com\/fr\/\"},{\"@type\":\"ListItem\",\"position\":2,\"name\":\"Boutique\",\"item\":\"https:\/\/smans.com\/nl\/shop\/\"},{\"@type\":\"ListItem\",\"position\":3,\"name\":\"Schleuniger - Stripping Machine B300\"}]},{\"@type\":\"WebSite\",\"@id\":\"https:\/\/smans.com\/nl\/#website\",\"url\":\"https:\/\/smans.com\/nl\/\",\"name\":\"Smans\",\"description\":\"\",\"publisher\":{\"@id\":\"https:\/\/smans.com\/nl\/#organization\"},\"potentialAction\":[{\"@type\":\"SearchAction\",\"target\":{\"@type\":\"EntryPoint\",\"urlTemplate\":\"https:\/\/smans.com\/nl\/?s={search_term_string}\"},\"query-input\":{\"@type\":\"PropertyValueSpecification\",\"valueRequired\":true,\"valueName\":\"search_term_string\"}}],\"inLanguage\":\"fr-FR\"},{\"@type\":\"Organization\",\"@id\":\"https:\/\/smans.com\/nl\/#organization\",\"name\":\"Smans\",\"url\":\"https:\/\/smans.com\/nl\/\",\"logo\":{\"@type\":\"ImageObject\",\"inLanguage\":\"fr-FR\",\"@id\":\"https:\/\/smans.com\/nl\/#\/schema\/logo\/image\/\",\"url\":\"https:\/\/smans.com\/wp-content\/uploads\/2023\/09\/logo.svg\",\"contentUrl\":\"https:\/\/smans.com\/wp-content\/uploads\/2023\/09\/logo.svg\",\"caption\":\"Smans\"},\"image\":{\"@id\":\"https:\/\/smans.com\/nl\/#\/schema\/logo\/image\/\"}}]}<\/script>\n<!-- \/ Yoast SEO plugin. -->","yoast_head_json":{"title":"Stripping Machine B300 - Smans","robots":{"index":"index","follow":"follow","max-snippet":"max-snippet:-1","max-image-preview":"max-image-preview:large","max-video-preview":"max-video-preview:-1"},"canonical":"https:\/\/smans.com\/fr\/product\/stripping-machine-b300-2\/","og_locale":"fr_FR","og_type":"article","og_title":"Stripping Machine B300 - Smans","og_description":"Une machine \u00e0 d\u00e9nuder programmable pour les c\u00e2bles \u00e0 un conducteur, \u00e0 plusieurs conducteurs et les c\u00e2bles de capteurs jusqu'\u00e0 7 mm de diam\u00e8tre. Prix non cumulables avec d'autres r\u00e9ductions.","og_url":"https:\/\/smans.com\/fr\/product\/stripping-machine-b300-2\/","og_site_name":"Smans","article_modified_time":"2026-04-10T11:20:00+00:00","twitter_card":"summary_large_image","twitter_misc":{"Dur\u00e9e de lecture estim\u00e9e":"1 minute"},"schema":{"@context":"https:\/\/schema.org","@graph":[{"@type":"WebPage","@id":"https:\/\/smans.com\/fr\/product\/stripping-machine-b300-2\/","url":"https:\/\/smans.com\/fr\/product\/stripping-machine-b300-2\/","name":"Stripping Machine B300 - Smans","isPartOf":{"@id":"https:\/\/smans.com\/nl\/#website"},"datePublished":"2025-02-22T02:53:11+00:00","dateModified":"2026-04-10T11:20:00+00:00","breadcrumb":{"@id":"https:\/\/smans.com\/fr\/product\/stripping-machine-b300-2\/#breadcrumb"},"inLanguage":"fr-FR","potentialAction":[{"@type":"ReadAction","target":["https:\/\/smans.com\/fr\/product\/stripping-machine-b300-2\/"]}]},{"@type":"BreadcrumbList","@id":"https:\/\/smans.com\/fr\/product\/stripping-machine-b300-2\/#breadcrumb","itemListElement":[{"@type":"ListItem","position":1,"name":"Home","item":"https:\/\/smans.com\/fr\/"},{"@type":"ListItem","position":2,"name":"Boutique","item":"https:\/\/smans.com\/nl\/shop\/"},{"@type":"ListItem","position":3,"name":"Schleuniger - Stripping Machine B300"}]},{"@type":"WebSite","@id":"https:\/\/smans.com\/nl\/#website","url":"https:\/\/smans.com\/nl\/","name":"Smans","description":"","publisher":{"@id":"https:\/\/smans.com\/nl\/#organization"},"potentialAction":[{"@type":"SearchAction","target":{"@type":"EntryPoint","urlTemplate":"https:\/\/smans.com\/nl\/?s={search_term_string}"},"query-input":{"@type":"PropertyValueSpecification","valueRequired":true,"valueName":"search_term_string"}}],"inLanguage":"fr-FR"},{"@type":"Organization","@id":"https:\/\/smans.com\/nl\/#organization","name":"Smans","url":"https:\/\/smans.com\/nl\/","logo":{"@type":"ImageObject","inLanguage":"fr-FR","@id":"https:\/\/smans.com\/nl\/#\/schema\/logo\/image\/","url":"https:\/\/smans.com\/wp-content\/uploads\/2023\/09\/logo.svg","contentUrl":"https:\/\/smans.com\/wp-content\/uploads\/2023\/09\/logo.svg","caption":"Smans"},"image":{"@id":"https:\/\/smans.com\/nl\/#\/schema\/logo\/image\/"}}]}},"brands":[{"id":18298,"name":"Schleuniger","slug":"brand-schleuniger-fr"}],"_links":{"self":[{"href":"https:\/\/smans.com\/fr\/wp-json\/wp\/v2\/product\/38547","targetHints":{"allow":["GET"]}}],"collection":[{"href":"https:\/\/smans.com\/fr\/wp-json\/wp\/v2\/product"}],"about":[{"href":"https:\/\/smans.com\/fr\/wp-json\/wp\/v2\/types\/product"}],"wp:attachment":[{"href":"https:\/\/smans.com\/fr\/wp-json\/wp\/v2\/media?parent=38547"}],"wp:term":[{"taxonomy":"pwb-brand","embeddable":true,"href":"https:\/\/smans.com\/fr\/wp-json\/wp\/v2\/pwb-brand?post=38547"},{"taxonomy":"product_brand","embeddable":true,"href":"https:\/\/smans.com\/fr\/wp-json\/wp\/v2\/product_brand?post=38547"},{"taxonomy":"product_cat","embeddable":true,"href":"https:\/\/smans.com\/fr\/wp-json\/wp\/v2\/product_cat?post=38547"},{"taxonomy":"product_tag","embeddable":true,"href":"https:\/\/smans.com\/fr\/wp-json\/wp\/v2\/product_tag?post=38547"}],"curies":[{"name":"wp","href":"https:\/\/api.w.org\/{rel}","templated":true}]}}