{"id":47500,"date":"2025-05-22T18:17:50","date_gmt":"2025-05-22T16:17:50","guid":{"rendered":"https:\/\/smans.com\/product\/pick-place-software-ii-tab\/"},"modified":"2026-04-09T13:30:44","modified_gmt":"2026-04-09T11:30:44","slug":"pick-place-software-ii-tab","status":"publish","type":"product","link":"https:\/\/smans.com\/fr\/product\/pick-place-software-ii-tab\/","title":{"rendered":"Europlacer - Pick &amp; Place Software ii-Tab"},"content":{"rendered":"<p data-start=\"1530\" data-end=\"1935\">L\u2019interface de la <strong data-start=\"1548\" data-end=\"1558\">ii-Tab<\/strong> est con\u00e7ue pour \u00eatre intuitive, avec des donn\u00e9es facilement identifiables et une ergonomie optimis\u00e9e dans les moindres d\u00e9tails. Les notifications sont g\u00e9r\u00e9es intelligemment dans toutes les applications int\u00e9gr\u00e9es, afin que vous ne manquiez jamais une information importante. Notre priorit\u00e9 est de vous informer en <strong data-start=\"1872\" data-end=\"1886\">temps r\u00e9el<\/strong> de tout \u00e9v\u00e9nement n\u00e9cessitant votre attention.<\/p>\n<p data-start=\"1937\" data-end=\"2227\">La solution mobile d\u00e9velopp\u00e9e par <strong data-start=\"1971\" data-end=\"1985\">Europlacer<\/strong> repose sur une tablette industrielle robuste et professionnelle dot\u00e9e d\u2019un <strong data-start=\"2061\" data-end=\"2083\">\u00e9cran de 10 pouces<\/strong>. Sa conception solide r\u00e9siste aux chutes de plus d\u2019un m\u00e8tre et offre une prise en main s\u00fbre, r\u00e9glable et ergonomique pour un confort optimal.<\/p>\n<p data-start=\"2229\" data-end=\"2404\">C\u00f4t\u00e9 autonomie, la ii-Tab b\u00e9n\u00e9ficie d\u2019une <strong data-start=\"2271\" data-end=\"2296\">batterie longue dur\u00e9e<\/strong>, renforc\u00e9e par une batterie secondaire et une station de recharge, garantissant une utilisation continue.<\/p>\n<p data-start=\"2406\" data-end=\"2622\">Le <strong data-start=\"2409\" data-end=\"2427\">support ii-Tab<\/strong> sp\u00e9cialement con\u00e7u par Europlacer permet \u00e9galement de fixer une tablette directement sur le <strong data-start=\"2520\" data-end=\"2531\">ii-Cart<\/strong> lors de la pr\u00e9paration des feeders, assurant une visibilit\u00e9 et une efficacit\u00e9 optimales.<\/p>\n<p data-start=\"2624\" data-end=\"2760\">La solution ii-Tab est compl\u00e9t\u00e9e par un <strong data-start=\"2664\" data-end=\"2697\">scanner Bluetooth ultra-l\u00e9ger<\/strong>, qui facilite et acc\u00e9l\u00e8re l\u2019identification des codes-barres.<\/p>\n","protected":false},"excerpt":{"rendered":"<p>The ii-Tab software environment has been<br \/>\ndesigned to minimize tablet handling and<br \/>\nensure the best user experience<\/p>\n","protected":false},"featured_media":0,"template":"","meta":{"_acf_changed":false},"pwb-brand":[18240],"product_brand":[],"product_cat":[17991,18011,18084],"product_tag":[],"class_list":{"0":"post-47500","1":"product","2":"type-product","3":"status-publish","5":"pwb-brand-brand-europlacer-fr","6":"product_cat-electronique-fr","7":"product_cat-equipement-d-assemblage-smt-fr","8":"product_cat-pick-place-fr","10":"first","11":"instock","12":"taxable","13":"shipping-taxable","14":"product-type-simple"},"acf":[],"yoast_head":"<!-- This site is optimized with the Yoast SEO plugin v27.1.1 - https:\/\/yoast.com\/product\/yoast-seo-wordpress\/ -->\n<title>Pick &amp; Place Software ii-Tab - Smans<\/title>\n<meta name=\"robots\" content=\"index, follow, max-snippet:-1, max-image-preview:large, max-video-preview:-1\" \/>\n<link rel=\"canonical\" href=\"https:\/\/smans.com\/fr\/product\/pick-place-software-ii-tab\/\" \/>\n<meta property=\"og:locale\" content=\"fr_FR\" \/>\n<meta property=\"og:type\" content=\"article\" \/>\n<meta property=\"og:title\" content=\"Pick &amp; Place Software ii-Tab - Smans\" \/>\n<meta property=\"og:description\" content=\"The ii-Tab software environment has been designed to minimize tablet handling and ensure the best user experience\" \/>\n<meta property=\"og:url\" content=\"https:\/\/smans.com\/fr\/product\/pick-place-software-ii-tab\/\" \/>\n<meta property=\"og:site_name\" content=\"Smans\" \/>\n<meta property=\"article:modified_time\" content=\"2026-04-09T11:30:44+00:00\" \/>\n<meta name=\"twitter:card\" content=\"summary_large_image\" \/>\n<meta name=\"twitter:label1\" content=\"Dur\u00e9e de lecture estim\u00e9e\" \/>\n\t<meta name=\"twitter:data1\" content=\"1 minute\" \/>\n<script type=\"application\/ld+json\" class=\"yoast-schema-graph\">{\"@context\":\"https:\/\/schema.org\",\"@graph\":[{\"@type\":\"WebPage\",\"@id\":\"https:\/\/smans.com\/fr\/product\/pick-place-software-ii-tab\/\",\"url\":\"https:\/\/smans.com\/fr\/product\/pick-place-software-ii-tab\/\",\"name\":\"Pick &amp; Place Software ii-Tab - Smans\",\"isPartOf\":{\"@id\":\"https:\/\/smans.com\/nl\/#website\"},\"datePublished\":\"2025-05-22T16:17:50+00:00\",\"dateModified\":\"2026-04-09T11:30:44+00:00\",\"breadcrumb\":{\"@id\":\"https:\/\/smans.com\/fr\/product\/pick-place-software-ii-tab\/#breadcrumb\"},\"inLanguage\":\"fr-FR\",\"potentialAction\":[{\"@type\":\"ReadAction\",\"target\":[\"https:\/\/smans.com\/fr\/product\/pick-place-software-ii-tab\/\"]}]},{\"@type\":\"BreadcrumbList\",\"@id\":\"https:\/\/smans.com\/fr\/product\/pick-place-software-ii-tab\/#breadcrumb\",\"itemListElement\":[{\"@type\":\"ListItem\",\"position\":1,\"name\":\"Home\",\"item\":\"https:\/\/smans.com\/fr\/\"},{\"@type\":\"ListItem\",\"position\":2,\"name\":\"Boutique\",\"item\":\"https:\/\/smans.com\/nl\/shop\/\"},{\"@type\":\"ListItem\",\"position\":3,\"name\":\"Europlacer - Pick &amp; Place Software ii-Tab\"}]},{\"@type\":\"WebSite\",\"@id\":\"https:\/\/smans.com\/nl\/#website\",\"url\":\"https:\/\/smans.com\/nl\/\",\"name\":\"Smans\",\"description\":\"\",\"publisher\":{\"@id\":\"https:\/\/smans.com\/nl\/#organization\"},\"potentialAction\":[{\"@type\":\"SearchAction\",\"target\":{\"@type\":\"EntryPoint\",\"urlTemplate\":\"https:\/\/smans.com\/nl\/?s={search_term_string}\"},\"query-input\":{\"@type\":\"PropertyValueSpecification\",\"valueRequired\":true,\"valueName\":\"search_term_string\"}}],\"inLanguage\":\"fr-FR\"},{\"@type\":\"Organization\",\"@id\":\"https:\/\/smans.com\/nl\/#organization\",\"name\":\"Smans\",\"url\":\"https:\/\/smans.com\/nl\/\",\"logo\":{\"@type\":\"ImageObject\",\"inLanguage\":\"fr-FR\",\"@id\":\"https:\/\/smans.com\/nl\/#\/schema\/logo\/image\/\",\"url\":\"https:\/\/smans.com\/wp-content\/uploads\/2023\/09\/logo.svg\",\"contentUrl\":\"https:\/\/smans.com\/wp-content\/uploads\/2023\/09\/logo.svg\",\"caption\":\"Smans\"},\"image\":{\"@id\":\"https:\/\/smans.com\/nl\/#\/schema\/logo\/image\/\"}}]}<\/script>\n<!-- \/ Yoast SEO plugin. -->","yoast_head_json":{"title":"Pick &amp; Place Software ii-Tab - Smans","robots":{"index":"index","follow":"follow","max-snippet":"max-snippet:-1","max-image-preview":"max-image-preview:large","max-video-preview":"max-video-preview:-1"},"canonical":"https:\/\/smans.com\/fr\/product\/pick-place-software-ii-tab\/","og_locale":"fr_FR","og_type":"article","og_title":"Pick &amp; Place Software ii-Tab - Smans","og_description":"The ii-Tab software environment has been designed to minimize tablet handling and ensure the best user experience","og_url":"https:\/\/smans.com\/fr\/product\/pick-place-software-ii-tab\/","og_site_name":"Smans","article_modified_time":"2026-04-09T11:30:44+00:00","twitter_card":"summary_large_image","twitter_misc":{"Dur\u00e9e de lecture estim\u00e9e":"1 minute"},"schema":{"@context":"https:\/\/schema.org","@graph":[{"@type":"WebPage","@id":"https:\/\/smans.com\/fr\/product\/pick-place-software-ii-tab\/","url":"https:\/\/smans.com\/fr\/product\/pick-place-software-ii-tab\/","name":"Pick &amp; Place Software ii-Tab - Smans","isPartOf":{"@id":"https:\/\/smans.com\/nl\/#website"},"datePublished":"2025-05-22T16:17:50+00:00","dateModified":"2026-04-09T11:30:44+00:00","breadcrumb":{"@id":"https:\/\/smans.com\/fr\/product\/pick-place-software-ii-tab\/#breadcrumb"},"inLanguage":"fr-FR","potentialAction":[{"@type":"ReadAction","target":["https:\/\/smans.com\/fr\/product\/pick-place-software-ii-tab\/"]}]},{"@type":"BreadcrumbList","@id":"https:\/\/smans.com\/fr\/product\/pick-place-software-ii-tab\/#breadcrumb","itemListElement":[{"@type":"ListItem","position":1,"name":"Home","item":"https:\/\/smans.com\/fr\/"},{"@type":"ListItem","position":2,"name":"Boutique","item":"https:\/\/smans.com\/nl\/shop\/"},{"@type":"ListItem","position":3,"name":"Europlacer - Pick &amp; Place Software ii-Tab"}]},{"@type":"WebSite","@id":"https:\/\/smans.com\/nl\/#website","url":"https:\/\/smans.com\/nl\/","name":"Smans","description":"","publisher":{"@id":"https:\/\/smans.com\/nl\/#organization"},"potentialAction":[{"@type":"SearchAction","target":{"@type":"EntryPoint","urlTemplate":"https:\/\/smans.com\/nl\/?s={search_term_string}"},"query-input":{"@type":"PropertyValueSpecification","valueRequired":true,"valueName":"search_term_string"}}],"inLanguage":"fr-FR"},{"@type":"Organization","@id":"https:\/\/smans.com\/nl\/#organization","name":"Smans","url":"https:\/\/smans.com\/nl\/","logo":{"@type":"ImageObject","inLanguage":"fr-FR","@id":"https:\/\/smans.com\/nl\/#\/schema\/logo\/image\/","url":"https:\/\/smans.com\/wp-content\/uploads\/2023\/09\/logo.svg","contentUrl":"https:\/\/smans.com\/wp-content\/uploads\/2023\/09\/logo.svg","caption":"Smans"},"image":{"@id":"https:\/\/smans.com\/nl\/#\/schema\/logo\/image\/"}}]}},"brands":[{"id":18240,"name":"Europlacer","slug":"brand-europlacer-fr"}],"_links":{"self":[{"href":"https:\/\/smans.com\/fr\/wp-json\/wp\/v2\/product\/47500","targetHints":{"allow":["GET"]}}],"collection":[{"href":"https:\/\/smans.com\/fr\/wp-json\/wp\/v2\/product"}],"about":[{"href":"https:\/\/smans.com\/fr\/wp-json\/wp\/v2\/types\/product"}],"wp:attachment":[{"href":"https:\/\/smans.com\/fr\/wp-json\/wp\/v2\/media?parent=47500"}],"wp:term":[{"taxonomy":"pwb-brand","embeddable":true,"href":"https:\/\/smans.com\/fr\/wp-json\/wp\/v2\/pwb-brand?post=47500"},{"taxonomy":"product_brand","embeddable":true,"href":"https:\/\/smans.com\/fr\/wp-json\/wp\/v2\/product_brand?post=47500"},{"taxonomy":"product_cat","embeddable":true,"href":"https:\/\/smans.com\/fr\/wp-json\/wp\/v2\/product_cat?post=47500"},{"taxonomy":"product_tag","embeddable":true,"href":"https:\/\/smans.com\/fr\/wp-json\/wp\/v2\/product_tag?post=47500"}],"curies":[{"name":"wp","href":"https:\/\/api.w.org\/{rel}","templated":true}]}}