{"id":47501,"date":"2025-05-22T18:17:52","date_gmt":"2025-05-22T16:17:52","guid":{"rendered":"https:\/\/smans.com\/product\/pick-place-software-ii-rc\/"},"modified":"2026-04-09T13:30:45","modified_gmt":"2026-04-09T11:30:45","slug":"pick-place-software-ii-rc","status":"publish","type":"product","link":"https:\/\/smans.com\/fr\/product\/pick-place-software-ii-rc\/","title":{"rendered":"Europlacer - Pick &amp; Place Software ii-RC"},"content":{"rendered":"<p data-start=\"1811\" data-end=\"2104\">Le logiciel ii-RC constitue le cerveau central de l\u2019\u00e9cosyst\u00e8me logiciel Europlacer. Cette application puissante vous accompagne \u00e0 chaque \u00e9tape du processus d\u2019assemblage SMT \u2013 de la pr\u00e9paration des feeders et la gestion des composants \u00e0 l\u2019optimisation des programmes de placement.<\/p>\n<p data-start=\"2106\" data-end=\"2536\">Bien plus qu\u2019une simple interface entre l\u2019humain et la machine, ii-RC est con\u00e7u pour connecter l\u2019ensemble de votre environnement de production. Chaque poste de travail et chaque machine communiquent de mani\u00e8re fluide, garantissant une synchronisation automatique des donn\u00e9es et une efficacit\u00e9 accrue des proc\u00e9dures. Le r\u00e9sultat : des cycles plus rapides, moins d\u2019erreurs et une continuit\u00e9 de production maximale.<\/p>\n<p data-start=\"2538\" data-end=\"2776\">Gr\u00e2ce \u00e0 la compatibilit\u00e9 r\u00e9troactive d\u2019Europlacer, vous profitez toujours des derni\u00e8res versions du logiciel ii-RC \u2013 m\u00eame sur des machines plus anciennes. Votre ligne SMT reste ainsi \u00e0 jour et pr\u00eate pour les d\u00e9fis de demain.<\/p>\n<p data-start=\"2783\" data-end=\"2811\"><strong data-start=\"2783\" data-end=\"2809\">Principaux avantages :<\/strong><\/p>\n<ul data-start=\"2812\" data-end=\"3106\">\n<li data-start=\"2812\" data-end=\"2865\">\n<p data-start=\"2814\" data-end=\"2865\">Int\u00e9gration compl\u00e8te dans l\u2019\u00e9cosyst\u00e8me Europlacer<\/p>\n<\/li>\n<li data-start=\"2866\" data-end=\"2928\">\n<p data-start=\"2868\" data-end=\"2928\">Pr\u00e9paration efficace des feeders et gestion des composants<\/p>\n<\/li>\n<li data-start=\"2929\" data-end=\"2992\">\n<p data-start=\"2931\" data-end=\"2992\">G\u00e9n\u00e9ration automatique de programmes de placement optimis\u00e9s<\/p>\n<\/li>\n<li data-start=\"2993\" data-end=\"3051\">\n<p data-start=\"2995\" data-end=\"3051\">Communication fluide entre tous les postes et machines<\/p>\n<\/li>\n<li data-start=\"3052\" data-end=\"3106\">\n<p data-start=\"3054\" data-end=\"3106\">Compatibilit\u00e9 avec les anciens syst\u00e8mes Europlacer<\/p>\n<\/li>\n<\/ul>\n","protected":false},"excerpt":{"rendered":"<p>Powerful Programming and Operating System for Pick &amp; Place Machines<\/p>\n","protected":false},"featured_media":0,"template":"","meta":{"_acf_changed":false},"pwb-brand":[18240],"product_brand":[],"product_cat":[17991,18011,18084],"product_tag":[],"class_list":{"0":"post-47501","1":"product","2":"type-product","3":"status-publish","5":"pwb-brand-brand-europlacer-fr","6":"product_cat-electronique-fr","7":"product_cat-equipement-d-assemblage-smt-fr","8":"product_cat-pick-place-fr","10":"first","11":"instock","12":"taxable","13":"shipping-taxable","14":"product-type-simple"},"acf":[],"yoast_head":"<!-- This site is optimized with the Yoast SEO plugin v27.1.1 - https:\/\/yoast.com\/product\/yoast-seo-wordpress\/ -->\n<title>Pick &amp; Place Software ii-RC - Smans<\/title>\n<meta name=\"robots\" content=\"index, follow, max-snippet:-1, max-image-preview:large, max-video-preview:-1\" \/>\n<link rel=\"canonical\" href=\"https:\/\/smans.com\/fr\/product\/pick-place-software-ii-rc\/\" \/>\n<meta property=\"og:locale\" content=\"fr_FR\" \/>\n<meta property=\"og:type\" content=\"article\" \/>\n<meta property=\"og:title\" content=\"Pick &amp; Place Software ii-RC - Smans\" \/>\n<meta property=\"og:description\" content=\"Powerful Programming and Operating System for Pick &amp; Place Machines\" \/>\n<meta property=\"og:url\" content=\"https:\/\/smans.com\/fr\/product\/pick-place-software-ii-rc\/\" \/>\n<meta property=\"og:site_name\" content=\"Smans\" \/>\n<meta property=\"article:modified_time\" content=\"2026-04-09T11:30:45+00:00\" \/>\n<meta name=\"twitter:card\" content=\"summary_large_image\" \/>\n<meta name=\"twitter:label1\" content=\"Dur\u00e9e de lecture estim\u00e9e\" \/>\n\t<meta name=\"twitter:data1\" content=\"1 minute\" \/>\n<script type=\"application\/ld+json\" class=\"yoast-schema-graph\">{\"@context\":\"https:\/\/schema.org\",\"@graph\":[{\"@type\":\"WebPage\",\"@id\":\"https:\/\/smans.com\/fr\/product\/pick-place-software-ii-rc\/\",\"url\":\"https:\/\/smans.com\/fr\/product\/pick-place-software-ii-rc\/\",\"name\":\"Pick &amp; Place Software ii-RC - Smans\",\"isPartOf\":{\"@id\":\"https:\/\/smans.com\/nl\/#website\"},\"datePublished\":\"2025-05-22T16:17:52+00:00\",\"dateModified\":\"2026-04-09T11:30:45+00:00\",\"breadcrumb\":{\"@id\":\"https:\/\/smans.com\/fr\/product\/pick-place-software-ii-rc\/#breadcrumb\"},\"inLanguage\":\"fr-FR\",\"potentialAction\":[{\"@type\":\"ReadAction\",\"target\":[\"https:\/\/smans.com\/fr\/product\/pick-place-software-ii-rc\/\"]}]},{\"@type\":\"BreadcrumbList\",\"@id\":\"https:\/\/smans.com\/fr\/product\/pick-place-software-ii-rc\/#breadcrumb\",\"itemListElement\":[{\"@type\":\"ListItem\",\"position\":1,\"name\":\"Home\",\"item\":\"https:\/\/smans.com\/fr\/\"},{\"@type\":\"ListItem\",\"position\":2,\"name\":\"Boutique\",\"item\":\"https:\/\/smans.com\/nl\/shop\/\"},{\"@type\":\"ListItem\",\"position\":3,\"name\":\"Europlacer - Pick &amp; Place Software ii-RC\"}]},{\"@type\":\"WebSite\",\"@id\":\"https:\/\/smans.com\/nl\/#website\",\"url\":\"https:\/\/smans.com\/nl\/\",\"name\":\"Smans\",\"description\":\"\",\"publisher\":{\"@id\":\"https:\/\/smans.com\/nl\/#organization\"},\"potentialAction\":[{\"@type\":\"SearchAction\",\"target\":{\"@type\":\"EntryPoint\",\"urlTemplate\":\"https:\/\/smans.com\/nl\/?s={search_term_string}\"},\"query-input\":{\"@type\":\"PropertyValueSpecification\",\"valueRequired\":true,\"valueName\":\"search_term_string\"}}],\"inLanguage\":\"fr-FR\"},{\"@type\":\"Organization\",\"@id\":\"https:\/\/smans.com\/nl\/#organization\",\"name\":\"Smans\",\"url\":\"https:\/\/smans.com\/nl\/\",\"logo\":{\"@type\":\"ImageObject\",\"inLanguage\":\"fr-FR\",\"@id\":\"https:\/\/smans.com\/nl\/#\/schema\/logo\/image\/\",\"url\":\"https:\/\/smans.com\/wp-content\/uploads\/2023\/09\/logo.svg\",\"contentUrl\":\"https:\/\/smans.com\/wp-content\/uploads\/2023\/09\/logo.svg\",\"caption\":\"Smans\"},\"image\":{\"@id\":\"https:\/\/smans.com\/nl\/#\/schema\/logo\/image\/\"}}]}<\/script>\n<!-- \/ Yoast SEO plugin. -->","yoast_head_json":{"title":"Pick &amp; Place Software ii-RC - Smans","robots":{"index":"index","follow":"follow","max-snippet":"max-snippet:-1","max-image-preview":"max-image-preview:large","max-video-preview":"max-video-preview:-1"},"canonical":"https:\/\/smans.com\/fr\/product\/pick-place-software-ii-rc\/","og_locale":"fr_FR","og_type":"article","og_title":"Pick &amp; Place Software ii-RC - Smans","og_description":"Powerful Programming and Operating System for Pick &amp; Place Machines","og_url":"https:\/\/smans.com\/fr\/product\/pick-place-software-ii-rc\/","og_site_name":"Smans","article_modified_time":"2026-04-09T11:30:45+00:00","twitter_card":"summary_large_image","twitter_misc":{"Dur\u00e9e de lecture estim\u00e9e":"1 minute"},"schema":{"@context":"https:\/\/schema.org","@graph":[{"@type":"WebPage","@id":"https:\/\/smans.com\/fr\/product\/pick-place-software-ii-rc\/","url":"https:\/\/smans.com\/fr\/product\/pick-place-software-ii-rc\/","name":"Pick &amp; Place Software ii-RC - Smans","isPartOf":{"@id":"https:\/\/smans.com\/nl\/#website"},"datePublished":"2025-05-22T16:17:52+00:00","dateModified":"2026-04-09T11:30:45+00:00","breadcrumb":{"@id":"https:\/\/smans.com\/fr\/product\/pick-place-software-ii-rc\/#breadcrumb"},"inLanguage":"fr-FR","potentialAction":[{"@type":"ReadAction","target":["https:\/\/smans.com\/fr\/product\/pick-place-software-ii-rc\/"]}]},{"@type":"BreadcrumbList","@id":"https:\/\/smans.com\/fr\/product\/pick-place-software-ii-rc\/#breadcrumb","itemListElement":[{"@type":"ListItem","position":1,"name":"Home","item":"https:\/\/smans.com\/fr\/"},{"@type":"ListItem","position":2,"name":"Boutique","item":"https:\/\/smans.com\/nl\/shop\/"},{"@type":"ListItem","position":3,"name":"Europlacer - Pick &amp; Place Software ii-RC"}]},{"@type":"WebSite","@id":"https:\/\/smans.com\/nl\/#website","url":"https:\/\/smans.com\/nl\/","name":"Smans","description":"","publisher":{"@id":"https:\/\/smans.com\/nl\/#organization"},"potentialAction":[{"@type":"SearchAction","target":{"@type":"EntryPoint","urlTemplate":"https:\/\/smans.com\/nl\/?s={search_term_string}"},"query-input":{"@type":"PropertyValueSpecification","valueRequired":true,"valueName":"search_term_string"}}],"inLanguage":"fr-FR"},{"@type":"Organization","@id":"https:\/\/smans.com\/nl\/#organization","name":"Smans","url":"https:\/\/smans.com\/nl\/","logo":{"@type":"ImageObject","inLanguage":"fr-FR","@id":"https:\/\/smans.com\/nl\/#\/schema\/logo\/image\/","url":"https:\/\/smans.com\/wp-content\/uploads\/2023\/09\/logo.svg","contentUrl":"https:\/\/smans.com\/wp-content\/uploads\/2023\/09\/logo.svg","caption":"Smans"},"image":{"@id":"https:\/\/smans.com\/nl\/#\/schema\/logo\/image\/"}}]}},"brands":[{"id":18240,"name":"Europlacer","slug":"brand-europlacer-fr"}],"_links":{"self":[{"href":"https:\/\/smans.com\/fr\/wp-json\/wp\/v2\/product\/47501","targetHints":{"allow":["GET"]}}],"collection":[{"href":"https:\/\/smans.com\/fr\/wp-json\/wp\/v2\/product"}],"about":[{"href":"https:\/\/smans.com\/fr\/wp-json\/wp\/v2\/types\/product"}],"wp:attachment":[{"href":"https:\/\/smans.com\/fr\/wp-json\/wp\/v2\/media?parent=47501"}],"wp:term":[{"taxonomy":"pwb-brand","embeddable":true,"href":"https:\/\/smans.com\/fr\/wp-json\/wp\/v2\/pwb-brand?post=47501"},{"taxonomy":"product_brand","embeddable":true,"href":"https:\/\/smans.com\/fr\/wp-json\/wp\/v2\/product_brand?post=47501"},{"taxonomy":"product_cat","embeddable":true,"href":"https:\/\/smans.com\/fr\/wp-json\/wp\/v2\/product_cat?post=47501"},{"taxonomy":"product_tag","embeddable":true,"href":"https:\/\/smans.com\/fr\/wp-json\/wp\/v2\/product_tag?post=47501"}],"curies":[{"name":"wp","href":"https:\/\/api.w.org\/{rel}","templated":true}]}}