{"id":47503,"date":"2025-05-22T18:17:55","date_gmt":"2025-05-22T16:17:55","guid":{"rendered":"https:\/\/smans.com\/product\/feeder-ii-feed\/"},"modified":"2026-04-04T13:31:59","modified_gmt":"2026-04-04T11:31:59","slug":"feeder-ii-feed","status":"publish","type":"product","link":"https:\/\/smans.com\/fr\/product\/feeder-ii-feed\/","title":{"rendered":"Europlacer - Feeder ii-Feed"},"content":{"rendered":"<p data-start=\"1680\" data-end=\"1907\">Le syst\u00e8me ii-Cart peut contenir jusqu\u2019\u00e0 33 \u00e9l\u00e9ments ii-Feed de 8 mm.<br data-start=\"1757\" data-end=\"1760\" \/>Chaque ii-Feed est dot\u00e9 d\u2019une \u00e9lectronique int\u00e9gr\u00e9e offrant la m\u00eame intelligence avanc\u00e9e que les autres chargeurs de la gamme Europlacer.<\/p>\n<p data-start=\"1909\" data-end=\"2223\">Une large gamme d\u2019\u00e9l\u00e9ments ii-Feed est disponible pour les bobines de composants allant du 01005 jusqu\u2019\u00e0 7 mm d\u2019\u00e9paisseur, avec une largeur de bande de 8 \u00e0 24 mm.<br data-start=\"2083\" data-end=\"2086\" \/>Chaque \u00e9l\u00e9ment peut \u00eatre plac\u00e9 librement \u00e0 n\u2019importe quelle position sur le ii-Cart, offrant une flexibilit\u00e9 maximale de configuration.<\/p>\n<p data-start=\"2225\" data-end=\"2436\">Les paniers ii-Cart permettent la pr\u00e9paration hors ligne des bobines et peuvent contenir jusqu\u2019\u00e0 11 r\u00e9f\u00e9rences (SKU), garantissant un flux de production efficace et une r\u00e9duction des temps d\u2019arr\u00eat.<\/p>\n","protected":false},"excerpt":{"rendered":"<p>Le syst\u00e8me ii-Cart peut accueillir jusqu\u2019\u00e0 33 \u00e9l\u00e9ments ii-Feed, offrant une configuration flexible, une pr\u00e9paration hors ligne et une alimentation efficace en composants.<\/p>\n","protected":false},"featured_media":0,"template":"","meta":{"_acf_changed":false},"pwb-brand":[18240],"product_brand":[],"product_cat":[17991,18011,18084,18089],"product_tag":[],"class_list":{"0":"post-47503","1":"product","2":"type-product","3":"status-publish","5":"pwb-brand-brand-europlacer-fr","6":"product_cat-electronique-fr","7":"product_cat-equipement-d-assemblage-smt-fr","8":"product_cat-pick-place-fr","9":"product_cat-pick-place-feeders-fr","11":"first","12":"instock","13":"taxable","14":"shipping-taxable","15":"product-type-simple"},"acf":[],"yoast_head":"<!-- This site is optimized with the Yoast SEO plugin v27.1.1 - https:\/\/yoast.com\/product\/yoast-seo-wordpress\/ -->\n<title>Feeder ii-Feed - Smans<\/title>\n<meta name=\"robots\" content=\"index, follow, max-snippet:-1, max-image-preview:large, max-video-preview:-1\" \/>\n<link rel=\"canonical\" href=\"https:\/\/smans.com\/fr\/product\/feeder-ii-feed\/\" \/>\n<meta property=\"og:locale\" content=\"fr_FR\" \/>\n<meta property=\"og:type\" content=\"article\" \/>\n<meta property=\"og:title\" content=\"Feeder ii-Feed - Smans\" \/>\n<meta property=\"og:description\" content=\"Le syst\u00e8me ii-Cart peut accueillir jusqu\u2019\u00e0 33 \u00e9l\u00e9ments ii-Feed, offrant une configuration flexible, une pr\u00e9paration hors ligne et une alimentation efficace en composants.\" \/>\n<meta property=\"og:url\" content=\"https:\/\/smans.com\/fr\/product\/feeder-ii-feed\/\" \/>\n<meta property=\"og:site_name\" content=\"Smans\" \/>\n<meta property=\"article:modified_time\" content=\"2026-04-04T11:31:59+00:00\" \/>\n<meta name=\"twitter:card\" content=\"summary_large_image\" \/>\n<meta name=\"twitter:label1\" content=\"Dur\u00e9e de lecture estim\u00e9e\" \/>\n\t<meta name=\"twitter:data1\" content=\"1 minute\" \/>\n<script type=\"application\/ld+json\" class=\"yoast-schema-graph\">{\"@context\":\"https:\/\/schema.org\",\"@graph\":[{\"@type\":\"WebPage\",\"@id\":\"https:\/\/smans.com\/fr\/product\/feeder-ii-feed\/\",\"url\":\"https:\/\/smans.com\/fr\/product\/feeder-ii-feed\/\",\"name\":\"Feeder ii-Feed - Smans\",\"isPartOf\":{\"@id\":\"https:\/\/smans.com\/nl\/#website\"},\"datePublished\":\"2025-05-22T16:17:55+00:00\",\"dateModified\":\"2026-04-04T11:31:59+00:00\",\"breadcrumb\":{\"@id\":\"https:\/\/smans.com\/fr\/product\/feeder-ii-feed\/#breadcrumb\"},\"inLanguage\":\"fr-FR\",\"potentialAction\":[{\"@type\":\"ReadAction\",\"target\":[\"https:\/\/smans.com\/fr\/product\/feeder-ii-feed\/\"]}]},{\"@type\":\"BreadcrumbList\",\"@id\":\"https:\/\/smans.com\/fr\/product\/feeder-ii-feed\/#breadcrumb\",\"itemListElement\":[{\"@type\":\"ListItem\",\"position\":1,\"name\":\"Home\",\"item\":\"https:\/\/smans.com\/fr\/\"},{\"@type\":\"ListItem\",\"position\":2,\"name\":\"Boutique\",\"item\":\"https:\/\/smans.com\/nl\/shop\/\"},{\"@type\":\"ListItem\",\"position\":3,\"name\":\"Europlacer - Feeder ii-Feed\"}]},{\"@type\":\"WebSite\",\"@id\":\"https:\/\/smans.com\/nl\/#website\",\"url\":\"https:\/\/smans.com\/nl\/\",\"name\":\"Smans\",\"description\":\"\",\"publisher\":{\"@id\":\"https:\/\/smans.com\/nl\/#organization\"},\"potentialAction\":[{\"@type\":\"SearchAction\",\"target\":{\"@type\":\"EntryPoint\",\"urlTemplate\":\"https:\/\/smans.com\/nl\/?s={search_term_string}\"},\"query-input\":{\"@type\":\"PropertyValueSpecification\",\"valueRequired\":true,\"valueName\":\"search_term_string\"}}],\"inLanguage\":\"fr-FR\"},{\"@type\":\"Organization\",\"@id\":\"https:\/\/smans.com\/nl\/#organization\",\"name\":\"Smans\",\"url\":\"https:\/\/smans.com\/nl\/\",\"logo\":{\"@type\":\"ImageObject\",\"inLanguage\":\"fr-FR\",\"@id\":\"https:\/\/smans.com\/nl\/#\/schema\/logo\/image\/\",\"url\":\"https:\/\/smans.com\/wp-content\/uploads\/2023\/09\/logo.svg\",\"contentUrl\":\"https:\/\/smans.com\/wp-content\/uploads\/2023\/09\/logo.svg\",\"caption\":\"Smans\"},\"image\":{\"@id\":\"https:\/\/smans.com\/nl\/#\/schema\/logo\/image\/\"}}]}<\/script>\n<!-- \/ Yoast SEO plugin. -->","yoast_head_json":{"title":"Feeder ii-Feed - Smans","robots":{"index":"index","follow":"follow","max-snippet":"max-snippet:-1","max-image-preview":"max-image-preview:large","max-video-preview":"max-video-preview:-1"},"canonical":"https:\/\/smans.com\/fr\/product\/feeder-ii-feed\/","og_locale":"fr_FR","og_type":"article","og_title":"Feeder ii-Feed - Smans","og_description":"Le syst\u00e8me ii-Cart peut accueillir jusqu\u2019\u00e0 33 \u00e9l\u00e9ments ii-Feed, offrant une configuration flexible, une pr\u00e9paration hors ligne et une alimentation efficace en composants.","og_url":"https:\/\/smans.com\/fr\/product\/feeder-ii-feed\/","og_site_name":"Smans","article_modified_time":"2026-04-04T11:31:59+00:00","twitter_card":"summary_large_image","twitter_misc":{"Dur\u00e9e de lecture estim\u00e9e":"1 minute"},"schema":{"@context":"https:\/\/schema.org","@graph":[{"@type":"WebPage","@id":"https:\/\/smans.com\/fr\/product\/feeder-ii-feed\/","url":"https:\/\/smans.com\/fr\/product\/feeder-ii-feed\/","name":"Feeder ii-Feed - Smans","isPartOf":{"@id":"https:\/\/smans.com\/nl\/#website"},"datePublished":"2025-05-22T16:17:55+00:00","dateModified":"2026-04-04T11:31:59+00:00","breadcrumb":{"@id":"https:\/\/smans.com\/fr\/product\/feeder-ii-feed\/#breadcrumb"},"inLanguage":"fr-FR","potentialAction":[{"@type":"ReadAction","target":["https:\/\/smans.com\/fr\/product\/feeder-ii-feed\/"]}]},{"@type":"BreadcrumbList","@id":"https:\/\/smans.com\/fr\/product\/feeder-ii-feed\/#breadcrumb","itemListElement":[{"@type":"ListItem","position":1,"name":"Home","item":"https:\/\/smans.com\/fr\/"},{"@type":"ListItem","position":2,"name":"Boutique","item":"https:\/\/smans.com\/nl\/shop\/"},{"@type":"ListItem","position":3,"name":"Europlacer - Feeder ii-Feed"}]},{"@type":"WebSite","@id":"https:\/\/smans.com\/nl\/#website","url":"https:\/\/smans.com\/nl\/","name":"Smans","description":"","publisher":{"@id":"https:\/\/smans.com\/nl\/#organization"},"potentialAction":[{"@type":"SearchAction","target":{"@type":"EntryPoint","urlTemplate":"https:\/\/smans.com\/nl\/?s={search_term_string}"},"query-input":{"@type":"PropertyValueSpecification","valueRequired":true,"valueName":"search_term_string"}}],"inLanguage":"fr-FR"},{"@type":"Organization","@id":"https:\/\/smans.com\/nl\/#organization","name":"Smans","url":"https:\/\/smans.com\/nl\/","logo":{"@type":"ImageObject","inLanguage":"fr-FR","@id":"https:\/\/smans.com\/nl\/#\/schema\/logo\/image\/","url":"https:\/\/smans.com\/wp-content\/uploads\/2023\/09\/logo.svg","contentUrl":"https:\/\/smans.com\/wp-content\/uploads\/2023\/09\/logo.svg","caption":"Smans"},"image":{"@id":"https:\/\/smans.com\/nl\/#\/schema\/logo\/image\/"}}]}},"brands":[{"id":18240,"name":"Europlacer","slug":"brand-europlacer-fr"}],"_links":{"self":[{"href":"https:\/\/smans.com\/fr\/wp-json\/wp\/v2\/product\/47503","targetHints":{"allow":["GET"]}}],"collection":[{"href":"https:\/\/smans.com\/fr\/wp-json\/wp\/v2\/product"}],"about":[{"href":"https:\/\/smans.com\/fr\/wp-json\/wp\/v2\/types\/product"}],"wp:attachment":[{"href":"https:\/\/smans.com\/fr\/wp-json\/wp\/v2\/media?parent=47503"}],"wp:term":[{"taxonomy":"pwb-brand","embeddable":true,"href":"https:\/\/smans.com\/fr\/wp-json\/wp\/v2\/pwb-brand?post=47503"},{"taxonomy":"product_brand","embeddable":true,"href":"https:\/\/smans.com\/fr\/wp-json\/wp\/v2\/product_brand?post=47503"},{"taxonomy":"product_cat","embeddable":true,"href":"https:\/\/smans.com\/fr\/wp-json\/wp\/v2\/product_cat?post=47503"},{"taxonomy":"product_tag","embeddable":true,"href":"https:\/\/smans.com\/fr\/wp-json\/wp\/v2\/product_tag?post=47503"}],"curies":[{"name":"wp","href":"https:\/\/api.w.org\/{rel}","templated":true}]}}