{"id":47509,"date":"2025-05-22T18:18:06","date_gmt":"2025-05-22T16:18:06","guid":{"rendered":"https:\/\/smans.com\/product\/label-feeder\/"},"modified":"2026-04-09T13:30:47","modified_gmt":"2026-04-09T11:30:47","slug":"label-feeder","status":"publish","type":"product","link":"https:\/\/smans.com\/fr\/product\/label-feeder\/","title":{"rendered":"Europlacer - Label Feeder"},"content":{"rendered":"<p data-start=\"866\" data-end=\"1156\">Ce <strong data-start=\"869\" data-end=\"894\">chargeur programmable<\/strong> peut distribuer des <strong data-start=\"915\" data-end=\"938\">\u00e9tiquettes 1D et 2D<\/strong> jusqu\u2019\u00e0 une taille de <strong data-start=\"961\" data-end=\"975\">55 x 55 mm<\/strong>.<br data-start=\"976\" data-end=\"979\" \/>Pour am\u00e9liorer la <strong data-start=\"997\" data-end=\"1012\">tra\u00e7abilit\u00e9<\/strong>, le processus est g\u00e9r\u00e9 de mani\u00e8re intelligente en <strong data-start=\"1063\" data-end=\"1091\">scannant et enregistrant<\/strong> toutes les informations n\u00e9cessaires \u00e0 l\u2019option de tra\u00e7abilit\u00e9.<\/p>\n","protected":false},"excerpt":{"rendered":"<p>Ce chargeur programmable distribue des \u00e9tiquettes 1D et 2D jusqu\u2019\u00e0 55 x 55 mm et enregistre automatiquement les donn\u00e9es de tra\u00e7abilit\u00e9 pour un contr\u00f4le de processus optimal.<\/p>\n","protected":false},"featured_media":0,"template":"","meta":{"_acf_changed":false},"pwb-brand":[18240],"product_brand":[],"product_cat":[17991,18011,18084,18089],"product_tag":[],"class_list":{"0":"post-47509","1":"product","2":"type-product","3":"status-publish","5":"pwb-brand-brand-europlacer-fr","6":"product_cat-electronique-fr","7":"product_cat-equipement-d-assemblage-smt-fr","8":"product_cat-pick-place-fr","9":"product_cat-pick-place-feeders-fr","11":"first","12":"instock","13":"taxable","14":"shipping-taxable","15":"product-type-simple"},"acf":[],"yoast_head":"<!-- This site is optimized with the Yoast SEO plugin v27.1.1 - https:\/\/yoast.com\/product\/yoast-seo-wordpress\/ -->\n<title>Label Feeder - Smans<\/title>\n<meta name=\"robots\" content=\"index, follow, max-snippet:-1, max-image-preview:large, max-video-preview:-1\" \/>\n<link rel=\"canonical\" href=\"https:\/\/smans.com\/fr\/product\/label-feeder\/\" \/>\n<meta property=\"og:locale\" content=\"fr_FR\" \/>\n<meta property=\"og:type\" content=\"article\" \/>\n<meta property=\"og:title\" content=\"Label Feeder - Smans\" \/>\n<meta property=\"og:description\" content=\"Ce chargeur programmable distribue des \u00e9tiquettes 1D et 2D jusqu\u2019\u00e0 55 x 55 mm et enregistre automatiquement les donn\u00e9es de tra\u00e7abilit\u00e9 pour un contr\u00f4le de processus optimal.\" \/>\n<meta property=\"og:url\" content=\"https:\/\/smans.com\/fr\/product\/label-feeder\/\" \/>\n<meta property=\"og:site_name\" content=\"Smans\" \/>\n<meta property=\"article:modified_time\" content=\"2026-04-09T11:30:47+00:00\" \/>\n<meta name=\"twitter:card\" content=\"summary_large_image\" \/>\n<script type=\"application\/ld+json\" class=\"yoast-schema-graph\">{\"@context\":\"https:\/\/schema.org\",\"@graph\":[{\"@type\":\"WebPage\",\"@id\":\"https:\/\/smans.com\/fr\/product\/label-feeder\/\",\"url\":\"https:\/\/smans.com\/fr\/product\/label-feeder\/\",\"name\":\"Label Feeder - Smans\",\"isPartOf\":{\"@id\":\"https:\/\/smans.com\/nl\/#website\"},\"datePublished\":\"2025-05-22T16:18:06+00:00\",\"dateModified\":\"2026-04-09T11:30:47+00:00\",\"breadcrumb\":{\"@id\":\"https:\/\/smans.com\/fr\/product\/label-feeder\/#breadcrumb\"},\"inLanguage\":\"fr-FR\",\"potentialAction\":[{\"@type\":\"ReadAction\",\"target\":[\"https:\/\/smans.com\/fr\/product\/label-feeder\/\"]}]},{\"@type\":\"BreadcrumbList\",\"@id\":\"https:\/\/smans.com\/fr\/product\/label-feeder\/#breadcrumb\",\"itemListElement\":[{\"@type\":\"ListItem\",\"position\":1,\"name\":\"Home\",\"item\":\"https:\/\/smans.com\/fr\/\"},{\"@type\":\"ListItem\",\"position\":2,\"name\":\"Boutique\",\"item\":\"https:\/\/smans.com\/nl\/shop\/\"},{\"@type\":\"ListItem\",\"position\":3,\"name\":\"Europlacer - Label Feeder\"}]},{\"@type\":\"WebSite\",\"@id\":\"https:\/\/smans.com\/nl\/#website\",\"url\":\"https:\/\/smans.com\/nl\/\",\"name\":\"Smans\",\"description\":\"\",\"publisher\":{\"@id\":\"https:\/\/smans.com\/nl\/#organization\"},\"potentialAction\":[{\"@type\":\"SearchAction\",\"target\":{\"@type\":\"EntryPoint\",\"urlTemplate\":\"https:\/\/smans.com\/nl\/?s={search_term_string}\"},\"query-input\":{\"@type\":\"PropertyValueSpecification\",\"valueRequired\":true,\"valueName\":\"search_term_string\"}}],\"inLanguage\":\"fr-FR\"},{\"@type\":\"Organization\",\"@id\":\"https:\/\/smans.com\/nl\/#organization\",\"name\":\"Smans\",\"url\":\"https:\/\/smans.com\/nl\/\",\"logo\":{\"@type\":\"ImageObject\",\"inLanguage\":\"fr-FR\",\"@id\":\"https:\/\/smans.com\/nl\/#\/schema\/logo\/image\/\",\"url\":\"https:\/\/smans.com\/wp-content\/uploads\/2023\/09\/logo.svg\",\"contentUrl\":\"https:\/\/smans.com\/wp-content\/uploads\/2023\/09\/logo.svg\",\"caption\":\"Smans\"},\"image\":{\"@id\":\"https:\/\/smans.com\/nl\/#\/schema\/logo\/image\/\"}}]}<\/script>\n<!-- \/ Yoast SEO plugin. -->","yoast_head_json":{"title":"Label Feeder - Smans","robots":{"index":"index","follow":"follow","max-snippet":"max-snippet:-1","max-image-preview":"max-image-preview:large","max-video-preview":"max-video-preview:-1"},"canonical":"https:\/\/smans.com\/fr\/product\/label-feeder\/","og_locale":"fr_FR","og_type":"article","og_title":"Label Feeder - Smans","og_description":"Ce chargeur programmable distribue des \u00e9tiquettes 1D et 2D jusqu\u2019\u00e0 55 x 55 mm et enregistre automatiquement les donn\u00e9es de tra\u00e7abilit\u00e9 pour un contr\u00f4le de processus optimal.","og_url":"https:\/\/smans.com\/fr\/product\/label-feeder\/","og_site_name":"Smans","article_modified_time":"2026-04-09T11:30:47+00:00","twitter_card":"summary_large_image","schema":{"@context":"https:\/\/schema.org","@graph":[{"@type":"WebPage","@id":"https:\/\/smans.com\/fr\/product\/label-feeder\/","url":"https:\/\/smans.com\/fr\/product\/label-feeder\/","name":"Label Feeder - Smans","isPartOf":{"@id":"https:\/\/smans.com\/nl\/#website"},"datePublished":"2025-05-22T16:18:06+00:00","dateModified":"2026-04-09T11:30:47+00:00","breadcrumb":{"@id":"https:\/\/smans.com\/fr\/product\/label-feeder\/#breadcrumb"},"inLanguage":"fr-FR","potentialAction":[{"@type":"ReadAction","target":["https:\/\/smans.com\/fr\/product\/label-feeder\/"]}]},{"@type":"BreadcrumbList","@id":"https:\/\/smans.com\/fr\/product\/label-feeder\/#breadcrumb","itemListElement":[{"@type":"ListItem","position":1,"name":"Home","item":"https:\/\/smans.com\/fr\/"},{"@type":"ListItem","position":2,"name":"Boutique","item":"https:\/\/smans.com\/nl\/shop\/"},{"@type":"ListItem","position":3,"name":"Europlacer - Label Feeder"}]},{"@type":"WebSite","@id":"https:\/\/smans.com\/nl\/#website","url":"https:\/\/smans.com\/nl\/","name":"Smans","description":"","publisher":{"@id":"https:\/\/smans.com\/nl\/#organization"},"potentialAction":[{"@type":"SearchAction","target":{"@type":"EntryPoint","urlTemplate":"https:\/\/smans.com\/nl\/?s={search_term_string}"},"query-input":{"@type":"PropertyValueSpecification","valueRequired":true,"valueName":"search_term_string"}}],"inLanguage":"fr-FR"},{"@type":"Organization","@id":"https:\/\/smans.com\/nl\/#organization","name":"Smans","url":"https:\/\/smans.com\/nl\/","logo":{"@type":"ImageObject","inLanguage":"fr-FR","@id":"https:\/\/smans.com\/nl\/#\/schema\/logo\/image\/","url":"https:\/\/smans.com\/wp-content\/uploads\/2023\/09\/logo.svg","contentUrl":"https:\/\/smans.com\/wp-content\/uploads\/2023\/09\/logo.svg","caption":"Smans"},"image":{"@id":"https:\/\/smans.com\/nl\/#\/schema\/logo\/image\/"}}]}},"brands":[{"id":18240,"name":"Europlacer","slug":"brand-europlacer-fr"}],"_links":{"self":[{"href":"https:\/\/smans.com\/fr\/wp-json\/wp\/v2\/product\/47509","targetHints":{"allow":["GET"]}}],"collection":[{"href":"https:\/\/smans.com\/fr\/wp-json\/wp\/v2\/product"}],"about":[{"href":"https:\/\/smans.com\/fr\/wp-json\/wp\/v2\/types\/product"}],"wp:attachment":[{"href":"https:\/\/smans.com\/fr\/wp-json\/wp\/v2\/media?parent=47509"}],"wp:term":[{"taxonomy":"pwb-brand","embeddable":true,"href":"https:\/\/smans.com\/fr\/wp-json\/wp\/v2\/pwb-brand?post=47509"},{"taxonomy":"product_brand","embeddable":true,"href":"https:\/\/smans.com\/fr\/wp-json\/wp\/v2\/product_brand?post=47509"},{"taxonomy":"product_cat","embeddable":true,"href":"https:\/\/smans.com\/fr\/wp-json\/wp\/v2\/product_cat?post=47509"},{"taxonomy":"product_tag","embeddable":true,"href":"https:\/\/smans.com\/fr\/wp-json\/wp\/v2\/product_tag?post=47509"}],"curies":[{"name":"wp","href":"https:\/\/api.w.org\/{rel}","templated":true}]}}