{"id":47511,"date":"2025-05-22T18:18:09","date_gmt":"2025-05-22T16:18:09","guid":{"rendered":"https:\/\/smans.com\/product\/fluxer\/"},"modified":"2026-04-09T13:30:47","modified_gmt":"2026-04-09T11:30:47","slug":"fluxer","status":"publish","type":"product","link":"https:\/\/smans.com\/fr\/product\/fluxer\/","title":{"rendered":"Europlacer - Fluxer"},"content":{"rendered":"<p>Le <strong data-start=\"974\" data-end=\"995\">m\u00e9langeur rotatif<\/strong> est enti\u00e8rement int\u00e9gr\u00e9 \u00e0 la machine, comme tout autre syst\u00e8me d\u2019alimentation.<br data-start=\"1074\" data-end=\"1077\" \/>Il peut \u00eatre facilement configur\u00e9 pour appliquer la quantit\u00e9 correcte de <strong data-start=\"1150\" data-end=\"1158\">flux<\/strong>.<br data-start=\"1159\" data-end=\"1162\" \/>La <strong data-start=\"1165\" data-end=\"1193\">gestion du d\u00e9p\u00f4t de flux<\/strong> constitue un \u00e9l\u00e9ment essentiel du <strong data-start=\"1228\" data-end=\"1266\">processus PoP (Package-on-Package)<\/strong>, garantissant une application pr\u00e9cise et constante du flux.<\/p>\n","protected":false},"excerpt":{"rendered":"<p>Le m\u00e9langeur rotatif int\u00e9gr\u00e9 applique avec pr\u00e9cision la quantit\u00e9 exacte de flux, un \u00e9l\u00e9ment cl\u00e9 du processus PoP (Package-on-Package).<\/p>\n","protected":false},"featured_media":0,"template":"","meta":{"_acf_changed":false},"pwb-brand":[18240],"product_brand":[],"product_cat":[17991,18011,18084,18089],"product_tag":[],"class_list":{"0":"post-47511","1":"product","2":"type-product","3":"status-publish","5":"pwb-brand-brand-europlacer-fr","6":"product_cat-electronique-fr","7":"product_cat-equipement-d-assemblage-smt-fr","8":"product_cat-pick-place-fr","9":"product_cat-pick-place-feeders-fr","11":"first","12":"instock","13":"taxable","14":"shipping-taxable","15":"product-type-simple"},"acf":[],"yoast_head":"<!-- This site is optimized with the Yoast SEO plugin v27.1.1 - https:\/\/yoast.com\/product\/yoast-seo-wordpress\/ -->\n<title>Fluxer - Smans<\/title>\n<meta name=\"robots\" content=\"index, follow, max-snippet:-1, max-image-preview:large, max-video-preview:-1\" \/>\n<link rel=\"canonical\" href=\"https:\/\/smans.com\/fr\/product\/fluxer\/\" \/>\n<meta property=\"og:locale\" content=\"fr_FR\" \/>\n<meta property=\"og:type\" content=\"article\" \/>\n<meta property=\"og:title\" content=\"Fluxer - Smans\" \/>\n<meta property=\"og:description\" content=\"Le m\u00e9langeur rotatif int\u00e9gr\u00e9 applique avec pr\u00e9cision la quantit\u00e9 exacte de flux, un \u00e9l\u00e9ment cl\u00e9 du processus PoP (Package-on-Package).\" \/>\n<meta property=\"og:url\" content=\"https:\/\/smans.com\/fr\/product\/fluxer\/\" \/>\n<meta property=\"og:site_name\" content=\"Smans\" \/>\n<meta property=\"article:modified_time\" content=\"2026-04-09T11:30:47+00:00\" \/>\n<meta name=\"twitter:card\" content=\"summary_large_image\" \/>\n<script type=\"application\/ld+json\" class=\"yoast-schema-graph\">{\"@context\":\"https:\/\/schema.org\",\"@graph\":[{\"@type\":\"WebPage\",\"@id\":\"https:\/\/smans.com\/fr\/product\/fluxer\/\",\"url\":\"https:\/\/smans.com\/fr\/product\/fluxer\/\",\"name\":\"Fluxer - Smans\",\"isPartOf\":{\"@id\":\"https:\/\/smans.com\/nl\/#website\"},\"datePublished\":\"2025-05-22T16:18:09+00:00\",\"dateModified\":\"2026-04-09T11:30:47+00:00\",\"breadcrumb\":{\"@id\":\"https:\/\/smans.com\/fr\/product\/fluxer\/#breadcrumb\"},\"inLanguage\":\"fr-FR\",\"potentialAction\":[{\"@type\":\"ReadAction\",\"target\":[\"https:\/\/smans.com\/fr\/product\/fluxer\/\"]}]},{\"@type\":\"BreadcrumbList\",\"@id\":\"https:\/\/smans.com\/fr\/product\/fluxer\/#breadcrumb\",\"itemListElement\":[{\"@type\":\"ListItem\",\"position\":1,\"name\":\"Home\",\"item\":\"https:\/\/smans.com\/fr\/\"},{\"@type\":\"ListItem\",\"position\":2,\"name\":\"Boutique\",\"item\":\"https:\/\/smans.com\/nl\/shop\/\"},{\"@type\":\"ListItem\",\"position\":3,\"name\":\"Europlacer - Fluxer\"}]},{\"@type\":\"WebSite\",\"@id\":\"https:\/\/smans.com\/nl\/#website\",\"url\":\"https:\/\/smans.com\/nl\/\",\"name\":\"Smans\",\"description\":\"\",\"publisher\":{\"@id\":\"https:\/\/smans.com\/nl\/#organization\"},\"potentialAction\":[{\"@type\":\"SearchAction\",\"target\":{\"@type\":\"EntryPoint\",\"urlTemplate\":\"https:\/\/smans.com\/nl\/?s={search_term_string}\"},\"query-input\":{\"@type\":\"PropertyValueSpecification\",\"valueRequired\":true,\"valueName\":\"search_term_string\"}}],\"inLanguage\":\"fr-FR\"},{\"@type\":\"Organization\",\"@id\":\"https:\/\/smans.com\/nl\/#organization\",\"name\":\"Smans\",\"url\":\"https:\/\/smans.com\/nl\/\",\"logo\":{\"@type\":\"ImageObject\",\"inLanguage\":\"fr-FR\",\"@id\":\"https:\/\/smans.com\/nl\/#\/schema\/logo\/image\/\",\"url\":\"https:\/\/smans.com\/wp-content\/uploads\/2023\/09\/logo.svg\",\"contentUrl\":\"https:\/\/smans.com\/wp-content\/uploads\/2023\/09\/logo.svg\",\"caption\":\"Smans\"},\"image\":{\"@id\":\"https:\/\/smans.com\/nl\/#\/schema\/logo\/image\/\"}}]}<\/script>\n<!-- \/ Yoast SEO plugin. -->","yoast_head_json":{"title":"Fluxer - Smans","robots":{"index":"index","follow":"follow","max-snippet":"max-snippet:-1","max-image-preview":"max-image-preview:large","max-video-preview":"max-video-preview:-1"},"canonical":"https:\/\/smans.com\/fr\/product\/fluxer\/","og_locale":"fr_FR","og_type":"article","og_title":"Fluxer - Smans","og_description":"Le m\u00e9langeur rotatif int\u00e9gr\u00e9 applique avec pr\u00e9cision la quantit\u00e9 exacte de flux, un \u00e9l\u00e9ment cl\u00e9 du processus PoP (Package-on-Package).","og_url":"https:\/\/smans.com\/fr\/product\/fluxer\/","og_site_name":"Smans","article_modified_time":"2026-04-09T11:30:47+00:00","twitter_card":"summary_large_image","schema":{"@context":"https:\/\/schema.org","@graph":[{"@type":"WebPage","@id":"https:\/\/smans.com\/fr\/product\/fluxer\/","url":"https:\/\/smans.com\/fr\/product\/fluxer\/","name":"Fluxer - Smans","isPartOf":{"@id":"https:\/\/smans.com\/nl\/#website"},"datePublished":"2025-05-22T16:18:09+00:00","dateModified":"2026-04-09T11:30:47+00:00","breadcrumb":{"@id":"https:\/\/smans.com\/fr\/product\/fluxer\/#breadcrumb"},"inLanguage":"fr-FR","potentialAction":[{"@type":"ReadAction","target":["https:\/\/smans.com\/fr\/product\/fluxer\/"]}]},{"@type":"BreadcrumbList","@id":"https:\/\/smans.com\/fr\/product\/fluxer\/#breadcrumb","itemListElement":[{"@type":"ListItem","position":1,"name":"Home","item":"https:\/\/smans.com\/fr\/"},{"@type":"ListItem","position":2,"name":"Boutique","item":"https:\/\/smans.com\/nl\/shop\/"},{"@type":"ListItem","position":3,"name":"Europlacer - Fluxer"}]},{"@type":"WebSite","@id":"https:\/\/smans.com\/nl\/#website","url":"https:\/\/smans.com\/nl\/","name":"Smans","description":"","publisher":{"@id":"https:\/\/smans.com\/nl\/#organization"},"potentialAction":[{"@type":"SearchAction","target":{"@type":"EntryPoint","urlTemplate":"https:\/\/smans.com\/nl\/?s={search_term_string}"},"query-input":{"@type":"PropertyValueSpecification","valueRequired":true,"valueName":"search_term_string"}}],"inLanguage":"fr-FR"},{"@type":"Organization","@id":"https:\/\/smans.com\/nl\/#organization","name":"Smans","url":"https:\/\/smans.com\/nl\/","logo":{"@type":"ImageObject","inLanguage":"fr-FR","@id":"https:\/\/smans.com\/nl\/#\/schema\/logo\/image\/","url":"https:\/\/smans.com\/wp-content\/uploads\/2023\/09\/logo.svg","contentUrl":"https:\/\/smans.com\/wp-content\/uploads\/2023\/09\/logo.svg","caption":"Smans"},"image":{"@id":"https:\/\/smans.com\/nl\/#\/schema\/logo\/image\/"}}]}},"brands":[{"id":18240,"name":"Europlacer","slug":"brand-europlacer-fr"}],"_links":{"self":[{"href":"https:\/\/smans.com\/fr\/wp-json\/wp\/v2\/product\/47511","targetHints":{"allow":["GET"]}}],"collection":[{"href":"https:\/\/smans.com\/fr\/wp-json\/wp\/v2\/product"}],"about":[{"href":"https:\/\/smans.com\/fr\/wp-json\/wp\/v2\/types\/product"}],"wp:attachment":[{"href":"https:\/\/smans.com\/fr\/wp-json\/wp\/v2\/media?parent=47511"}],"wp:term":[{"taxonomy":"pwb-brand","embeddable":true,"href":"https:\/\/smans.com\/fr\/wp-json\/wp\/v2\/pwb-brand?post=47511"},{"taxonomy":"product_brand","embeddable":true,"href":"https:\/\/smans.com\/fr\/wp-json\/wp\/v2\/product_brand?post=47511"},{"taxonomy":"product_cat","embeddable":true,"href":"https:\/\/smans.com\/fr\/wp-json\/wp\/v2\/product_cat?post=47511"},{"taxonomy":"product_tag","embeddable":true,"href":"https:\/\/smans.com\/fr\/wp-json\/wp\/v2\/product_tag?post=47511"}],"curies":[{"name":"wp","href":"https:\/\/api.w.org\/{rel}","templated":true}]}}