{"id":47513,"date":"2025-05-22T18:18:13","date_gmt":"2025-05-22T16:18:13","guid":{"rendered":"https:\/\/smans.com\/product\/automatic-pick-place-printer-hm520-w-2\/"},"modified":"2026-04-09T13:30:47","modified_gmt":"2026-04-09T11:30:47","slug":"automatic-pick-place-printer-hm520-w-2","status":"publish","type":"product","link":"https:\/\/smans.com\/fr\/product\/automatic-pick-place-printer-hm520-w-2\/","title":{"rendered":"Hanwha - Automatic Pick &amp; Place Printer HM520 W"},"content":{"rendered":"<p>La HM520W est une machine pick &amp; place avanc\u00e9e con\u00e7ue pour offrir une productivit\u00e9, une pr\u00e9cision et une flexibilit\u00e9 maximales dans les lignes de production SMT modernes. La machine dispose d&rsquo;un syst\u00e8me \u00e0 double portique avec, au choix, une t\u00eate multifonction ou une t\u00eate haute pr\u00e9cision, combinant ainsi des vitesses de placement \u00e9lev\u00e9es et une pr\u00e9cision exceptionnelle dans une seule et m\u00eame plateforme.<\/p>\n<p>Avec des vitesses pouvant atteindre <strong>26 000 composants par heure<\/strong> et une pr\u00e9cision de positionnement de \u00b120 microm\u00e8tres pour les circuits int\u00e9gr\u00e9s, la HM520W convient aussi bien \u00e0 la production \u00e0 grande \u00e9chelle qu&rsquo;aux applications n\u00e9cessitant des tol\u00e9rances fines. La machine prend en charge une large gamme de formats de composants, des petites puces 0402 aux grands composants de 150 x 74 millim\u00e8tres, et peut traiter des cartes de circuits imprim\u00e9s d&rsquo;une longueur maximale de 750 millim\u00e8tres. Gr\u00e2ce \u00e0 sa configuration avec deux chariots d&rsquo;alimentation de 60 positions chacun, ou une combinaison d&rsquo;alimentateurs fixes et mobiles, le HM520W offre une grande flexibilit\u00e9 pour divers sc\u00e9narios de production.<\/p>\n<p>La conception du HM520W est ax\u00e9e sur la stabilit\u00e9, la vitesse et la r\u00e9p\u00e9tabilit\u00e9. La machine est \u00e9quip\u00e9e d&rsquo;un syst\u00e8me intelligent de manipulation des circuits imprim\u00e9s, d&rsquo;un contr\u00f4le pr\u00e9cis de la force jusqu&rsquo;\u00e0 100 newtons et d&rsquo;un syst\u00e8me de vide efficace qui garantit un processus de pick &amp; place stable, m\u00eame avec des composants sensibles ou atypiques.<\/p>\n<p>De plus, la HM520W est pr\u00e9par\u00e9e pour les derni\u00e8res normes industrielles, avec une connectivit\u00e9 M2M et la prise en charge de l&rsquo;int\u00e9gration TC et MAOI. Cela rend la machine id\u00e9ale pour les environnements d&rsquo;usines intelligentes et les processus de production automatis\u00e9s dans lesquels les donn\u00e9es et la communication en temps r\u00e9el sont essentielles.<\/p>\n<p>Gr\u00e2ce \u00e0 sa conception compacte, sa faible consommation d&rsquo;air et d&rsquo;\u00e9nergie et sa combinaison de vitesse, de pr\u00e9cision et de fiabilit\u00e9, le HM520W est une solution d&rsquo;avenir pour les fabricants qui souhaitent optimiser leur production SMT sans compromettre la qualit\u00e9 ou la flexibilit\u00e9.<\/p>\n","protected":false},"excerpt":{"rendered":"<p>Une machine pick &amp; place \u00e0 grande vitesse avec des vitesses de placement allant jusqu&rsquo;\u00e0 26 000 CPH et une pr\u00e9cision au micron pr\u00e8s pour les composants complexes.<\/p>\n","protected":false},"featured_media":0,"template":"","meta":{"_acf_changed":false},"pwb-brand":[18250],"product_brand":[],"product_cat":[17991,18011,18084],"product_tag":[],"class_list":{"0":"post-47513","1":"product","2":"type-product","3":"status-publish","5":"pwb-brand-brand-hanwha-fr","6":"product_cat-electronique-fr","7":"product_cat-equipement-d-assemblage-smt-fr","8":"product_cat-pick-place-fr","10":"first","11":"instock","12":"taxable","13":"shipping-taxable","14":"product-type-simple"},"acf":[],"yoast_head":"<!-- This site is optimized with the Yoast SEO plugin v27.1.1 - https:\/\/yoast.com\/product\/yoast-seo-wordpress\/ -->\n<title>Automatic Pick &amp; Place Printer HM520 W - Smans<\/title>\n<meta name=\"robots\" content=\"index, follow, max-snippet:-1, max-image-preview:large, max-video-preview:-1\" \/>\n<link rel=\"canonical\" href=\"https:\/\/smans.com\/fr\/product\/automatic-pick-place-printer-hm520-w-2\/\" \/>\n<meta property=\"og:locale\" content=\"fr_FR\" \/>\n<meta property=\"og:type\" content=\"article\" \/>\n<meta property=\"og:title\" content=\"Automatic Pick &amp; Place Printer HM520 W - Smans\" \/>\n<meta property=\"og:description\" content=\"Une machine pick &amp; place \u00e0 grande vitesse avec des vitesses de placement allant jusqu&#039;\u00e0 26 000 CPH et une pr\u00e9cision au micron pr\u00e8s pour les composants complexes.\" \/>\n<meta property=\"og:url\" content=\"https:\/\/smans.com\/fr\/product\/automatic-pick-place-printer-hm520-w-2\/\" \/>\n<meta property=\"og:site_name\" content=\"Smans\" \/>\n<meta property=\"article:modified_time\" content=\"2026-04-09T11:30:47+00:00\" \/>\n<meta name=\"twitter:card\" content=\"summary_large_image\" \/>\n<meta name=\"twitter:label1\" content=\"Dur\u00e9e de lecture estim\u00e9e\" \/>\n\t<meta name=\"twitter:data1\" content=\"2 minutes\" \/>\n<script type=\"application\/ld+json\" class=\"yoast-schema-graph\">{\"@context\":\"https:\/\/schema.org\",\"@graph\":[{\"@type\":\"WebPage\",\"@id\":\"https:\/\/smans.com\/fr\/product\/automatic-pick-place-printer-hm520-w-2\/\",\"url\":\"https:\/\/smans.com\/fr\/product\/automatic-pick-place-printer-hm520-w-2\/\",\"name\":\"Automatic Pick &amp; Place Printer HM520 W - Smans\",\"isPartOf\":{\"@id\":\"https:\/\/smans.com\/nl\/#website\"},\"datePublished\":\"2025-05-22T16:18:13+00:00\",\"dateModified\":\"2026-04-09T11:30:47+00:00\",\"breadcrumb\":{\"@id\":\"https:\/\/smans.com\/fr\/product\/automatic-pick-place-printer-hm520-w-2\/#breadcrumb\"},\"inLanguage\":\"fr-FR\",\"potentialAction\":[{\"@type\":\"ReadAction\",\"target\":[\"https:\/\/smans.com\/fr\/product\/automatic-pick-place-printer-hm520-w-2\/\"]}]},{\"@type\":\"BreadcrumbList\",\"@id\":\"https:\/\/smans.com\/fr\/product\/automatic-pick-place-printer-hm520-w-2\/#breadcrumb\",\"itemListElement\":[{\"@type\":\"ListItem\",\"position\":1,\"name\":\"Home\",\"item\":\"https:\/\/smans.com\/fr\/\"},{\"@type\":\"ListItem\",\"position\":2,\"name\":\"Boutique\",\"item\":\"https:\/\/smans.com\/nl\/shop\/\"},{\"@type\":\"ListItem\",\"position\":3,\"name\":\"Hanwha - Automatic Pick &amp; Place Printer HM520 W\"}]},{\"@type\":\"WebSite\",\"@id\":\"https:\/\/smans.com\/nl\/#website\",\"url\":\"https:\/\/smans.com\/nl\/\",\"name\":\"Smans\",\"description\":\"\",\"publisher\":{\"@id\":\"https:\/\/smans.com\/nl\/#organization\"},\"potentialAction\":[{\"@type\":\"SearchAction\",\"target\":{\"@type\":\"EntryPoint\",\"urlTemplate\":\"https:\/\/smans.com\/nl\/?s={search_term_string}\"},\"query-input\":{\"@type\":\"PropertyValueSpecification\",\"valueRequired\":true,\"valueName\":\"search_term_string\"}}],\"inLanguage\":\"fr-FR\"},{\"@type\":\"Organization\",\"@id\":\"https:\/\/smans.com\/nl\/#organization\",\"name\":\"Smans\",\"url\":\"https:\/\/smans.com\/nl\/\",\"logo\":{\"@type\":\"ImageObject\",\"inLanguage\":\"fr-FR\",\"@id\":\"https:\/\/smans.com\/nl\/#\/schema\/logo\/image\/\",\"url\":\"https:\/\/smans.com\/wp-content\/uploads\/2023\/09\/logo.svg\",\"contentUrl\":\"https:\/\/smans.com\/wp-content\/uploads\/2023\/09\/logo.svg\",\"caption\":\"Smans\"},\"image\":{\"@id\":\"https:\/\/smans.com\/nl\/#\/schema\/logo\/image\/\"}}]}<\/script>\n<!-- \/ Yoast SEO plugin. -->","yoast_head_json":{"title":"Automatic Pick &amp; Place Printer HM520 W - Smans","robots":{"index":"index","follow":"follow","max-snippet":"max-snippet:-1","max-image-preview":"max-image-preview:large","max-video-preview":"max-video-preview:-1"},"canonical":"https:\/\/smans.com\/fr\/product\/automatic-pick-place-printer-hm520-w-2\/","og_locale":"fr_FR","og_type":"article","og_title":"Automatic Pick &amp; Place Printer HM520 W - Smans","og_description":"Une machine pick &amp; place \u00e0 grande vitesse avec des vitesses de placement allant jusqu'\u00e0 26 000 CPH et une pr\u00e9cision au micron pr\u00e8s pour les composants complexes.","og_url":"https:\/\/smans.com\/fr\/product\/automatic-pick-place-printer-hm520-w-2\/","og_site_name":"Smans","article_modified_time":"2026-04-09T11:30:47+00:00","twitter_card":"summary_large_image","twitter_misc":{"Dur\u00e9e de lecture estim\u00e9e":"2 minutes"},"schema":{"@context":"https:\/\/schema.org","@graph":[{"@type":"WebPage","@id":"https:\/\/smans.com\/fr\/product\/automatic-pick-place-printer-hm520-w-2\/","url":"https:\/\/smans.com\/fr\/product\/automatic-pick-place-printer-hm520-w-2\/","name":"Automatic Pick &amp; Place Printer HM520 W - Smans","isPartOf":{"@id":"https:\/\/smans.com\/nl\/#website"},"datePublished":"2025-05-22T16:18:13+00:00","dateModified":"2026-04-09T11:30:47+00:00","breadcrumb":{"@id":"https:\/\/smans.com\/fr\/product\/automatic-pick-place-printer-hm520-w-2\/#breadcrumb"},"inLanguage":"fr-FR","potentialAction":[{"@type":"ReadAction","target":["https:\/\/smans.com\/fr\/product\/automatic-pick-place-printer-hm520-w-2\/"]}]},{"@type":"BreadcrumbList","@id":"https:\/\/smans.com\/fr\/product\/automatic-pick-place-printer-hm520-w-2\/#breadcrumb","itemListElement":[{"@type":"ListItem","position":1,"name":"Home","item":"https:\/\/smans.com\/fr\/"},{"@type":"ListItem","position":2,"name":"Boutique","item":"https:\/\/smans.com\/nl\/shop\/"},{"@type":"ListItem","position":3,"name":"Hanwha - Automatic Pick &amp; Place Printer HM520 W"}]},{"@type":"WebSite","@id":"https:\/\/smans.com\/nl\/#website","url":"https:\/\/smans.com\/nl\/","name":"Smans","description":"","publisher":{"@id":"https:\/\/smans.com\/nl\/#organization"},"potentialAction":[{"@type":"SearchAction","target":{"@type":"EntryPoint","urlTemplate":"https:\/\/smans.com\/nl\/?s={search_term_string}"},"query-input":{"@type":"PropertyValueSpecification","valueRequired":true,"valueName":"search_term_string"}}],"inLanguage":"fr-FR"},{"@type":"Organization","@id":"https:\/\/smans.com\/nl\/#organization","name":"Smans","url":"https:\/\/smans.com\/nl\/","logo":{"@type":"ImageObject","inLanguage":"fr-FR","@id":"https:\/\/smans.com\/nl\/#\/schema\/logo\/image\/","url":"https:\/\/smans.com\/wp-content\/uploads\/2023\/09\/logo.svg","contentUrl":"https:\/\/smans.com\/wp-content\/uploads\/2023\/09\/logo.svg","caption":"Smans"},"image":{"@id":"https:\/\/smans.com\/nl\/#\/schema\/logo\/image\/"}}]}},"brands":[{"id":18250,"name":"Hanwha","slug":"brand-hanwha-fr"}],"_links":{"self":[{"href":"https:\/\/smans.com\/fr\/wp-json\/wp\/v2\/product\/47513","targetHints":{"allow":["GET"]}}],"collection":[{"href":"https:\/\/smans.com\/fr\/wp-json\/wp\/v2\/product"}],"about":[{"href":"https:\/\/smans.com\/fr\/wp-json\/wp\/v2\/types\/product"}],"wp:attachment":[{"href":"https:\/\/smans.com\/fr\/wp-json\/wp\/v2\/media?parent=47513"}],"wp:term":[{"taxonomy":"pwb-brand","embeddable":true,"href":"https:\/\/smans.com\/fr\/wp-json\/wp\/v2\/pwb-brand?post=47513"},{"taxonomy":"product_brand","embeddable":true,"href":"https:\/\/smans.com\/fr\/wp-json\/wp\/v2\/product_brand?post=47513"},{"taxonomy":"product_cat","embeddable":true,"href":"https:\/\/smans.com\/fr\/wp-json\/wp\/v2\/product_cat?post=47513"},{"taxonomy":"product_tag","embeddable":true,"href":"https:\/\/smans.com\/fr\/wp-json\/wp\/v2\/product_tag?post=47513"}],"curies":[{"name":"wp","href":"https:\/\/api.w.org\/{rel}","templated":true}]}}