{"id":47516,"date":"2025-05-22T18:18:19","date_gmt":"2025-05-22T16:18:19","guid":{"rendered":"https:\/\/smans.com\/product\/taping-machine-ktr-5\/"},"modified":"2026-04-09T13:30:48","modified_gmt":"2026-04-09T11:30:48","slug":"taping-machine-ktr-5","status":"publish","type":"product","link":"https:\/\/smans.com\/fr\/product\/taping-machine-ktr-5\/","title":{"rendered":"Komax Taping - Taping Machine KTR 5"},"content":{"rendered":"<p>La KTR 5 est le plus petit mod\u00e8le de Komax avec une t\u00eate de liage ouverte. Cette machine command\u00e9e par l&rsquo;op\u00e9rateur est id\u00e9ale pour l&rsquo;enrubannage de faisceaux de c\u00e2bles d&rsquo;une longueur de 1,5 m\u00e8tre ou plus.<\/p>\n<p>La t\u00eate de liage ouverte garantit une manipulation optimale, ce qui est extr\u00eamement important lors de l&rsquo;enroulement de longs fils et de branches. Elle permet d&rsquo;introduire dans la machine de tr\u00e8s longs faisceaux de fils par le c\u00f4t\u00e9 ou par l&rsquo;avant, ce qui r\u00e9duit le temps de manipulation. Il n&rsquo;y a pas de limite \u00e0 la longueur du ruban. La KTR 5 peut traiter plusieurs m\u00e8tres de fil sans aucun probl\u00e8me.<\/p>\n","protected":false},"excerpt":{"rendered":"<p>La KTR 5 est le plus petit mod\u00e8le de Komax avec une t\u00eate de liage ouverte<\/p>\n","protected":false},"featured_media":0,"template":"","meta":{"_acf_changed":false},"pwb-brand":[18262],"product_brand":[],"product_cat":[17990,18001,18050],"product_tag":[],"class_list":{"0":"post-47516","1":"product","2":"type-product","3":"status-publish","5":"pwb-brand-brand-komax-taping-fr","6":"product_cat-cables-et-cablage-fr","7":"product_cat-processus-secondaires-fr","8":"product_cat-taping-bundling-solutions-fr","10":"first","11":"instock","12":"taxable","13":"shipping-taxable","14":"product-type-simple"},"acf":[],"yoast_head":"<!-- This site is optimized with the Yoast SEO plugin v27.1.1 - https:\/\/yoast.com\/product\/yoast-seo-wordpress\/ -->\n<title>Taping Machine KTR 5 - Smans<\/title>\n<meta name=\"robots\" content=\"index, follow, max-snippet:-1, max-image-preview:large, max-video-preview:-1\" \/>\n<link rel=\"canonical\" href=\"https:\/\/smans.com\/fr\/product\/taping-machine-ktr-5\/\" \/>\n<meta property=\"og:locale\" content=\"fr_FR\" \/>\n<meta property=\"og:type\" content=\"article\" \/>\n<meta property=\"og:title\" content=\"Taping Machine KTR 5 - Smans\" \/>\n<meta property=\"og:description\" content=\"La KTR 5 est le plus petit mod\u00e8le de Komax avec une t\u00eate de liage ouverte\" \/>\n<meta property=\"og:url\" content=\"https:\/\/smans.com\/fr\/product\/taping-machine-ktr-5\/\" \/>\n<meta property=\"og:site_name\" content=\"Smans\" \/>\n<meta property=\"article:modified_time\" content=\"2026-04-09T11:30:48+00:00\" \/>\n<meta name=\"twitter:card\" content=\"summary_large_image\" \/>\n<meta name=\"twitter:label1\" content=\"Dur\u00e9e de lecture estim\u00e9e\" \/>\n\t<meta name=\"twitter:data1\" content=\"1 minute\" \/>\n<script type=\"application\/ld+json\" class=\"yoast-schema-graph\">{\"@context\":\"https:\/\/schema.org\",\"@graph\":[{\"@type\":\"WebPage\",\"@id\":\"https:\/\/smans.com\/fr\/product\/taping-machine-ktr-5\/\",\"url\":\"https:\/\/smans.com\/fr\/product\/taping-machine-ktr-5\/\",\"name\":\"Taping Machine KTR 5 - Smans\",\"isPartOf\":{\"@id\":\"https:\/\/smans.com\/nl\/#website\"},\"datePublished\":\"2025-05-22T16:18:19+00:00\",\"dateModified\":\"2026-04-09T11:30:48+00:00\",\"breadcrumb\":{\"@id\":\"https:\/\/smans.com\/fr\/product\/taping-machine-ktr-5\/#breadcrumb\"},\"inLanguage\":\"fr-FR\",\"potentialAction\":[{\"@type\":\"ReadAction\",\"target\":[\"https:\/\/smans.com\/fr\/product\/taping-machine-ktr-5\/\"]}]},{\"@type\":\"BreadcrumbList\",\"@id\":\"https:\/\/smans.com\/fr\/product\/taping-machine-ktr-5\/#breadcrumb\",\"itemListElement\":[{\"@type\":\"ListItem\",\"position\":1,\"name\":\"Home\",\"item\":\"https:\/\/smans.com\/fr\/\"},{\"@type\":\"ListItem\",\"position\":2,\"name\":\"Boutique\",\"item\":\"https:\/\/smans.com\/nl\/shop\/\"},{\"@type\":\"ListItem\",\"position\":3,\"name\":\"Komax Taping - Taping Machine KTR 5\"}]},{\"@type\":\"WebSite\",\"@id\":\"https:\/\/smans.com\/nl\/#website\",\"url\":\"https:\/\/smans.com\/nl\/\",\"name\":\"Smans\",\"description\":\"\",\"publisher\":{\"@id\":\"https:\/\/smans.com\/nl\/#organization\"},\"potentialAction\":[{\"@type\":\"SearchAction\",\"target\":{\"@type\":\"EntryPoint\",\"urlTemplate\":\"https:\/\/smans.com\/nl\/?s={search_term_string}\"},\"query-input\":{\"@type\":\"PropertyValueSpecification\",\"valueRequired\":true,\"valueName\":\"search_term_string\"}}],\"inLanguage\":\"fr-FR\"},{\"@type\":\"Organization\",\"@id\":\"https:\/\/smans.com\/nl\/#organization\",\"name\":\"Smans\",\"url\":\"https:\/\/smans.com\/nl\/\",\"logo\":{\"@type\":\"ImageObject\",\"inLanguage\":\"fr-FR\",\"@id\":\"https:\/\/smans.com\/nl\/#\/schema\/logo\/image\/\",\"url\":\"https:\/\/smans.com\/wp-content\/uploads\/2023\/09\/logo.svg\",\"contentUrl\":\"https:\/\/smans.com\/wp-content\/uploads\/2023\/09\/logo.svg\",\"caption\":\"Smans\"},\"image\":{\"@id\":\"https:\/\/smans.com\/nl\/#\/schema\/logo\/image\/\"}}]}<\/script>\n<!-- \/ Yoast SEO plugin. -->","yoast_head_json":{"title":"Taping Machine KTR 5 - Smans","robots":{"index":"index","follow":"follow","max-snippet":"max-snippet:-1","max-image-preview":"max-image-preview:large","max-video-preview":"max-video-preview:-1"},"canonical":"https:\/\/smans.com\/fr\/product\/taping-machine-ktr-5\/","og_locale":"fr_FR","og_type":"article","og_title":"Taping Machine KTR 5 - Smans","og_description":"La KTR 5 est le plus petit mod\u00e8le de Komax avec une t\u00eate de liage ouverte","og_url":"https:\/\/smans.com\/fr\/product\/taping-machine-ktr-5\/","og_site_name":"Smans","article_modified_time":"2026-04-09T11:30:48+00:00","twitter_card":"summary_large_image","twitter_misc":{"Dur\u00e9e de lecture estim\u00e9e":"1 minute"},"schema":{"@context":"https:\/\/schema.org","@graph":[{"@type":"WebPage","@id":"https:\/\/smans.com\/fr\/product\/taping-machine-ktr-5\/","url":"https:\/\/smans.com\/fr\/product\/taping-machine-ktr-5\/","name":"Taping Machine KTR 5 - Smans","isPartOf":{"@id":"https:\/\/smans.com\/nl\/#website"},"datePublished":"2025-05-22T16:18:19+00:00","dateModified":"2026-04-09T11:30:48+00:00","breadcrumb":{"@id":"https:\/\/smans.com\/fr\/product\/taping-machine-ktr-5\/#breadcrumb"},"inLanguage":"fr-FR","potentialAction":[{"@type":"ReadAction","target":["https:\/\/smans.com\/fr\/product\/taping-machine-ktr-5\/"]}]},{"@type":"BreadcrumbList","@id":"https:\/\/smans.com\/fr\/product\/taping-machine-ktr-5\/#breadcrumb","itemListElement":[{"@type":"ListItem","position":1,"name":"Home","item":"https:\/\/smans.com\/fr\/"},{"@type":"ListItem","position":2,"name":"Boutique","item":"https:\/\/smans.com\/nl\/shop\/"},{"@type":"ListItem","position":3,"name":"Komax Taping - Taping Machine KTR 5"}]},{"@type":"WebSite","@id":"https:\/\/smans.com\/nl\/#website","url":"https:\/\/smans.com\/nl\/","name":"Smans","description":"","publisher":{"@id":"https:\/\/smans.com\/nl\/#organization"},"potentialAction":[{"@type":"SearchAction","target":{"@type":"EntryPoint","urlTemplate":"https:\/\/smans.com\/nl\/?s={search_term_string}"},"query-input":{"@type":"PropertyValueSpecification","valueRequired":true,"valueName":"search_term_string"}}],"inLanguage":"fr-FR"},{"@type":"Organization","@id":"https:\/\/smans.com\/nl\/#organization","name":"Smans","url":"https:\/\/smans.com\/nl\/","logo":{"@type":"ImageObject","inLanguage":"fr-FR","@id":"https:\/\/smans.com\/nl\/#\/schema\/logo\/image\/","url":"https:\/\/smans.com\/wp-content\/uploads\/2023\/09\/logo.svg","contentUrl":"https:\/\/smans.com\/wp-content\/uploads\/2023\/09\/logo.svg","caption":"Smans"},"image":{"@id":"https:\/\/smans.com\/nl\/#\/schema\/logo\/image\/"}}]}},"brands":[{"id":18262,"name":"Komax Taping","slug":"brand-komax-taping-fr"}],"_links":{"self":[{"href":"https:\/\/smans.com\/fr\/wp-json\/wp\/v2\/product\/47516","targetHints":{"allow":["GET"]}}],"collection":[{"href":"https:\/\/smans.com\/fr\/wp-json\/wp\/v2\/product"}],"about":[{"href":"https:\/\/smans.com\/fr\/wp-json\/wp\/v2\/types\/product"}],"wp:attachment":[{"href":"https:\/\/smans.com\/fr\/wp-json\/wp\/v2\/media?parent=47516"}],"wp:term":[{"taxonomy":"pwb-brand","embeddable":true,"href":"https:\/\/smans.com\/fr\/wp-json\/wp\/v2\/pwb-brand?post=47516"},{"taxonomy":"product_brand","embeddable":true,"href":"https:\/\/smans.com\/fr\/wp-json\/wp\/v2\/product_brand?post=47516"},{"taxonomy":"product_cat","embeddable":true,"href":"https:\/\/smans.com\/fr\/wp-json\/wp\/v2\/product_cat?post=47516"},{"taxonomy":"product_tag","embeddable":true,"href":"https:\/\/smans.com\/fr\/wp-json\/wp\/v2\/product_tag?post=47516"}],"curies":[{"name":"wp","href":"https:\/\/api.w.org\/{rel}","templated":true}]}}