{"id":54026,"date":"2025-08-21T03:23:02","date_gmt":"2025-08-21T01:23:02","guid":{"rendered":"https:\/\/smans.com\/product\/hotmarking-unit-tp15-tp10-2\/"},"modified":"2026-04-10T13:21:32","modified_gmt":"2026-04-10T11:21:32","slug":"hotmarking-unit-tp15-tp10-2","status":"publish","type":"product","link":"https:\/\/smans.com\/fr\/product\/hotmarking-unit-tp15-tp10-2\/","title":{"rendered":"Loepfe - Hotmarking unit TP15 \/ TP10"},"content":{"rendered":"<p data-start=\"1920\" data-end=\"2264\">Les <strong data-start=\"1924\" data-end=\"1932\">TP15<\/strong> et <strong data-start=\"1936\" data-end=\"1944\">TP10<\/strong> sont des <strong data-start=\"1954\" data-end=\"1985\">unit\u00e9s de marquage de table<\/strong>, con\u00e7ues pour les <strong data-start=\"2004\" data-end=\"2036\">petites s\u00e9ries de production<\/strong>, n\u00e9cessitant un <strong data-start=\"2053\" data-end=\"2083\">marquage fiable et durable<\/strong>. Gr\u00e2ce \u00e0 la <strong data-start=\"2096\" data-end=\"2164\">technologie de marquage \u00e0 chaud avec un film r\u00e9sistant \u00e0 l&rsquo;usure<\/strong>, ces unit\u00e9s offrent des <strong data-start=\"2189\" data-end=\"2261\">impressions permanentes, r\u00e9sistantes \u00e0 l&rsquo;huile et hautement lisibles<\/strong>.<\/p>\n<h4 data-start=\"2266\" data-end=\"2291\"><strong data-start=\"2271\" data-end=\"2289\">Avantages Cl\u00e9s<\/strong><\/h4>\n<ul data-start=\"2292\" data-end=\"2621\">\n<li data-start=\"2292\" data-end=\"2332\"><strong data-start=\"2294\" data-end=\"2329\">Utilisation simple et intuitive<\/strong>.<\/li>\n<li data-start=\"2333\" data-end=\"2399\"><strong data-start=\"2335\" data-end=\"2364\">Flexibilit\u00e9 d&rsquo;application<\/strong> pour divers besoins industriels.<\/li>\n<li data-start=\"2400\" data-end=\"2466\"><strong data-start=\"2402\" data-end=\"2425\">Solution \u00e9conomique<\/strong> avec des co\u00fbts d\u2019exploitation r\u00e9duits.<\/li>\n<li data-start=\"2467\" data-end=\"2549\"><strong data-start=\"2469\" data-end=\"2491\">Marquages durables<\/strong>, <strong data-start=\"2493\" data-end=\"2512\">non d\u00e9tachables<\/strong> et ne d\u00e9passant pas de la surface.<\/li>\n<li data-start=\"2550\" data-end=\"2621\"><strong data-start=\"2552\" data-end=\"2575\">Lisibilit\u00e9 optimale<\/strong>, m\u00eame en environnement industriel exigeant.<\/li>\n<\/ul>\n<p data-start=\"2623\" data-end=\"2805\" data-is-last-node=\"\">Les <strong data-start=\"2627\" data-end=\"2642\">TP15 \/ TP10<\/strong> constituent une <strong data-start=\"2659\" data-end=\"2692\">solution fiable et \u00e9conomique<\/strong> pour les <strong data-start=\"2702\" data-end=\"2742\">besoins de marquage \u00e0 petite \u00e9chelle<\/strong>, garantissant une <strong data-start=\"2761\" data-end=\"2804\">pr\u00e9cision \u00e9lev\u00e9e et une qualit\u00e9 durable<\/strong>.<\/p>\n","protected":false},"excerpt":{"rendered":"<p>TP15 \/ TP10 : Unit\u00e9 de Marquage de Table pour Petites S\u00e9ries<\/p>\n","protected":false},"featured_media":0,"template":"","meta":{"_acf_changed":false},"pwb-brand":[18268],"product_brand":[],"product_cat":[17990,17995,18031],"product_tag":[],"class_list":{"0":"post-54026","1":"product","2":"type-product","3":"status-publish","5":"pwb-brand-brand-loepfe-fr","6":"product_cat-cables-et-cablage-fr","7":"product_cat-etiquetage-marquage-fr","8":"product_cat-hotstamp-markers-fr","10":"first","11":"instock","12":"taxable","13":"shipping-taxable","14":"purchasable","15":"product-type-simple"},"acf":[],"yoast_head":"<!-- This site is optimized with the Yoast SEO plugin v27.1.1 - https:\/\/yoast.com\/product\/yoast-seo-wordpress\/ -->\n<title>Hotmarking unit TP15 \/ TP10 - Smans<\/title>\n<meta name=\"robots\" content=\"index, follow, max-snippet:-1, max-image-preview:large, max-video-preview:-1\" \/>\n<link rel=\"canonical\" href=\"https:\/\/smans.com\/fr\/product\/hotmarking-unit-tp15-tp10-2\/\" \/>\n<meta property=\"og:locale\" content=\"fr_FR\" \/>\n<meta property=\"og:type\" content=\"article\" \/>\n<meta property=\"og:title\" content=\"Hotmarking unit TP15 \/ TP10 - Smans\" \/>\n<meta property=\"og:description\" content=\"TP15 \/ TP10 : Unit\u00e9 de Marquage de Table pour Petites S\u00e9ries\" \/>\n<meta property=\"og:url\" content=\"https:\/\/smans.com\/fr\/product\/hotmarking-unit-tp15-tp10-2\/\" \/>\n<meta property=\"og:site_name\" content=\"Smans\" \/>\n<meta property=\"article:modified_time\" content=\"2026-04-10T11:21:32+00:00\" \/>\n<meta name=\"twitter:card\" content=\"summary_large_image\" \/>\n<meta name=\"twitter:label1\" content=\"Dur\u00e9e de lecture estim\u00e9e\" \/>\n\t<meta name=\"twitter:data1\" content=\"1 minute\" \/>\n<script type=\"application\/ld+json\" class=\"yoast-schema-graph\">{\"@context\":\"https:\/\/schema.org\",\"@graph\":[{\"@type\":\"WebPage\",\"@id\":\"https:\/\/smans.com\/fr\/product\/hotmarking-unit-tp15-tp10-2\/\",\"url\":\"https:\/\/smans.com\/fr\/product\/hotmarking-unit-tp15-tp10-2\/\",\"name\":\"Hotmarking unit TP15 \/ TP10 - Smans\",\"isPartOf\":{\"@id\":\"https:\/\/smans.com\/nl\/#website\"},\"datePublished\":\"2025-08-21T01:23:02+00:00\",\"dateModified\":\"2026-04-10T11:21:32+00:00\",\"breadcrumb\":{\"@id\":\"https:\/\/smans.com\/fr\/product\/hotmarking-unit-tp15-tp10-2\/#breadcrumb\"},\"inLanguage\":\"fr-FR\",\"potentialAction\":[{\"@type\":\"ReadAction\",\"target\":[\"https:\/\/smans.com\/fr\/product\/hotmarking-unit-tp15-tp10-2\/\"]}]},{\"@type\":\"BreadcrumbList\",\"@id\":\"https:\/\/smans.com\/fr\/product\/hotmarking-unit-tp15-tp10-2\/#breadcrumb\",\"itemListElement\":[{\"@type\":\"ListItem\",\"position\":1,\"name\":\"Home\",\"item\":\"https:\/\/smans.com\/fr\/\"},{\"@type\":\"ListItem\",\"position\":2,\"name\":\"Boutique\",\"item\":\"https:\/\/smans.com\/nl\/shop\/\"},{\"@type\":\"ListItem\",\"position\":3,\"name\":\"Loepfe - Hotmarking unit TP15 \/ TP10\"}]},{\"@type\":\"WebSite\",\"@id\":\"https:\/\/smans.com\/nl\/#website\",\"url\":\"https:\/\/smans.com\/nl\/\",\"name\":\"Smans\",\"description\":\"\",\"publisher\":{\"@id\":\"https:\/\/smans.com\/nl\/#organization\"},\"potentialAction\":[{\"@type\":\"SearchAction\",\"target\":{\"@type\":\"EntryPoint\",\"urlTemplate\":\"https:\/\/smans.com\/nl\/?s={search_term_string}\"},\"query-input\":{\"@type\":\"PropertyValueSpecification\",\"valueRequired\":true,\"valueName\":\"search_term_string\"}}],\"inLanguage\":\"fr-FR\"},{\"@type\":\"Organization\",\"@id\":\"https:\/\/smans.com\/nl\/#organization\",\"name\":\"Smans\",\"url\":\"https:\/\/smans.com\/nl\/\",\"logo\":{\"@type\":\"ImageObject\",\"inLanguage\":\"fr-FR\",\"@id\":\"https:\/\/smans.com\/nl\/#\/schema\/logo\/image\/\",\"url\":\"https:\/\/smans.com\/wp-content\/uploads\/2023\/09\/logo.svg\",\"contentUrl\":\"https:\/\/smans.com\/wp-content\/uploads\/2023\/09\/logo.svg\",\"caption\":\"Smans\"},\"image\":{\"@id\":\"https:\/\/smans.com\/nl\/#\/schema\/logo\/image\/\"}}]}<\/script>\n<!-- \/ Yoast SEO plugin. -->","yoast_head_json":{"title":"Hotmarking unit TP15 \/ TP10 - Smans","robots":{"index":"index","follow":"follow","max-snippet":"max-snippet:-1","max-image-preview":"max-image-preview:large","max-video-preview":"max-video-preview:-1"},"canonical":"https:\/\/smans.com\/fr\/product\/hotmarking-unit-tp15-tp10-2\/","og_locale":"fr_FR","og_type":"article","og_title":"Hotmarking unit TP15 \/ TP10 - Smans","og_description":"TP15 \/ TP10 : Unit\u00e9 de Marquage de Table pour Petites S\u00e9ries","og_url":"https:\/\/smans.com\/fr\/product\/hotmarking-unit-tp15-tp10-2\/","og_site_name":"Smans","article_modified_time":"2026-04-10T11:21:32+00:00","twitter_card":"summary_large_image","twitter_misc":{"Dur\u00e9e de lecture estim\u00e9e":"1 minute"},"schema":{"@context":"https:\/\/schema.org","@graph":[{"@type":"WebPage","@id":"https:\/\/smans.com\/fr\/product\/hotmarking-unit-tp15-tp10-2\/","url":"https:\/\/smans.com\/fr\/product\/hotmarking-unit-tp15-tp10-2\/","name":"Hotmarking unit TP15 \/ TP10 - Smans","isPartOf":{"@id":"https:\/\/smans.com\/nl\/#website"},"datePublished":"2025-08-21T01:23:02+00:00","dateModified":"2026-04-10T11:21:32+00:00","breadcrumb":{"@id":"https:\/\/smans.com\/fr\/product\/hotmarking-unit-tp15-tp10-2\/#breadcrumb"},"inLanguage":"fr-FR","potentialAction":[{"@type":"ReadAction","target":["https:\/\/smans.com\/fr\/product\/hotmarking-unit-tp15-tp10-2\/"]}]},{"@type":"BreadcrumbList","@id":"https:\/\/smans.com\/fr\/product\/hotmarking-unit-tp15-tp10-2\/#breadcrumb","itemListElement":[{"@type":"ListItem","position":1,"name":"Home","item":"https:\/\/smans.com\/fr\/"},{"@type":"ListItem","position":2,"name":"Boutique","item":"https:\/\/smans.com\/nl\/shop\/"},{"@type":"ListItem","position":3,"name":"Loepfe - Hotmarking unit TP15 \/ TP10"}]},{"@type":"WebSite","@id":"https:\/\/smans.com\/nl\/#website","url":"https:\/\/smans.com\/nl\/","name":"Smans","description":"","publisher":{"@id":"https:\/\/smans.com\/nl\/#organization"},"potentialAction":[{"@type":"SearchAction","target":{"@type":"EntryPoint","urlTemplate":"https:\/\/smans.com\/nl\/?s={search_term_string}"},"query-input":{"@type":"PropertyValueSpecification","valueRequired":true,"valueName":"search_term_string"}}],"inLanguage":"fr-FR"},{"@type":"Organization","@id":"https:\/\/smans.com\/nl\/#organization","name":"Smans","url":"https:\/\/smans.com\/nl\/","logo":{"@type":"ImageObject","inLanguage":"fr-FR","@id":"https:\/\/smans.com\/nl\/#\/schema\/logo\/image\/","url":"https:\/\/smans.com\/wp-content\/uploads\/2023\/09\/logo.svg","contentUrl":"https:\/\/smans.com\/wp-content\/uploads\/2023\/09\/logo.svg","caption":"Smans"},"image":{"@id":"https:\/\/smans.com\/nl\/#\/schema\/logo\/image\/"}}]}},"brands":[{"id":18268,"name":"Loepfe","slug":"brand-loepfe-fr"}],"_links":{"self":[{"href":"https:\/\/smans.com\/fr\/wp-json\/wp\/v2\/product\/54026","targetHints":{"allow":["GET"]}}],"collection":[{"href":"https:\/\/smans.com\/fr\/wp-json\/wp\/v2\/product"}],"about":[{"href":"https:\/\/smans.com\/fr\/wp-json\/wp\/v2\/types\/product"}],"wp:attachment":[{"href":"https:\/\/smans.com\/fr\/wp-json\/wp\/v2\/media?parent=54026"}],"wp:term":[{"taxonomy":"pwb-brand","embeddable":true,"href":"https:\/\/smans.com\/fr\/wp-json\/wp\/v2\/pwb-brand?post=54026"},{"taxonomy":"product_brand","embeddable":true,"href":"https:\/\/smans.com\/fr\/wp-json\/wp\/v2\/product_brand?post=54026"},{"taxonomy":"product_cat","embeddable":true,"href":"https:\/\/smans.com\/fr\/wp-json\/wp\/v2\/product_cat?post=54026"},{"taxonomy":"product_tag","embeddable":true,"href":"https:\/\/smans.com\/fr\/wp-json\/wp\/v2\/product_tag?post=54026"}],"curies":[{"name":"wp","href":"https:\/\/api.w.org\/{rel}","templated":true}]}}