{"id":54503,"date":"2025-11-20T02:16:59","date_gmt":"2025-11-20T01:16:59","guid":{"rendered":"https:\/\/smans.com\/product\/et9181-automatic-soldering-system\/"},"modified":"2026-01-30T07:31:12","modified_gmt":"2026-01-30T06:31:12","slug":"et9181-automatic-soldering-system","status":"publish","type":"product","link":"https:\/\/smans.com\/fr\/product\/et9181-automatic-soldering-system\/","title":{"rendered":"Quick - ET9181 Automatic soldering system"},"content":{"rendered":"<p>La station de soudage semi-automatique 9181 est \u00e9quip\u00e9e d&rsquo;un fer chaud capable de fournir et de maintenir une temp\u00e9rature de pointe avec une stabilit\u00e9 et une pr\u00e9cision in\u00e9gal\u00e9es dans le secteur. Le dispositif d&rsquo;alimentation automatique tire la soudure de la bobine tout en perforant la surface du fil \u00e0 souder afin de permettre un meilleur d\u00e9gazage du flux. Une alimentation \u00e9lectrique de 280 W permet de maintenir une temp\u00e9rature pouvant atteindre 550 \u00b0C.<\/p>\n<h4>Caract\u00e9ristiques :<\/h4>\n<ul>\n<li>Chauffage et refroidissement rapides.<\/li>\n<li>\u00c9quip\u00e9e d&rsquo;une p\u00e9dale.<\/li>\n<li>Vitesse\/dur\u00e9e du programme, alimentation en \u00e9tain\/intervalle, etc. r\u00e9glables.<\/li>\n<li>Convient \u00e0 une large gamme de fixations.<\/li>\n<\/ul>\n","protected":false},"excerpt":{"rendered":"<p>Station de soudage semi-automatique<\/p>\n","protected":false},"featured_media":0,"template":"","meta":{"_acf_changed":false},"pwb-brand":[],"product_brand":[],"product_cat":[17992],"product_tag":[],"class_list":{"0":"post-54503","1":"product","2":"type-product","3":"status-publish","5":"product_cat-stocksale-2025-fr","7":"first","8":"instock","9":"taxable","10":"shipping-taxable","11":"purchasable","12":"product-type-simple"},"acf":[],"yoast_head":"<!-- This site is optimized with the Yoast SEO plugin v27.1.1 - https:\/\/yoast.com\/product\/yoast-seo-wordpress\/ -->\n<title>ET9181 Automatic soldering system - Smans<\/title>\n<meta name=\"robots\" content=\"index, follow, max-snippet:-1, max-image-preview:large, max-video-preview:-1\" \/>\n<link rel=\"canonical\" href=\"https:\/\/smans.com\/fr\/product\/et9181-automatic-soldering-system\/\" \/>\n<meta property=\"og:locale\" content=\"fr_FR\" \/>\n<meta property=\"og:type\" content=\"article\" \/>\n<meta property=\"og:title\" content=\"ET9181 Automatic soldering system - Smans\" \/>\n<meta property=\"og:description\" content=\"Station de soudage semi-automatique\" \/>\n<meta property=\"og:url\" content=\"https:\/\/smans.com\/fr\/product\/et9181-automatic-soldering-system\/\" \/>\n<meta property=\"og:site_name\" content=\"Smans\" \/>\n<meta property=\"article:modified_time\" content=\"2026-01-30T06:31:12+00:00\" \/>\n<meta name=\"twitter:card\" content=\"summary_large_image\" \/>\n<meta name=\"twitter:label1\" content=\"Dur\u00e9e de lecture estim\u00e9e\" \/>\n\t<meta name=\"twitter:data1\" content=\"1 minute\" \/>\n<script type=\"application\/ld+json\" class=\"yoast-schema-graph\">{\"@context\":\"https:\/\/schema.org\",\"@graph\":[{\"@type\":\"WebPage\",\"@id\":\"https:\/\/smans.com\/fr\/product\/et9181-automatic-soldering-system\/\",\"url\":\"https:\/\/smans.com\/fr\/product\/et9181-automatic-soldering-system\/\",\"name\":\"ET9181 Automatic soldering system - Smans\",\"isPartOf\":{\"@id\":\"https:\/\/smans.com\/nl\/#website\"},\"datePublished\":\"2025-11-20T01:16:59+00:00\",\"dateModified\":\"2026-01-30T06:31:12+00:00\",\"breadcrumb\":{\"@id\":\"https:\/\/smans.com\/fr\/product\/et9181-automatic-soldering-system\/#breadcrumb\"},\"inLanguage\":\"fr-FR\",\"potentialAction\":[{\"@type\":\"ReadAction\",\"target\":[\"https:\/\/smans.com\/fr\/product\/et9181-automatic-soldering-system\/\"]}]},{\"@type\":\"BreadcrumbList\",\"@id\":\"https:\/\/smans.com\/fr\/product\/et9181-automatic-soldering-system\/#breadcrumb\",\"itemListElement\":[{\"@type\":\"ListItem\",\"position\":1,\"name\":\"Home\",\"item\":\"https:\/\/smans.com\/fr\/\"},{\"@type\":\"ListItem\",\"position\":2,\"name\":\"Boutique\",\"item\":\"https:\/\/smans.com\/nl\/shop\/\"},{\"@type\":\"ListItem\",\"position\":3,\"name\":\"ET9181 Automatic soldering system\"}]},{\"@type\":\"WebSite\",\"@id\":\"https:\/\/smans.com\/nl\/#website\",\"url\":\"https:\/\/smans.com\/nl\/\",\"name\":\"Smans\",\"description\":\"\",\"publisher\":{\"@id\":\"https:\/\/smans.com\/nl\/#organization\"},\"potentialAction\":[{\"@type\":\"SearchAction\",\"target\":{\"@type\":\"EntryPoint\",\"urlTemplate\":\"https:\/\/smans.com\/nl\/?s={search_term_string}\"},\"query-input\":{\"@type\":\"PropertyValueSpecification\",\"valueRequired\":true,\"valueName\":\"search_term_string\"}}],\"inLanguage\":\"fr-FR\"},{\"@type\":\"Organization\",\"@id\":\"https:\/\/smans.com\/nl\/#organization\",\"name\":\"Smans\",\"url\":\"https:\/\/smans.com\/nl\/\",\"logo\":{\"@type\":\"ImageObject\",\"inLanguage\":\"fr-FR\",\"@id\":\"https:\/\/smans.com\/nl\/#\/schema\/logo\/image\/\",\"url\":\"https:\/\/smans.com\/wp-content\/uploads\/2023\/09\/logo.svg\",\"contentUrl\":\"https:\/\/smans.com\/wp-content\/uploads\/2023\/09\/logo.svg\",\"caption\":\"Smans\"},\"image\":{\"@id\":\"https:\/\/smans.com\/nl\/#\/schema\/logo\/image\/\"}}]}<\/script>\n<!-- \/ Yoast SEO plugin. -->","yoast_head_json":{"title":"ET9181 Automatic soldering system - Smans","robots":{"index":"index","follow":"follow","max-snippet":"max-snippet:-1","max-image-preview":"max-image-preview:large","max-video-preview":"max-video-preview:-1"},"canonical":"https:\/\/smans.com\/fr\/product\/et9181-automatic-soldering-system\/","og_locale":"fr_FR","og_type":"article","og_title":"ET9181 Automatic soldering system - Smans","og_description":"Station de soudage semi-automatique","og_url":"https:\/\/smans.com\/fr\/product\/et9181-automatic-soldering-system\/","og_site_name":"Smans","article_modified_time":"2026-01-30T06:31:12+00:00","twitter_card":"summary_large_image","twitter_misc":{"Dur\u00e9e de lecture estim\u00e9e":"1 minute"},"schema":{"@context":"https:\/\/schema.org","@graph":[{"@type":"WebPage","@id":"https:\/\/smans.com\/fr\/product\/et9181-automatic-soldering-system\/","url":"https:\/\/smans.com\/fr\/product\/et9181-automatic-soldering-system\/","name":"ET9181 Automatic soldering system - Smans","isPartOf":{"@id":"https:\/\/smans.com\/nl\/#website"},"datePublished":"2025-11-20T01:16:59+00:00","dateModified":"2026-01-30T06:31:12+00:00","breadcrumb":{"@id":"https:\/\/smans.com\/fr\/product\/et9181-automatic-soldering-system\/#breadcrumb"},"inLanguage":"fr-FR","potentialAction":[{"@type":"ReadAction","target":["https:\/\/smans.com\/fr\/product\/et9181-automatic-soldering-system\/"]}]},{"@type":"BreadcrumbList","@id":"https:\/\/smans.com\/fr\/product\/et9181-automatic-soldering-system\/#breadcrumb","itemListElement":[{"@type":"ListItem","position":1,"name":"Home","item":"https:\/\/smans.com\/fr\/"},{"@type":"ListItem","position":2,"name":"Boutique","item":"https:\/\/smans.com\/nl\/shop\/"},{"@type":"ListItem","position":3,"name":"ET9181 Automatic soldering system"}]},{"@type":"WebSite","@id":"https:\/\/smans.com\/nl\/#website","url":"https:\/\/smans.com\/nl\/","name":"Smans","description":"","publisher":{"@id":"https:\/\/smans.com\/nl\/#organization"},"potentialAction":[{"@type":"SearchAction","target":{"@type":"EntryPoint","urlTemplate":"https:\/\/smans.com\/nl\/?s={search_term_string}"},"query-input":{"@type":"PropertyValueSpecification","valueRequired":true,"valueName":"search_term_string"}}],"inLanguage":"fr-FR"},{"@type":"Organization","@id":"https:\/\/smans.com\/nl\/#organization","name":"Smans","url":"https:\/\/smans.com\/nl\/","logo":{"@type":"ImageObject","inLanguage":"fr-FR","@id":"https:\/\/smans.com\/nl\/#\/schema\/logo\/image\/","url":"https:\/\/smans.com\/wp-content\/uploads\/2023\/09\/logo.svg","contentUrl":"https:\/\/smans.com\/wp-content\/uploads\/2023\/09\/logo.svg","caption":"Smans"},"image":{"@id":"https:\/\/smans.com\/nl\/#\/schema\/logo\/image\/"}}]}},"brands":[],"_links":{"self":[{"href":"https:\/\/smans.com\/fr\/wp-json\/wp\/v2\/product\/54503","targetHints":{"allow":["GET"]}}],"collection":[{"href":"https:\/\/smans.com\/fr\/wp-json\/wp\/v2\/product"}],"about":[{"href":"https:\/\/smans.com\/fr\/wp-json\/wp\/v2\/types\/product"}],"wp:attachment":[{"href":"https:\/\/smans.com\/fr\/wp-json\/wp\/v2\/media?parent=54503"}],"wp:term":[{"taxonomy":"pwb-brand","embeddable":true,"href":"https:\/\/smans.com\/fr\/wp-json\/wp\/v2\/pwb-brand?post=54503"},{"taxonomy":"product_brand","embeddable":true,"href":"https:\/\/smans.com\/fr\/wp-json\/wp\/v2\/product_brand?post=54503"},{"taxonomy":"product_cat","embeddable":true,"href":"https:\/\/smans.com\/fr\/wp-json\/wp\/v2\/product_cat?post=54503"},{"taxonomy":"product_tag","embeddable":true,"href":"https:\/\/smans.com\/fr\/wp-json\/wp\/v2\/product_tag?post=54503"}],"curies":[{"name":"wp","href":"https:\/\/api.w.org\/{rel}","templated":true}]}}