{"id":54507,"date":"2025-11-20T02:17:08","date_gmt":"2025-11-20T01:17:08","guid":{"rendered":"https:\/\/smans.com\/product\/ir-control-unit-basic-2-channel-110-230v-50-60-hz-irdc-2000-2\/"},"modified":"2026-01-30T07:31:16","modified_gmt":"2026-01-30T06:31:16","slug":"ir-control-unit-basic-2-channel-110-230v-50-60-hz-irdc-2000-2","status":"publish","type":"product","link":"https:\/\/smans.com\/fr\/product\/ir-control-unit-basic-2-channel-110-230v-50-60-hz-irdc-2000-2\/","title":{"rendered":"Komax - IR Control unit Basic, 2-channel (110 -230V -50\/60 Hz) (IRDC-2000-2)"},"content":{"rendered":"<p>La version \u00e0 deux canaux de l&rsquo;unit\u00e9 de commande num\u00e9rique IRDC-2000 permet de contr\u00f4ler ind\u00e9pendamment deux appareils de r\u00e9traction infrarouge diff\u00e9rents. L&rsquo;appareil est \u00e9quip\u00e9 d&rsquo;un contr\u00f4leur command\u00e9 par logiciel avec une interface tactile conviviale pour une utilisation facile. Le logiciel permet \u00e0 l&rsquo;utilisateur de personnaliser enti\u00e8rement les programmes et propose des param\u00e8tres d&rsquo;essai en mode test.<\/p>\n<p>Pendant le processus de chauffage, l&rsquo;\u00e9tat de la production peut \u00eatre surveill\u00e9 pour un contr\u00f4le qualit\u00e9 efficace. De plus, l&rsquo;appareil peut \u00eatre connect\u00e9 \u00e0 un r\u00e9seau pour un acc\u00e8s \u00e0 distance, ce qui permet aux utilisateurs de configurer et de faire fonctionner l&rsquo;unit\u00e9 \u00e0 distance. La p\u00e9dale de commande est disponible en option pour une utilisation mains libres.<\/p>\n","protected":false},"excerpt":{"rendered":"<p>Unit\u00e9 de commande num\u00e9rique pour appareils de r\u00e9traction infrarouge<\/p>\n","protected":false},"featured_media":0,"template":"","meta":{"_acf_changed":false},"pwb-brand":[18260],"product_brand":[],"product_cat":[17992],"product_tag":[],"class_list":{"0":"post-54507","1":"product","2":"type-product","3":"status-publish","5":"pwb-brand-brand-komax-fr","6":"product_cat-stocksale-2025-fr","8":"first","9":"instock","10":"taxable","11":"shipping-taxable","12":"purchasable","13":"product-type-simple"},"acf":[],"yoast_head":"<!-- This site is optimized with the Yoast SEO plugin v27.1.1 - https:\/\/yoast.com\/product\/yoast-seo-wordpress\/ -->\n<title>IR Control unit Basic, 2-channel (110 -230V -50\/60 Hz) (IRDC-2000-2) - Smans<\/title>\n<meta name=\"robots\" content=\"index, follow, max-snippet:-1, max-image-preview:large, max-video-preview:-1\" \/>\n<link rel=\"canonical\" href=\"https:\/\/smans.com\/fr\/product\/ir-control-unit-basic-2-channel-110-230v-50-60-hz-irdc-2000-2\/\" \/>\n<meta property=\"og:locale\" content=\"fr_FR\" \/>\n<meta property=\"og:type\" content=\"article\" \/>\n<meta property=\"og:title\" content=\"IR Control unit Basic, 2-channel (110 -230V -50\/60 Hz) (IRDC-2000-2) - Smans\" \/>\n<meta property=\"og:description\" content=\"Unit\u00e9 de commande num\u00e9rique pour appareils de r\u00e9traction infrarouge\" \/>\n<meta property=\"og:url\" content=\"https:\/\/smans.com\/fr\/product\/ir-control-unit-basic-2-channel-110-230v-50-60-hz-irdc-2000-2\/\" \/>\n<meta property=\"og:site_name\" content=\"Smans\" \/>\n<meta property=\"article:modified_time\" content=\"2026-01-30T06:31:16+00:00\" \/>\n<meta name=\"twitter:card\" content=\"summary_large_image\" \/>\n<meta name=\"twitter:label1\" content=\"Dur\u00e9e de lecture estim\u00e9e\" \/>\n\t<meta name=\"twitter:data1\" content=\"1 minute\" \/>\n<script type=\"application\/ld+json\" class=\"yoast-schema-graph\">{\"@context\":\"https:\/\/schema.org\",\"@graph\":[{\"@type\":\"WebPage\",\"@id\":\"https:\/\/smans.com\/fr\/product\/ir-control-unit-basic-2-channel-110-230v-50-60-hz-irdc-2000-2\/\",\"url\":\"https:\/\/smans.com\/fr\/product\/ir-control-unit-basic-2-channel-110-230v-50-60-hz-irdc-2000-2\/\",\"name\":\"IR Control unit Basic, 2-channel (110 -230V -50\/60 Hz) (IRDC-2000-2) - Smans\",\"isPartOf\":{\"@id\":\"https:\/\/smans.com\/nl\/#website\"},\"datePublished\":\"2025-11-20T01:17:08+00:00\",\"dateModified\":\"2026-01-30T06:31:16+00:00\",\"breadcrumb\":{\"@id\":\"https:\/\/smans.com\/fr\/product\/ir-control-unit-basic-2-channel-110-230v-50-60-hz-irdc-2000-2\/#breadcrumb\"},\"inLanguage\":\"fr-FR\",\"potentialAction\":[{\"@type\":\"ReadAction\",\"target\":[\"https:\/\/smans.com\/fr\/product\/ir-control-unit-basic-2-channel-110-230v-50-60-hz-irdc-2000-2\/\"]}]},{\"@type\":\"BreadcrumbList\",\"@id\":\"https:\/\/smans.com\/fr\/product\/ir-control-unit-basic-2-channel-110-230v-50-60-hz-irdc-2000-2\/#breadcrumb\",\"itemListElement\":[{\"@type\":\"ListItem\",\"position\":1,\"name\":\"Home\",\"item\":\"https:\/\/smans.com\/fr\/\"},{\"@type\":\"ListItem\",\"position\":2,\"name\":\"Boutique\",\"item\":\"https:\/\/smans.com\/nl\/shop\/\"},{\"@type\":\"ListItem\",\"position\":3,\"name\":\"Komax - IR Control unit Basic, 2-channel (110 -230V -50\/60 Hz) (IRDC-2000-2)\"}]},{\"@type\":\"WebSite\",\"@id\":\"https:\/\/smans.com\/nl\/#website\",\"url\":\"https:\/\/smans.com\/nl\/\",\"name\":\"Smans\",\"description\":\"\",\"publisher\":{\"@id\":\"https:\/\/smans.com\/nl\/#organization\"},\"potentialAction\":[{\"@type\":\"SearchAction\",\"target\":{\"@type\":\"EntryPoint\",\"urlTemplate\":\"https:\/\/smans.com\/nl\/?s={search_term_string}\"},\"query-input\":{\"@type\":\"PropertyValueSpecification\",\"valueRequired\":true,\"valueName\":\"search_term_string\"}}],\"inLanguage\":\"fr-FR\"},{\"@type\":\"Organization\",\"@id\":\"https:\/\/smans.com\/nl\/#organization\",\"name\":\"Smans\",\"url\":\"https:\/\/smans.com\/nl\/\",\"logo\":{\"@type\":\"ImageObject\",\"inLanguage\":\"fr-FR\",\"@id\":\"https:\/\/smans.com\/nl\/#\/schema\/logo\/image\/\",\"url\":\"https:\/\/smans.com\/wp-content\/uploads\/2023\/09\/logo.svg\",\"contentUrl\":\"https:\/\/smans.com\/wp-content\/uploads\/2023\/09\/logo.svg\",\"caption\":\"Smans\"},\"image\":{\"@id\":\"https:\/\/smans.com\/nl\/#\/schema\/logo\/image\/\"}}]}<\/script>\n<!-- \/ Yoast SEO plugin. -->","yoast_head_json":{"title":"IR Control unit Basic, 2-channel (110 -230V -50\/60 Hz) (IRDC-2000-2) - Smans","robots":{"index":"index","follow":"follow","max-snippet":"max-snippet:-1","max-image-preview":"max-image-preview:large","max-video-preview":"max-video-preview:-1"},"canonical":"https:\/\/smans.com\/fr\/product\/ir-control-unit-basic-2-channel-110-230v-50-60-hz-irdc-2000-2\/","og_locale":"fr_FR","og_type":"article","og_title":"IR Control unit Basic, 2-channel (110 -230V -50\/60 Hz) (IRDC-2000-2) - Smans","og_description":"Unit\u00e9 de commande num\u00e9rique pour appareils de r\u00e9traction infrarouge","og_url":"https:\/\/smans.com\/fr\/product\/ir-control-unit-basic-2-channel-110-230v-50-60-hz-irdc-2000-2\/","og_site_name":"Smans","article_modified_time":"2026-01-30T06:31:16+00:00","twitter_card":"summary_large_image","twitter_misc":{"Dur\u00e9e de lecture estim\u00e9e":"1 minute"},"schema":{"@context":"https:\/\/schema.org","@graph":[{"@type":"WebPage","@id":"https:\/\/smans.com\/fr\/product\/ir-control-unit-basic-2-channel-110-230v-50-60-hz-irdc-2000-2\/","url":"https:\/\/smans.com\/fr\/product\/ir-control-unit-basic-2-channel-110-230v-50-60-hz-irdc-2000-2\/","name":"IR Control unit Basic, 2-channel (110 -230V -50\/60 Hz) (IRDC-2000-2) - Smans","isPartOf":{"@id":"https:\/\/smans.com\/nl\/#website"},"datePublished":"2025-11-20T01:17:08+00:00","dateModified":"2026-01-30T06:31:16+00:00","breadcrumb":{"@id":"https:\/\/smans.com\/fr\/product\/ir-control-unit-basic-2-channel-110-230v-50-60-hz-irdc-2000-2\/#breadcrumb"},"inLanguage":"fr-FR","potentialAction":[{"@type":"ReadAction","target":["https:\/\/smans.com\/fr\/product\/ir-control-unit-basic-2-channel-110-230v-50-60-hz-irdc-2000-2\/"]}]},{"@type":"BreadcrumbList","@id":"https:\/\/smans.com\/fr\/product\/ir-control-unit-basic-2-channel-110-230v-50-60-hz-irdc-2000-2\/#breadcrumb","itemListElement":[{"@type":"ListItem","position":1,"name":"Home","item":"https:\/\/smans.com\/fr\/"},{"@type":"ListItem","position":2,"name":"Boutique","item":"https:\/\/smans.com\/nl\/shop\/"},{"@type":"ListItem","position":3,"name":"Komax - IR Control unit Basic, 2-channel (110 -230V -50\/60 Hz) (IRDC-2000-2)"}]},{"@type":"WebSite","@id":"https:\/\/smans.com\/nl\/#website","url":"https:\/\/smans.com\/nl\/","name":"Smans","description":"","publisher":{"@id":"https:\/\/smans.com\/nl\/#organization"},"potentialAction":[{"@type":"SearchAction","target":{"@type":"EntryPoint","urlTemplate":"https:\/\/smans.com\/nl\/?s={search_term_string}"},"query-input":{"@type":"PropertyValueSpecification","valueRequired":true,"valueName":"search_term_string"}}],"inLanguage":"fr-FR"},{"@type":"Organization","@id":"https:\/\/smans.com\/nl\/#organization","name":"Smans","url":"https:\/\/smans.com\/nl\/","logo":{"@type":"ImageObject","inLanguage":"fr-FR","@id":"https:\/\/smans.com\/nl\/#\/schema\/logo\/image\/","url":"https:\/\/smans.com\/wp-content\/uploads\/2023\/09\/logo.svg","contentUrl":"https:\/\/smans.com\/wp-content\/uploads\/2023\/09\/logo.svg","caption":"Smans"},"image":{"@id":"https:\/\/smans.com\/nl\/#\/schema\/logo\/image\/"}}]}},"brands":[{"id":18260,"name":"Komax","slug":"brand-komax-fr"}],"_links":{"self":[{"href":"https:\/\/smans.com\/fr\/wp-json\/wp\/v2\/product\/54507","targetHints":{"allow":["GET"]}}],"collection":[{"href":"https:\/\/smans.com\/fr\/wp-json\/wp\/v2\/product"}],"about":[{"href":"https:\/\/smans.com\/fr\/wp-json\/wp\/v2\/types\/product"}],"wp:attachment":[{"href":"https:\/\/smans.com\/fr\/wp-json\/wp\/v2\/media?parent=54507"}],"wp:term":[{"taxonomy":"pwb-brand","embeddable":true,"href":"https:\/\/smans.com\/fr\/wp-json\/wp\/v2\/pwb-brand?post=54507"},{"taxonomy":"product_brand","embeddable":true,"href":"https:\/\/smans.com\/fr\/wp-json\/wp\/v2\/product_brand?post=54507"},{"taxonomy":"product_cat","embeddable":true,"href":"https:\/\/smans.com\/fr\/wp-json\/wp\/v2\/product_cat?post=54507"},{"taxonomy":"product_tag","embeddable":true,"href":"https:\/\/smans.com\/fr\/wp-json\/wp\/v2\/product_tag?post=54507"}],"curies":[{"name":"wp","href":"https:\/\/api.w.org\/{rel}","templated":true}]}}