{"id":54510,"date":"2025-11-20T02:17:12","date_gmt":"2025-11-20T01:17:12","guid":{"rendered":"https:\/\/smans.com\/product\/unistrip-2600\/"},"modified":"2026-01-30T07:31:17","modified_gmt":"2026-01-30T06:31:17","slug":"unistrip-2600","status":"publish","type":"product","link":"https:\/\/smans.com\/fr\/product\/unistrip-2600\/","title":{"rendered":"Schleuniger - UniStrip 2600"},"content":{"rendered":"<p>L&rsquo;UniStrip 2600 est l&rsquo;une des machines \u00e0 d\u00e9nuder les plus flexibles du march\u00e9. Elle est con\u00e7ue pour une large gamme d&rsquo;applications avec des longueurs de d\u00e9nudage allant jusqu&rsquo;\u00e0 80 mm (3,14\u00ab ) et une longueur d&rsquo;arrachement maximale de 40 mm (1,57 \u00bb). Elle permet de traiter des applications uniques et plusieurs conducteurs en un seul cycle. La machine est dot\u00e9e de moteurs puissants et silencieux et offre des temps de cycle rapides. Elle est enti\u00e8rement programmable et dispose de 1 000 emplacements m\u00e9moire. Gr\u00e2ce \u00e0 la fonction SmartStrip\u2122 en option, l&rsquo;UniStrip 2600 minimise les erreurs de l&rsquo;op\u00e9rateur. Il n&rsquo;est plus n\u00e9cessaire de charger diff\u00e9rents programmes entre les t\u00e2ches, car SmartStrip\u2122 d\u00e9tecte automatiquement le diam\u00e8tre du fil et le traite selon des param\u00e8tres pr\u00e9programm\u00e9s. La t\u00eate de d\u00e9nudage est facile \u00e0 changer et compatible avec diff\u00e9rents types de lames.<\/p>\n","protected":false},"excerpt":{"rendered":"<p>L&rsquo;UniStrip 2600 d\u00e9nude une grande vari\u00e9t\u00e9 de types de fils et de c\u00e2bles, y compris les fils discrets de 0,03 \u00e0 16 mm\u00b2 (32 \u00e0 6 AWG), les cordons d&rsquo;alimentation, les c\u00e2bles multiconducteurs, les c\u00e2bles plats, etc.<\/p>\n","protected":false},"featured_media":0,"template":"","meta":{"_acf_changed":false},"pwb-brand":[18298],"product_brand":[],"product_cat":[17992],"product_tag":[],"class_list":{"0":"post-54510","1":"product","2":"type-product","3":"status-publish","5":"pwb-brand-brand-schleuniger-fr","6":"product_cat-stocksale-2025-fr","8":"first","9":"instock","10":"taxable","11":"shipping-taxable","12":"purchasable","13":"product-type-simple"},"acf":[],"yoast_head":"<!-- This site is optimized with the Yoast SEO plugin v27.1.1 - https:\/\/yoast.com\/product\/yoast-seo-wordpress\/ -->\n<title>UniStrip 2600 - Smans<\/title>\n<meta name=\"robots\" content=\"index, follow, max-snippet:-1, max-image-preview:large, max-video-preview:-1\" \/>\n<link rel=\"canonical\" href=\"https:\/\/smans.com\/fr\/product\/unistrip-2600\/\" \/>\n<meta property=\"og:locale\" content=\"fr_FR\" \/>\n<meta property=\"og:type\" content=\"article\" \/>\n<meta property=\"og:title\" content=\"UniStrip 2600 - Smans\" \/>\n<meta property=\"og:description\" content=\"L&#039;UniStrip 2600 d\u00e9nude une grande vari\u00e9t\u00e9 de types de fils et de c\u00e2bles, y compris les fils discrets de 0,03 \u00e0 16 mm\u00b2 (32 \u00e0 6 AWG), les cordons d&#039;alimentation, les c\u00e2bles multiconducteurs, les c\u00e2bles plats, etc.\" \/>\n<meta property=\"og:url\" content=\"https:\/\/smans.com\/fr\/product\/unistrip-2600\/\" \/>\n<meta property=\"og:site_name\" content=\"Smans\" \/>\n<meta property=\"article:modified_time\" content=\"2026-01-30T06:31:17+00:00\" \/>\n<meta name=\"twitter:card\" content=\"summary_large_image\" \/>\n<meta name=\"twitter:label1\" content=\"Dur\u00e9e de lecture estim\u00e9e\" \/>\n\t<meta name=\"twitter:data1\" content=\"1 minute\" \/>\n<script type=\"application\/ld+json\" class=\"yoast-schema-graph\">{\"@context\":\"https:\/\/schema.org\",\"@graph\":[{\"@type\":\"WebPage\",\"@id\":\"https:\/\/smans.com\/fr\/product\/unistrip-2600\/\",\"url\":\"https:\/\/smans.com\/fr\/product\/unistrip-2600\/\",\"name\":\"UniStrip 2600 - Smans\",\"isPartOf\":{\"@id\":\"https:\/\/smans.com\/nl\/#website\"},\"datePublished\":\"2025-11-20T01:17:12+00:00\",\"dateModified\":\"2026-01-30T06:31:17+00:00\",\"breadcrumb\":{\"@id\":\"https:\/\/smans.com\/fr\/product\/unistrip-2600\/#breadcrumb\"},\"inLanguage\":\"fr-FR\",\"potentialAction\":[{\"@type\":\"ReadAction\",\"target\":[\"https:\/\/smans.com\/fr\/product\/unistrip-2600\/\"]}]},{\"@type\":\"BreadcrumbList\",\"@id\":\"https:\/\/smans.com\/fr\/product\/unistrip-2600\/#breadcrumb\",\"itemListElement\":[{\"@type\":\"ListItem\",\"position\":1,\"name\":\"Home\",\"item\":\"https:\/\/smans.com\/fr\/\"},{\"@type\":\"ListItem\",\"position\":2,\"name\":\"Boutique\",\"item\":\"https:\/\/smans.com\/nl\/shop\/\"},{\"@type\":\"ListItem\",\"position\":3,\"name\":\"Schleuniger - UniStrip 2600\"}]},{\"@type\":\"WebSite\",\"@id\":\"https:\/\/smans.com\/nl\/#website\",\"url\":\"https:\/\/smans.com\/nl\/\",\"name\":\"Smans\",\"description\":\"\",\"publisher\":{\"@id\":\"https:\/\/smans.com\/nl\/#organization\"},\"potentialAction\":[{\"@type\":\"SearchAction\",\"target\":{\"@type\":\"EntryPoint\",\"urlTemplate\":\"https:\/\/smans.com\/nl\/?s={search_term_string}\"},\"query-input\":{\"@type\":\"PropertyValueSpecification\",\"valueRequired\":true,\"valueName\":\"search_term_string\"}}],\"inLanguage\":\"fr-FR\"},{\"@type\":\"Organization\",\"@id\":\"https:\/\/smans.com\/nl\/#organization\",\"name\":\"Smans\",\"url\":\"https:\/\/smans.com\/nl\/\",\"logo\":{\"@type\":\"ImageObject\",\"inLanguage\":\"fr-FR\",\"@id\":\"https:\/\/smans.com\/nl\/#\/schema\/logo\/image\/\",\"url\":\"https:\/\/smans.com\/wp-content\/uploads\/2023\/09\/logo.svg\",\"contentUrl\":\"https:\/\/smans.com\/wp-content\/uploads\/2023\/09\/logo.svg\",\"caption\":\"Smans\"},\"image\":{\"@id\":\"https:\/\/smans.com\/nl\/#\/schema\/logo\/image\/\"}}]}<\/script>\n<!-- \/ Yoast SEO plugin. -->","yoast_head_json":{"title":"UniStrip 2600 - Smans","robots":{"index":"index","follow":"follow","max-snippet":"max-snippet:-1","max-image-preview":"max-image-preview:large","max-video-preview":"max-video-preview:-1"},"canonical":"https:\/\/smans.com\/fr\/product\/unistrip-2600\/","og_locale":"fr_FR","og_type":"article","og_title":"UniStrip 2600 - Smans","og_description":"L'UniStrip 2600 d\u00e9nude une grande vari\u00e9t\u00e9 de types de fils et de c\u00e2bles, y compris les fils discrets de 0,03 \u00e0 16 mm\u00b2 (32 \u00e0 6 AWG), les cordons d'alimentation, les c\u00e2bles multiconducteurs, les c\u00e2bles plats, etc.","og_url":"https:\/\/smans.com\/fr\/product\/unistrip-2600\/","og_site_name":"Smans","article_modified_time":"2026-01-30T06:31:17+00:00","twitter_card":"summary_large_image","twitter_misc":{"Dur\u00e9e de lecture estim\u00e9e":"1 minute"},"schema":{"@context":"https:\/\/schema.org","@graph":[{"@type":"WebPage","@id":"https:\/\/smans.com\/fr\/product\/unistrip-2600\/","url":"https:\/\/smans.com\/fr\/product\/unistrip-2600\/","name":"UniStrip 2600 - Smans","isPartOf":{"@id":"https:\/\/smans.com\/nl\/#website"},"datePublished":"2025-11-20T01:17:12+00:00","dateModified":"2026-01-30T06:31:17+00:00","breadcrumb":{"@id":"https:\/\/smans.com\/fr\/product\/unistrip-2600\/#breadcrumb"},"inLanguage":"fr-FR","potentialAction":[{"@type":"ReadAction","target":["https:\/\/smans.com\/fr\/product\/unistrip-2600\/"]}]},{"@type":"BreadcrumbList","@id":"https:\/\/smans.com\/fr\/product\/unistrip-2600\/#breadcrumb","itemListElement":[{"@type":"ListItem","position":1,"name":"Home","item":"https:\/\/smans.com\/fr\/"},{"@type":"ListItem","position":2,"name":"Boutique","item":"https:\/\/smans.com\/nl\/shop\/"},{"@type":"ListItem","position":3,"name":"Schleuniger - UniStrip 2600"}]},{"@type":"WebSite","@id":"https:\/\/smans.com\/nl\/#website","url":"https:\/\/smans.com\/nl\/","name":"Smans","description":"","publisher":{"@id":"https:\/\/smans.com\/nl\/#organization"},"potentialAction":[{"@type":"SearchAction","target":{"@type":"EntryPoint","urlTemplate":"https:\/\/smans.com\/nl\/?s={search_term_string}"},"query-input":{"@type":"PropertyValueSpecification","valueRequired":true,"valueName":"search_term_string"}}],"inLanguage":"fr-FR"},{"@type":"Organization","@id":"https:\/\/smans.com\/nl\/#organization","name":"Smans","url":"https:\/\/smans.com\/nl\/","logo":{"@type":"ImageObject","inLanguage":"fr-FR","@id":"https:\/\/smans.com\/nl\/#\/schema\/logo\/image\/","url":"https:\/\/smans.com\/wp-content\/uploads\/2023\/09\/logo.svg","contentUrl":"https:\/\/smans.com\/wp-content\/uploads\/2023\/09\/logo.svg","caption":"Smans"},"image":{"@id":"https:\/\/smans.com\/nl\/#\/schema\/logo\/image\/"}}]}},"brands":[{"id":18298,"name":"Schleuniger","slug":"brand-schleuniger-fr"}],"_links":{"self":[{"href":"https:\/\/smans.com\/fr\/wp-json\/wp\/v2\/product\/54510","targetHints":{"allow":["GET"]}}],"collection":[{"href":"https:\/\/smans.com\/fr\/wp-json\/wp\/v2\/product"}],"about":[{"href":"https:\/\/smans.com\/fr\/wp-json\/wp\/v2\/types\/product"}],"wp:attachment":[{"href":"https:\/\/smans.com\/fr\/wp-json\/wp\/v2\/media?parent=54510"}],"wp:term":[{"taxonomy":"pwb-brand","embeddable":true,"href":"https:\/\/smans.com\/fr\/wp-json\/wp\/v2\/pwb-brand?post=54510"},{"taxonomy":"product_brand","embeddable":true,"href":"https:\/\/smans.com\/fr\/wp-json\/wp\/v2\/product_brand?post=54510"},{"taxonomy":"product_cat","embeddable":true,"href":"https:\/\/smans.com\/fr\/wp-json\/wp\/v2\/product_cat?post=54510"},{"taxonomy":"product_tag","embeddable":true,"href":"https:\/\/smans.com\/fr\/wp-json\/wp\/v2\/product_tag?post=54510"}],"curies":[{"name":"wp","href":"https:\/\/api.w.org\/{rel}","templated":true}]}}