{"id":54515,"date":"2025-11-21T02:16:35","date_gmt":"2025-11-21T01:16:35","guid":{"rendered":"https:\/\/smans.com\/product\/cut-strip-machine-e300-2\/"},"modified":"2026-01-30T07:31:18","modified_gmt":"2026-01-30T06:31:18","slug":"cut-strip-machine-e300-2","status":"publish","type":"product","link":"https:\/\/smans.com\/fr\/product\/cut-strip-machine-e300-2\/","title":{"rendered":"Schleuniger - Cut &amp; Strip Machine E300"},"content":{"rendered":"<p>La s\u00e9rie de machines de coupe et de d\u00e9nudage E300 traite les fils, les tubes, les rubans et les c\u00e2bles multiconducteurs ainsi que les mat\u00e9riaux isolants exigeants tels que le PVC, le PUR ou le T\u00e9flon. Les applications standard comprennent le d\u00e9nudage de la gaine ext\u00e9rieure en plusieurs \u00e9tapes, ainsi que le d\u00e9nudage complet ou partiel \u00e0 une ou aux deux extr\u00e9mit\u00e9s. Diff\u00e9rents mat\u00e9riaux de courroie et le kit pour c\u00e2bles courts permettent une large gamme d&rsquo;applications.<\/p>\n<p>La E300 est \u00e9quip\u00e9e d&rsquo;une unit\u00e9 d&rsquo;alimentation \u00e0 changement rapide deux en un adapt\u00e9e aux entra\u00eenements \u00e0 rouleaux. La pression de contact sur l&rsquo;unit\u00e9 d&rsquo;alimentation est programmable et garantit un transport pr\u00e9cis du c\u00e2ble. Des param\u00e8tres par d\u00e9faut pr\u00e9d\u00e9finis et v\u00e9rifi\u00e9s facilitent la cr\u00e9ation rapide de t\u00e2ches de traitement. Le logiciel intuitif S.Drive permet \u00e9galement de cr\u00e9er des t\u00e2ches et des articles sp\u00e9ciaux.<\/p>\n","protected":false},"excerpt":{"rendered":"<p>La gamme Cut &amp; Strip E300 coupe et d\u00e9nude les fils, les tubes, les rubans et les c\u00e2bles multiconducteurs de 0,3 \u00e0 8,0 mm (0,012 \u00e0 0,31&Prime;) avec des sections de 0,05 \u00e0 10 mm\u00b2 (36 \u00e0 8 AWG).<\/p>\n<p>Prix non cumulables avec d&rsquo;autres r\u00e9ductions.<\/p>\n","protected":false},"featured_media":0,"template":"","meta":{"_acf_changed":false},"pwb-brand":[18298],"product_brand":[],"product_cat":[17992],"product_tag":[],"class_list":{"0":"post-54515","1":"product","2":"type-product","3":"status-publish","5":"pwb-brand-brand-schleuniger-fr","6":"product_cat-stocksale-2025-fr","8":"first","9":"instock","10":"taxable","11":"shipping-taxable","12":"purchasable","13":"product-type-simple"},"acf":[],"yoast_head":"<!-- This site is optimized with the Yoast SEO plugin v27.1.1 - https:\/\/yoast.com\/product\/yoast-seo-wordpress\/ -->\n<title>Cut &amp; Strip Machine E300 - Smans<\/title>\n<meta name=\"robots\" content=\"index, follow, max-snippet:-1, max-image-preview:large, max-video-preview:-1\" \/>\n<link rel=\"canonical\" href=\"https:\/\/smans.com\/fr\/product\/cut-strip-machine-e300-2\/\" \/>\n<meta property=\"og:locale\" content=\"fr_FR\" \/>\n<meta property=\"og:type\" content=\"article\" \/>\n<meta property=\"og:title\" content=\"Cut &amp; Strip Machine E300 - Smans\" \/>\n<meta property=\"og:description\" content=\"La gamme Cut &amp; Strip E300 coupe et d\u00e9nude les fils, les tubes, les rubans et les c\u00e2bles multiconducteurs de 0,3 \u00e0 8,0 mm (0,012 \u00e0 0,31&quot;) avec des sections de 0,05 \u00e0 10 mm\u00b2 (36 \u00e0 8 AWG).  Prix non cumulables avec d&#039;autres r\u00e9ductions.\" \/>\n<meta property=\"og:url\" content=\"https:\/\/smans.com\/fr\/product\/cut-strip-machine-e300-2\/\" \/>\n<meta property=\"og:site_name\" content=\"Smans\" \/>\n<meta property=\"article:modified_time\" content=\"2026-01-30T06:31:18+00:00\" \/>\n<meta name=\"twitter:card\" content=\"summary_large_image\" \/>\n<meta name=\"twitter:label1\" content=\"Dur\u00e9e de lecture estim\u00e9e\" \/>\n\t<meta name=\"twitter:data1\" content=\"1 minute\" \/>\n<script type=\"application\/ld+json\" class=\"yoast-schema-graph\">{\"@context\":\"https:\/\/schema.org\",\"@graph\":[{\"@type\":\"WebPage\",\"@id\":\"https:\/\/smans.com\/fr\/product\/cut-strip-machine-e300-2\/\",\"url\":\"https:\/\/smans.com\/fr\/product\/cut-strip-machine-e300-2\/\",\"name\":\"Cut &amp; Strip Machine E300 - Smans\",\"isPartOf\":{\"@id\":\"https:\/\/smans.com\/nl\/#website\"},\"datePublished\":\"2025-11-21T01:16:35+00:00\",\"dateModified\":\"2026-01-30T06:31:18+00:00\",\"breadcrumb\":{\"@id\":\"https:\/\/smans.com\/fr\/product\/cut-strip-machine-e300-2\/#breadcrumb\"},\"inLanguage\":\"fr-FR\",\"potentialAction\":[{\"@type\":\"ReadAction\",\"target\":[\"https:\/\/smans.com\/fr\/product\/cut-strip-machine-e300-2\/\"]}]},{\"@type\":\"BreadcrumbList\",\"@id\":\"https:\/\/smans.com\/fr\/product\/cut-strip-machine-e300-2\/#breadcrumb\",\"itemListElement\":[{\"@type\":\"ListItem\",\"position\":1,\"name\":\"Home\",\"item\":\"https:\/\/smans.com\/fr\/\"},{\"@type\":\"ListItem\",\"position\":2,\"name\":\"Boutique\",\"item\":\"https:\/\/smans.com\/nl\/shop\/\"},{\"@type\":\"ListItem\",\"position\":3,\"name\":\"Schleuniger - Cut &amp; Strip Machine E300\"}]},{\"@type\":\"WebSite\",\"@id\":\"https:\/\/smans.com\/nl\/#website\",\"url\":\"https:\/\/smans.com\/nl\/\",\"name\":\"Smans\",\"description\":\"\",\"publisher\":{\"@id\":\"https:\/\/smans.com\/nl\/#organization\"},\"potentialAction\":[{\"@type\":\"SearchAction\",\"target\":{\"@type\":\"EntryPoint\",\"urlTemplate\":\"https:\/\/smans.com\/nl\/?s={search_term_string}\"},\"query-input\":{\"@type\":\"PropertyValueSpecification\",\"valueRequired\":true,\"valueName\":\"search_term_string\"}}],\"inLanguage\":\"fr-FR\"},{\"@type\":\"Organization\",\"@id\":\"https:\/\/smans.com\/nl\/#organization\",\"name\":\"Smans\",\"url\":\"https:\/\/smans.com\/nl\/\",\"logo\":{\"@type\":\"ImageObject\",\"inLanguage\":\"fr-FR\",\"@id\":\"https:\/\/smans.com\/nl\/#\/schema\/logo\/image\/\",\"url\":\"https:\/\/smans.com\/wp-content\/uploads\/2023\/09\/logo.svg\",\"contentUrl\":\"https:\/\/smans.com\/wp-content\/uploads\/2023\/09\/logo.svg\",\"caption\":\"Smans\"},\"image\":{\"@id\":\"https:\/\/smans.com\/nl\/#\/schema\/logo\/image\/\"}}]}<\/script>\n<!-- \/ Yoast SEO plugin. -->","yoast_head_json":{"title":"Cut &amp; Strip Machine E300 - Smans","robots":{"index":"index","follow":"follow","max-snippet":"max-snippet:-1","max-image-preview":"max-image-preview:large","max-video-preview":"max-video-preview:-1"},"canonical":"https:\/\/smans.com\/fr\/product\/cut-strip-machine-e300-2\/","og_locale":"fr_FR","og_type":"article","og_title":"Cut &amp; Strip Machine E300 - Smans","og_description":"La gamme Cut &amp; Strip E300 coupe et d\u00e9nude les fils, les tubes, les rubans et les c\u00e2bles multiconducteurs de 0,3 \u00e0 8,0 mm (0,012 \u00e0 0,31\") avec des sections de 0,05 \u00e0 10 mm\u00b2 (36 \u00e0 8 AWG).  Prix non cumulables avec d'autres r\u00e9ductions.","og_url":"https:\/\/smans.com\/fr\/product\/cut-strip-machine-e300-2\/","og_site_name":"Smans","article_modified_time":"2026-01-30T06:31:18+00:00","twitter_card":"summary_large_image","twitter_misc":{"Dur\u00e9e de lecture estim\u00e9e":"1 minute"},"schema":{"@context":"https:\/\/schema.org","@graph":[{"@type":"WebPage","@id":"https:\/\/smans.com\/fr\/product\/cut-strip-machine-e300-2\/","url":"https:\/\/smans.com\/fr\/product\/cut-strip-machine-e300-2\/","name":"Cut &amp; Strip Machine E300 - Smans","isPartOf":{"@id":"https:\/\/smans.com\/nl\/#website"},"datePublished":"2025-11-21T01:16:35+00:00","dateModified":"2026-01-30T06:31:18+00:00","breadcrumb":{"@id":"https:\/\/smans.com\/fr\/product\/cut-strip-machine-e300-2\/#breadcrumb"},"inLanguage":"fr-FR","potentialAction":[{"@type":"ReadAction","target":["https:\/\/smans.com\/fr\/product\/cut-strip-machine-e300-2\/"]}]},{"@type":"BreadcrumbList","@id":"https:\/\/smans.com\/fr\/product\/cut-strip-machine-e300-2\/#breadcrumb","itemListElement":[{"@type":"ListItem","position":1,"name":"Home","item":"https:\/\/smans.com\/fr\/"},{"@type":"ListItem","position":2,"name":"Boutique","item":"https:\/\/smans.com\/nl\/shop\/"},{"@type":"ListItem","position":3,"name":"Schleuniger - Cut &amp; Strip Machine E300"}]},{"@type":"WebSite","@id":"https:\/\/smans.com\/nl\/#website","url":"https:\/\/smans.com\/nl\/","name":"Smans","description":"","publisher":{"@id":"https:\/\/smans.com\/nl\/#organization"},"potentialAction":[{"@type":"SearchAction","target":{"@type":"EntryPoint","urlTemplate":"https:\/\/smans.com\/nl\/?s={search_term_string}"},"query-input":{"@type":"PropertyValueSpecification","valueRequired":true,"valueName":"search_term_string"}}],"inLanguage":"fr-FR"},{"@type":"Organization","@id":"https:\/\/smans.com\/nl\/#organization","name":"Smans","url":"https:\/\/smans.com\/nl\/","logo":{"@type":"ImageObject","inLanguage":"fr-FR","@id":"https:\/\/smans.com\/nl\/#\/schema\/logo\/image\/","url":"https:\/\/smans.com\/wp-content\/uploads\/2023\/09\/logo.svg","contentUrl":"https:\/\/smans.com\/wp-content\/uploads\/2023\/09\/logo.svg","caption":"Smans"},"image":{"@id":"https:\/\/smans.com\/nl\/#\/schema\/logo\/image\/"}}]}},"brands":[{"id":18298,"name":"Schleuniger","slug":"brand-schleuniger-fr"}],"_links":{"self":[{"href":"https:\/\/smans.com\/fr\/wp-json\/wp\/v2\/product\/54515","targetHints":{"allow":["GET"]}}],"collection":[{"href":"https:\/\/smans.com\/fr\/wp-json\/wp\/v2\/product"}],"about":[{"href":"https:\/\/smans.com\/fr\/wp-json\/wp\/v2\/types\/product"}],"wp:attachment":[{"href":"https:\/\/smans.com\/fr\/wp-json\/wp\/v2\/media?parent=54515"}],"wp:term":[{"taxonomy":"pwb-brand","embeddable":true,"href":"https:\/\/smans.com\/fr\/wp-json\/wp\/v2\/pwb-brand?post=54515"},{"taxonomy":"product_brand","embeddable":true,"href":"https:\/\/smans.com\/fr\/wp-json\/wp\/v2\/product_brand?post=54515"},{"taxonomy":"product_cat","embeddable":true,"href":"https:\/\/smans.com\/fr\/wp-json\/wp\/v2\/product_cat?post=54515"},{"taxonomy":"product_tag","embeddable":true,"href":"https:\/\/smans.com\/fr\/wp-json\/wp\/v2\/product_tag?post=54515"}],"curies":[{"name":"wp","href":"https:\/\/api.w.org\/{rel}","templated":true}]}}