{"id":54536,"date":"2025-11-29T02:10:56","date_gmt":"2025-11-29T01:10:56","guid":{"rendered":"https:\/\/smans.com\/product\/stripper-crimper-am-up6\/"},"modified":"2026-04-10T13:25:18","modified_gmt":"2026-04-10T11:25:18","slug":"stripper-crimper-am-up6","status":"publish","type":"product","link":"https:\/\/smans.com\/fr\/product\/stripper-crimper-am-up6\/","title":{"rendered":"Z+F - Stripper-Crimper AM UP6"},"content":{"rendered":"<p data-start=\"0\" data-end=\"417\">Cette machine traite environ 90 % des embouts isol\u00e9s utilis\u00e9s dans l\u2019ing\u00e9nierie de commande et le faisceau de c\u00e2bles, couvrant 85 types Z+F. Elle travaille des embouts isol\u00e9s en vrac de 0,25 mm\u00b2 \u00e0 6,00 mm\u00b2 (AWG 24\u201310) avec des longueurs de sertissage de 6, 8, 10 ou 12 mm, en utilisant une forme de sertissage trap\u00e9zo\u00efdale et une longueur d\u2019insertion minimale de 25 mm plus la longueur de sertissage.<\/p>\n<p data-start=\"419\" data-end=\"724\">Avec un temps de cycle d\u2019environ 1,2 seconde et un r\u00e9glage continu de la longueur de d\u00e9nudage via l\u2019affichage, elle assure un fonctionnement rapide et pr\u00e9cis. Sa capacit\u00e9 de communication permet une int\u00e9gration ais\u00e9e dans d\u2019autres syst\u00e8mes et elle int\u00e8gre tous les avantages essentiels de la s\u00e9rie Z+F AM.<\/p>\n<p data-start=\"726\" data-end=\"906\">Son design compact, l\u2019absence de changement de lame selon la section et son prix attractif garantissent une utilisation efficace de l\u2019espace et un retour sur investissement rapide.<\/p>\n","protected":false},"excerpt":{"rendered":"<p>D\u00e9nudeur-sertisseur \u00e9lectropneumatique pour 9 sections de votre choix<\/p>\n","protected":false},"featured_media":0,"template":"","meta":{"_acf_changed":false},"pwb-brand":[18322],"product_brand":[],"product_cat":[17990,17993,18036],"product_tag":[],"class_list":{"0":"post-54536","1":"product","2":"type-product","3":"status-publish","5":"pwb-brand-brand-z-f-fr","6":"product_cat-cables-et-cablage-fr","7":"product_cat-couper-denuder-sertissage-fr","8":"product_cat-strip-crimp-fr","10":"first","11":"instock","12":"taxable","13":"shipping-taxable","14":"purchasable","15":"product-type-simple"},"acf":[],"yoast_head":"<!-- This site is optimized with the Yoast SEO plugin v27.1.1 - https:\/\/yoast.com\/product\/yoast-seo-wordpress\/ -->\n<title>Stripper-Crimper AM UP6 - Smans<\/title>\n<meta name=\"robots\" content=\"index, follow, max-snippet:-1, max-image-preview:large, max-video-preview:-1\" \/>\n<link rel=\"canonical\" href=\"https:\/\/smans.com\/fr\/product\/stripper-crimper-am-up6\/\" \/>\n<meta property=\"og:locale\" content=\"fr_FR\" \/>\n<meta property=\"og:type\" content=\"article\" \/>\n<meta property=\"og:title\" content=\"Stripper-Crimper AM UP6 - Smans\" \/>\n<meta property=\"og:description\" content=\"D\u00e9nudeur-sertisseur \u00e9lectropneumatique pour 9 sections de votre choix\" \/>\n<meta property=\"og:url\" content=\"https:\/\/smans.com\/fr\/product\/stripper-crimper-am-up6\/\" \/>\n<meta property=\"og:site_name\" content=\"Smans\" \/>\n<meta property=\"article:modified_time\" content=\"2026-04-10T11:25:18+00:00\" \/>\n<meta name=\"twitter:card\" content=\"summary_large_image\" \/>\n<meta name=\"twitter:label1\" content=\"Dur\u00e9e de lecture estim\u00e9e\" \/>\n\t<meta name=\"twitter:data1\" content=\"1 minute\" \/>\n<script type=\"application\/ld+json\" class=\"yoast-schema-graph\">{\"@context\":\"https:\/\/schema.org\",\"@graph\":[{\"@type\":\"WebPage\",\"@id\":\"https:\/\/smans.com\/fr\/product\/stripper-crimper-am-up6\/\",\"url\":\"https:\/\/smans.com\/fr\/product\/stripper-crimper-am-up6\/\",\"name\":\"Stripper-Crimper AM UP6 - Smans\",\"isPartOf\":{\"@id\":\"https:\/\/smans.com\/nl\/#website\"},\"datePublished\":\"2025-11-29T01:10:56+00:00\",\"dateModified\":\"2026-04-10T11:25:18+00:00\",\"breadcrumb\":{\"@id\":\"https:\/\/smans.com\/fr\/product\/stripper-crimper-am-up6\/#breadcrumb\"},\"inLanguage\":\"fr-FR\",\"potentialAction\":[{\"@type\":\"ReadAction\",\"target\":[\"https:\/\/smans.com\/fr\/product\/stripper-crimper-am-up6\/\"]}]},{\"@type\":\"BreadcrumbList\",\"@id\":\"https:\/\/smans.com\/fr\/product\/stripper-crimper-am-up6\/#breadcrumb\",\"itemListElement\":[{\"@type\":\"ListItem\",\"position\":1,\"name\":\"Home\",\"item\":\"https:\/\/smans.com\/fr\/\"},{\"@type\":\"ListItem\",\"position\":2,\"name\":\"Boutique\",\"item\":\"https:\/\/smans.com\/nl\/shop\/\"},{\"@type\":\"ListItem\",\"position\":3,\"name\":\"Z+F - Stripper-Crimper AM UP6\"}]},{\"@type\":\"WebSite\",\"@id\":\"https:\/\/smans.com\/nl\/#website\",\"url\":\"https:\/\/smans.com\/nl\/\",\"name\":\"Smans\",\"description\":\"\",\"publisher\":{\"@id\":\"https:\/\/smans.com\/nl\/#organization\"},\"potentialAction\":[{\"@type\":\"SearchAction\",\"target\":{\"@type\":\"EntryPoint\",\"urlTemplate\":\"https:\/\/smans.com\/nl\/?s={search_term_string}\"},\"query-input\":{\"@type\":\"PropertyValueSpecification\",\"valueRequired\":true,\"valueName\":\"search_term_string\"}}],\"inLanguage\":\"fr-FR\"},{\"@type\":\"Organization\",\"@id\":\"https:\/\/smans.com\/nl\/#organization\",\"name\":\"Smans\",\"url\":\"https:\/\/smans.com\/nl\/\",\"logo\":{\"@type\":\"ImageObject\",\"inLanguage\":\"fr-FR\",\"@id\":\"https:\/\/smans.com\/nl\/#\/schema\/logo\/image\/\",\"url\":\"https:\/\/smans.com\/wp-content\/uploads\/2023\/09\/logo.svg\",\"contentUrl\":\"https:\/\/smans.com\/wp-content\/uploads\/2023\/09\/logo.svg\",\"caption\":\"Smans\"},\"image\":{\"@id\":\"https:\/\/smans.com\/nl\/#\/schema\/logo\/image\/\"}}]}<\/script>\n<!-- \/ Yoast SEO plugin. -->","yoast_head_json":{"title":"Stripper-Crimper AM UP6 - Smans","robots":{"index":"index","follow":"follow","max-snippet":"max-snippet:-1","max-image-preview":"max-image-preview:large","max-video-preview":"max-video-preview:-1"},"canonical":"https:\/\/smans.com\/fr\/product\/stripper-crimper-am-up6\/","og_locale":"fr_FR","og_type":"article","og_title":"Stripper-Crimper AM UP6 - Smans","og_description":"D\u00e9nudeur-sertisseur \u00e9lectropneumatique pour 9 sections de votre choix","og_url":"https:\/\/smans.com\/fr\/product\/stripper-crimper-am-up6\/","og_site_name":"Smans","article_modified_time":"2026-04-10T11:25:18+00:00","twitter_card":"summary_large_image","twitter_misc":{"Dur\u00e9e de lecture estim\u00e9e":"1 minute"},"schema":{"@context":"https:\/\/schema.org","@graph":[{"@type":"WebPage","@id":"https:\/\/smans.com\/fr\/product\/stripper-crimper-am-up6\/","url":"https:\/\/smans.com\/fr\/product\/stripper-crimper-am-up6\/","name":"Stripper-Crimper AM UP6 - Smans","isPartOf":{"@id":"https:\/\/smans.com\/nl\/#website"},"datePublished":"2025-11-29T01:10:56+00:00","dateModified":"2026-04-10T11:25:18+00:00","breadcrumb":{"@id":"https:\/\/smans.com\/fr\/product\/stripper-crimper-am-up6\/#breadcrumb"},"inLanguage":"fr-FR","potentialAction":[{"@type":"ReadAction","target":["https:\/\/smans.com\/fr\/product\/stripper-crimper-am-up6\/"]}]},{"@type":"BreadcrumbList","@id":"https:\/\/smans.com\/fr\/product\/stripper-crimper-am-up6\/#breadcrumb","itemListElement":[{"@type":"ListItem","position":1,"name":"Home","item":"https:\/\/smans.com\/fr\/"},{"@type":"ListItem","position":2,"name":"Boutique","item":"https:\/\/smans.com\/nl\/shop\/"},{"@type":"ListItem","position":3,"name":"Z+F - Stripper-Crimper AM UP6"}]},{"@type":"WebSite","@id":"https:\/\/smans.com\/nl\/#website","url":"https:\/\/smans.com\/nl\/","name":"Smans","description":"","publisher":{"@id":"https:\/\/smans.com\/nl\/#organization"},"potentialAction":[{"@type":"SearchAction","target":{"@type":"EntryPoint","urlTemplate":"https:\/\/smans.com\/nl\/?s={search_term_string}"},"query-input":{"@type":"PropertyValueSpecification","valueRequired":true,"valueName":"search_term_string"}}],"inLanguage":"fr-FR"},{"@type":"Organization","@id":"https:\/\/smans.com\/nl\/#organization","name":"Smans","url":"https:\/\/smans.com\/nl\/","logo":{"@type":"ImageObject","inLanguage":"fr-FR","@id":"https:\/\/smans.com\/nl\/#\/schema\/logo\/image\/","url":"https:\/\/smans.com\/wp-content\/uploads\/2023\/09\/logo.svg","contentUrl":"https:\/\/smans.com\/wp-content\/uploads\/2023\/09\/logo.svg","caption":"Smans"},"image":{"@id":"https:\/\/smans.com\/nl\/#\/schema\/logo\/image\/"}}]}},"brands":[{"id":18322,"name":"Z+F","slug":"brand-z-f-fr"}],"_links":{"self":[{"href":"https:\/\/smans.com\/fr\/wp-json\/wp\/v2\/product\/54536","targetHints":{"allow":["GET"]}}],"collection":[{"href":"https:\/\/smans.com\/fr\/wp-json\/wp\/v2\/product"}],"about":[{"href":"https:\/\/smans.com\/fr\/wp-json\/wp\/v2\/types\/product"}],"wp:attachment":[{"href":"https:\/\/smans.com\/fr\/wp-json\/wp\/v2\/media?parent=54536"}],"wp:term":[{"taxonomy":"pwb-brand","embeddable":true,"href":"https:\/\/smans.com\/fr\/wp-json\/wp\/v2\/pwb-brand?post=54536"},{"taxonomy":"product_brand","embeddable":true,"href":"https:\/\/smans.com\/fr\/wp-json\/wp\/v2\/product_brand?post=54536"},{"taxonomy":"product_cat","embeddable":true,"href":"https:\/\/smans.com\/fr\/wp-json\/wp\/v2\/product_cat?post=54536"},{"taxonomy":"product_tag","embeddable":true,"href":"https:\/\/smans.com\/fr\/wp-json\/wp\/v2\/product_tag?post=54536"}],"curies":[{"name":"wp","href":"https:\/\/api.w.org\/{rel}","templated":true}]}}