{"id":54561,"date":"2025-12-10T02:15:29","date_gmt":"2025-12-10T01:15:29","guid":{"rendered":"https:\/\/smans.com\/product\/wave-soldering-machine-powerflow-one\/"},"modified":"2026-04-09T13:34:28","modified_gmt":"2026-04-09T11:34:28","slug":"wave-soldering-machine-powerflow-one","status":"publish","type":"product","link":"https:\/\/smans.com\/fr\/product\/wave-soldering-machine-powerflow-one\/","title":{"rendered":"Ersa - Wave Soldering Machine POWERFLOW ONE"},"content":{"rendered":"<p>La POWERFLOW ONE est la machine d&rsquo;entr\u00e9e de gamme id\u00e9ale pour les petits fabricants d&rsquo;\u00e9lectronique qui font confiance \u00e0 la qualit\u00e9 et \u00e0 la fiabilit\u00e9 \u00e9prouv\u00e9es d&rsquo;Ersa. La machine a un faible encombrement et r\u00e9duit les temps d&rsquo;arr\u00eat au strict minimum. Cela est rendu possible par l&rsquo;utilisation de composants \u00e9prouv\u00e9s tels que des creusets de soudure et des r\u00e9chauffeurs, qui ont fait leurs preuves depuis de nombreuses ann\u00e9es dans la gamme de syst\u00e8mes POWERFLOW.<\/p>\n<p><strong>Points forts<\/strong><\/p>\n<ul>\n<li>Entrez dans l&rsquo;univers POWERFLOW avec une longueur de seulement 2,90 m<\/li>\n<li>Pr\u00e9chauffage puissant avec 3 cassettes (2x ondes moyennes, 1x radiateur lumineux)<\/li>\n<li>Technologie de creuset \u00e9prouv\u00e9e avec un volume de remplissage de seulement 345 kg<\/li>\n<li>Option azote<\/li>\n<li>Transport par doigts en option<\/li>\n<li>Capacit\u00e9 en ligne en option<\/li>\n<\/ul>\n","protected":false},"excerpt":{"rendered":"<p>Syst\u00e8me compact de soudage \u00e0 la vague<\/p>\n","protected":false},"featured_media":0,"template":"","meta":{"_acf_changed":false},"pwb-brand":[18232],"product_brand":[],"product_cat":[17991,18012,18099],"product_tag":[],"class_list":{"0":"post-54561","1":"product","2":"type-product","3":"status-publish","5":"pwb-brand-brand-ersa-fr","6":"product_cat-electronique-fr","7":"product_cat-equipement-d-assemblage-tht-fr","8":"product_cat-soldering-fr-2","10":"first","11":"instock","12":"taxable","13":"shipping-taxable","14":"product-type-simple"},"acf":[],"yoast_head":"<!-- This site is optimized with the Yoast SEO plugin v27.1.1 - https:\/\/yoast.com\/product\/yoast-seo-wordpress\/ -->\n<title>Wave Soldering Machine POWERFLOW ONE - Smans<\/title>\n<meta name=\"robots\" content=\"index, follow, max-snippet:-1, max-image-preview:large, max-video-preview:-1\" \/>\n<link rel=\"canonical\" href=\"https:\/\/smans.com\/fr\/product\/wave-soldering-machine-powerflow-one\/\" \/>\n<meta property=\"og:locale\" content=\"fr_FR\" \/>\n<meta property=\"og:type\" content=\"article\" \/>\n<meta property=\"og:title\" content=\"Wave Soldering Machine POWERFLOW ONE - Smans\" \/>\n<meta property=\"og:description\" content=\"Syst\u00e8me compact de soudage \u00e0 la vague\" \/>\n<meta property=\"og:url\" content=\"https:\/\/smans.com\/fr\/product\/wave-soldering-machine-powerflow-one\/\" \/>\n<meta property=\"og:site_name\" content=\"Smans\" \/>\n<meta property=\"article:modified_time\" content=\"2026-04-09T11:34:28+00:00\" \/>\n<meta name=\"twitter:card\" content=\"summary_large_image\" \/>\n<meta name=\"twitter:label1\" content=\"Dur\u00e9e de lecture estim\u00e9e\" \/>\n\t<meta name=\"twitter:data1\" content=\"1 minute\" \/>\n<script type=\"application\/ld+json\" class=\"yoast-schema-graph\">{\"@context\":\"https:\/\/schema.org\",\"@graph\":[{\"@type\":\"WebPage\",\"@id\":\"https:\/\/smans.com\/fr\/product\/wave-soldering-machine-powerflow-one\/\",\"url\":\"https:\/\/smans.com\/fr\/product\/wave-soldering-machine-powerflow-one\/\",\"name\":\"Wave Soldering Machine POWERFLOW ONE - Smans\",\"isPartOf\":{\"@id\":\"https:\/\/smans.com\/nl\/#website\"},\"datePublished\":\"2025-12-10T01:15:29+00:00\",\"dateModified\":\"2026-04-09T11:34:28+00:00\",\"breadcrumb\":{\"@id\":\"https:\/\/smans.com\/fr\/product\/wave-soldering-machine-powerflow-one\/#breadcrumb\"},\"inLanguage\":\"fr-FR\",\"potentialAction\":[{\"@type\":\"ReadAction\",\"target\":[\"https:\/\/smans.com\/fr\/product\/wave-soldering-machine-powerflow-one\/\"]}]},{\"@type\":\"BreadcrumbList\",\"@id\":\"https:\/\/smans.com\/fr\/product\/wave-soldering-machine-powerflow-one\/#breadcrumb\",\"itemListElement\":[{\"@type\":\"ListItem\",\"position\":1,\"name\":\"Home\",\"item\":\"https:\/\/smans.com\/fr\/\"},{\"@type\":\"ListItem\",\"position\":2,\"name\":\"Boutique\",\"item\":\"https:\/\/smans.com\/nl\/shop\/\"},{\"@type\":\"ListItem\",\"position\":3,\"name\":\"Ersa - Wave Soldering Machine POWERFLOW ONE\"}]},{\"@type\":\"WebSite\",\"@id\":\"https:\/\/smans.com\/nl\/#website\",\"url\":\"https:\/\/smans.com\/nl\/\",\"name\":\"Smans\",\"description\":\"\",\"publisher\":{\"@id\":\"https:\/\/smans.com\/nl\/#organization\"},\"potentialAction\":[{\"@type\":\"SearchAction\",\"target\":{\"@type\":\"EntryPoint\",\"urlTemplate\":\"https:\/\/smans.com\/nl\/?s={search_term_string}\"},\"query-input\":{\"@type\":\"PropertyValueSpecification\",\"valueRequired\":true,\"valueName\":\"search_term_string\"}}],\"inLanguage\":\"fr-FR\"},{\"@type\":\"Organization\",\"@id\":\"https:\/\/smans.com\/nl\/#organization\",\"name\":\"Smans\",\"url\":\"https:\/\/smans.com\/nl\/\",\"logo\":{\"@type\":\"ImageObject\",\"inLanguage\":\"fr-FR\",\"@id\":\"https:\/\/smans.com\/nl\/#\/schema\/logo\/image\/\",\"url\":\"https:\/\/smans.com\/wp-content\/uploads\/2023\/09\/logo.svg\",\"contentUrl\":\"https:\/\/smans.com\/wp-content\/uploads\/2023\/09\/logo.svg\",\"caption\":\"Smans\"},\"image\":{\"@id\":\"https:\/\/smans.com\/nl\/#\/schema\/logo\/image\/\"}}]}<\/script>\n<!-- \/ Yoast SEO plugin. -->","yoast_head_json":{"title":"Wave Soldering Machine POWERFLOW ONE - Smans","robots":{"index":"index","follow":"follow","max-snippet":"max-snippet:-1","max-image-preview":"max-image-preview:large","max-video-preview":"max-video-preview:-1"},"canonical":"https:\/\/smans.com\/fr\/product\/wave-soldering-machine-powerflow-one\/","og_locale":"fr_FR","og_type":"article","og_title":"Wave Soldering Machine POWERFLOW ONE - Smans","og_description":"Syst\u00e8me compact de soudage \u00e0 la vague","og_url":"https:\/\/smans.com\/fr\/product\/wave-soldering-machine-powerflow-one\/","og_site_name":"Smans","article_modified_time":"2026-04-09T11:34:28+00:00","twitter_card":"summary_large_image","twitter_misc":{"Dur\u00e9e de lecture estim\u00e9e":"1 minute"},"schema":{"@context":"https:\/\/schema.org","@graph":[{"@type":"WebPage","@id":"https:\/\/smans.com\/fr\/product\/wave-soldering-machine-powerflow-one\/","url":"https:\/\/smans.com\/fr\/product\/wave-soldering-machine-powerflow-one\/","name":"Wave Soldering Machine POWERFLOW ONE - Smans","isPartOf":{"@id":"https:\/\/smans.com\/nl\/#website"},"datePublished":"2025-12-10T01:15:29+00:00","dateModified":"2026-04-09T11:34:28+00:00","breadcrumb":{"@id":"https:\/\/smans.com\/fr\/product\/wave-soldering-machine-powerflow-one\/#breadcrumb"},"inLanguage":"fr-FR","potentialAction":[{"@type":"ReadAction","target":["https:\/\/smans.com\/fr\/product\/wave-soldering-machine-powerflow-one\/"]}]},{"@type":"BreadcrumbList","@id":"https:\/\/smans.com\/fr\/product\/wave-soldering-machine-powerflow-one\/#breadcrumb","itemListElement":[{"@type":"ListItem","position":1,"name":"Home","item":"https:\/\/smans.com\/fr\/"},{"@type":"ListItem","position":2,"name":"Boutique","item":"https:\/\/smans.com\/nl\/shop\/"},{"@type":"ListItem","position":3,"name":"Ersa - Wave Soldering Machine POWERFLOW ONE"}]},{"@type":"WebSite","@id":"https:\/\/smans.com\/nl\/#website","url":"https:\/\/smans.com\/nl\/","name":"Smans","description":"","publisher":{"@id":"https:\/\/smans.com\/nl\/#organization"},"potentialAction":[{"@type":"SearchAction","target":{"@type":"EntryPoint","urlTemplate":"https:\/\/smans.com\/nl\/?s={search_term_string}"},"query-input":{"@type":"PropertyValueSpecification","valueRequired":true,"valueName":"search_term_string"}}],"inLanguage":"fr-FR"},{"@type":"Organization","@id":"https:\/\/smans.com\/nl\/#organization","name":"Smans","url":"https:\/\/smans.com\/nl\/","logo":{"@type":"ImageObject","inLanguage":"fr-FR","@id":"https:\/\/smans.com\/nl\/#\/schema\/logo\/image\/","url":"https:\/\/smans.com\/wp-content\/uploads\/2023\/09\/logo.svg","contentUrl":"https:\/\/smans.com\/wp-content\/uploads\/2023\/09\/logo.svg","caption":"Smans"},"image":{"@id":"https:\/\/smans.com\/nl\/#\/schema\/logo\/image\/"}}]}},"brands":[{"id":18232,"name":"Ersa","slug":"brand-ersa-fr"}],"_links":{"self":[{"href":"https:\/\/smans.com\/fr\/wp-json\/wp\/v2\/product\/54561","targetHints":{"allow":["GET"]}}],"collection":[{"href":"https:\/\/smans.com\/fr\/wp-json\/wp\/v2\/product"}],"about":[{"href":"https:\/\/smans.com\/fr\/wp-json\/wp\/v2\/types\/product"}],"wp:attachment":[{"href":"https:\/\/smans.com\/fr\/wp-json\/wp\/v2\/media?parent=54561"}],"wp:term":[{"taxonomy":"pwb-brand","embeddable":true,"href":"https:\/\/smans.com\/fr\/wp-json\/wp\/v2\/pwb-brand?post=54561"},{"taxonomy":"product_brand","embeddable":true,"href":"https:\/\/smans.com\/fr\/wp-json\/wp\/v2\/product_brand?post=54561"},{"taxonomy":"product_cat","embeddable":true,"href":"https:\/\/smans.com\/fr\/wp-json\/wp\/v2\/product_cat?post=54561"},{"taxonomy":"product_tag","embeddable":true,"href":"https:\/\/smans.com\/fr\/wp-json\/wp\/v2\/product_tag?post=54561"}],"curies":[{"name":"wp","href":"https:\/\/api.w.org\/{rel}","templated":true}]}}