{"id":54692,"date":"2025-12-23T02:16:19","date_gmt":"2025-12-23T01:16:19","guid":{"rendered":"https:\/\/smans.com\/product\/mercury-4-laser-wire-stripper\/"},"modified":"2026-04-10T13:25:21","modified_gmt":"2026-04-10T11:25:21","slug":"mercury-4-laser-wire-stripper","status":"publish","type":"product","link":"https:\/\/smans.com\/fr\/product\/mercury-4-laser-wire-stripper\/","title":{"rendered":"Laser Wire Solutions - Mercury 4 Laser Wire Stripper"},"content":{"rendered":"<p>Avec une grande surface de traitement, le Mercury-4 peut traiter des bandes allant jusqu&rsquo;\u00e0 50 mm sur le mod\u00e8le standard ou 100 mm sur le Mercury-4E.<\/p>\n<p>Gr\u00e2ce \u00e0 son mouvement \u00e0 deux axes, il traite tous les types de bandes : coupe transversale, fen\u00eatres et ablation de zone ; et toutes les formes : courbes et zones hachur\u00e9es, pas seulement les lignes droites, avec une grande facilit\u00e9 pour l&rsquo;op\u00e9rateur.<\/p>\n","protected":false},"excerpt":{"rendered":"<p>Solution de d\u00e9nudage au laser pour d\u00e9nuder les conducteurs simples, les c\u00e2bles coaxiaux et les rubans de 52 \u00e0 6 AWG.<\/p>\n","protected":false},"featured_media":0,"template":"","meta":{"_acf_changed":false},"pwb-brand":[],"product_brand":[],"product_cat":[17990,17993,18436],"product_tag":[],"class_list":{"0":"post-54692","1":"product","2":"type-product","3":"status-publish","5":"product_cat-cables-et-cablage-fr","6":"product_cat-couper-denuder-sertissage-fr","7":"product_cat-machines-de-denudage-de-fils-par-laser-fr","9":"first","10":"instock","11":"taxable","12":"shipping-taxable","13":"product-type-simple"},"acf":[],"yoast_head":"<!-- This site is optimized with the Yoast SEO plugin v27.1.1 - https:\/\/yoast.com\/product\/yoast-seo-wordpress\/ -->\n<title>Mercury 4 Laser Wire Stripper - Smans<\/title>\n<meta name=\"robots\" content=\"index, follow, max-snippet:-1, max-image-preview:large, max-video-preview:-1\" \/>\n<link rel=\"canonical\" href=\"https:\/\/smans.com\/fr\/product\/mercury-4-laser-wire-stripper\/\" \/>\n<meta property=\"og:locale\" content=\"fr_FR\" \/>\n<meta property=\"og:type\" content=\"article\" \/>\n<meta property=\"og:title\" content=\"Mercury 4 Laser Wire Stripper - Smans\" \/>\n<meta property=\"og:description\" content=\"Solution de d\u00e9nudage au laser pour d\u00e9nuder les conducteurs simples, les c\u00e2bles coaxiaux et les rubans de 52 \u00e0 6 AWG.\" \/>\n<meta property=\"og:url\" content=\"https:\/\/smans.com\/fr\/product\/mercury-4-laser-wire-stripper\/\" \/>\n<meta property=\"og:site_name\" content=\"Smans\" \/>\n<meta property=\"article:modified_time\" content=\"2026-04-10T11:25:21+00:00\" \/>\n<meta name=\"twitter:card\" content=\"summary_large_image\" \/>\n<script type=\"application\/ld+json\" class=\"yoast-schema-graph\">{\"@context\":\"https:\/\/schema.org\",\"@graph\":[{\"@type\":\"WebPage\",\"@id\":\"https:\/\/smans.com\/fr\/product\/mercury-4-laser-wire-stripper\/\",\"url\":\"https:\/\/smans.com\/fr\/product\/mercury-4-laser-wire-stripper\/\",\"name\":\"Mercury 4 Laser Wire Stripper - Smans\",\"isPartOf\":{\"@id\":\"https:\/\/smans.com\/nl\/#website\"},\"datePublished\":\"2025-12-23T01:16:19+00:00\",\"dateModified\":\"2026-04-10T11:25:21+00:00\",\"breadcrumb\":{\"@id\":\"https:\/\/smans.com\/fr\/product\/mercury-4-laser-wire-stripper\/#breadcrumb\"},\"inLanguage\":\"fr-FR\",\"potentialAction\":[{\"@type\":\"ReadAction\",\"target\":[\"https:\/\/smans.com\/fr\/product\/mercury-4-laser-wire-stripper\/\"]}]},{\"@type\":\"BreadcrumbList\",\"@id\":\"https:\/\/smans.com\/fr\/product\/mercury-4-laser-wire-stripper\/#breadcrumb\",\"itemListElement\":[{\"@type\":\"ListItem\",\"position\":1,\"name\":\"Home\",\"item\":\"https:\/\/smans.com\/fr\/\"},{\"@type\":\"ListItem\",\"position\":2,\"name\":\"Boutique\",\"item\":\"https:\/\/smans.com\/nl\/shop\/\"},{\"@type\":\"ListItem\",\"position\":3,\"name\":\"Mercury 4 Laser Wire Stripper\"}]},{\"@type\":\"WebSite\",\"@id\":\"https:\/\/smans.com\/nl\/#website\",\"url\":\"https:\/\/smans.com\/nl\/\",\"name\":\"Smans\",\"description\":\"\",\"publisher\":{\"@id\":\"https:\/\/smans.com\/nl\/#organization\"},\"potentialAction\":[{\"@type\":\"SearchAction\",\"target\":{\"@type\":\"EntryPoint\",\"urlTemplate\":\"https:\/\/smans.com\/nl\/?s={search_term_string}\"},\"query-input\":{\"@type\":\"PropertyValueSpecification\",\"valueRequired\":true,\"valueName\":\"search_term_string\"}}],\"inLanguage\":\"fr-FR\"},{\"@type\":\"Organization\",\"@id\":\"https:\/\/smans.com\/nl\/#organization\",\"name\":\"Smans\",\"url\":\"https:\/\/smans.com\/nl\/\",\"logo\":{\"@type\":\"ImageObject\",\"inLanguage\":\"fr-FR\",\"@id\":\"https:\/\/smans.com\/nl\/#\/schema\/logo\/image\/\",\"url\":\"https:\/\/smans.com\/wp-content\/uploads\/2023\/09\/logo.svg\",\"contentUrl\":\"https:\/\/smans.com\/wp-content\/uploads\/2023\/09\/logo.svg\",\"caption\":\"Smans\"},\"image\":{\"@id\":\"https:\/\/smans.com\/nl\/#\/schema\/logo\/image\/\"}}]}<\/script>\n<!-- \/ Yoast SEO plugin. -->","yoast_head_json":{"title":"Mercury 4 Laser Wire Stripper - Smans","robots":{"index":"index","follow":"follow","max-snippet":"max-snippet:-1","max-image-preview":"max-image-preview:large","max-video-preview":"max-video-preview:-1"},"canonical":"https:\/\/smans.com\/fr\/product\/mercury-4-laser-wire-stripper\/","og_locale":"fr_FR","og_type":"article","og_title":"Mercury 4 Laser Wire Stripper - Smans","og_description":"Solution de d\u00e9nudage au laser pour d\u00e9nuder les conducteurs simples, les c\u00e2bles coaxiaux et les rubans de 52 \u00e0 6 AWG.","og_url":"https:\/\/smans.com\/fr\/product\/mercury-4-laser-wire-stripper\/","og_site_name":"Smans","article_modified_time":"2026-04-10T11:25:21+00:00","twitter_card":"summary_large_image","schema":{"@context":"https:\/\/schema.org","@graph":[{"@type":"WebPage","@id":"https:\/\/smans.com\/fr\/product\/mercury-4-laser-wire-stripper\/","url":"https:\/\/smans.com\/fr\/product\/mercury-4-laser-wire-stripper\/","name":"Mercury 4 Laser Wire Stripper - Smans","isPartOf":{"@id":"https:\/\/smans.com\/nl\/#website"},"datePublished":"2025-12-23T01:16:19+00:00","dateModified":"2026-04-10T11:25:21+00:00","breadcrumb":{"@id":"https:\/\/smans.com\/fr\/product\/mercury-4-laser-wire-stripper\/#breadcrumb"},"inLanguage":"fr-FR","potentialAction":[{"@type":"ReadAction","target":["https:\/\/smans.com\/fr\/product\/mercury-4-laser-wire-stripper\/"]}]},{"@type":"BreadcrumbList","@id":"https:\/\/smans.com\/fr\/product\/mercury-4-laser-wire-stripper\/#breadcrumb","itemListElement":[{"@type":"ListItem","position":1,"name":"Home","item":"https:\/\/smans.com\/fr\/"},{"@type":"ListItem","position":2,"name":"Boutique","item":"https:\/\/smans.com\/nl\/shop\/"},{"@type":"ListItem","position":3,"name":"Mercury 4 Laser Wire Stripper"}]},{"@type":"WebSite","@id":"https:\/\/smans.com\/nl\/#website","url":"https:\/\/smans.com\/nl\/","name":"Smans","description":"","publisher":{"@id":"https:\/\/smans.com\/nl\/#organization"},"potentialAction":[{"@type":"SearchAction","target":{"@type":"EntryPoint","urlTemplate":"https:\/\/smans.com\/nl\/?s={search_term_string}"},"query-input":{"@type":"PropertyValueSpecification","valueRequired":true,"valueName":"search_term_string"}}],"inLanguage":"fr-FR"},{"@type":"Organization","@id":"https:\/\/smans.com\/nl\/#organization","name":"Smans","url":"https:\/\/smans.com\/nl\/","logo":{"@type":"ImageObject","inLanguage":"fr-FR","@id":"https:\/\/smans.com\/nl\/#\/schema\/logo\/image\/","url":"https:\/\/smans.com\/wp-content\/uploads\/2023\/09\/logo.svg","contentUrl":"https:\/\/smans.com\/wp-content\/uploads\/2023\/09\/logo.svg","caption":"Smans"},"image":{"@id":"https:\/\/smans.com\/nl\/#\/schema\/logo\/image\/"}}]}},"brands":[],"_links":{"self":[{"href":"https:\/\/smans.com\/fr\/wp-json\/wp\/v2\/product\/54692","targetHints":{"allow":["GET"]}}],"collection":[{"href":"https:\/\/smans.com\/fr\/wp-json\/wp\/v2\/product"}],"about":[{"href":"https:\/\/smans.com\/fr\/wp-json\/wp\/v2\/types\/product"}],"wp:attachment":[{"href":"https:\/\/smans.com\/fr\/wp-json\/wp\/v2\/media?parent=54692"}],"wp:term":[{"taxonomy":"pwb-brand","embeddable":true,"href":"https:\/\/smans.com\/fr\/wp-json\/wp\/v2\/pwb-brand?post=54692"},{"taxonomy":"product_brand","embeddable":true,"href":"https:\/\/smans.com\/fr\/wp-json\/wp\/v2\/product_brand?post=54692"},{"taxonomy":"product_cat","embeddable":true,"href":"https:\/\/smans.com\/fr\/wp-json\/wp\/v2\/product_cat?post=54692"},{"taxonomy":"product_tag","embeddable":true,"href":"https:\/\/smans.com\/fr\/wp-json\/wp\/v2\/product_tag?post=54692"}],"curies":[{"name":"wp","href":"https:\/\/api.w.org\/{rel}","templated":true}]}}