{"id":54696,"date":"2025-12-23T02:16:29","date_gmt":"2025-12-23T01:16:29","guid":{"rendered":"https:\/\/smans.com\/product\/depaneling-fixtures\/"},"modified":"2026-04-05T12:44:54","modified_gmt":"2026-04-05T10:44:54","slug":"depaneling-fixtures","status":"publish","type":"product","link":"https:\/\/smans.com\/fr\/product\/depaneling-fixtures\/","title":{"rendered":"R\u00f6snick - Depaneling fixtures"},"content":{"rendered":"<p>Tout au long du processus, ils garantissent une fixation fiable et un alignement pr\u00e9cis des panneaux et des circuits individuels, des simples supports \u00e0 broches aux contours de fixation frais\u00e9s complexes. Sur demande, des accessoires personnalis\u00e9s peuvent augmenter l&rsquo;efficacit\u00e9 :<\/p>\n<ul>\n<li>Les aides au retrait permettent de retirer rapidement et en toute s\u00e9curit\u00e9 les circuits individuels et, gr\u00e2ce \u00e0 des concepts bien pens\u00e9s, am\u00e9liorent la manipulation, le stockage et l&rsquo;int\u00e9gration des processus.<\/li>\n<li>Les plaques de recouvrement offrent une protection suppl\u00e9mentaire contre la contamination et les dommages tout en garantissant une fixation s\u00fbre pendant tout le processus de d\u00e9panneau.<\/li>\n<\/ul>\n<p>Les fonctions poka-yoke et les options d&rsquo;automatisation contribuent de mani\u00e8re significative \u00e0 la fiabilit\u00e9 du processus. Nous sommes heureux de vous aider dans la mise en \u0153uvre et l&rsquo;optimisation de vos projets de d\u00e9panneau.<\/p>\n","protected":false},"excerpt":{"rendered":"<p>Support optimal pour une s\u00e9paration pr\u00e9cise de vos assemblages, que ce soit par fraisage, sciage ou d\u00e9coupe laser.<\/p>\n","protected":false},"featured_media":0,"template":"","meta":{"_acf_changed":false},"pwb-brand":[],"product_brand":[],"product_cat":[18439,17991,18010],"product_tag":[],"class_list":{"0":"post-54696","1":"product","2":"type-product","3":"status-publish","5":"product_cat-depaneling-fixtures-fr","6":"product_cat-electronique-fr","7":"product_cat-separateurs-et-depannelisation-fr","9":"first","10":"instock","11":"taxable","12":"shipping-taxable","13":"product-type-simple"},"acf":[],"yoast_head":"<!-- This site is optimized with the Yoast SEO plugin v27.1.1 - https:\/\/yoast.com\/product\/yoast-seo-wordpress\/ -->\n<title>Depaneling fixtures - Smans<\/title>\n<meta name=\"robots\" content=\"index, follow, max-snippet:-1, max-image-preview:large, max-video-preview:-1\" \/>\n<link rel=\"canonical\" href=\"https:\/\/smans.com\/fr\/product\/depaneling-fixtures\/\" \/>\n<meta property=\"og:locale\" content=\"fr_FR\" \/>\n<meta property=\"og:type\" content=\"article\" \/>\n<meta property=\"og:title\" content=\"Depaneling fixtures - Smans\" \/>\n<meta property=\"og:description\" content=\"Support optimal pour une s\u00e9paration pr\u00e9cise de vos assemblages, que ce soit par fraisage, sciage ou d\u00e9coupe laser.\" \/>\n<meta property=\"og:url\" content=\"https:\/\/smans.com\/fr\/product\/depaneling-fixtures\/\" \/>\n<meta property=\"og:site_name\" content=\"Smans\" \/>\n<meta property=\"article:modified_time\" content=\"2026-04-05T10:44:54+00:00\" \/>\n<meta name=\"twitter:card\" content=\"summary_large_image\" \/>\n<meta name=\"twitter:label1\" content=\"Dur\u00e9e de lecture estim\u00e9e\" \/>\n\t<meta name=\"twitter:data1\" content=\"1 minute\" \/>\n<script type=\"application\/ld+json\" class=\"yoast-schema-graph\">{\"@context\":\"https:\/\/schema.org\",\"@graph\":[{\"@type\":\"WebPage\",\"@id\":\"https:\/\/smans.com\/fr\/product\/depaneling-fixtures\/\",\"url\":\"https:\/\/smans.com\/fr\/product\/depaneling-fixtures\/\",\"name\":\"Depaneling fixtures - Smans\",\"isPartOf\":{\"@id\":\"https:\/\/smans.com\/nl\/#website\"},\"datePublished\":\"2025-12-23T01:16:29+00:00\",\"dateModified\":\"2026-04-05T10:44:54+00:00\",\"breadcrumb\":{\"@id\":\"https:\/\/smans.com\/fr\/product\/depaneling-fixtures\/#breadcrumb\"},\"inLanguage\":\"fr-FR\",\"potentialAction\":[{\"@type\":\"ReadAction\",\"target\":[\"https:\/\/smans.com\/fr\/product\/depaneling-fixtures\/\"]}]},{\"@type\":\"BreadcrumbList\",\"@id\":\"https:\/\/smans.com\/fr\/product\/depaneling-fixtures\/#breadcrumb\",\"itemListElement\":[{\"@type\":\"ListItem\",\"position\":1,\"name\":\"Home\",\"item\":\"https:\/\/smans.com\/fr\/\"},{\"@type\":\"ListItem\",\"position\":2,\"name\":\"Boutique\",\"item\":\"https:\/\/smans.com\/nl\/shop\/\"},{\"@type\":\"ListItem\",\"position\":3,\"name\":\"Depaneling fixtures\"}]},{\"@type\":\"WebSite\",\"@id\":\"https:\/\/smans.com\/nl\/#website\",\"url\":\"https:\/\/smans.com\/nl\/\",\"name\":\"Smans\",\"description\":\"\",\"publisher\":{\"@id\":\"https:\/\/smans.com\/nl\/#organization\"},\"potentialAction\":[{\"@type\":\"SearchAction\",\"target\":{\"@type\":\"EntryPoint\",\"urlTemplate\":\"https:\/\/smans.com\/nl\/?s={search_term_string}\"},\"query-input\":{\"@type\":\"PropertyValueSpecification\",\"valueRequired\":true,\"valueName\":\"search_term_string\"}}],\"inLanguage\":\"fr-FR\"},{\"@type\":\"Organization\",\"@id\":\"https:\/\/smans.com\/nl\/#organization\",\"name\":\"Smans\",\"url\":\"https:\/\/smans.com\/nl\/\",\"logo\":{\"@type\":\"ImageObject\",\"inLanguage\":\"fr-FR\",\"@id\":\"https:\/\/smans.com\/nl\/#\/schema\/logo\/image\/\",\"url\":\"https:\/\/smans.com\/wp-content\/uploads\/2023\/09\/logo.svg\",\"contentUrl\":\"https:\/\/smans.com\/wp-content\/uploads\/2023\/09\/logo.svg\",\"caption\":\"Smans\"},\"image\":{\"@id\":\"https:\/\/smans.com\/nl\/#\/schema\/logo\/image\/\"}}]}<\/script>\n<!-- \/ Yoast SEO plugin. -->","yoast_head_json":{"title":"Depaneling fixtures - Smans","robots":{"index":"index","follow":"follow","max-snippet":"max-snippet:-1","max-image-preview":"max-image-preview:large","max-video-preview":"max-video-preview:-1"},"canonical":"https:\/\/smans.com\/fr\/product\/depaneling-fixtures\/","og_locale":"fr_FR","og_type":"article","og_title":"Depaneling fixtures - Smans","og_description":"Support optimal pour une s\u00e9paration pr\u00e9cise de vos assemblages, que ce soit par fraisage, sciage ou d\u00e9coupe laser.","og_url":"https:\/\/smans.com\/fr\/product\/depaneling-fixtures\/","og_site_name":"Smans","article_modified_time":"2026-04-05T10:44:54+00:00","twitter_card":"summary_large_image","twitter_misc":{"Dur\u00e9e de lecture estim\u00e9e":"1 minute"},"schema":{"@context":"https:\/\/schema.org","@graph":[{"@type":"WebPage","@id":"https:\/\/smans.com\/fr\/product\/depaneling-fixtures\/","url":"https:\/\/smans.com\/fr\/product\/depaneling-fixtures\/","name":"Depaneling fixtures - Smans","isPartOf":{"@id":"https:\/\/smans.com\/nl\/#website"},"datePublished":"2025-12-23T01:16:29+00:00","dateModified":"2026-04-05T10:44:54+00:00","breadcrumb":{"@id":"https:\/\/smans.com\/fr\/product\/depaneling-fixtures\/#breadcrumb"},"inLanguage":"fr-FR","potentialAction":[{"@type":"ReadAction","target":["https:\/\/smans.com\/fr\/product\/depaneling-fixtures\/"]}]},{"@type":"BreadcrumbList","@id":"https:\/\/smans.com\/fr\/product\/depaneling-fixtures\/#breadcrumb","itemListElement":[{"@type":"ListItem","position":1,"name":"Home","item":"https:\/\/smans.com\/fr\/"},{"@type":"ListItem","position":2,"name":"Boutique","item":"https:\/\/smans.com\/nl\/shop\/"},{"@type":"ListItem","position":3,"name":"Depaneling fixtures"}]},{"@type":"WebSite","@id":"https:\/\/smans.com\/nl\/#website","url":"https:\/\/smans.com\/nl\/","name":"Smans","description":"","publisher":{"@id":"https:\/\/smans.com\/nl\/#organization"},"potentialAction":[{"@type":"SearchAction","target":{"@type":"EntryPoint","urlTemplate":"https:\/\/smans.com\/nl\/?s={search_term_string}"},"query-input":{"@type":"PropertyValueSpecification","valueRequired":true,"valueName":"search_term_string"}}],"inLanguage":"fr-FR"},{"@type":"Organization","@id":"https:\/\/smans.com\/nl\/#organization","name":"Smans","url":"https:\/\/smans.com\/nl\/","logo":{"@type":"ImageObject","inLanguage":"fr-FR","@id":"https:\/\/smans.com\/nl\/#\/schema\/logo\/image\/","url":"https:\/\/smans.com\/wp-content\/uploads\/2023\/09\/logo.svg","contentUrl":"https:\/\/smans.com\/wp-content\/uploads\/2023\/09\/logo.svg","caption":"Smans"},"image":{"@id":"https:\/\/smans.com\/nl\/#\/schema\/logo\/image\/"}}]}},"brands":[],"_links":{"self":[{"href":"https:\/\/smans.com\/fr\/wp-json\/wp\/v2\/product\/54696","targetHints":{"allow":["GET"]}}],"collection":[{"href":"https:\/\/smans.com\/fr\/wp-json\/wp\/v2\/product"}],"about":[{"href":"https:\/\/smans.com\/fr\/wp-json\/wp\/v2\/types\/product"}],"wp:attachment":[{"href":"https:\/\/smans.com\/fr\/wp-json\/wp\/v2\/media?parent=54696"}],"wp:term":[{"taxonomy":"pwb-brand","embeddable":true,"href":"https:\/\/smans.com\/fr\/wp-json\/wp\/v2\/pwb-brand?post=54696"},{"taxonomy":"product_brand","embeddable":true,"href":"https:\/\/smans.com\/fr\/wp-json\/wp\/v2\/product_brand?post=54696"},{"taxonomy":"product_cat","embeddable":true,"href":"https:\/\/smans.com\/fr\/wp-json\/wp\/v2\/product_cat?post=54696"},{"taxonomy":"product_tag","embeddable":true,"href":"https:\/\/smans.com\/fr\/wp-json\/wp\/v2\/product_tag?post=54696"}],"curies":[{"name":"wp","href":"https:\/\/api.w.org\/{rel}","templated":true}]}}