{"id":54708,"date":"2025-12-24T02:16:28","date_gmt":"2025-12-24T01:16:28","guid":{"rendered":"https:\/\/smans.com\/product\/coating-and-potting-carriers\/"},"modified":"2026-04-05T12:44:54","modified_gmt":"2026-04-05T10:44:54","slug":"coating-and-potting-carriers","status":"publish","type":"product","link":"https:\/\/smans.com\/fr\/product\/coating-and-potting-carriers\/","title":{"rendered":"R\u00f6snick - Coating and Potting Carriers"},"content":{"rendered":"<p>Nos supports sp\u00e9cifiques aux produits sont d\u00e9velopp\u00e9s avec pr\u00e9cision pour votre processus d&rsquo;enduction ou d&rsquo;enrobage. Des facteurs cl\u00e9s tels que la maniabilit\u00e9, les dispositifs poka-yoke et l&rsquo;alignement pr\u00e9cis de l&rsquo;assemblage garantissent des r\u00e9sultats optimaux, offrant une fiabilit\u00e9 et une r\u00e9p\u00e9tabilit\u00e9 maximales du processus.<\/p>\n<p>Pour les applications d&rsquo;enrobage, nous proposons des supports de fixation personnalis\u00e9s qui positionnent le bo\u00eetier avec pr\u00e9cision, permettant ainsi une application pr\u00e9cise du mat\u00e9riau. Nos supports de rev\u00eatement universels sont con\u00e7us pour offrir une grande flexibilit\u00e9, ce qui les rend id\u00e9aux pour les petites s\u00e9ries et les gammes de produits vari\u00e9es. Qu&rsquo;ils soient r\u00e9versibles avec des barres r\u00e9glables ou adaptables \u00e0 des assemblages de forme irr\u00e9guli\u00e8re, nous vous proposons le concept qui r\u00e9pond \u00e0 vos besoins.<\/p>\n<p>Nous adaptons le mat\u00e9riau et le rev\u00eatement sp\u00e9cifiquement \u00e0 votre processus, y compris des conseils sur le nettoyage et l&rsquo;acc\u00e8s \u00e0 des sp\u00e9cialistes exp\u00e9riment\u00e9s de notre r\u00e9seau de confiance.<\/p>\n","protected":false},"excerpt":{"rendered":"<p>D\u00e9velopp\u00e9 sp\u00e9cialement pour votre processus de rev\u00eatement ou d&rsquo;enrobage<\/p>\n","protected":false},"featured_media":0,"template":"","meta":{"_acf_changed":false},"pwb-brand":[],"product_brand":[],"product_cat":[18438,17991,18009],"product_tag":[],"class_list":{"0":"post-54708","1":"product","2":"type-product","3":"status-publish","5":"product_cat-coating-and-potting-carriers-fr","6":"product_cat-electronique-fr","7":"product_cat-empotage-distribution-moulage-coulage-fr","9":"first","10":"instock","11":"taxable","12":"shipping-taxable","13":"product-type-simple"},"acf":[],"yoast_head":"<!-- This site is optimized with the Yoast SEO plugin v27.1.1 - https:\/\/yoast.com\/product\/yoast-seo-wordpress\/ -->\n<title>Coating and Potting Carriers - Smans<\/title>\n<meta name=\"robots\" content=\"index, follow, max-snippet:-1, max-image-preview:large, max-video-preview:-1\" \/>\n<link rel=\"canonical\" href=\"https:\/\/smans.com\/fr\/product\/coating-and-potting-carriers\/\" \/>\n<meta property=\"og:locale\" content=\"fr_FR\" \/>\n<meta property=\"og:type\" content=\"article\" \/>\n<meta property=\"og:title\" content=\"Coating and Potting Carriers - Smans\" \/>\n<meta property=\"og:description\" content=\"D\u00e9velopp\u00e9 sp\u00e9cialement pour votre processus de rev\u00eatement ou d&#039;enrobage\" \/>\n<meta property=\"og:url\" content=\"https:\/\/smans.com\/fr\/product\/coating-and-potting-carriers\/\" \/>\n<meta property=\"og:site_name\" content=\"Smans\" \/>\n<meta property=\"article:modified_time\" content=\"2026-04-05T10:44:54+00:00\" \/>\n<meta name=\"twitter:card\" content=\"summary_large_image\" \/>\n<meta name=\"twitter:label1\" content=\"Dur\u00e9e de lecture estim\u00e9e\" \/>\n\t<meta name=\"twitter:data1\" content=\"1 minute\" \/>\n<script type=\"application\/ld+json\" class=\"yoast-schema-graph\">{\"@context\":\"https:\/\/schema.org\",\"@graph\":[{\"@type\":\"WebPage\",\"@id\":\"https:\/\/smans.com\/fr\/product\/coating-and-potting-carriers\/\",\"url\":\"https:\/\/smans.com\/fr\/product\/coating-and-potting-carriers\/\",\"name\":\"Coating and Potting Carriers - Smans\",\"isPartOf\":{\"@id\":\"https:\/\/smans.com\/nl\/#website\"},\"datePublished\":\"2025-12-24T01:16:28+00:00\",\"dateModified\":\"2026-04-05T10:44:54+00:00\",\"breadcrumb\":{\"@id\":\"https:\/\/smans.com\/fr\/product\/coating-and-potting-carriers\/#breadcrumb\"},\"inLanguage\":\"fr-FR\",\"potentialAction\":[{\"@type\":\"ReadAction\",\"target\":[\"https:\/\/smans.com\/fr\/product\/coating-and-potting-carriers\/\"]}]},{\"@type\":\"BreadcrumbList\",\"@id\":\"https:\/\/smans.com\/fr\/product\/coating-and-potting-carriers\/#breadcrumb\",\"itemListElement\":[{\"@type\":\"ListItem\",\"position\":1,\"name\":\"Home\",\"item\":\"https:\/\/smans.com\/fr\/\"},{\"@type\":\"ListItem\",\"position\":2,\"name\":\"Boutique\",\"item\":\"https:\/\/smans.com\/nl\/shop\/\"},{\"@type\":\"ListItem\",\"position\":3,\"name\":\"Coating and Potting Carriers\"}]},{\"@type\":\"WebSite\",\"@id\":\"https:\/\/smans.com\/nl\/#website\",\"url\":\"https:\/\/smans.com\/nl\/\",\"name\":\"Smans\",\"description\":\"\",\"publisher\":{\"@id\":\"https:\/\/smans.com\/nl\/#organization\"},\"potentialAction\":[{\"@type\":\"SearchAction\",\"target\":{\"@type\":\"EntryPoint\",\"urlTemplate\":\"https:\/\/smans.com\/nl\/?s={search_term_string}\"},\"query-input\":{\"@type\":\"PropertyValueSpecification\",\"valueRequired\":true,\"valueName\":\"search_term_string\"}}],\"inLanguage\":\"fr-FR\"},{\"@type\":\"Organization\",\"@id\":\"https:\/\/smans.com\/nl\/#organization\",\"name\":\"Smans\",\"url\":\"https:\/\/smans.com\/nl\/\",\"logo\":{\"@type\":\"ImageObject\",\"inLanguage\":\"fr-FR\",\"@id\":\"https:\/\/smans.com\/nl\/#\/schema\/logo\/image\/\",\"url\":\"https:\/\/smans.com\/wp-content\/uploads\/2023\/09\/logo.svg\",\"contentUrl\":\"https:\/\/smans.com\/wp-content\/uploads\/2023\/09\/logo.svg\",\"caption\":\"Smans\"},\"image\":{\"@id\":\"https:\/\/smans.com\/nl\/#\/schema\/logo\/image\/\"}}]}<\/script>\n<!-- \/ Yoast SEO plugin. -->","yoast_head_json":{"title":"Coating and Potting Carriers - Smans","robots":{"index":"index","follow":"follow","max-snippet":"max-snippet:-1","max-image-preview":"max-image-preview:large","max-video-preview":"max-video-preview:-1"},"canonical":"https:\/\/smans.com\/fr\/product\/coating-and-potting-carriers\/","og_locale":"fr_FR","og_type":"article","og_title":"Coating and Potting Carriers - Smans","og_description":"D\u00e9velopp\u00e9 sp\u00e9cialement pour votre processus de rev\u00eatement ou d'enrobage","og_url":"https:\/\/smans.com\/fr\/product\/coating-and-potting-carriers\/","og_site_name":"Smans","article_modified_time":"2026-04-05T10:44:54+00:00","twitter_card":"summary_large_image","twitter_misc":{"Dur\u00e9e de lecture estim\u00e9e":"1 minute"},"schema":{"@context":"https:\/\/schema.org","@graph":[{"@type":"WebPage","@id":"https:\/\/smans.com\/fr\/product\/coating-and-potting-carriers\/","url":"https:\/\/smans.com\/fr\/product\/coating-and-potting-carriers\/","name":"Coating and Potting Carriers - Smans","isPartOf":{"@id":"https:\/\/smans.com\/nl\/#website"},"datePublished":"2025-12-24T01:16:28+00:00","dateModified":"2026-04-05T10:44:54+00:00","breadcrumb":{"@id":"https:\/\/smans.com\/fr\/product\/coating-and-potting-carriers\/#breadcrumb"},"inLanguage":"fr-FR","potentialAction":[{"@type":"ReadAction","target":["https:\/\/smans.com\/fr\/product\/coating-and-potting-carriers\/"]}]},{"@type":"BreadcrumbList","@id":"https:\/\/smans.com\/fr\/product\/coating-and-potting-carriers\/#breadcrumb","itemListElement":[{"@type":"ListItem","position":1,"name":"Home","item":"https:\/\/smans.com\/fr\/"},{"@type":"ListItem","position":2,"name":"Boutique","item":"https:\/\/smans.com\/nl\/shop\/"},{"@type":"ListItem","position":3,"name":"Coating and Potting Carriers"}]},{"@type":"WebSite","@id":"https:\/\/smans.com\/nl\/#website","url":"https:\/\/smans.com\/nl\/","name":"Smans","description":"","publisher":{"@id":"https:\/\/smans.com\/nl\/#organization"},"potentialAction":[{"@type":"SearchAction","target":{"@type":"EntryPoint","urlTemplate":"https:\/\/smans.com\/nl\/?s={search_term_string}"},"query-input":{"@type":"PropertyValueSpecification","valueRequired":true,"valueName":"search_term_string"}}],"inLanguage":"fr-FR"},{"@type":"Organization","@id":"https:\/\/smans.com\/nl\/#organization","name":"Smans","url":"https:\/\/smans.com\/nl\/","logo":{"@type":"ImageObject","inLanguage":"fr-FR","@id":"https:\/\/smans.com\/nl\/#\/schema\/logo\/image\/","url":"https:\/\/smans.com\/wp-content\/uploads\/2023\/09\/logo.svg","contentUrl":"https:\/\/smans.com\/wp-content\/uploads\/2023\/09\/logo.svg","caption":"Smans"},"image":{"@id":"https:\/\/smans.com\/nl\/#\/schema\/logo\/image\/"}}]}},"brands":[],"_links":{"self":[{"href":"https:\/\/smans.com\/fr\/wp-json\/wp\/v2\/product\/54708","targetHints":{"allow":["GET"]}}],"collection":[{"href":"https:\/\/smans.com\/fr\/wp-json\/wp\/v2\/product"}],"about":[{"href":"https:\/\/smans.com\/fr\/wp-json\/wp\/v2\/types\/product"}],"wp:attachment":[{"href":"https:\/\/smans.com\/fr\/wp-json\/wp\/v2\/media?parent=54708"}],"wp:term":[{"taxonomy":"pwb-brand","embeddable":true,"href":"https:\/\/smans.com\/fr\/wp-json\/wp\/v2\/pwb-brand?post=54708"},{"taxonomy":"product_brand","embeddable":true,"href":"https:\/\/smans.com\/fr\/wp-json\/wp\/v2\/product_brand?post=54708"},{"taxonomy":"product_cat","embeddable":true,"href":"https:\/\/smans.com\/fr\/wp-json\/wp\/v2\/product_cat?post=54708"},{"taxonomy":"product_tag","embeddable":true,"href":"https:\/\/smans.com\/fr\/wp-json\/wp\/v2\/product_tag?post=54708"}],"curies":[{"name":"wp","href":"https:\/\/api.w.org\/{rel}","templated":true}]}}