{"id":54709,"date":"2025-12-24T02:16:31","date_gmt":"2025-12-24T01:16:31","guid":{"rendered":"https:\/\/smans.com\/product\/cadres-de-soudure-universels\/"},"modified":"2026-04-05T12:44:54","modified_gmt":"2026-04-05T10:44:54","slug":"cadres-de-soudure-universels","status":"publish","type":"product","link":"https:\/\/smans.com\/fr\/product\/cadres-de-soudure-universels\/","title":{"rendered":"R\u00f6snick - Cadres de soudure universels"},"content":{"rendered":"<p>Parfaitement adapt\u00e9s \u00e0 votre syst\u00e8me de soudage par vague ou s\u00e9lectif, ils offrent des options d&rsquo;application polyvalentes gr\u00e2ce \u00e0 leur conception modulaire. Diverses barres, doigts et \u00e9l\u00e9ments de support assurent un soutien fiable de l&rsquo;assemblage tout au long du processus. De plus, plusieurs nids peuvent \u00eatre int\u00e9gr\u00e9s dans un seul cadre de soudage afin d&rsquo;augmenter consid\u00e9rablement le d\u00e9bit.<\/p>\n<p>Nos cadres de soudage peuvent \u00eatre compl\u00e9t\u00e9s par des syst\u00e8mes de couverture universels qui s&rsquo;adaptent de mani\u00e8re flexible aux \u00e9l\u00e9ments de maintien \u00e0 ressort et aux \u00e9l\u00e9ments de maintien.<\/p>\n","protected":false},"excerpt":{"rendered":"<p>Sp\u00e9cialement con\u00e7u pour la production \u00e0 forte mixit\u00e9\/faible volume et la fabrication de prototypes.<\/p>\n","protected":false},"featured_media":0,"template":"","meta":{"_acf_changed":false},"pwb-brand":[],"product_brand":[],"product_cat":[18440,17991,18012],"product_tag":[],"class_list":{"0":"post-54709","1":"product","2":"type-product","3":"status-publish","5":"product_cat-cadres-de-soudure-universels-fr","6":"product_cat-electronique-fr","7":"product_cat-equipement-d-assemblage-tht-fr","9":"first","10":"instock","11":"taxable","12":"shipping-taxable","13":"product-type-simple"},"acf":[],"yoast_head":"<!-- This site is optimized with the Yoast SEO plugin v27.1.1 - https:\/\/yoast.com\/product\/yoast-seo-wordpress\/ -->\n<title>Cadres de soudure universels - Smans<\/title>\n<meta name=\"robots\" content=\"index, follow, max-snippet:-1, max-image-preview:large, max-video-preview:-1\" \/>\n<link rel=\"canonical\" href=\"https:\/\/smans.com\/fr\/product\/cadres-de-soudure-universels\/\" \/>\n<meta property=\"og:locale\" content=\"fr_FR\" \/>\n<meta property=\"og:type\" content=\"article\" \/>\n<meta property=\"og:title\" content=\"Cadres de soudure universels - Smans\" \/>\n<meta property=\"og:description\" content=\"Sp\u00e9cialement con\u00e7u pour la production \u00e0 forte mixit\u00e9\/faible volume et la fabrication de prototypes.\" \/>\n<meta property=\"og:url\" content=\"https:\/\/smans.com\/fr\/product\/cadres-de-soudure-universels\/\" \/>\n<meta property=\"og:site_name\" content=\"Smans\" \/>\n<meta property=\"article:modified_time\" content=\"2026-04-05T10:44:54+00:00\" \/>\n<meta name=\"twitter:card\" content=\"summary_large_image\" \/>\n<script type=\"application\/ld+json\" class=\"yoast-schema-graph\">{\"@context\":\"https:\/\/schema.org\",\"@graph\":[{\"@type\":\"WebPage\",\"@id\":\"https:\/\/smans.com\/fr\/product\/cadres-de-soudure-universels\/\",\"url\":\"https:\/\/smans.com\/fr\/product\/cadres-de-soudure-universels\/\",\"name\":\"Cadres de soudure universels - Smans\",\"isPartOf\":{\"@id\":\"https:\/\/smans.com\/nl\/#website\"},\"datePublished\":\"2025-12-24T01:16:31+00:00\",\"dateModified\":\"2026-04-05T10:44:54+00:00\",\"breadcrumb\":{\"@id\":\"https:\/\/smans.com\/fr\/product\/cadres-de-soudure-universels\/#breadcrumb\"},\"inLanguage\":\"fr-FR\",\"potentialAction\":[{\"@type\":\"ReadAction\",\"target\":[\"https:\/\/smans.com\/fr\/product\/cadres-de-soudure-universels\/\"]}]},{\"@type\":\"BreadcrumbList\",\"@id\":\"https:\/\/smans.com\/fr\/product\/cadres-de-soudure-universels\/#breadcrumb\",\"itemListElement\":[{\"@type\":\"ListItem\",\"position\":1,\"name\":\"Home\",\"item\":\"https:\/\/smans.com\/fr\/\"},{\"@type\":\"ListItem\",\"position\":2,\"name\":\"Boutique\",\"item\":\"https:\/\/smans.com\/nl\/shop\/\"},{\"@type\":\"ListItem\",\"position\":3,\"name\":\"Cadres de soudure universels\"}]},{\"@type\":\"WebSite\",\"@id\":\"https:\/\/smans.com\/nl\/#website\",\"url\":\"https:\/\/smans.com\/nl\/\",\"name\":\"Smans\",\"description\":\"\",\"publisher\":{\"@id\":\"https:\/\/smans.com\/nl\/#organization\"},\"potentialAction\":[{\"@type\":\"SearchAction\",\"target\":{\"@type\":\"EntryPoint\",\"urlTemplate\":\"https:\/\/smans.com\/nl\/?s={search_term_string}\"},\"query-input\":{\"@type\":\"PropertyValueSpecification\",\"valueRequired\":true,\"valueName\":\"search_term_string\"}}],\"inLanguage\":\"fr-FR\"},{\"@type\":\"Organization\",\"@id\":\"https:\/\/smans.com\/nl\/#organization\",\"name\":\"Smans\",\"url\":\"https:\/\/smans.com\/nl\/\",\"logo\":{\"@type\":\"ImageObject\",\"inLanguage\":\"fr-FR\",\"@id\":\"https:\/\/smans.com\/nl\/#\/schema\/logo\/image\/\",\"url\":\"https:\/\/smans.com\/wp-content\/uploads\/2023\/09\/logo.svg\",\"contentUrl\":\"https:\/\/smans.com\/wp-content\/uploads\/2023\/09\/logo.svg\",\"caption\":\"Smans\"},\"image\":{\"@id\":\"https:\/\/smans.com\/nl\/#\/schema\/logo\/image\/\"}}]}<\/script>\n<!-- \/ Yoast SEO plugin. -->","yoast_head_json":{"title":"Cadres de soudure universels - Smans","robots":{"index":"index","follow":"follow","max-snippet":"max-snippet:-1","max-image-preview":"max-image-preview:large","max-video-preview":"max-video-preview:-1"},"canonical":"https:\/\/smans.com\/fr\/product\/cadres-de-soudure-universels\/","og_locale":"fr_FR","og_type":"article","og_title":"Cadres de soudure universels - Smans","og_description":"Sp\u00e9cialement con\u00e7u pour la production \u00e0 forte mixit\u00e9\/faible volume et la fabrication de prototypes.","og_url":"https:\/\/smans.com\/fr\/product\/cadres-de-soudure-universels\/","og_site_name":"Smans","article_modified_time":"2026-04-05T10:44:54+00:00","twitter_card":"summary_large_image","schema":{"@context":"https:\/\/schema.org","@graph":[{"@type":"WebPage","@id":"https:\/\/smans.com\/fr\/product\/cadres-de-soudure-universels\/","url":"https:\/\/smans.com\/fr\/product\/cadres-de-soudure-universels\/","name":"Cadres de soudure universels - Smans","isPartOf":{"@id":"https:\/\/smans.com\/nl\/#website"},"datePublished":"2025-12-24T01:16:31+00:00","dateModified":"2026-04-05T10:44:54+00:00","breadcrumb":{"@id":"https:\/\/smans.com\/fr\/product\/cadres-de-soudure-universels\/#breadcrumb"},"inLanguage":"fr-FR","potentialAction":[{"@type":"ReadAction","target":["https:\/\/smans.com\/fr\/product\/cadres-de-soudure-universels\/"]}]},{"@type":"BreadcrumbList","@id":"https:\/\/smans.com\/fr\/product\/cadres-de-soudure-universels\/#breadcrumb","itemListElement":[{"@type":"ListItem","position":1,"name":"Home","item":"https:\/\/smans.com\/fr\/"},{"@type":"ListItem","position":2,"name":"Boutique","item":"https:\/\/smans.com\/nl\/shop\/"},{"@type":"ListItem","position":3,"name":"Cadres de soudure universels"}]},{"@type":"WebSite","@id":"https:\/\/smans.com\/nl\/#website","url":"https:\/\/smans.com\/nl\/","name":"Smans","description":"","publisher":{"@id":"https:\/\/smans.com\/nl\/#organization"},"potentialAction":[{"@type":"SearchAction","target":{"@type":"EntryPoint","urlTemplate":"https:\/\/smans.com\/nl\/?s={search_term_string}"},"query-input":{"@type":"PropertyValueSpecification","valueRequired":true,"valueName":"search_term_string"}}],"inLanguage":"fr-FR"},{"@type":"Organization","@id":"https:\/\/smans.com\/nl\/#organization","name":"Smans","url":"https:\/\/smans.com\/nl\/","logo":{"@type":"ImageObject","inLanguage":"fr-FR","@id":"https:\/\/smans.com\/nl\/#\/schema\/logo\/image\/","url":"https:\/\/smans.com\/wp-content\/uploads\/2023\/09\/logo.svg","contentUrl":"https:\/\/smans.com\/wp-content\/uploads\/2023\/09\/logo.svg","caption":"Smans"},"image":{"@id":"https:\/\/smans.com\/nl\/#\/schema\/logo\/image\/"}}]}},"brands":[],"_links":{"self":[{"href":"https:\/\/smans.com\/fr\/wp-json\/wp\/v2\/product\/54709","targetHints":{"allow":["GET"]}}],"collection":[{"href":"https:\/\/smans.com\/fr\/wp-json\/wp\/v2\/product"}],"about":[{"href":"https:\/\/smans.com\/fr\/wp-json\/wp\/v2\/types\/product"}],"wp:attachment":[{"href":"https:\/\/smans.com\/fr\/wp-json\/wp\/v2\/media?parent=54709"}],"wp:term":[{"taxonomy":"pwb-brand","embeddable":true,"href":"https:\/\/smans.com\/fr\/wp-json\/wp\/v2\/pwb-brand?post=54709"},{"taxonomy":"product_brand","embeddable":true,"href":"https:\/\/smans.com\/fr\/wp-json\/wp\/v2\/product_brand?post=54709"},{"taxonomy":"product_cat","embeddable":true,"href":"https:\/\/smans.com\/fr\/wp-json\/wp\/v2\/product_cat?post=54709"},{"taxonomy":"product_tag","embeddable":true,"href":"https:\/\/smans.com\/fr\/wp-json\/wp\/v2\/product_tag?post=54709"}],"curies":[{"name":"wp","href":"https:\/\/api.w.org\/{rel}","templated":true}]}}