{"id":54710,"date":"2025-12-24T02:16:35","date_gmt":"2025-12-24T01:16:35","guid":{"rendered":"https:\/\/smans.com\/product\/systemes-de-soudage-specifiques-aux-produits\/"},"modified":"2026-04-10T13:25:56","modified_gmt":"2026-04-10T11:25:56","slug":"systemes-de-soudage-specifiques-aux-produits","status":"publish","type":"product","link":"https:\/\/smans.com\/fr\/product\/systemes-de-soudage-specifiques-aux-produits\/","title":{"rendered":"R\u00f6snick - Syst\u00e8mes de soudage sp\u00e9cifiques aux produits"},"content":{"rendered":"<p>Nos syst\u00e8mes de soudage sont parfaitement adapt\u00e9s \u00e0 vos besoins et \u00e0 vos assemblages. Notre mat\u00e9riau de masque de soudure durable et dimensionnellement stable garantit une exposition pr\u00e9cise des joints de soudure THT et la protection des composants SMD pendant le soudage \u00e0 la vague et le soudage s\u00e9lectif. Nos inserts en titane con\u00e7us avec pr\u00e9cision sont id\u00e9aux pour les configurations serr\u00e9es et une gestion thermique optimis\u00e9e. Ils permettent souvent de r\u00e9tablir le processus de soudage \u00e0 la vague.<\/p>\n<p>Le positionnement pr\u00e9cis des composants THT est assur\u00e9 par des \u00e9l\u00e9ments coulissants, pliables et d&rsquo;alignement ou par nos syst\u00e8mes de couverture. Des \u00e9l\u00e9ments poka-yoke int\u00e9gr\u00e9s en option permettent de d\u00e9tecter les placements incorrects avant le soudage et de r\u00e9duire les taux d&rsquo;erreur.<\/p>\n<p>Des solutions de transport personnalis\u00e9es garantissent une manipulation fiable pendant le processus de refusion, en particulier pour les assemblages flexibles.<\/p>\n","protected":false},"excerpt":{"rendered":"<p>Syst\u00e8mes de soudage sur mesure qui prot\u00e8gent et positionnent de mani\u00e8re optimale les composants THT et SMD.<\/p>\n","protected":false},"featured_media":0,"template":"","meta":{"_acf_changed":false},"pwb-brand":[],"product_brand":[],"product_cat":[17991,18012,18441],"product_tag":[],"class_list":{"0":"post-54710","1":"product","2":"type-product","3":"status-publish","5":"product_cat-electronique-fr","6":"product_cat-equipement-d-assemblage-tht-fr","7":"product_cat-soudage-specifique-produit-fr","9":"first","10":"instock","11":"taxable","12":"shipping-taxable","13":"product-type-simple"},"acf":[],"yoast_head":"<!-- This site is optimized with the Yoast SEO plugin v27.1.1 - https:\/\/yoast.com\/product\/yoast-seo-wordpress\/ -->\n<title>Syst\u00e8mes de soudage sp\u00e9cifiques aux produits - Smans<\/title>\n<meta name=\"robots\" content=\"index, follow, max-snippet:-1, max-image-preview:large, max-video-preview:-1\" \/>\n<link rel=\"canonical\" href=\"https:\/\/smans.com\/fr\/product\/systemes-de-soudage-specifiques-aux-produits\/\" \/>\n<meta property=\"og:locale\" content=\"fr_FR\" \/>\n<meta property=\"og:type\" content=\"article\" \/>\n<meta property=\"og:title\" content=\"Syst\u00e8mes de soudage sp\u00e9cifiques aux produits - Smans\" \/>\n<meta property=\"og:description\" content=\"Syst\u00e8mes de soudage sur mesure qui prot\u00e8gent et positionnent de mani\u00e8re optimale les composants THT et SMD.\" \/>\n<meta property=\"og:url\" content=\"https:\/\/smans.com\/fr\/product\/systemes-de-soudage-specifiques-aux-produits\/\" \/>\n<meta property=\"og:site_name\" content=\"Smans\" \/>\n<meta property=\"article:modified_time\" content=\"2026-04-10T11:25:56+00:00\" \/>\n<meta name=\"twitter:card\" content=\"summary_large_image\" \/>\n<meta name=\"twitter:label1\" content=\"Dur\u00e9e de lecture estim\u00e9e\" \/>\n\t<meta name=\"twitter:data1\" content=\"1 minute\" \/>\n<script type=\"application\/ld+json\" class=\"yoast-schema-graph\">{\"@context\":\"https:\/\/schema.org\",\"@graph\":[{\"@type\":\"WebPage\",\"@id\":\"https:\/\/smans.com\/fr\/product\/systemes-de-soudage-specifiques-aux-produits\/\",\"url\":\"https:\/\/smans.com\/fr\/product\/systemes-de-soudage-specifiques-aux-produits\/\",\"name\":\"Syst\u00e8mes de soudage sp\u00e9cifiques aux produits - Smans\",\"isPartOf\":{\"@id\":\"https:\/\/smans.com\/nl\/#website\"},\"datePublished\":\"2025-12-24T01:16:35+00:00\",\"dateModified\":\"2026-04-10T11:25:56+00:00\",\"breadcrumb\":{\"@id\":\"https:\/\/smans.com\/fr\/product\/systemes-de-soudage-specifiques-aux-produits\/#breadcrumb\"},\"inLanguage\":\"fr-FR\",\"potentialAction\":[{\"@type\":\"ReadAction\",\"target\":[\"https:\/\/smans.com\/fr\/product\/systemes-de-soudage-specifiques-aux-produits\/\"]}]},{\"@type\":\"BreadcrumbList\",\"@id\":\"https:\/\/smans.com\/fr\/product\/systemes-de-soudage-specifiques-aux-produits\/#breadcrumb\",\"itemListElement\":[{\"@type\":\"ListItem\",\"position\":1,\"name\":\"Home\",\"item\":\"https:\/\/smans.com\/fr\/\"},{\"@type\":\"ListItem\",\"position\":2,\"name\":\"Boutique\",\"item\":\"https:\/\/smans.com\/nl\/shop\/\"},{\"@type\":\"ListItem\",\"position\":3,\"name\":\"Syst\u00e8mes de soudage sp\u00e9cifiques aux produits\"}]},{\"@type\":\"WebSite\",\"@id\":\"https:\/\/smans.com\/nl\/#website\",\"url\":\"https:\/\/smans.com\/nl\/\",\"name\":\"Smans\",\"description\":\"\",\"publisher\":{\"@id\":\"https:\/\/smans.com\/nl\/#organization\"},\"potentialAction\":[{\"@type\":\"SearchAction\",\"target\":{\"@type\":\"EntryPoint\",\"urlTemplate\":\"https:\/\/smans.com\/nl\/?s={search_term_string}\"},\"query-input\":{\"@type\":\"PropertyValueSpecification\",\"valueRequired\":true,\"valueName\":\"search_term_string\"}}],\"inLanguage\":\"fr-FR\"},{\"@type\":\"Organization\",\"@id\":\"https:\/\/smans.com\/nl\/#organization\",\"name\":\"Smans\",\"url\":\"https:\/\/smans.com\/nl\/\",\"logo\":{\"@type\":\"ImageObject\",\"inLanguage\":\"fr-FR\",\"@id\":\"https:\/\/smans.com\/nl\/#\/schema\/logo\/image\/\",\"url\":\"https:\/\/smans.com\/wp-content\/uploads\/2023\/09\/logo.svg\",\"contentUrl\":\"https:\/\/smans.com\/wp-content\/uploads\/2023\/09\/logo.svg\",\"caption\":\"Smans\"},\"image\":{\"@id\":\"https:\/\/smans.com\/nl\/#\/schema\/logo\/image\/\"}}]}<\/script>\n<!-- \/ Yoast SEO plugin. -->","yoast_head_json":{"title":"Syst\u00e8mes de soudage sp\u00e9cifiques aux produits - Smans","robots":{"index":"index","follow":"follow","max-snippet":"max-snippet:-1","max-image-preview":"max-image-preview:large","max-video-preview":"max-video-preview:-1"},"canonical":"https:\/\/smans.com\/fr\/product\/systemes-de-soudage-specifiques-aux-produits\/","og_locale":"fr_FR","og_type":"article","og_title":"Syst\u00e8mes de soudage sp\u00e9cifiques aux produits - Smans","og_description":"Syst\u00e8mes de soudage sur mesure qui prot\u00e8gent et positionnent de mani\u00e8re optimale les composants THT et SMD.","og_url":"https:\/\/smans.com\/fr\/product\/systemes-de-soudage-specifiques-aux-produits\/","og_site_name":"Smans","article_modified_time":"2026-04-10T11:25:56+00:00","twitter_card":"summary_large_image","twitter_misc":{"Dur\u00e9e de lecture estim\u00e9e":"1 minute"},"schema":{"@context":"https:\/\/schema.org","@graph":[{"@type":"WebPage","@id":"https:\/\/smans.com\/fr\/product\/systemes-de-soudage-specifiques-aux-produits\/","url":"https:\/\/smans.com\/fr\/product\/systemes-de-soudage-specifiques-aux-produits\/","name":"Syst\u00e8mes de soudage sp\u00e9cifiques aux produits - Smans","isPartOf":{"@id":"https:\/\/smans.com\/nl\/#website"},"datePublished":"2025-12-24T01:16:35+00:00","dateModified":"2026-04-10T11:25:56+00:00","breadcrumb":{"@id":"https:\/\/smans.com\/fr\/product\/systemes-de-soudage-specifiques-aux-produits\/#breadcrumb"},"inLanguage":"fr-FR","potentialAction":[{"@type":"ReadAction","target":["https:\/\/smans.com\/fr\/product\/systemes-de-soudage-specifiques-aux-produits\/"]}]},{"@type":"BreadcrumbList","@id":"https:\/\/smans.com\/fr\/product\/systemes-de-soudage-specifiques-aux-produits\/#breadcrumb","itemListElement":[{"@type":"ListItem","position":1,"name":"Home","item":"https:\/\/smans.com\/fr\/"},{"@type":"ListItem","position":2,"name":"Boutique","item":"https:\/\/smans.com\/nl\/shop\/"},{"@type":"ListItem","position":3,"name":"Syst\u00e8mes de soudage sp\u00e9cifiques aux produits"}]},{"@type":"WebSite","@id":"https:\/\/smans.com\/nl\/#website","url":"https:\/\/smans.com\/nl\/","name":"Smans","description":"","publisher":{"@id":"https:\/\/smans.com\/nl\/#organization"},"potentialAction":[{"@type":"SearchAction","target":{"@type":"EntryPoint","urlTemplate":"https:\/\/smans.com\/nl\/?s={search_term_string}"},"query-input":{"@type":"PropertyValueSpecification","valueRequired":true,"valueName":"search_term_string"}}],"inLanguage":"fr-FR"},{"@type":"Organization","@id":"https:\/\/smans.com\/nl\/#organization","name":"Smans","url":"https:\/\/smans.com\/nl\/","logo":{"@type":"ImageObject","inLanguage":"fr-FR","@id":"https:\/\/smans.com\/nl\/#\/schema\/logo\/image\/","url":"https:\/\/smans.com\/wp-content\/uploads\/2023\/09\/logo.svg","contentUrl":"https:\/\/smans.com\/wp-content\/uploads\/2023\/09\/logo.svg","caption":"Smans"},"image":{"@id":"https:\/\/smans.com\/nl\/#\/schema\/logo\/image\/"}}]}},"brands":[],"_links":{"self":[{"href":"https:\/\/smans.com\/fr\/wp-json\/wp\/v2\/product\/54710","targetHints":{"allow":["GET"]}}],"collection":[{"href":"https:\/\/smans.com\/fr\/wp-json\/wp\/v2\/product"}],"about":[{"href":"https:\/\/smans.com\/fr\/wp-json\/wp\/v2\/types\/product"}],"wp:attachment":[{"href":"https:\/\/smans.com\/fr\/wp-json\/wp\/v2\/media?parent=54710"}],"wp:term":[{"taxonomy":"pwb-brand","embeddable":true,"href":"https:\/\/smans.com\/fr\/wp-json\/wp\/v2\/pwb-brand?post=54710"},{"taxonomy":"product_brand","embeddable":true,"href":"https:\/\/smans.com\/fr\/wp-json\/wp\/v2\/product_brand?post=54710"},{"taxonomy":"product_cat","embeddable":true,"href":"https:\/\/smans.com\/fr\/wp-json\/wp\/v2\/product_cat?post=54710"},{"taxonomy":"product_tag","embeddable":true,"href":"https:\/\/smans.com\/fr\/wp-json\/wp\/v2\/product_tag?post=54710"}],"curies":[{"name":"wp","href":"https:\/\/api.w.org\/{rel}","templated":true}]}}