{"id":54711,"date":"2025-12-24T02:16:39","date_gmt":"2025-12-24T01:16:39","guid":{"rendered":"https:\/\/smans.com\/product\/jig-construction\/"},"modified":"2026-04-05T12:44:55","modified_gmt":"2026-04-05T10:44:55","slug":"jig-construction","status":"publish","type":"product","link":"https:\/\/smans.com\/fr\/product\/jig-construction\/","title":{"rendered":"R\u00f6snick - JIG construction"},"content":{"rendered":"<p>Nous vous accompagnons \u00e9galement au-del\u00e0 de la cha\u00eene de production gr\u00e2ce aux solutions intelligentes de notre service exp\u00e9riment\u00e9 de construction de gabarits. Les \u00e9tapes de travail telles que le pressage, le pliage ou le poin\u00e7onnage ne sont qu&rsquo;une petite s\u00e9lection des diverses activit\u00e9s requises dans la production \u00e9lectronique.<\/p>\n<p>Nous d\u00e9veloppons des gabarits robustes avec des presses \u00e0 levier manuel ou \u00e0 genouill\u00e8re, ainsi que des emplacements et des outils sur mesure, compl\u00e9t\u00e9s par des unit\u00e9s d&rsquo;alimentation et des concepts de manutention individuels sur demande. Optimisez vos processus d&rsquo;assemblage et augmentez la qualit\u00e9 et la fiabilit\u00e9 des processus.<\/p>\n","protected":false},"excerpt":{"rendered":"<p>Des gabarits intelligents et des outils sur mesure pour un processus d&rsquo;assemblage plus efficace, une qualit\u00e9 sup\u00e9rieure et une plus grande s\u00e9curit\u00e9 des processus.<\/p>\n","protected":false},"featured_media":0,"template":"","meta":{"_acf_changed":false},"pwb-brand":[],"product_brand":[],"product_cat":[17991,18437,18004],"product_tag":[],"class_list":{"0":"post-54711","1":"product","2":"type-product","3":"status-publish","5":"product_cat-electronique-fr","6":"product_cat-jig-construction-fr","7":"product_cat-processus-secondaires-fr-2","9":"first","10":"instock","11":"taxable","12":"shipping-taxable","13":"product-type-simple"},"acf":[],"yoast_head":"<!-- This site is optimized with the Yoast SEO plugin v27.1.1 - https:\/\/yoast.com\/product\/yoast-seo-wordpress\/ -->\n<title>JIG construction - Smans<\/title>\n<meta name=\"robots\" content=\"index, follow, max-snippet:-1, max-image-preview:large, max-video-preview:-1\" \/>\n<link rel=\"canonical\" href=\"https:\/\/smans.com\/fr\/product\/jig-construction\/\" \/>\n<meta property=\"og:locale\" content=\"fr_FR\" \/>\n<meta property=\"og:type\" content=\"article\" \/>\n<meta property=\"og:title\" content=\"JIG construction - Smans\" \/>\n<meta property=\"og:description\" content=\"Des gabarits intelligents et des outils sur mesure pour un processus d&#039;assemblage plus efficace, une qualit\u00e9 sup\u00e9rieure et une plus grande s\u00e9curit\u00e9 des processus.\" \/>\n<meta property=\"og:url\" content=\"https:\/\/smans.com\/fr\/product\/jig-construction\/\" \/>\n<meta property=\"og:site_name\" content=\"Smans\" \/>\n<meta property=\"article:modified_time\" content=\"2026-04-05T10:44:55+00:00\" \/>\n<meta name=\"twitter:card\" content=\"summary_large_image\" \/>\n<meta name=\"twitter:label1\" content=\"Dur\u00e9e de lecture estim\u00e9e\" \/>\n\t<meta name=\"twitter:data1\" content=\"1 minute\" \/>\n<script type=\"application\/ld+json\" class=\"yoast-schema-graph\">{\"@context\":\"https:\/\/schema.org\",\"@graph\":[{\"@type\":\"WebPage\",\"@id\":\"https:\/\/smans.com\/fr\/product\/jig-construction\/\",\"url\":\"https:\/\/smans.com\/fr\/product\/jig-construction\/\",\"name\":\"JIG construction - Smans\",\"isPartOf\":{\"@id\":\"https:\/\/smans.com\/nl\/#website\"},\"datePublished\":\"2025-12-24T01:16:39+00:00\",\"dateModified\":\"2026-04-05T10:44:55+00:00\",\"breadcrumb\":{\"@id\":\"https:\/\/smans.com\/fr\/product\/jig-construction\/#breadcrumb\"},\"inLanguage\":\"fr-FR\",\"potentialAction\":[{\"@type\":\"ReadAction\",\"target\":[\"https:\/\/smans.com\/fr\/product\/jig-construction\/\"]}]},{\"@type\":\"BreadcrumbList\",\"@id\":\"https:\/\/smans.com\/fr\/product\/jig-construction\/#breadcrumb\",\"itemListElement\":[{\"@type\":\"ListItem\",\"position\":1,\"name\":\"Home\",\"item\":\"https:\/\/smans.com\/fr\/\"},{\"@type\":\"ListItem\",\"position\":2,\"name\":\"Boutique\",\"item\":\"https:\/\/smans.com\/nl\/shop\/\"},{\"@type\":\"ListItem\",\"position\":3,\"name\":\"JIG construction\"}]},{\"@type\":\"WebSite\",\"@id\":\"https:\/\/smans.com\/nl\/#website\",\"url\":\"https:\/\/smans.com\/nl\/\",\"name\":\"Smans\",\"description\":\"\",\"publisher\":{\"@id\":\"https:\/\/smans.com\/nl\/#organization\"},\"potentialAction\":[{\"@type\":\"SearchAction\",\"target\":{\"@type\":\"EntryPoint\",\"urlTemplate\":\"https:\/\/smans.com\/nl\/?s={search_term_string}\"},\"query-input\":{\"@type\":\"PropertyValueSpecification\",\"valueRequired\":true,\"valueName\":\"search_term_string\"}}],\"inLanguage\":\"fr-FR\"},{\"@type\":\"Organization\",\"@id\":\"https:\/\/smans.com\/nl\/#organization\",\"name\":\"Smans\",\"url\":\"https:\/\/smans.com\/nl\/\",\"logo\":{\"@type\":\"ImageObject\",\"inLanguage\":\"fr-FR\",\"@id\":\"https:\/\/smans.com\/nl\/#\/schema\/logo\/image\/\",\"url\":\"https:\/\/smans.com\/wp-content\/uploads\/2023\/09\/logo.svg\",\"contentUrl\":\"https:\/\/smans.com\/wp-content\/uploads\/2023\/09\/logo.svg\",\"caption\":\"Smans\"},\"image\":{\"@id\":\"https:\/\/smans.com\/nl\/#\/schema\/logo\/image\/\"}}]}<\/script>\n<!-- \/ Yoast SEO plugin. -->","yoast_head_json":{"title":"JIG construction - Smans","robots":{"index":"index","follow":"follow","max-snippet":"max-snippet:-1","max-image-preview":"max-image-preview:large","max-video-preview":"max-video-preview:-1"},"canonical":"https:\/\/smans.com\/fr\/product\/jig-construction\/","og_locale":"fr_FR","og_type":"article","og_title":"JIG construction - Smans","og_description":"Des gabarits intelligents et des outils sur mesure pour un processus d'assemblage plus efficace, une qualit\u00e9 sup\u00e9rieure et une plus grande s\u00e9curit\u00e9 des processus.","og_url":"https:\/\/smans.com\/fr\/product\/jig-construction\/","og_site_name":"Smans","article_modified_time":"2026-04-05T10:44:55+00:00","twitter_card":"summary_large_image","twitter_misc":{"Dur\u00e9e de lecture estim\u00e9e":"1 minute"},"schema":{"@context":"https:\/\/schema.org","@graph":[{"@type":"WebPage","@id":"https:\/\/smans.com\/fr\/product\/jig-construction\/","url":"https:\/\/smans.com\/fr\/product\/jig-construction\/","name":"JIG construction - Smans","isPartOf":{"@id":"https:\/\/smans.com\/nl\/#website"},"datePublished":"2025-12-24T01:16:39+00:00","dateModified":"2026-04-05T10:44:55+00:00","breadcrumb":{"@id":"https:\/\/smans.com\/fr\/product\/jig-construction\/#breadcrumb"},"inLanguage":"fr-FR","potentialAction":[{"@type":"ReadAction","target":["https:\/\/smans.com\/fr\/product\/jig-construction\/"]}]},{"@type":"BreadcrumbList","@id":"https:\/\/smans.com\/fr\/product\/jig-construction\/#breadcrumb","itemListElement":[{"@type":"ListItem","position":1,"name":"Home","item":"https:\/\/smans.com\/fr\/"},{"@type":"ListItem","position":2,"name":"Boutique","item":"https:\/\/smans.com\/nl\/shop\/"},{"@type":"ListItem","position":3,"name":"JIG construction"}]},{"@type":"WebSite","@id":"https:\/\/smans.com\/nl\/#website","url":"https:\/\/smans.com\/nl\/","name":"Smans","description":"","publisher":{"@id":"https:\/\/smans.com\/nl\/#organization"},"potentialAction":[{"@type":"SearchAction","target":{"@type":"EntryPoint","urlTemplate":"https:\/\/smans.com\/nl\/?s={search_term_string}"},"query-input":{"@type":"PropertyValueSpecification","valueRequired":true,"valueName":"search_term_string"}}],"inLanguage":"fr-FR"},{"@type":"Organization","@id":"https:\/\/smans.com\/nl\/#organization","name":"Smans","url":"https:\/\/smans.com\/nl\/","logo":{"@type":"ImageObject","inLanguage":"fr-FR","@id":"https:\/\/smans.com\/nl\/#\/schema\/logo\/image\/","url":"https:\/\/smans.com\/wp-content\/uploads\/2023\/09\/logo.svg","contentUrl":"https:\/\/smans.com\/wp-content\/uploads\/2023\/09\/logo.svg","caption":"Smans"},"image":{"@id":"https:\/\/smans.com\/nl\/#\/schema\/logo\/image\/"}}]}},"brands":[],"_links":{"self":[{"href":"https:\/\/smans.com\/fr\/wp-json\/wp\/v2\/product\/54711","targetHints":{"allow":["GET"]}}],"collection":[{"href":"https:\/\/smans.com\/fr\/wp-json\/wp\/v2\/product"}],"about":[{"href":"https:\/\/smans.com\/fr\/wp-json\/wp\/v2\/types\/product"}],"wp:attachment":[{"href":"https:\/\/smans.com\/fr\/wp-json\/wp\/v2\/media?parent=54711"}],"wp:term":[{"taxonomy":"pwb-brand","embeddable":true,"href":"https:\/\/smans.com\/fr\/wp-json\/wp\/v2\/pwb-brand?post=54711"},{"taxonomy":"product_brand","embeddable":true,"href":"https:\/\/smans.com\/fr\/wp-json\/wp\/v2\/product_brand?post=54711"},{"taxonomy":"product_cat","embeddable":true,"href":"https:\/\/smans.com\/fr\/wp-json\/wp\/v2\/product_cat?post=54711"},{"taxonomy":"product_tag","embeddable":true,"href":"https:\/\/smans.com\/fr\/wp-json\/wp\/v2\/product_tag?post=54711"}],"curies":[{"name":"wp","href":"https:\/\/api.w.org\/{rel}","templated":true}]}}