{"id":54712,"date":"2025-12-24T02:16:40","date_gmt":"2025-12-24T01:16:40","guid":{"rendered":"https:\/\/smans.com\/product\/transporteurs-et-manutentionnaires\/"},"modified":"2026-04-05T12:44:55","modified_gmt":"2026-04-05T10:44:55","slug":"transporteurs-et-manutentionnaires","status":"publish","type":"product","link":"https:\/\/smans.com\/fr\/product\/transporteurs-et-manutentionnaires\/","title":{"rendered":"R\u00f6snick - Transporteurs et manutentionnaires"},"content":{"rendered":"<p>Qu&rsquo;il s&rsquo;agisse d&rsquo;inspection optique automatis\u00e9e (AOI), de sondes volantes, d&rsquo;assemblage ou de stockage : des \u00e9quipements fiables sont \u00e9galement essentiels en dehors des processus de production classiques. Nous d\u00e9veloppons des solutions personnalis\u00e9es ou universelles, parfaitement adapt\u00e9es \u00e0 vos besoins.<\/p>\n<p>Des simples plaques de support aux solutions de manutention complexes, pour les processus d&rsquo;assemblage et de test, des postes de travail manuels aux lignes enti\u00e8rement automatis\u00e9es : ensemble, nous optimisons vos processus, r\u00e9duisons les d\u00e9chets et augmentons la productivit\u00e9 et la fiabilit\u00e9 de vos processus de production.<\/p>\n","protected":false},"excerpt":{"rendered":"<p>Des solutions fiables, sur mesure ou standard, qui optimisent vos processus d&rsquo;assemblage, de test et de logistique, r\u00e9duisent le gaspillage et augmentent la productivit\u00e9.<\/p>\n","protected":false},"featured_media":0,"template":"","meta":{"_acf_changed":false},"pwb-brand":[],"product_brand":[],"product_cat":[18005,18057,17991],"product_tag":[],"class_list":{"0":"post-54712","1":"product","2":"type-product","3":"status-publish","5":"product_cat-boardhandling-fr","6":"product_cat-carriers-fr","7":"product_cat-electronique-fr","9":"first","10":"instock","11":"taxable","12":"shipping-taxable","13":"product-type-simple"},"acf":[],"yoast_head":"<!-- This site is optimized with the Yoast SEO plugin v27.1.1 - https:\/\/yoast.com\/product\/yoast-seo-wordpress\/ -->\n<title>Transporteurs et manutentionnaires - Smans<\/title>\n<meta name=\"robots\" content=\"index, follow, max-snippet:-1, max-image-preview:large, max-video-preview:-1\" \/>\n<link rel=\"canonical\" href=\"https:\/\/smans.com\/fr\/product\/transporteurs-et-manutentionnaires\/\" \/>\n<meta property=\"og:locale\" content=\"fr_FR\" \/>\n<meta property=\"og:type\" content=\"article\" \/>\n<meta property=\"og:title\" content=\"Transporteurs et manutentionnaires - Smans\" \/>\n<meta property=\"og:description\" content=\"Des solutions fiables, sur mesure ou standard, qui optimisent vos processus d&#039;assemblage, de test et de logistique, r\u00e9duisent le gaspillage et augmentent la productivit\u00e9.\" \/>\n<meta property=\"og:url\" content=\"https:\/\/smans.com\/fr\/product\/transporteurs-et-manutentionnaires\/\" \/>\n<meta property=\"og:site_name\" content=\"Smans\" \/>\n<meta property=\"article:modified_time\" content=\"2026-04-05T10:44:55+00:00\" \/>\n<meta name=\"twitter:card\" content=\"summary_large_image\" \/>\n<script type=\"application\/ld+json\" class=\"yoast-schema-graph\">{\"@context\":\"https:\/\/schema.org\",\"@graph\":[{\"@type\":\"WebPage\",\"@id\":\"https:\/\/smans.com\/fr\/product\/transporteurs-et-manutentionnaires\/\",\"url\":\"https:\/\/smans.com\/fr\/product\/transporteurs-et-manutentionnaires\/\",\"name\":\"Transporteurs et manutentionnaires - Smans\",\"isPartOf\":{\"@id\":\"https:\/\/smans.com\/nl\/#website\"},\"datePublished\":\"2025-12-24T01:16:40+00:00\",\"dateModified\":\"2026-04-05T10:44:55+00:00\",\"breadcrumb\":{\"@id\":\"https:\/\/smans.com\/fr\/product\/transporteurs-et-manutentionnaires\/#breadcrumb\"},\"inLanguage\":\"fr-FR\",\"potentialAction\":[{\"@type\":\"ReadAction\",\"target\":[\"https:\/\/smans.com\/fr\/product\/transporteurs-et-manutentionnaires\/\"]}]},{\"@type\":\"BreadcrumbList\",\"@id\":\"https:\/\/smans.com\/fr\/product\/transporteurs-et-manutentionnaires\/#breadcrumb\",\"itemListElement\":[{\"@type\":\"ListItem\",\"position\":1,\"name\":\"Home\",\"item\":\"https:\/\/smans.com\/fr\/\"},{\"@type\":\"ListItem\",\"position\":2,\"name\":\"Boutique\",\"item\":\"https:\/\/smans.com\/nl\/shop\/\"},{\"@type\":\"ListItem\",\"position\":3,\"name\":\"Transporteurs et manutentionnaires\"}]},{\"@type\":\"WebSite\",\"@id\":\"https:\/\/smans.com\/nl\/#website\",\"url\":\"https:\/\/smans.com\/nl\/\",\"name\":\"Smans\",\"description\":\"\",\"publisher\":{\"@id\":\"https:\/\/smans.com\/nl\/#organization\"},\"potentialAction\":[{\"@type\":\"SearchAction\",\"target\":{\"@type\":\"EntryPoint\",\"urlTemplate\":\"https:\/\/smans.com\/nl\/?s={search_term_string}\"},\"query-input\":{\"@type\":\"PropertyValueSpecification\",\"valueRequired\":true,\"valueName\":\"search_term_string\"}}],\"inLanguage\":\"fr-FR\"},{\"@type\":\"Organization\",\"@id\":\"https:\/\/smans.com\/nl\/#organization\",\"name\":\"Smans\",\"url\":\"https:\/\/smans.com\/nl\/\",\"logo\":{\"@type\":\"ImageObject\",\"inLanguage\":\"fr-FR\",\"@id\":\"https:\/\/smans.com\/nl\/#\/schema\/logo\/image\/\",\"url\":\"https:\/\/smans.com\/wp-content\/uploads\/2023\/09\/logo.svg\",\"contentUrl\":\"https:\/\/smans.com\/wp-content\/uploads\/2023\/09\/logo.svg\",\"caption\":\"Smans\"},\"image\":{\"@id\":\"https:\/\/smans.com\/nl\/#\/schema\/logo\/image\/\"}}]}<\/script>\n<!-- \/ Yoast SEO plugin. -->","yoast_head_json":{"title":"Transporteurs et manutentionnaires - Smans","robots":{"index":"index","follow":"follow","max-snippet":"max-snippet:-1","max-image-preview":"max-image-preview:large","max-video-preview":"max-video-preview:-1"},"canonical":"https:\/\/smans.com\/fr\/product\/transporteurs-et-manutentionnaires\/","og_locale":"fr_FR","og_type":"article","og_title":"Transporteurs et manutentionnaires - Smans","og_description":"Des solutions fiables, sur mesure ou standard, qui optimisent vos processus d'assemblage, de test et de logistique, r\u00e9duisent le gaspillage et augmentent la productivit\u00e9.","og_url":"https:\/\/smans.com\/fr\/product\/transporteurs-et-manutentionnaires\/","og_site_name":"Smans","article_modified_time":"2026-04-05T10:44:55+00:00","twitter_card":"summary_large_image","schema":{"@context":"https:\/\/schema.org","@graph":[{"@type":"WebPage","@id":"https:\/\/smans.com\/fr\/product\/transporteurs-et-manutentionnaires\/","url":"https:\/\/smans.com\/fr\/product\/transporteurs-et-manutentionnaires\/","name":"Transporteurs et manutentionnaires - Smans","isPartOf":{"@id":"https:\/\/smans.com\/nl\/#website"},"datePublished":"2025-12-24T01:16:40+00:00","dateModified":"2026-04-05T10:44:55+00:00","breadcrumb":{"@id":"https:\/\/smans.com\/fr\/product\/transporteurs-et-manutentionnaires\/#breadcrumb"},"inLanguage":"fr-FR","potentialAction":[{"@type":"ReadAction","target":["https:\/\/smans.com\/fr\/product\/transporteurs-et-manutentionnaires\/"]}]},{"@type":"BreadcrumbList","@id":"https:\/\/smans.com\/fr\/product\/transporteurs-et-manutentionnaires\/#breadcrumb","itemListElement":[{"@type":"ListItem","position":1,"name":"Home","item":"https:\/\/smans.com\/fr\/"},{"@type":"ListItem","position":2,"name":"Boutique","item":"https:\/\/smans.com\/nl\/shop\/"},{"@type":"ListItem","position":3,"name":"Transporteurs et manutentionnaires"}]},{"@type":"WebSite","@id":"https:\/\/smans.com\/nl\/#website","url":"https:\/\/smans.com\/nl\/","name":"Smans","description":"","publisher":{"@id":"https:\/\/smans.com\/nl\/#organization"},"potentialAction":[{"@type":"SearchAction","target":{"@type":"EntryPoint","urlTemplate":"https:\/\/smans.com\/nl\/?s={search_term_string}"},"query-input":{"@type":"PropertyValueSpecification","valueRequired":true,"valueName":"search_term_string"}}],"inLanguage":"fr-FR"},{"@type":"Organization","@id":"https:\/\/smans.com\/nl\/#organization","name":"Smans","url":"https:\/\/smans.com\/nl\/","logo":{"@type":"ImageObject","inLanguage":"fr-FR","@id":"https:\/\/smans.com\/nl\/#\/schema\/logo\/image\/","url":"https:\/\/smans.com\/wp-content\/uploads\/2023\/09\/logo.svg","contentUrl":"https:\/\/smans.com\/wp-content\/uploads\/2023\/09\/logo.svg","caption":"Smans"},"image":{"@id":"https:\/\/smans.com\/nl\/#\/schema\/logo\/image\/"}}]}},"brands":[],"_links":{"self":[{"href":"https:\/\/smans.com\/fr\/wp-json\/wp\/v2\/product\/54712","targetHints":{"allow":["GET"]}}],"collection":[{"href":"https:\/\/smans.com\/fr\/wp-json\/wp\/v2\/product"}],"about":[{"href":"https:\/\/smans.com\/fr\/wp-json\/wp\/v2\/types\/product"}],"wp:attachment":[{"href":"https:\/\/smans.com\/fr\/wp-json\/wp\/v2\/media?parent=54712"}],"wp:term":[{"taxonomy":"pwb-brand","embeddable":true,"href":"https:\/\/smans.com\/fr\/wp-json\/wp\/v2\/pwb-brand?post=54712"},{"taxonomy":"product_brand","embeddable":true,"href":"https:\/\/smans.com\/fr\/wp-json\/wp\/v2\/product_brand?post=54712"},{"taxonomy":"product_cat","embeddable":true,"href":"https:\/\/smans.com\/fr\/wp-json\/wp\/v2\/product_cat?post=54712"},{"taxonomy":"product_tag","embeddable":true,"href":"https:\/\/smans.com\/fr\/wp-json\/wp\/v2\/product_tag?post=54712"}],"curies":[{"name":"wp","href":"https:\/\/api.w.org\/{rel}","templated":true}]}}