{"id":54800,"date":"2026-01-13T02:53:19","date_gmt":"2026-01-13T01:53:19","guid":{"rendered":"https:\/\/smans.com\/product\/inkjet-m1630-jet-ii-p\/"},"modified":"2026-04-07T13:02:55","modified_gmt":"2026-04-07T11:02:55","slug":"inkjet-m1630-jet-ii-p","status":"publish","type":"product","link":"https:\/\/smans.com\/fr\/product\/inkjet-m1630-jet-ii-p\/","title":{"rendered":"Komax - Inkjet M1630 Jet II P"},"content":{"rendered":"<p data-start=\"2527\" data-end=\"2728\">L&rsquo;<strong data-start=\"2529\" data-end=\"2567\">imprimante \u00e0 jet d&rsquo;encre M1630 Jet<\/strong> permet un <strong data-start=\"2578\" data-end=\"2618\">marquage en ligne rapide et flexible<\/strong>, avec <strong data-start=\"2625\" data-end=\"2656\">des temps de r\u00e9glage courts<\/strong> et une <strong data-start=\"2664\" data-end=\"2696\">utilisation locale intuitive<\/strong> via un \u00e9cran tactile couleur.<\/p>\n<h4 data-start=\"2730\" data-end=\"2770\"><strong data-start=\"2735\" data-end=\"2768\">Avantages et Caract\u00e9ristiques<\/strong><\/h4>\n<ul data-start=\"2771\" data-end=\"3422\">\n<li data-start=\"2771\" data-end=\"2905\"><strong data-start=\"2773\" data-end=\"2825\">Co\u00fbts de production r\u00e9duits et efficacit\u00e9 \u00e9lev\u00e9e<\/strong> pour les grands volumes et les changements fr\u00e9quents de contenu d\u2019impression.<\/li>\n<li data-start=\"2906\" data-end=\"3001\"><strong data-start=\"2908\" data-end=\"2929\">Entretien minimal<\/strong> : Le lecteur RFID contr\u00f4le les modules et <strong data-start=\"2972\" data-end=\"2998\">alerte en cas d\u2019erreur<\/strong>.<\/li>\n<li data-start=\"3002\" data-end=\"3137\"><strong data-start=\"3004\" data-end=\"3035\">Disponible en deux versions<\/strong> :\n<ul data-start=\"3042\" data-end=\"3137\">\n<li data-start=\"3042\" data-end=\"3087\"><strong data-start=\"3044\" data-end=\"3059\">M1630 Jet II P<\/strong> (pour l\u2019encre pigment\u00e9e).<\/li>\n<li data-start=\"3090\" data-end=\"3137\"><strong data-start=\"3092\" data-end=\"3105\">M1630 Jet II BC<\/strong> (pour l\u2019encre non pigment\u00e9e).<\/li>\n<\/ul>\n<\/li>\n<li data-start=\"3138\" data-end=\"3333\"><strong data-start=\"3140\" data-end=\"3183\">Int\u00e9gration compl\u00e8te aux syst\u00e8mes Komax<\/strong> :\n<ul data-start=\"3190\" data-end=\"3333\">\n<li data-start=\"3190\" data-end=\"3267\">Les donn\u00e9es d&rsquo;impression sont <strong data-start=\"3222\" data-end=\"3264\">automatiquement collect\u00e9es et stock\u00e9es<\/strong>.<\/li>\n<li data-start=\"3270\" data-end=\"3333\"><strong data-start=\"3272\" data-end=\"3301\">Configuration automatique<\/strong> lors du d\u00e9marrage du syst\u00e8me.<\/li>\n<\/ul>\n<\/li>\n<li data-start=\"3334\" data-end=\"3422\"><strong data-start=\"3336\" data-end=\"3361\">Fonctionnalit\u00e9 r\u00e9seau<\/strong> : Contr\u00f4le de plusieurs marqueurs dans un syst\u00e8me int\u00e9gr\u00e9.<\/li>\n<\/ul>\n<h4 data-start=\"3424\" data-end=\"3473\"><strong data-start=\"3429\" data-end=\"3471\">Options et Accessoires Suppl\u00e9mentaires<\/strong><\/h4>\n<ul data-start=\"3474\" data-end=\"3618\">\n<li data-start=\"3474\" data-end=\"3539\"><strong data-start=\"3476\" data-end=\"3536\">Cartouches pour encre, fluide et module de filtre i-Tech<\/strong>.<\/li>\n<li data-start=\"3540\" data-end=\"3618\"><strong data-start=\"3542\" data-end=\"3590\">Option avec chariot et feux de signalisation<\/strong> pour plus de flexibilit\u00e9.<\/li>\n<\/ul>\n<p data-start=\"3620\" data-end=\"3751\" data-is-last-node=\"\">Le <strong data-start=\"3623\" data-end=\"3636\">M1630 Jet<\/strong> est une <strong data-start=\"3645\" data-end=\"3699\">solution fiable, efficace et facilement int\u00e9grable<\/strong> pour le <strong data-start=\"3708\" data-end=\"3750\">marquage industriel des fils et c\u00e2bles<\/strong>.<\/p>\n","protected":false},"excerpt":{"rendered":"<p>M1630 Jet II P : Syst\u00e8me d&rsquo;Impression Jet<\/p>\n","protected":false},"featured_media":0,"template":"","meta":{"_acf_changed":false},"pwb-brand":[18260],"product_brand":[],"product_cat":[17990,17995,18032],"product_tag":[],"class_list":{"0":"post-54800","1":"product","2":"type-product","3":"status-publish","5":"pwb-brand-brand-komax-fr","6":"product_cat-cables-et-cablage-fr","7":"product_cat-etiquetage-marquage-fr","8":"product_cat-inkjet-printers-fr","10":"first","11":"instock","12":"taxable","13":"shipping-taxable","14":"product-type-simple"},"acf":[],"yoast_head":"<!-- This site is optimized with the Yoast SEO plugin v27.1.1 - https:\/\/yoast.com\/product\/yoast-seo-wordpress\/ -->\n<title>Inkjet M1630 Jet II P - Smans<\/title>\n<meta name=\"robots\" content=\"index, follow, max-snippet:-1, max-image-preview:large, max-video-preview:-1\" \/>\n<link rel=\"canonical\" href=\"https:\/\/smans.com\/fr\/product\/inkjet-m1630-jet-ii-p\/\" \/>\n<meta property=\"og:locale\" content=\"fr_FR\" \/>\n<meta property=\"og:type\" content=\"article\" \/>\n<meta property=\"og:title\" content=\"Inkjet M1630 Jet II P - Smans\" \/>\n<meta property=\"og:description\" content=\"M1630 Jet II P : Syst\u00e8me d&#039;Impression Jet\" \/>\n<meta property=\"og:url\" content=\"https:\/\/smans.com\/fr\/product\/inkjet-m1630-jet-ii-p\/\" \/>\n<meta property=\"og:site_name\" content=\"Smans\" \/>\n<meta property=\"article:modified_time\" content=\"2026-04-07T11:02:55+00:00\" \/>\n<meta name=\"twitter:card\" content=\"summary_large_image\" \/>\n<meta name=\"twitter:label1\" content=\"Dur\u00e9e de lecture estim\u00e9e\" \/>\n\t<meta name=\"twitter:data1\" content=\"1 minute\" \/>\n<script type=\"application\/ld+json\" class=\"yoast-schema-graph\">{\"@context\":\"https:\/\/schema.org\",\"@graph\":[{\"@type\":\"WebPage\",\"@id\":\"https:\/\/smans.com\/fr\/product\/inkjet-m1630-jet-ii-p\/\",\"url\":\"https:\/\/smans.com\/fr\/product\/inkjet-m1630-jet-ii-p\/\",\"name\":\"Inkjet M1630 Jet II P - Smans\",\"isPartOf\":{\"@id\":\"https:\/\/smans.com\/nl\/#website\"},\"datePublished\":\"2026-01-13T01:53:19+00:00\",\"dateModified\":\"2026-04-07T11:02:55+00:00\",\"breadcrumb\":{\"@id\":\"https:\/\/smans.com\/fr\/product\/inkjet-m1630-jet-ii-p\/#breadcrumb\"},\"inLanguage\":\"fr-FR\",\"potentialAction\":[{\"@type\":\"ReadAction\",\"target\":[\"https:\/\/smans.com\/fr\/product\/inkjet-m1630-jet-ii-p\/\"]}]},{\"@type\":\"BreadcrumbList\",\"@id\":\"https:\/\/smans.com\/fr\/product\/inkjet-m1630-jet-ii-p\/#breadcrumb\",\"itemListElement\":[{\"@type\":\"ListItem\",\"position\":1,\"name\":\"Home\",\"item\":\"https:\/\/smans.com\/fr\/\"},{\"@type\":\"ListItem\",\"position\":2,\"name\":\"Boutique\",\"item\":\"https:\/\/smans.com\/nl\/shop\/\"},{\"@type\":\"ListItem\",\"position\":3,\"name\":\"Komax - Inkjet M1630 Jet II P\"}]},{\"@type\":\"WebSite\",\"@id\":\"https:\/\/smans.com\/nl\/#website\",\"url\":\"https:\/\/smans.com\/nl\/\",\"name\":\"Smans\",\"description\":\"\",\"publisher\":{\"@id\":\"https:\/\/smans.com\/nl\/#organization\"},\"potentialAction\":[{\"@type\":\"SearchAction\",\"target\":{\"@type\":\"EntryPoint\",\"urlTemplate\":\"https:\/\/smans.com\/nl\/?s={search_term_string}\"},\"query-input\":{\"@type\":\"PropertyValueSpecification\",\"valueRequired\":true,\"valueName\":\"search_term_string\"}}],\"inLanguage\":\"fr-FR\"},{\"@type\":\"Organization\",\"@id\":\"https:\/\/smans.com\/nl\/#organization\",\"name\":\"Smans\",\"url\":\"https:\/\/smans.com\/nl\/\",\"logo\":{\"@type\":\"ImageObject\",\"inLanguage\":\"fr-FR\",\"@id\":\"https:\/\/smans.com\/nl\/#\/schema\/logo\/image\/\",\"url\":\"https:\/\/smans.com\/wp-content\/uploads\/2023\/09\/logo.svg\",\"contentUrl\":\"https:\/\/smans.com\/wp-content\/uploads\/2023\/09\/logo.svg\",\"caption\":\"Smans\"},\"image\":{\"@id\":\"https:\/\/smans.com\/nl\/#\/schema\/logo\/image\/\"}}]}<\/script>\n<!-- \/ Yoast SEO plugin. -->","yoast_head_json":{"title":"Inkjet M1630 Jet II P - Smans","robots":{"index":"index","follow":"follow","max-snippet":"max-snippet:-1","max-image-preview":"max-image-preview:large","max-video-preview":"max-video-preview:-1"},"canonical":"https:\/\/smans.com\/fr\/product\/inkjet-m1630-jet-ii-p\/","og_locale":"fr_FR","og_type":"article","og_title":"Inkjet M1630 Jet II P - Smans","og_description":"M1630 Jet II P : Syst\u00e8me d'Impression Jet","og_url":"https:\/\/smans.com\/fr\/product\/inkjet-m1630-jet-ii-p\/","og_site_name":"Smans","article_modified_time":"2026-04-07T11:02:55+00:00","twitter_card":"summary_large_image","twitter_misc":{"Dur\u00e9e de lecture estim\u00e9e":"1 minute"},"schema":{"@context":"https:\/\/schema.org","@graph":[{"@type":"WebPage","@id":"https:\/\/smans.com\/fr\/product\/inkjet-m1630-jet-ii-p\/","url":"https:\/\/smans.com\/fr\/product\/inkjet-m1630-jet-ii-p\/","name":"Inkjet M1630 Jet II P - Smans","isPartOf":{"@id":"https:\/\/smans.com\/nl\/#website"},"datePublished":"2026-01-13T01:53:19+00:00","dateModified":"2026-04-07T11:02:55+00:00","breadcrumb":{"@id":"https:\/\/smans.com\/fr\/product\/inkjet-m1630-jet-ii-p\/#breadcrumb"},"inLanguage":"fr-FR","potentialAction":[{"@type":"ReadAction","target":["https:\/\/smans.com\/fr\/product\/inkjet-m1630-jet-ii-p\/"]}]},{"@type":"BreadcrumbList","@id":"https:\/\/smans.com\/fr\/product\/inkjet-m1630-jet-ii-p\/#breadcrumb","itemListElement":[{"@type":"ListItem","position":1,"name":"Home","item":"https:\/\/smans.com\/fr\/"},{"@type":"ListItem","position":2,"name":"Boutique","item":"https:\/\/smans.com\/nl\/shop\/"},{"@type":"ListItem","position":3,"name":"Komax - Inkjet M1630 Jet II P"}]},{"@type":"WebSite","@id":"https:\/\/smans.com\/nl\/#website","url":"https:\/\/smans.com\/nl\/","name":"Smans","description":"","publisher":{"@id":"https:\/\/smans.com\/nl\/#organization"},"potentialAction":[{"@type":"SearchAction","target":{"@type":"EntryPoint","urlTemplate":"https:\/\/smans.com\/nl\/?s={search_term_string}"},"query-input":{"@type":"PropertyValueSpecification","valueRequired":true,"valueName":"search_term_string"}}],"inLanguage":"fr-FR"},{"@type":"Organization","@id":"https:\/\/smans.com\/nl\/#organization","name":"Smans","url":"https:\/\/smans.com\/nl\/","logo":{"@type":"ImageObject","inLanguage":"fr-FR","@id":"https:\/\/smans.com\/nl\/#\/schema\/logo\/image\/","url":"https:\/\/smans.com\/wp-content\/uploads\/2023\/09\/logo.svg","contentUrl":"https:\/\/smans.com\/wp-content\/uploads\/2023\/09\/logo.svg","caption":"Smans"},"image":{"@id":"https:\/\/smans.com\/nl\/#\/schema\/logo\/image\/"}}]}},"brands":[{"id":18260,"name":"Komax","slug":"brand-komax-fr"}],"_links":{"self":[{"href":"https:\/\/smans.com\/fr\/wp-json\/wp\/v2\/product\/54800","targetHints":{"allow":["GET"]}}],"collection":[{"href":"https:\/\/smans.com\/fr\/wp-json\/wp\/v2\/product"}],"about":[{"href":"https:\/\/smans.com\/fr\/wp-json\/wp\/v2\/types\/product"}],"wp:attachment":[{"href":"https:\/\/smans.com\/fr\/wp-json\/wp\/v2\/media?parent=54800"}],"wp:term":[{"taxonomy":"pwb-brand","embeddable":true,"href":"https:\/\/smans.com\/fr\/wp-json\/wp\/v2\/pwb-brand?post=54800"},{"taxonomy":"product_brand","embeddable":true,"href":"https:\/\/smans.com\/fr\/wp-json\/wp\/v2\/product_brand?post=54800"},{"taxonomy":"product_cat","embeddable":true,"href":"https:\/\/smans.com\/fr\/wp-json\/wp\/v2\/product_cat?post=54800"},{"taxonomy":"product_tag","embeddable":true,"href":"https:\/\/smans.com\/fr\/wp-json\/wp\/v2\/product_tag?post=54800"}],"curies":[{"name":"wp","href":"https:\/\/api.w.org\/{rel}","templated":true}]}}