{"id":55333,"date":"2026-02-28T02:15:24","date_gmt":"2026-02-28T01:15:24","guid":{"rendered":"https:\/\/smans.com\/product\/versaflow-4-core\/"},"modified":"2026-04-09T13:35:48","modified_gmt":"2026-04-09T11:35:48","slug":"versaflow-4-core","status":"publish","type":"product","link":"https:\/\/smans.com\/fr\/product\/versaflow-4-core\/","title":{"rendered":"Ersa - VERSAFLOW 4 CORE"},"content":{"rendered":"<p>Les machines VERSAFLOW 4 CORE EDITION sont con\u00e7ues pour s&rsquo;adapter \u00e0 la production en s\u00e9rie \u00e0 grande \u00e9chelle avec peu de changements de produits (volume \u00e9lev\u00e9, faible mixit\u00e9) ainsi qu&rsquo;\u00e0 la fabrication de petits lots impliquant des changements fr\u00e9quents de produits (mixit\u00e9 \u00e9lev\u00e9e, faible volume).<\/p>\n<p>Gr\u00e2ce \u00e0 diff\u00e9rentes configurations disponibles, les syst\u00e8mes modulaires en ligne de la VERSAFLOW 4 CORE EDITION s&rsquo;adaptent facilement aux besoins des clients. Le module de flux int\u00e8gre un fluxeur \u00e0 pulv\u00e9risation de pr\u00e9cision avec une fonction de test de pulv\u00e9risation int\u00e9gr\u00e9e qui effectue des contr\u00f4les fonctionnels cycliques, garantissant un processus automatis\u00e9 et s\u00fbr.<\/p>\n<p>Des \u00e9metteurs IR et des r\u00e9chauffeurs \u00e0 convection composent le module de chauffage de la VERSAFLOW 4 CORE EDITION, garantissant ainsi un r\u00e9chauffement s\u00fbr, efficace et uniforme des assemblages \u00e9lectroniques complexes. La VERSAFLOW 4 CORE EDITION est disponible avec un module de soudage qui peut \u00eatre \u00e9quip\u00e9 d&rsquo;un pot de soudure simple ou double.<\/p>\n<p>Il peut \u00e9galement \u00eatre fourni avec deux modules de soudage comprenant chacun un seul pot de soudure. Cela offre aux utilisateurs une grande flexibilit\u00e9 pour une large gamme d&rsquo;applications, minimise les temps de configuration et augmente l&rsquo;efficacit\u00e9 dans la fabrication \u00e9lectronique.<\/p>\n<p>Gr\u00e2ce \u00e0 la cam\u00e9ra de surveillance du processus VERSACAM, le processus de soudage peut \u00e9galement \u00eatre suivi en d\u00e9tail, ce qui permet de v\u00e9rifier la qualit\u00e9 en temps r\u00e9el.<\/p>\n","protected":false},"excerpt":{"rendered":"<p>Pour une production tr\u00e8s diversifi\u00e9e \u00e0 faible volume et une production \u00e0 volume \u00e9lev\u00e9 et peu diversifi\u00e9e<\/p>\n","protected":false},"featured_media":0,"template":"","meta":{"_acf_changed":false},"pwb-brand":[18232],"product_brand":[],"product_cat":[17991,18012,18099],"product_tag":[],"class_list":{"0":"post-55333","1":"product","2":"type-product","3":"status-publish","5":"pwb-brand-brand-ersa-fr","6":"product_cat-electronique-fr","7":"product_cat-equipement-d-assemblage-tht-fr","8":"product_cat-soldering-fr-2","10":"first","11":"instock","12":"taxable","13":"shipping-taxable","14":"product-type-simple"},"acf":[],"yoast_head":"<!-- This site is optimized with the Yoast SEO plugin v27.1.1 - https:\/\/yoast.com\/product\/yoast-seo-wordpress\/ -->\n<title>VERSAFLOW 4 CORE - Smans<\/title>\n<meta name=\"robots\" content=\"index, follow, max-snippet:-1, max-image-preview:large, max-video-preview:-1\" \/>\n<link rel=\"canonical\" href=\"https:\/\/smans.com\/fr\/product\/versaflow-4-core\/\" \/>\n<meta property=\"og:locale\" content=\"fr_FR\" \/>\n<meta property=\"og:type\" content=\"article\" \/>\n<meta property=\"og:title\" content=\"VERSAFLOW 4 CORE - Smans\" \/>\n<meta property=\"og:description\" content=\"Pour une production tr\u00e8s diversifi\u00e9e \u00e0 faible volume et une production \u00e0 volume \u00e9lev\u00e9 et peu diversifi\u00e9e\" \/>\n<meta property=\"og:url\" content=\"https:\/\/smans.com\/fr\/product\/versaflow-4-core\/\" \/>\n<meta property=\"og:site_name\" content=\"Smans\" \/>\n<meta property=\"article:modified_time\" content=\"2026-04-09T11:35:48+00:00\" \/>\n<meta name=\"twitter:card\" content=\"summary_large_image\" \/>\n<meta name=\"twitter:label1\" content=\"Dur\u00e9e de lecture estim\u00e9e\" \/>\n\t<meta name=\"twitter:data1\" content=\"1 minute\" \/>\n<script type=\"application\/ld+json\" class=\"yoast-schema-graph\">{\"@context\":\"https:\/\/schema.org\",\"@graph\":[{\"@type\":\"WebPage\",\"@id\":\"https:\/\/smans.com\/fr\/product\/versaflow-4-core\/\",\"url\":\"https:\/\/smans.com\/fr\/product\/versaflow-4-core\/\",\"name\":\"VERSAFLOW 4 CORE - Smans\",\"isPartOf\":{\"@id\":\"https:\/\/smans.com\/nl\/#website\"},\"datePublished\":\"2026-02-28T01:15:24+00:00\",\"dateModified\":\"2026-04-09T11:35:48+00:00\",\"breadcrumb\":{\"@id\":\"https:\/\/smans.com\/fr\/product\/versaflow-4-core\/#breadcrumb\"},\"inLanguage\":\"fr-FR\",\"potentialAction\":[{\"@type\":\"ReadAction\",\"target\":[\"https:\/\/smans.com\/fr\/product\/versaflow-4-core\/\"]}]},{\"@type\":\"BreadcrumbList\",\"@id\":\"https:\/\/smans.com\/fr\/product\/versaflow-4-core\/#breadcrumb\",\"itemListElement\":[{\"@type\":\"ListItem\",\"position\":1,\"name\":\"Home\",\"item\":\"https:\/\/smans.com\/fr\/\"},{\"@type\":\"ListItem\",\"position\":2,\"name\":\"Boutique\",\"item\":\"https:\/\/smans.com\/nl\/shop\/\"},{\"@type\":\"ListItem\",\"position\":3,\"name\":\"Ersa - VERSAFLOW 4 CORE\"}]},{\"@type\":\"WebSite\",\"@id\":\"https:\/\/smans.com\/nl\/#website\",\"url\":\"https:\/\/smans.com\/nl\/\",\"name\":\"Smans\",\"description\":\"\",\"publisher\":{\"@id\":\"https:\/\/smans.com\/nl\/#organization\"},\"potentialAction\":[{\"@type\":\"SearchAction\",\"target\":{\"@type\":\"EntryPoint\",\"urlTemplate\":\"https:\/\/smans.com\/nl\/?s={search_term_string}\"},\"query-input\":{\"@type\":\"PropertyValueSpecification\",\"valueRequired\":true,\"valueName\":\"search_term_string\"}}],\"inLanguage\":\"fr-FR\"},{\"@type\":\"Organization\",\"@id\":\"https:\/\/smans.com\/nl\/#organization\",\"name\":\"Smans\",\"url\":\"https:\/\/smans.com\/nl\/\",\"logo\":{\"@type\":\"ImageObject\",\"inLanguage\":\"fr-FR\",\"@id\":\"https:\/\/smans.com\/nl\/#\/schema\/logo\/image\/\",\"url\":\"https:\/\/smans.com\/wp-content\/uploads\/2023\/09\/logo.svg\",\"contentUrl\":\"https:\/\/smans.com\/wp-content\/uploads\/2023\/09\/logo.svg\",\"caption\":\"Smans\"},\"image\":{\"@id\":\"https:\/\/smans.com\/nl\/#\/schema\/logo\/image\/\"}}]}<\/script>\n<!-- \/ Yoast SEO plugin. -->","yoast_head_json":{"title":"VERSAFLOW 4 CORE - Smans","robots":{"index":"index","follow":"follow","max-snippet":"max-snippet:-1","max-image-preview":"max-image-preview:large","max-video-preview":"max-video-preview:-1"},"canonical":"https:\/\/smans.com\/fr\/product\/versaflow-4-core\/","og_locale":"fr_FR","og_type":"article","og_title":"VERSAFLOW 4 CORE - Smans","og_description":"Pour une production tr\u00e8s diversifi\u00e9e \u00e0 faible volume et une production \u00e0 volume \u00e9lev\u00e9 et peu diversifi\u00e9e","og_url":"https:\/\/smans.com\/fr\/product\/versaflow-4-core\/","og_site_name":"Smans","article_modified_time":"2026-04-09T11:35:48+00:00","twitter_card":"summary_large_image","twitter_misc":{"Dur\u00e9e de lecture estim\u00e9e":"1 minute"},"schema":{"@context":"https:\/\/schema.org","@graph":[{"@type":"WebPage","@id":"https:\/\/smans.com\/fr\/product\/versaflow-4-core\/","url":"https:\/\/smans.com\/fr\/product\/versaflow-4-core\/","name":"VERSAFLOW 4 CORE - Smans","isPartOf":{"@id":"https:\/\/smans.com\/nl\/#website"},"datePublished":"2026-02-28T01:15:24+00:00","dateModified":"2026-04-09T11:35:48+00:00","breadcrumb":{"@id":"https:\/\/smans.com\/fr\/product\/versaflow-4-core\/#breadcrumb"},"inLanguage":"fr-FR","potentialAction":[{"@type":"ReadAction","target":["https:\/\/smans.com\/fr\/product\/versaflow-4-core\/"]}]},{"@type":"BreadcrumbList","@id":"https:\/\/smans.com\/fr\/product\/versaflow-4-core\/#breadcrumb","itemListElement":[{"@type":"ListItem","position":1,"name":"Home","item":"https:\/\/smans.com\/fr\/"},{"@type":"ListItem","position":2,"name":"Boutique","item":"https:\/\/smans.com\/nl\/shop\/"},{"@type":"ListItem","position":3,"name":"Ersa - VERSAFLOW 4 CORE"}]},{"@type":"WebSite","@id":"https:\/\/smans.com\/nl\/#website","url":"https:\/\/smans.com\/nl\/","name":"Smans","description":"","publisher":{"@id":"https:\/\/smans.com\/nl\/#organization"},"potentialAction":[{"@type":"SearchAction","target":{"@type":"EntryPoint","urlTemplate":"https:\/\/smans.com\/nl\/?s={search_term_string}"},"query-input":{"@type":"PropertyValueSpecification","valueRequired":true,"valueName":"search_term_string"}}],"inLanguage":"fr-FR"},{"@type":"Organization","@id":"https:\/\/smans.com\/nl\/#organization","name":"Smans","url":"https:\/\/smans.com\/nl\/","logo":{"@type":"ImageObject","inLanguage":"fr-FR","@id":"https:\/\/smans.com\/nl\/#\/schema\/logo\/image\/","url":"https:\/\/smans.com\/wp-content\/uploads\/2023\/09\/logo.svg","contentUrl":"https:\/\/smans.com\/wp-content\/uploads\/2023\/09\/logo.svg","caption":"Smans"},"image":{"@id":"https:\/\/smans.com\/nl\/#\/schema\/logo\/image\/"}}]}},"brands":[{"id":18232,"name":"Ersa","slug":"brand-ersa-fr"}],"_links":{"self":[{"href":"https:\/\/smans.com\/fr\/wp-json\/wp\/v2\/product\/55333","targetHints":{"allow":["GET"]}}],"collection":[{"href":"https:\/\/smans.com\/fr\/wp-json\/wp\/v2\/product"}],"about":[{"href":"https:\/\/smans.com\/fr\/wp-json\/wp\/v2\/types\/product"}],"wp:attachment":[{"href":"https:\/\/smans.com\/fr\/wp-json\/wp\/v2\/media?parent=55333"}],"wp:term":[{"taxonomy":"pwb-brand","embeddable":true,"href":"https:\/\/smans.com\/fr\/wp-json\/wp\/v2\/pwb-brand?post=55333"},{"taxonomy":"product_brand","embeddable":true,"href":"https:\/\/smans.com\/fr\/wp-json\/wp\/v2\/product_brand?post=55333"},{"taxonomy":"product_cat","embeddable":true,"href":"https:\/\/smans.com\/fr\/wp-json\/wp\/v2\/product_cat?post=55333"},{"taxonomy":"product_tag","embeddable":true,"href":"https:\/\/smans.com\/fr\/wp-json\/wp\/v2\/product_tag?post=55333"}],"curies":[{"name":"wp","href":"https:\/\/api.w.org\/{rel}","templated":true}]}}