{"id":55800,"date":"2026-04-23T04:40:38","date_gmt":"2026-04-23T02:40:38","guid":{"rendered":"https:\/\/smans.com\/product\/vapor-phase-soldering-machine-vp2200-100-vp2200-100-vacuum-inline\/"},"modified":"2026-04-30T11:18:45","modified_gmt":"2026-04-30T09:18:45","slug":"vapor-phase-soldering-machine-vp2200-100-vp2200-100-vacuum-inline","status":"publish","type":"product","link":"https:\/\/smans.com\/fr\/product\/vapor-phase-soldering-machine-vp2200-100-vp2200-100-vacuum-inline\/","title":{"rendered":"Asscon - Vapor Phase Soldering Machine VP2200-100 \/ VP2200-100 vacuum inline"},"content":{"rendered":"<p>Ce syst\u00e8me modulaire destin\u00e9 \u00e0 la production en s\u00e9rie, enti\u00e8rement int\u00e9gr\u00e9 en ligne dans la cha\u00eene de montage \u00e9lectronique (SMT), offre une flexibilit\u00e9 maximale. R\u00e9duction des vitesses de refroidissement gr\u00e2ce au module \u00e0 vide disponible en option et pouvant \u00eatre install\u00e9 a posteriori, afin de r\u00e9pondre aux exigences futures.<\/p>\n<h3>VP2200-100<\/h3>\n<p>Avec une longueur de soudage maximale de 1 200 mm et une largeur maximale de 600 mm, il est id\u00e9al pour tous les types de t\u00e2ches de soudage. En m\u00eame temps, le syst\u00e8me reste tr\u00e8s compact en termes de dimensions.<\/p>\n<h3>VP2200-100 sous vide<\/h3>\n<p>\u00c9quip\u00e9 en plus d&rsquo;un module de vide et d&rsquo;une chambre de soudage pouvant atteindre 1 000 mm, c&rsquo;est la solution parfaite pour un soudage sans porosit\u00e9.<\/p>\n<h3>Caract\u00e9ristiques<\/h3>\n<ul>\n<li>Int\u00e9gration compl\u00e8te \u00e0 la ligne de production<\/li>\n<li>Syst\u00e8me de filtration en continu<\/li>\n<li>Utilisation intuitive<\/li>\n<li>Tra\u00e7abilit\u00e9 totale<\/li>\n<li>Transport \u00e0 double voie<\/li>\n<\/ul>\n","protected":false},"excerpt":{"rendered":"<p>Syst\u00e8me en ligne haute performance pour la production en grande s\u00e9rie<\/p>\n","protected":false},"featured_media":0,"template":"","meta":{"_acf_changed":false},"pwb-brand":[18206],"product_brand":[],"product_cat":[17991,18011,18087],"product_tag":[],"class_list":{"0":"post-55800","1":"product","2":"type-product","3":"status-publish","5":"pwb-brand-brand-asscon-fr-2","6":"product_cat-electronique-fr","7":"product_cat-equipement-d-assemblage-smt-fr","8":"product_cat-soldering-fr","10":"first","11":"instock","12":"taxable","13":"shipping-taxable","14":"product-type-simple"},"acf":[],"yoast_head":"<!-- This site is optimized with the Yoast SEO plugin v27.1.1 - https:\/\/yoast.com\/product\/yoast-seo-wordpress\/ -->\n<title>Vapor Phase Soldering Machine VP2200-100 \/ VP2200-100 vacuum inline - Smans<\/title>\n<meta name=\"robots\" content=\"index, follow, max-snippet:-1, max-image-preview:large, max-video-preview:-1\" \/>\n<link rel=\"canonical\" href=\"https:\/\/smans.com\/fr\/product\/vapor-phase-soldering-machine-vp2200-100-vp2200-100-vacuum-inline\/\" \/>\n<meta property=\"og:locale\" content=\"fr_FR\" \/>\n<meta property=\"og:type\" content=\"article\" \/>\n<meta property=\"og:title\" content=\"Vapor Phase Soldering Machine VP2200-100 \/ VP2200-100 vacuum inline - Smans\" \/>\n<meta property=\"og:description\" content=\"Syst\u00e8me en ligne haute performance pour la production en grande s\u00e9rie\" \/>\n<meta property=\"og:url\" content=\"https:\/\/smans.com\/fr\/product\/vapor-phase-soldering-machine-vp2200-100-vp2200-100-vacuum-inline\/\" \/>\n<meta property=\"og:site_name\" content=\"Smans\" \/>\n<meta property=\"article:modified_time\" content=\"2026-04-30T09:18:45+00:00\" \/>\n<meta name=\"twitter:card\" content=\"summary_large_image\" \/>\n<meta name=\"twitter:label1\" content=\"Dur\u00e9e de lecture estim\u00e9e\" \/>\n\t<meta name=\"twitter:data1\" content=\"1 minute\" \/>\n<script type=\"application\/ld+json\" class=\"yoast-schema-graph\">{\"@context\":\"https:\/\/schema.org\",\"@graph\":[{\"@type\":\"WebPage\",\"@id\":\"https:\/\/smans.com\/fr\/product\/vapor-phase-soldering-machine-vp2200-100-vp2200-100-vacuum-inline\/\",\"url\":\"https:\/\/smans.com\/fr\/product\/vapor-phase-soldering-machine-vp2200-100-vp2200-100-vacuum-inline\/\",\"name\":\"Vapor Phase Soldering Machine VP2200-100 \/ VP2200-100 vacuum inline - Smans\",\"isPartOf\":{\"@id\":\"https:\/\/smans.com\/nl\/#website\"},\"datePublished\":\"2026-04-23T02:40:38+00:00\",\"dateModified\":\"2026-04-30T09:18:45+00:00\",\"breadcrumb\":{\"@id\":\"https:\/\/smans.com\/fr\/product\/vapor-phase-soldering-machine-vp2200-100-vp2200-100-vacuum-inline\/#breadcrumb\"},\"inLanguage\":\"fr-FR\",\"potentialAction\":[{\"@type\":\"ReadAction\",\"target\":[\"https:\/\/smans.com\/fr\/product\/vapor-phase-soldering-machine-vp2200-100-vp2200-100-vacuum-inline\/\"]}]},{\"@type\":\"BreadcrumbList\",\"@id\":\"https:\/\/smans.com\/fr\/product\/vapor-phase-soldering-machine-vp2200-100-vp2200-100-vacuum-inline\/#breadcrumb\",\"itemListElement\":[{\"@type\":\"ListItem\",\"position\":1,\"name\":\"Home\",\"item\":\"https:\/\/smans.com\/fr\/\"},{\"@type\":\"ListItem\",\"position\":2,\"name\":\"Boutique\",\"item\":\"https:\/\/smans.com\/nl\/shop\/\"},{\"@type\":\"ListItem\",\"position\":3,\"name\":\"Asscon - Vapor Phase Soldering Machine VP2200-100 \/ VP2200-100 vacuum inline\"}]},{\"@type\":\"WebSite\",\"@id\":\"https:\/\/smans.com\/nl\/#website\",\"url\":\"https:\/\/smans.com\/nl\/\",\"name\":\"Smans\",\"description\":\"\",\"publisher\":{\"@id\":\"https:\/\/smans.com\/nl\/#organization\"},\"potentialAction\":[{\"@type\":\"SearchAction\",\"target\":{\"@type\":\"EntryPoint\",\"urlTemplate\":\"https:\/\/smans.com\/nl\/?s={search_term_string}\"},\"query-input\":{\"@type\":\"PropertyValueSpecification\",\"valueRequired\":true,\"valueName\":\"search_term_string\"}}],\"inLanguage\":\"fr-FR\"},{\"@type\":\"Organization\",\"@id\":\"https:\/\/smans.com\/nl\/#organization\",\"name\":\"Smans\",\"url\":\"https:\/\/smans.com\/nl\/\",\"logo\":{\"@type\":\"ImageObject\",\"inLanguage\":\"fr-FR\",\"@id\":\"https:\/\/smans.com\/nl\/#\/schema\/logo\/image\/\",\"url\":\"https:\/\/smans.com\/wp-content\/uploads\/2023\/09\/logo.svg\",\"contentUrl\":\"https:\/\/smans.com\/wp-content\/uploads\/2023\/09\/logo.svg\",\"caption\":\"Smans\"},\"image\":{\"@id\":\"https:\/\/smans.com\/nl\/#\/schema\/logo\/image\/\"}}]}<\/script>\n<!-- \/ Yoast SEO plugin. -->","yoast_head_json":{"title":"Vapor Phase Soldering Machine VP2200-100 \/ VP2200-100 vacuum inline - Smans","robots":{"index":"index","follow":"follow","max-snippet":"max-snippet:-1","max-image-preview":"max-image-preview:large","max-video-preview":"max-video-preview:-1"},"canonical":"https:\/\/smans.com\/fr\/product\/vapor-phase-soldering-machine-vp2200-100-vp2200-100-vacuum-inline\/","og_locale":"fr_FR","og_type":"article","og_title":"Vapor Phase Soldering Machine VP2200-100 \/ VP2200-100 vacuum inline - Smans","og_description":"Syst\u00e8me en ligne haute performance pour la production en grande s\u00e9rie","og_url":"https:\/\/smans.com\/fr\/product\/vapor-phase-soldering-machine-vp2200-100-vp2200-100-vacuum-inline\/","og_site_name":"Smans","article_modified_time":"2026-04-30T09:18:45+00:00","twitter_card":"summary_large_image","twitter_misc":{"Dur\u00e9e de lecture estim\u00e9e":"1 minute"},"schema":{"@context":"https:\/\/schema.org","@graph":[{"@type":"WebPage","@id":"https:\/\/smans.com\/fr\/product\/vapor-phase-soldering-machine-vp2200-100-vp2200-100-vacuum-inline\/","url":"https:\/\/smans.com\/fr\/product\/vapor-phase-soldering-machine-vp2200-100-vp2200-100-vacuum-inline\/","name":"Vapor Phase Soldering Machine VP2200-100 \/ VP2200-100 vacuum inline - Smans","isPartOf":{"@id":"https:\/\/smans.com\/nl\/#website"},"datePublished":"2026-04-23T02:40:38+00:00","dateModified":"2026-04-30T09:18:45+00:00","breadcrumb":{"@id":"https:\/\/smans.com\/fr\/product\/vapor-phase-soldering-machine-vp2200-100-vp2200-100-vacuum-inline\/#breadcrumb"},"inLanguage":"fr-FR","potentialAction":[{"@type":"ReadAction","target":["https:\/\/smans.com\/fr\/product\/vapor-phase-soldering-machine-vp2200-100-vp2200-100-vacuum-inline\/"]}]},{"@type":"BreadcrumbList","@id":"https:\/\/smans.com\/fr\/product\/vapor-phase-soldering-machine-vp2200-100-vp2200-100-vacuum-inline\/#breadcrumb","itemListElement":[{"@type":"ListItem","position":1,"name":"Home","item":"https:\/\/smans.com\/fr\/"},{"@type":"ListItem","position":2,"name":"Boutique","item":"https:\/\/smans.com\/nl\/shop\/"},{"@type":"ListItem","position":3,"name":"Asscon - Vapor Phase Soldering Machine VP2200-100 \/ VP2200-100 vacuum inline"}]},{"@type":"WebSite","@id":"https:\/\/smans.com\/nl\/#website","url":"https:\/\/smans.com\/nl\/","name":"Smans","description":"","publisher":{"@id":"https:\/\/smans.com\/nl\/#organization"},"potentialAction":[{"@type":"SearchAction","target":{"@type":"EntryPoint","urlTemplate":"https:\/\/smans.com\/nl\/?s={search_term_string}"},"query-input":{"@type":"PropertyValueSpecification","valueRequired":true,"valueName":"search_term_string"}}],"inLanguage":"fr-FR"},{"@type":"Organization","@id":"https:\/\/smans.com\/nl\/#organization","name":"Smans","url":"https:\/\/smans.com\/nl\/","logo":{"@type":"ImageObject","inLanguage":"fr-FR","@id":"https:\/\/smans.com\/nl\/#\/schema\/logo\/image\/","url":"https:\/\/smans.com\/wp-content\/uploads\/2023\/09\/logo.svg","contentUrl":"https:\/\/smans.com\/wp-content\/uploads\/2023\/09\/logo.svg","caption":"Smans"},"image":{"@id":"https:\/\/smans.com\/nl\/#\/schema\/logo\/image\/"}}]}},"brands":[{"id":18206,"name":"Asscon","slug":"brand-asscon-fr-2"}],"_links":{"self":[{"href":"https:\/\/smans.com\/fr\/wp-json\/wp\/v2\/product\/55800","targetHints":{"allow":["GET"]}}],"collection":[{"href":"https:\/\/smans.com\/fr\/wp-json\/wp\/v2\/product"}],"about":[{"href":"https:\/\/smans.com\/fr\/wp-json\/wp\/v2\/types\/product"}],"wp:attachment":[{"href":"https:\/\/smans.com\/fr\/wp-json\/wp\/v2\/media?parent=55800"}],"wp:term":[{"taxonomy":"pwb-brand","embeddable":true,"href":"https:\/\/smans.com\/fr\/wp-json\/wp\/v2\/pwb-brand?post=55800"},{"taxonomy":"product_brand","embeddable":true,"href":"https:\/\/smans.com\/fr\/wp-json\/wp\/v2\/product_brand?post=55800"},{"taxonomy":"product_cat","embeddable":true,"href":"https:\/\/smans.com\/fr\/wp-json\/wp\/v2\/product_cat?post=55800"},{"taxonomy":"product_tag","embeddable":true,"href":"https:\/\/smans.com\/fr\/wp-json\/wp\/v2\/product_tag?post=55800"}],"curies":[{"name":"wp","href":"https:\/\/api.w.org\/{rel}","templated":true}]}}