{"id":55801,"date":"2026-04-23T04:44:38","date_gmt":"2026-04-23T02:44:38","guid":{"rendered":"https:\/\/smans.com\/product\/vapor-phase-soldering-machine-vp2200-100-vp2200-100-vacuum-inline-2\/"},"modified":"2026-04-30T11:18:45","modified_gmt":"2026-04-30T09:18:45","slug":"vapor-phase-soldering-machine-vp2200-100-vp2200-100-vacuum-inline-2","status":"publish","type":"product","link":"https:\/\/smans.com\/fr\/product\/vapor-phase-soldering-machine-vp2200-100-vp2200-100-vacuum-inline-2\/","title":{"rendered":"Asscon - Vapor Phase Soldering Machine VP2200-100 \/ VP2200-100 vacuum inline"},"content":{"rendered":"<p>La VP1000-1080 \/ VP1000-1580 est la solution id\u00e9ale pour une production grand format efficace et pr\u00e9cise. Gr\u00e2ce \u00e0 son support de pi\u00e8ces aux dimensions g\u00e9n\u00e9reuses (jusqu&rsquo;\u00e0 1 000 x 800 mm ou 1 500 x 1 000 mm), elle permet de souder rapidement et uniform\u00e9ment de grands assemblages, ce qui acc\u00e9l\u00e8re et optimise consid\u00e9rablement vos processus de production.<\/p>\n<h3>Caract\u00e9ristiques<\/h3>\n<ul>\n<li>Profilage dynamique<\/li>\n<li>Syst\u00e8me de filtration permanent<\/li>\n<li>Con\u00e7u pour un fonctionnement en s\u00e9rie 24 h\/24, 7 j\/7<\/li>\n<li>Utilisation intuitive<\/li>\n<\/ul>\n","protected":false},"excerpt":{"rendered":"<p>Machines autonomes pour la production de formats d&rsquo;impression plus grands<\/p>\n","protected":false},"featured_media":0,"template":"","meta":{"_acf_changed":false},"pwb-brand":[18206],"product_brand":[],"product_cat":[17991,18011,18087],"product_tag":[],"class_list":{"0":"post-55801","1":"product","2":"type-product","3":"status-publish","5":"pwb-brand-brand-asscon-fr-2","6":"product_cat-electronique-fr","7":"product_cat-equipement-d-assemblage-smt-fr","8":"product_cat-soldering-fr","10":"first","11":"instock","12":"taxable","13":"shipping-taxable","14":"product-type-simple"},"acf":[],"yoast_head":"<!-- This site is optimized with the Yoast SEO plugin v27.1.1 - https:\/\/yoast.com\/product\/yoast-seo-wordpress\/ -->\n<title>Vapor Phase Soldering Machine VP2200-100 \/ VP2200-100 vacuum inline - Smans<\/title>\n<meta name=\"robots\" content=\"index, follow, max-snippet:-1, max-image-preview:large, max-video-preview:-1\" \/>\n<link rel=\"canonical\" href=\"https:\/\/smans.com\/fr\/product\/vapor-phase-soldering-machine-vp2200-100-vp2200-100-vacuum-inline-2\/\" \/>\n<meta property=\"og:locale\" content=\"fr_FR\" \/>\n<meta property=\"og:type\" content=\"article\" \/>\n<meta property=\"og:title\" content=\"Vapor Phase Soldering Machine VP2200-100 \/ VP2200-100 vacuum inline - Smans\" \/>\n<meta property=\"og:description\" content=\"Machines autonomes pour la production de formats d&#039;impression plus grands\" \/>\n<meta property=\"og:url\" content=\"https:\/\/smans.com\/fr\/product\/vapor-phase-soldering-machine-vp2200-100-vp2200-100-vacuum-inline-2\/\" \/>\n<meta property=\"og:site_name\" content=\"Smans\" \/>\n<meta property=\"article:modified_time\" content=\"2026-04-30T09:18:45+00:00\" \/>\n<meta name=\"twitter:card\" content=\"summary_large_image\" \/>\n<script type=\"application\/ld+json\" class=\"yoast-schema-graph\">{\"@context\":\"https:\/\/schema.org\",\"@graph\":[{\"@type\":\"WebPage\",\"@id\":\"https:\/\/smans.com\/fr\/product\/vapor-phase-soldering-machine-vp2200-100-vp2200-100-vacuum-inline-2\/\",\"url\":\"https:\/\/smans.com\/fr\/product\/vapor-phase-soldering-machine-vp2200-100-vp2200-100-vacuum-inline-2\/\",\"name\":\"Vapor Phase Soldering Machine VP2200-100 \/ VP2200-100 vacuum inline - Smans\",\"isPartOf\":{\"@id\":\"https:\/\/smans.com\/nl\/#website\"},\"datePublished\":\"2026-04-23T02:44:38+00:00\",\"dateModified\":\"2026-04-30T09:18:45+00:00\",\"breadcrumb\":{\"@id\":\"https:\/\/smans.com\/fr\/product\/vapor-phase-soldering-machine-vp2200-100-vp2200-100-vacuum-inline-2\/#breadcrumb\"},\"inLanguage\":\"fr-FR\",\"potentialAction\":[{\"@type\":\"ReadAction\",\"target\":[\"https:\/\/smans.com\/fr\/product\/vapor-phase-soldering-machine-vp2200-100-vp2200-100-vacuum-inline-2\/\"]}]},{\"@type\":\"BreadcrumbList\",\"@id\":\"https:\/\/smans.com\/fr\/product\/vapor-phase-soldering-machine-vp2200-100-vp2200-100-vacuum-inline-2\/#breadcrumb\",\"itemListElement\":[{\"@type\":\"ListItem\",\"position\":1,\"name\":\"Home\",\"item\":\"https:\/\/smans.com\/fr\/\"},{\"@type\":\"ListItem\",\"position\":2,\"name\":\"Boutique\",\"item\":\"https:\/\/smans.com\/nl\/shop\/\"},{\"@type\":\"ListItem\",\"position\":3,\"name\":\"Asscon - Vapor Phase Soldering Machine VP2200-100 \/ VP2200-100 vacuum inline\"}]},{\"@type\":\"WebSite\",\"@id\":\"https:\/\/smans.com\/nl\/#website\",\"url\":\"https:\/\/smans.com\/nl\/\",\"name\":\"Smans\",\"description\":\"\",\"publisher\":{\"@id\":\"https:\/\/smans.com\/nl\/#organization\"},\"potentialAction\":[{\"@type\":\"SearchAction\",\"target\":{\"@type\":\"EntryPoint\",\"urlTemplate\":\"https:\/\/smans.com\/nl\/?s={search_term_string}\"},\"query-input\":{\"@type\":\"PropertyValueSpecification\",\"valueRequired\":true,\"valueName\":\"search_term_string\"}}],\"inLanguage\":\"fr-FR\"},{\"@type\":\"Organization\",\"@id\":\"https:\/\/smans.com\/nl\/#organization\",\"name\":\"Smans\",\"url\":\"https:\/\/smans.com\/nl\/\",\"logo\":{\"@type\":\"ImageObject\",\"inLanguage\":\"fr-FR\",\"@id\":\"https:\/\/smans.com\/nl\/#\/schema\/logo\/image\/\",\"url\":\"https:\/\/smans.com\/wp-content\/uploads\/2023\/09\/logo.svg\",\"contentUrl\":\"https:\/\/smans.com\/wp-content\/uploads\/2023\/09\/logo.svg\",\"caption\":\"Smans\"},\"image\":{\"@id\":\"https:\/\/smans.com\/nl\/#\/schema\/logo\/image\/\"}}]}<\/script>\n<!-- \/ Yoast SEO plugin. -->","yoast_head_json":{"title":"Vapor Phase Soldering Machine VP2200-100 \/ VP2200-100 vacuum inline - Smans","robots":{"index":"index","follow":"follow","max-snippet":"max-snippet:-1","max-image-preview":"max-image-preview:large","max-video-preview":"max-video-preview:-1"},"canonical":"https:\/\/smans.com\/fr\/product\/vapor-phase-soldering-machine-vp2200-100-vp2200-100-vacuum-inline-2\/","og_locale":"fr_FR","og_type":"article","og_title":"Vapor Phase Soldering Machine VP2200-100 \/ VP2200-100 vacuum inline - Smans","og_description":"Machines autonomes pour la production de formats d'impression plus grands","og_url":"https:\/\/smans.com\/fr\/product\/vapor-phase-soldering-machine-vp2200-100-vp2200-100-vacuum-inline-2\/","og_site_name":"Smans","article_modified_time":"2026-04-30T09:18:45+00:00","twitter_card":"summary_large_image","schema":{"@context":"https:\/\/schema.org","@graph":[{"@type":"WebPage","@id":"https:\/\/smans.com\/fr\/product\/vapor-phase-soldering-machine-vp2200-100-vp2200-100-vacuum-inline-2\/","url":"https:\/\/smans.com\/fr\/product\/vapor-phase-soldering-machine-vp2200-100-vp2200-100-vacuum-inline-2\/","name":"Vapor Phase Soldering Machine VP2200-100 \/ VP2200-100 vacuum inline - Smans","isPartOf":{"@id":"https:\/\/smans.com\/nl\/#website"},"datePublished":"2026-04-23T02:44:38+00:00","dateModified":"2026-04-30T09:18:45+00:00","breadcrumb":{"@id":"https:\/\/smans.com\/fr\/product\/vapor-phase-soldering-machine-vp2200-100-vp2200-100-vacuum-inline-2\/#breadcrumb"},"inLanguage":"fr-FR","potentialAction":[{"@type":"ReadAction","target":["https:\/\/smans.com\/fr\/product\/vapor-phase-soldering-machine-vp2200-100-vp2200-100-vacuum-inline-2\/"]}]},{"@type":"BreadcrumbList","@id":"https:\/\/smans.com\/fr\/product\/vapor-phase-soldering-machine-vp2200-100-vp2200-100-vacuum-inline-2\/#breadcrumb","itemListElement":[{"@type":"ListItem","position":1,"name":"Home","item":"https:\/\/smans.com\/fr\/"},{"@type":"ListItem","position":2,"name":"Boutique","item":"https:\/\/smans.com\/nl\/shop\/"},{"@type":"ListItem","position":3,"name":"Asscon - Vapor Phase Soldering Machine VP2200-100 \/ VP2200-100 vacuum inline"}]},{"@type":"WebSite","@id":"https:\/\/smans.com\/nl\/#website","url":"https:\/\/smans.com\/nl\/","name":"Smans","description":"","publisher":{"@id":"https:\/\/smans.com\/nl\/#organization"},"potentialAction":[{"@type":"SearchAction","target":{"@type":"EntryPoint","urlTemplate":"https:\/\/smans.com\/nl\/?s={search_term_string}"},"query-input":{"@type":"PropertyValueSpecification","valueRequired":true,"valueName":"search_term_string"}}],"inLanguage":"fr-FR"},{"@type":"Organization","@id":"https:\/\/smans.com\/nl\/#organization","name":"Smans","url":"https:\/\/smans.com\/nl\/","logo":{"@type":"ImageObject","inLanguage":"fr-FR","@id":"https:\/\/smans.com\/nl\/#\/schema\/logo\/image\/","url":"https:\/\/smans.com\/wp-content\/uploads\/2023\/09\/logo.svg","contentUrl":"https:\/\/smans.com\/wp-content\/uploads\/2023\/09\/logo.svg","caption":"Smans"},"image":{"@id":"https:\/\/smans.com\/nl\/#\/schema\/logo\/image\/"}}]}},"brands":[{"id":18206,"name":"Asscon","slug":"brand-asscon-fr-2"}],"_links":{"self":[{"href":"https:\/\/smans.com\/fr\/wp-json\/wp\/v2\/product\/55801","targetHints":{"allow":["GET"]}}],"collection":[{"href":"https:\/\/smans.com\/fr\/wp-json\/wp\/v2\/product"}],"about":[{"href":"https:\/\/smans.com\/fr\/wp-json\/wp\/v2\/types\/product"}],"wp:attachment":[{"href":"https:\/\/smans.com\/fr\/wp-json\/wp\/v2\/media?parent=55801"}],"wp:term":[{"taxonomy":"pwb-brand","embeddable":true,"href":"https:\/\/smans.com\/fr\/wp-json\/wp\/v2\/pwb-brand?post=55801"},{"taxonomy":"product_brand","embeddable":true,"href":"https:\/\/smans.com\/fr\/wp-json\/wp\/v2\/product_brand?post=55801"},{"taxonomy":"product_cat","embeddable":true,"href":"https:\/\/smans.com\/fr\/wp-json\/wp\/v2\/product_cat?post=55801"},{"taxonomy":"product_tag","embeddable":true,"href":"https:\/\/smans.com\/fr\/wp-json\/wp\/v2\/product_tag?post=55801"}],"curies":[{"name":"wp","href":"https:\/\/api.w.org\/{rel}","templated":true}]}}