{"id":55802,"date":"2026-04-23T04:44:40","date_gmt":"2026-04-23T02:44:40","guid":{"rendered":"https:\/\/smans.com\/product\/vapor-phase-soldering-machine-quicky-450\/"},"modified":"2026-04-29T11:30:06","modified_gmt":"2026-04-29T09:30:06","slug":"vapor-phase-soldering-machine-quicky-450","status":"publish","type":"product","link":"https:\/\/smans.com\/fr\/product\/vapor-phase-soldering-machine-quicky-450\/","title":{"rendered":"Asscon - Vapor Phase Soldering Machine Quicky 450"},"content":{"rendered":"<p>Machine d&rsquo;occasion \u00e0 un prix tr\u00e8s attractif. Contactez-nous pour obtenir un devis !<\/p>\n<p>La s\u00e9rie QUICKY est con\u00e7ue pour une utilisation en laboratoire et pour la production de prototypes<\/p>\n<p>. Gr\u00e2ce \u00e0 sa conception compacte, la machine peut \u00eatre utilis\u00e9e n&rsquo;importe o\u00f9 et sans installation pr\u00e9alable. Une simple alimentation \u00e9lectrique de 240 V suffit pour faire fonctionner l&rsquo;appareil.<\/p>\n<h3>Concept de conception de la machine<\/h3>\n<p>La machine s\u00e9duit par sa simplicit\u00e9, sa facilit\u00e9 d&rsquo;utilisation et sa capacit\u00e9 \u00e0 r\u00e9aliser des assemblages de haute qualit\u00e9 sans d\u00e9faut. Gr\u00e2ce \u00e0 ses dimensions r\u00e9duites et \u00e0 son ind\u00e9pendance vis-\u00e0-vis des syst\u00e8mes d&rsquo;alimentation fixes, l&rsquo;appareil peut \u00eatre utilis\u00e9 sur diff\u00e9rents lieux de travail sans aucune restriction.<\/p>\n<p>La zone de traitement, \u00e9quip\u00e9e d&rsquo;un dispositif de levage \u00e9lectrique et d&rsquo;un porte-pi\u00e8ce, est int\u00e9gr\u00e9e \u00e0 la structure autoportante. La commande \u00e9lectronique comprend des capteurs de temp\u00e9rature pour les \u00e9l\u00e9ments chauffants, ainsi que pour les temp\u00e9ratures du fluide et de la vapeur, garantissant ainsi une fiabilit\u00e9 absolue du processus.<\/p>\n<p>Un cycle de mesure automatique identifie le fluide utilis\u00e9. Un syst\u00e8me de refroidissement ferm\u00e9 est int\u00e9gr\u00e9 dans la base de la machine.<\/p>\n<h3>Applications typiques<\/h3>\n<ul>\n<li>Utilisation en laboratoire pour la qualification et le test des processus de soudage<\/li>\n<li>\u00c9tablissement de profils de temp\u00e9rature<\/li>\n<li>Soudage CMS fiable d&rsquo;assemblages individuels<\/li>\n<li>Soudage de petites s\u00e9ries<\/li>\n<li>Contr\u00f4le qualit\u00e9 des p\u00e2tes \u00e0 souder et des cartes de circuits imprim\u00e9s<\/li>\n<li>R\u00e9parations d&rsquo;assemblages, dessoudage et ressoudage de composants<\/li>\n<\/ul>\n","protected":false},"excerpt":{"rendered":"<p>Pour la production en laboratoire et la fabrication \u00e0 l&rsquo;unit\u00e9<\/p>\n","protected":false},"featured_media":0,"template":"","meta":{"_acf_changed":false},"pwb-brand":[18206],"product_brand":[],"product_cat":[17991,18016],"product_tag":[],"class_list":{"0":"post-55802","1":"product","2":"type-product","3":"status-publish","5":"pwb-brand-brand-asscon-fr-2","6":"product_cat-electronique-fr","7":"product_cat-machines-d-occasion-fr-2","9":"first","10":"instock","11":"taxable","12":"shipping-taxable","13":"product-type-simple"},"acf":[],"yoast_head":"<!-- This site is optimized with the Yoast SEO plugin v27.1.1 - https:\/\/yoast.com\/product\/yoast-seo-wordpress\/ -->\n<title>Vapor Phase Soldering Machine Quicky 450 - Smans<\/title>\n<meta name=\"robots\" content=\"index, follow, max-snippet:-1, max-image-preview:large, max-video-preview:-1\" \/>\n<link rel=\"canonical\" href=\"https:\/\/smans.com\/fr\/product\/vapor-phase-soldering-machine-quicky-450\/\" \/>\n<meta property=\"og:locale\" content=\"fr_FR\" \/>\n<meta property=\"og:type\" content=\"article\" \/>\n<meta property=\"og:title\" content=\"Vapor Phase Soldering Machine Quicky 450 - Smans\" \/>\n<meta property=\"og:description\" content=\"Pour la production en laboratoire et la fabrication \u00e0 l&#039;unit\u00e9\" \/>\n<meta property=\"og:url\" content=\"https:\/\/smans.com\/fr\/product\/vapor-phase-soldering-machine-quicky-450\/\" \/>\n<meta property=\"og:site_name\" content=\"Smans\" \/>\n<meta property=\"article:modified_time\" content=\"2026-04-29T09:30:06+00:00\" \/>\n<meta name=\"twitter:card\" content=\"summary_large_image\" \/>\n<meta name=\"twitter:label1\" content=\"Dur\u00e9e de lecture estim\u00e9e\" \/>\n\t<meta name=\"twitter:data1\" content=\"1 minute\" \/>\n<script type=\"application\/ld+json\" class=\"yoast-schema-graph\">{\"@context\":\"https:\/\/schema.org\",\"@graph\":[{\"@type\":\"WebPage\",\"@id\":\"https:\/\/smans.com\/fr\/product\/vapor-phase-soldering-machine-quicky-450\/\",\"url\":\"https:\/\/smans.com\/fr\/product\/vapor-phase-soldering-machine-quicky-450\/\",\"name\":\"Vapor Phase Soldering Machine Quicky 450 - Smans\",\"isPartOf\":{\"@id\":\"https:\/\/smans.com\/nl\/#website\"},\"datePublished\":\"2026-04-23T02:44:40+00:00\",\"dateModified\":\"2026-04-29T09:30:06+00:00\",\"breadcrumb\":{\"@id\":\"https:\/\/smans.com\/fr\/product\/vapor-phase-soldering-machine-quicky-450\/#breadcrumb\"},\"inLanguage\":\"fr-FR\",\"potentialAction\":[{\"@type\":\"ReadAction\",\"target\":[\"https:\/\/smans.com\/fr\/product\/vapor-phase-soldering-machine-quicky-450\/\"]}]},{\"@type\":\"BreadcrumbList\",\"@id\":\"https:\/\/smans.com\/fr\/product\/vapor-phase-soldering-machine-quicky-450\/#breadcrumb\",\"itemListElement\":[{\"@type\":\"ListItem\",\"position\":1,\"name\":\"Home\",\"item\":\"https:\/\/smans.com\/fr\/\"},{\"@type\":\"ListItem\",\"position\":2,\"name\":\"Boutique\",\"item\":\"https:\/\/smans.com\/nl\/shop\/\"},{\"@type\":\"ListItem\",\"position\":3,\"name\":\"Asscon - Vapor Phase Soldering Machine Quicky 450\"}]},{\"@type\":\"WebSite\",\"@id\":\"https:\/\/smans.com\/nl\/#website\",\"url\":\"https:\/\/smans.com\/nl\/\",\"name\":\"Smans\",\"description\":\"\",\"publisher\":{\"@id\":\"https:\/\/smans.com\/nl\/#organization\"},\"potentialAction\":[{\"@type\":\"SearchAction\",\"target\":{\"@type\":\"EntryPoint\",\"urlTemplate\":\"https:\/\/smans.com\/nl\/?s={search_term_string}\"},\"query-input\":{\"@type\":\"PropertyValueSpecification\",\"valueRequired\":true,\"valueName\":\"search_term_string\"}}],\"inLanguage\":\"fr-FR\"},{\"@type\":\"Organization\",\"@id\":\"https:\/\/smans.com\/nl\/#organization\",\"name\":\"Smans\",\"url\":\"https:\/\/smans.com\/nl\/\",\"logo\":{\"@type\":\"ImageObject\",\"inLanguage\":\"fr-FR\",\"@id\":\"https:\/\/smans.com\/nl\/#\/schema\/logo\/image\/\",\"url\":\"https:\/\/smans.com\/wp-content\/uploads\/2023\/09\/logo.svg\",\"contentUrl\":\"https:\/\/smans.com\/wp-content\/uploads\/2023\/09\/logo.svg\",\"caption\":\"Smans\"},\"image\":{\"@id\":\"https:\/\/smans.com\/nl\/#\/schema\/logo\/image\/\"}}]}<\/script>\n<!-- \/ Yoast SEO plugin. -->","yoast_head_json":{"title":"Vapor Phase Soldering Machine Quicky 450 - Smans","robots":{"index":"index","follow":"follow","max-snippet":"max-snippet:-1","max-image-preview":"max-image-preview:large","max-video-preview":"max-video-preview:-1"},"canonical":"https:\/\/smans.com\/fr\/product\/vapor-phase-soldering-machine-quicky-450\/","og_locale":"fr_FR","og_type":"article","og_title":"Vapor Phase Soldering Machine Quicky 450 - Smans","og_description":"Pour la production en laboratoire et la fabrication \u00e0 l'unit\u00e9","og_url":"https:\/\/smans.com\/fr\/product\/vapor-phase-soldering-machine-quicky-450\/","og_site_name":"Smans","article_modified_time":"2026-04-29T09:30:06+00:00","twitter_card":"summary_large_image","twitter_misc":{"Dur\u00e9e de lecture estim\u00e9e":"1 minute"},"schema":{"@context":"https:\/\/schema.org","@graph":[{"@type":"WebPage","@id":"https:\/\/smans.com\/fr\/product\/vapor-phase-soldering-machine-quicky-450\/","url":"https:\/\/smans.com\/fr\/product\/vapor-phase-soldering-machine-quicky-450\/","name":"Vapor Phase Soldering Machine Quicky 450 - Smans","isPartOf":{"@id":"https:\/\/smans.com\/nl\/#website"},"datePublished":"2026-04-23T02:44:40+00:00","dateModified":"2026-04-29T09:30:06+00:00","breadcrumb":{"@id":"https:\/\/smans.com\/fr\/product\/vapor-phase-soldering-machine-quicky-450\/#breadcrumb"},"inLanguage":"fr-FR","potentialAction":[{"@type":"ReadAction","target":["https:\/\/smans.com\/fr\/product\/vapor-phase-soldering-machine-quicky-450\/"]}]},{"@type":"BreadcrumbList","@id":"https:\/\/smans.com\/fr\/product\/vapor-phase-soldering-machine-quicky-450\/#breadcrumb","itemListElement":[{"@type":"ListItem","position":1,"name":"Home","item":"https:\/\/smans.com\/fr\/"},{"@type":"ListItem","position":2,"name":"Boutique","item":"https:\/\/smans.com\/nl\/shop\/"},{"@type":"ListItem","position":3,"name":"Asscon - Vapor Phase Soldering Machine Quicky 450"}]},{"@type":"WebSite","@id":"https:\/\/smans.com\/nl\/#website","url":"https:\/\/smans.com\/nl\/","name":"Smans","description":"","publisher":{"@id":"https:\/\/smans.com\/nl\/#organization"},"potentialAction":[{"@type":"SearchAction","target":{"@type":"EntryPoint","urlTemplate":"https:\/\/smans.com\/nl\/?s={search_term_string}"},"query-input":{"@type":"PropertyValueSpecification","valueRequired":true,"valueName":"search_term_string"}}],"inLanguage":"fr-FR"},{"@type":"Organization","@id":"https:\/\/smans.com\/nl\/#organization","name":"Smans","url":"https:\/\/smans.com\/nl\/","logo":{"@type":"ImageObject","inLanguage":"fr-FR","@id":"https:\/\/smans.com\/nl\/#\/schema\/logo\/image\/","url":"https:\/\/smans.com\/wp-content\/uploads\/2023\/09\/logo.svg","contentUrl":"https:\/\/smans.com\/wp-content\/uploads\/2023\/09\/logo.svg","caption":"Smans"},"image":{"@id":"https:\/\/smans.com\/nl\/#\/schema\/logo\/image\/"}}]}},"brands":[{"id":18206,"name":"Asscon","slug":"brand-asscon-fr-2"}],"_links":{"self":[{"href":"https:\/\/smans.com\/fr\/wp-json\/wp\/v2\/product\/55802","targetHints":{"allow":["GET"]}}],"collection":[{"href":"https:\/\/smans.com\/fr\/wp-json\/wp\/v2\/product"}],"about":[{"href":"https:\/\/smans.com\/fr\/wp-json\/wp\/v2\/types\/product"}],"wp:attachment":[{"href":"https:\/\/smans.com\/fr\/wp-json\/wp\/v2\/media?parent=55802"}],"wp:term":[{"taxonomy":"pwb-brand","embeddable":true,"href":"https:\/\/smans.com\/fr\/wp-json\/wp\/v2\/pwb-brand?post=55802"},{"taxonomy":"product_brand","embeddable":true,"href":"https:\/\/smans.com\/fr\/wp-json\/wp\/v2\/product_brand?post=55802"},{"taxonomy":"product_cat","embeddable":true,"href":"https:\/\/smans.com\/fr\/wp-json\/wp\/v2\/product_cat?post=55802"},{"taxonomy":"product_tag","embeddable":true,"href":"https:\/\/smans.com\/fr\/wp-json\/wp\/v2\/product_tag?post=55802"}],"curies":[{"name":"wp","href":"https:\/\/api.w.org\/{rel}","templated":true}]}}