{"id":55803,"date":"2026-04-23T04:44:42","date_gmt":"2026-04-23T02:44:42","guid":{"rendered":"https:\/\/smans.com\/product\/automatic-pick-place-printer-sm482\/"},"modified":"2026-04-29T11:30:51","modified_gmt":"2026-04-29T09:30:51","slug":"automatic-pick-place-printer-sm482","status":"publish","type":"product","link":"https:\/\/smans.com\/fr\/product\/automatic-pick-place-printer-sm482\/","title":{"rendered":"Hanwha - Automatic Pick &amp; Place Printer SM482"},"content":{"rendered":"<p>Machine d&rsquo;occasion avec T-IT et buses, \u00e0 un prix tr\u00e8s attractif. Contactez-nous pour obtenir un devis!<\/p>\n<p>La Hanwha SM482 est une machine de placement de composants SMT de pointe qui excelle en mati\u00e8re de vitesse, de pr\u00e9cision et de fiabilit\u00e9, avec une cadence de placement pouvant atteindre 27 000 composants par heure et une pr\u00e9cision de \u00b140 \u00b5m \u00e0 \u00b13\u03c3.<\/p>\n<p>Les cam\u00e9ras avanc\u00e9es, fixes et volantes, reconnaissent et positionnent automatiquement les composants, garantissant ainsi un placement de chaque pi\u00e8ce avec une pr\u00e9cision extr\u00eame.<\/p>\n<p>La SM482 traite sans difficult\u00e9 une large gamme de formats de composants, des petites puces 01005 aux pi\u00e8ces plus grandes de 55 \u00d7 55 mm et 15 mm de hauteur.<\/p>\n<p>De plus, la machine prend en charge des circuits imprim\u00e9s (PCB) de dimensions allant de 50 \u00d7 50 mm \u00e0 460 \u00d7 400 mm, avec une extension optionnelle jusqu&rsquo;\u00e0 740 \u00d7 460 mm. La SM482 est ainsi adapt\u00e9e \u00e0 des applications vari\u00e9es, des modules compacts aux assemblages de circuits imprim\u00e9s plus grands.<\/p>\n<p>La machine peut accueillir jusqu&rsquo;\u00e0 120 chargeurs (8 mm) et peut \u00eatre \u00e9quip\u00e9e d&rsquo;options telles qu&rsquo;une unit\u00e9 de plateaux, un syst\u00e8me Smart Feeder et des fonctions de tra\u00e7abilit\u00e9. Le syst\u00e8me de commande intuitif avec surveillance du processus en temps r\u00e9el rend les changements de produit rapides et faciles, tandis que la conception m\u00e9canique robuste garantit un fonctionnement stable et un faible besoin d&rsquo;entretien.<\/p>\n<p>Gr\u00e2ce \u00e0 sa combinaison de vitesse \u00e9lev\u00e9e, de flexibilit\u00e9 et de fiabilit\u00e9, la Hanwha SM482 est un choix id\u00e9al tant pour la production \u00e0 grand volume que pour les lignes SMT \u00e0 forte mixit\u00e9. La machine offre un excellent rapport qualit\u00e9-prix et est con\u00e7ue pour fournir des performances stables et durables dans n&rsquo;importe quel environnement d&rsquo;assemblage \u00e9lectronique.<\/p>\n<p><strong>Principaux avantages<\/strong><\/p>\n<ul>\n<li>Haute vitesse et placement pr\u00e9cis<\/li>\n<li>Prend en charge des composants de 01005 \u00e0 55 \u00d7 55 mm<\/li>\n<li>Compatible avec des circuits imprim\u00e9s jusqu&rsquo;\u00e0 740 \u00d7 460 mm<\/li>\n<li>Surveillance en temps r\u00e9el et calibrage automatique<\/li>\n<li>Faibles co\u00fbts d&rsquo;entretien et haute fiabilit\u00e9<\/li>\n<\/ul>\n","protected":false},"excerpt":{"rendered":"<p>Placer multifonctionnel pour lignes d&rsquo;alimentation SMT, con\u00e7u pour le placement pr\u00e9cis de circuits int\u00e9gr\u00e9s, de BGA, de connecteurs et de composants CSP.<\/p>\n","protected":false},"featured_media":0,"template":"","meta":{"_acf_changed":false},"pwb-brand":[18250],"product_brand":[],"product_cat":[17991,18016],"product_tag":[],"class_list":{"0":"post-55803","1":"product","2":"type-product","3":"status-publish","5":"pwb-brand-brand-hanwha-fr","6":"product_cat-electronique-fr","7":"product_cat-machines-d-occasion-fr-2","9":"first","10":"instock","11":"taxable","12":"shipping-taxable","13":"product-type-simple"},"acf":[],"yoast_head":"<!-- This site is optimized with the Yoast SEO plugin v27.1.1 - https:\/\/yoast.com\/product\/yoast-seo-wordpress\/ -->\n<title>Automatic Pick &amp; Place Printer SM482 - Smans<\/title>\n<meta name=\"robots\" content=\"index, follow, max-snippet:-1, max-image-preview:large, max-video-preview:-1\" \/>\n<link rel=\"canonical\" href=\"https:\/\/smans.com\/fr\/product\/automatic-pick-place-printer-sm482\/\" \/>\n<meta property=\"og:locale\" content=\"fr_FR\" \/>\n<meta property=\"og:type\" content=\"article\" \/>\n<meta property=\"og:title\" content=\"Automatic Pick &amp; Place Printer SM482 - Smans\" \/>\n<meta property=\"og:description\" content=\"Placer multifonctionnel pour lignes d&#039;alimentation SMT, con\u00e7u pour le placement pr\u00e9cis de circuits int\u00e9gr\u00e9s, de BGA, de connecteurs et de composants CSP.\" \/>\n<meta property=\"og:url\" content=\"https:\/\/smans.com\/fr\/product\/automatic-pick-place-printer-sm482\/\" \/>\n<meta property=\"og:site_name\" content=\"Smans\" \/>\n<meta property=\"article:modified_time\" content=\"2026-04-29T09:30:51+00:00\" \/>\n<meta name=\"twitter:card\" content=\"summary_large_image\" \/>\n<meta name=\"twitter:label1\" content=\"Dur\u00e9e de lecture estim\u00e9e\" \/>\n\t<meta name=\"twitter:data1\" content=\"2 minutes\" \/>\n<script type=\"application\/ld+json\" class=\"yoast-schema-graph\">{\"@context\":\"https:\/\/schema.org\",\"@graph\":[{\"@type\":\"WebPage\",\"@id\":\"https:\/\/smans.com\/fr\/product\/automatic-pick-place-printer-sm482\/\",\"url\":\"https:\/\/smans.com\/fr\/product\/automatic-pick-place-printer-sm482\/\",\"name\":\"Automatic Pick &amp; Place Printer SM482 - Smans\",\"isPartOf\":{\"@id\":\"https:\/\/smans.com\/nl\/#website\"},\"datePublished\":\"2026-04-23T02:44:42+00:00\",\"dateModified\":\"2026-04-29T09:30:51+00:00\",\"breadcrumb\":{\"@id\":\"https:\/\/smans.com\/fr\/product\/automatic-pick-place-printer-sm482\/#breadcrumb\"},\"inLanguage\":\"fr-FR\",\"potentialAction\":[{\"@type\":\"ReadAction\",\"target\":[\"https:\/\/smans.com\/fr\/product\/automatic-pick-place-printer-sm482\/\"]}]},{\"@type\":\"BreadcrumbList\",\"@id\":\"https:\/\/smans.com\/fr\/product\/automatic-pick-place-printer-sm482\/#breadcrumb\",\"itemListElement\":[{\"@type\":\"ListItem\",\"position\":1,\"name\":\"Home\",\"item\":\"https:\/\/smans.com\/fr\/\"},{\"@type\":\"ListItem\",\"position\":2,\"name\":\"Boutique\",\"item\":\"https:\/\/smans.com\/nl\/shop\/\"},{\"@type\":\"ListItem\",\"position\":3,\"name\":\"Hanwha - Automatic Pick &amp; Place Printer SM482\"}]},{\"@type\":\"WebSite\",\"@id\":\"https:\/\/smans.com\/nl\/#website\",\"url\":\"https:\/\/smans.com\/nl\/\",\"name\":\"Smans\",\"description\":\"\",\"publisher\":{\"@id\":\"https:\/\/smans.com\/nl\/#organization\"},\"potentialAction\":[{\"@type\":\"SearchAction\",\"target\":{\"@type\":\"EntryPoint\",\"urlTemplate\":\"https:\/\/smans.com\/nl\/?s={search_term_string}\"},\"query-input\":{\"@type\":\"PropertyValueSpecification\",\"valueRequired\":true,\"valueName\":\"search_term_string\"}}],\"inLanguage\":\"fr-FR\"},{\"@type\":\"Organization\",\"@id\":\"https:\/\/smans.com\/nl\/#organization\",\"name\":\"Smans\",\"url\":\"https:\/\/smans.com\/nl\/\",\"logo\":{\"@type\":\"ImageObject\",\"inLanguage\":\"fr-FR\",\"@id\":\"https:\/\/smans.com\/nl\/#\/schema\/logo\/image\/\",\"url\":\"https:\/\/smans.com\/wp-content\/uploads\/2023\/09\/logo.svg\",\"contentUrl\":\"https:\/\/smans.com\/wp-content\/uploads\/2023\/09\/logo.svg\",\"caption\":\"Smans\"},\"image\":{\"@id\":\"https:\/\/smans.com\/nl\/#\/schema\/logo\/image\/\"}}]}<\/script>\n<!-- \/ Yoast SEO plugin. -->","yoast_head_json":{"title":"Automatic Pick &amp; Place Printer SM482 - Smans","robots":{"index":"index","follow":"follow","max-snippet":"max-snippet:-1","max-image-preview":"max-image-preview:large","max-video-preview":"max-video-preview:-1"},"canonical":"https:\/\/smans.com\/fr\/product\/automatic-pick-place-printer-sm482\/","og_locale":"fr_FR","og_type":"article","og_title":"Automatic Pick &amp; Place Printer SM482 - Smans","og_description":"Placer multifonctionnel pour lignes d'alimentation SMT, con\u00e7u pour le placement pr\u00e9cis de circuits int\u00e9gr\u00e9s, de BGA, de connecteurs et de composants CSP.","og_url":"https:\/\/smans.com\/fr\/product\/automatic-pick-place-printer-sm482\/","og_site_name":"Smans","article_modified_time":"2026-04-29T09:30:51+00:00","twitter_card":"summary_large_image","twitter_misc":{"Dur\u00e9e de lecture estim\u00e9e":"2 minutes"},"schema":{"@context":"https:\/\/schema.org","@graph":[{"@type":"WebPage","@id":"https:\/\/smans.com\/fr\/product\/automatic-pick-place-printer-sm482\/","url":"https:\/\/smans.com\/fr\/product\/automatic-pick-place-printer-sm482\/","name":"Automatic Pick &amp; Place Printer SM482 - Smans","isPartOf":{"@id":"https:\/\/smans.com\/nl\/#website"},"datePublished":"2026-04-23T02:44:42+00:00","dateModified":"2026-04-29T09:30:51+00:00","breadcrumb":{"@id":"https:\/\/smans.com\/fr\/product\/automatic-pick-place-printer-sm482\/#breadcrumb"},"inLanguage":"fr-FR","potentialAction":[{"@type":"ReadAction","target":["https:\/\/smans.com\/fr\/product\/automatic-pick-place-printer-sm482\/"]}]},{"@type":"BreadcrumbList","@id":"https:\/\/smans.com\/fr\/product\/automatic-pick-place-printer-sm482\/#breadcrumb","itemListElement":[{"@type":"ListItem","position":1,"name":"Home","item":"https:\/\/smans.com\/fr\/"},{"@type":"ListItem","position":2,"name":"Boutique","item":"https:\/\/smans.com\/nl\/shop\/"},{"@type":"ListItem","position":3,"name":"Hanwha - Automatic Pick &amp; Place Printer SM482"}]},{"@type":"WebSite","@id":"https:\/\/smans.com\/nl\/#website","url":"https:\/\/smans.com\/nl\/","name":"Smans","description":"","publisher":{"@id":"https:\/\/smans.com\/nl\/#organization"},"potentialAction":[{"@type":"SearchAction","target":{"@type":"EntryPoint","urlTemplate":"https:\/\/smans.com\/nl\/?s={search_term_string}"},"query-input":{"@type":"PropertyValueSpecification","valueRequired":true,"valueName":"search_term_string"}}],"inLanguage":"fr-FR"},{"@type":"Organization","@id":"https:\/\/smans.com\/nl\/#organization","name":"Smans","url":"https:\/\/smans.com\/nl\/","logo":{"@type":"ImageObject","inLanguage":"fr-FR","@id":"https:\/\/smans.com\/nl\/#\/schema\/logo\/image\/","url":"https:\/\/smans.com\/wp-content\/uploads\/2023\/09\/logo.svg","contentUrl":"https:\/\/smans.com\/wp-content\/uploads\/2023\/09\/logo.svg","caption":"Smans"},"image":{"@id":"https:\/\/smans.com\/nl\/#\/schema\/logo\/image\/"}}]}},"brands":[{"id":18250,"name":"Hanwha","slug":"brand-hanwha-fr"}],"_links":{"self":[{"href":"https:\/\/smans.com\/fr\/wp-json\/wp\/v2\/product\/55803","targetHints":{"allow":["GET"]}}],"collection":[{"href":"https:\/\/smans.com\/fr\/wp-json\/wp\/v2\/product"}],"about":[{"href":"https:\/\/smans.com\/fr\/wp-json\/wp\/v2\/types\/product"}],"wp:attachment":[{"href":"https:\/\/smans.com\/fr\/wp-json\/wp\/v2\/media?parent=55803"}],"wp:term":[{"taxonomy":"pwb-brand","embeddable":true,"href":"https:\/\/smans.com\/fr\/wp-json\/wp\/v2\/pwb-brand?post=55803"},{"taxonomy":"product_brand","embeddable":true,"href":"https:\/\/smans.com\/fr\/wp-json\/wp\/v2\/product_brand?post=55803"},{"taxonomy":"product_cat","embeddable":true,"href":"https:\/\/smans.com\/fr\/wp-json\/wp\/v2\/product_cat?post=55803"},{"taxonomy":"product_tag","embeddable":true,"href":"https:\/\/smans.com\/fr\/wp-json\/wp\/v2\/product_tag?post=55803"}],"curies":[{"name":"wp","href":"https:\/\/api.w.org\/{rel}","templated":true}]}}