{"id":55805,"date":"2026-04-23T04:44:46","date_gmt":"2026-04-23T02:44:46","guid":{"rendered":"https:\/\/smans.com\/product\/modoffice\/"},"modified":"2026-04-30T11:19:32","modified_gmt":"2026-04-30T09:19:32","slug":"modoffice","status":"publish","type":"product","link":"https:\/\/smans.com\/fr\/product\/modoffice\/","title":{"rendered":"Vision4Quality - ModOFFICE"},"content":{"rendered":"<p>ModOFFICE est un logiciel permettant de cr\u00e9er des mod\u00e8les d&rsquo;IA \u00e0 partir de vos propres donn\u00e9es. Qu&rsquo;il s&rsquo;agisse de guider les op\u00e9rateurs, d&rsquo;automatiser les tests ou de piloter des robots, ModOFFICE facilite la collecte de donn\u00e9es en cours de production et permet de cr\u00e9er des mod\u00e8les d&rsquo;IA fonctionnels en quelques clics seulement. Les programmes d&rsquo;inspection fonctionnent ainsi avec encore plus de pr\u00e9cision et s&rsquo;adaptent facilement aux nouvelles versions des produits.<\/p>\n<h4>Reconnaissance des composants<\/h4>\n<p>Une zone s\u00e9lectionn\u00e9e est analys\u00e9e \u00e0 la recherche de composants sp\u00e9cifiques et les pi\u00e8ces manquantes sont identifi\u00e9es.<\/p>\n<h4>Classer les composants<\/h4>\n<p>Les composants sont sp\u00e9cifiquement identifi\u00e9s et compar\u00e9s \u00e0 leurs valeurs cibles.<\/p>\n<h4>D\u00e9tecter les anomalies<\/h4>\n<p>Les mod\u00e8les d&rsquo;IA peuvent \u00eatre entra\u00een\u00e9s \u00e0 reconna\u00eetre m\u00eame les plus petits \u00e9carts par rapport \u00e0 la norme d&rsquo;un produit.<\/p>\n<h3>\u00c9volutivit\u00e9 pour chaque cas d&rsquo;utilisation<\/h3>\n<p>Chaque secteur d&rsquo;activit\u00e9 est confront\u00e9 \u00e0 ses propres d\u00e9fis, qui varient d&rsquo;un produit \u00e0 l&rsquo;autre.<\/p>\n<p>ModOFFICE peut \u00eatre utilis\u00e9 pour contr\u00f4ler une grande vari\u00e9t\u00e9 d&rsquo;\u00e9tapes de travail. Quel que soit votre probl\u00e8me, vous trouverez la solution chez nous.<\/p>\n<ul>\n<li>\u00c9lectronique : classez les composants avec ModOFFICE et d\u00e9tectez imm\u00e9diatement les <strong>d\u00e9fauts<\/strong>, m\u00eame en cas d&rsquo;\u00e9carts mineurs tels qu&rsquo;une polarit\u00e9 incorrecte d&rsquo;un condensateur.<\/li>\n<li>Automobile : que ce soit lors de l&rsquo;assemblage de modules ou de la production de pi\u00e8ces individuelles : avec ModOFFICE, vous pouvez d\u00e9tecter les <strong>anomalies<\/strong>, rep\u00e9rer les <strong>dommages<\/strong> et identifier les <strong>pi\u00e8ces manquantes<\/strong> dans tous les cas d&rsquo;utilisation.<\/li>\n<li>A\u00e9rospatiale : classez les pi\u00e8ces \u00e0 l&rsquo;aide des mod\u00e8les d&rsquo;IA de ModOFFICE et d\u00e9tectez imm\u00e9diatement les <strong>dommages<\/strong> ou les <strong>pi\u00e8ces mal install\u00e9es<\/strong>. Am\u00e9liorez la qualit\u00e9 et l&rsquo;efficacit\u00e9 gr\u00e2ce \u00e0 vos propres donn\u00e9es.<\/li>\n<li>M\u00e9dical : \u00c9liminez toutes les sources d&rsquo;erreur gr\u00e2ce \u00e0 un mod\u00e8le d&rsquo;IA. Identifiez les <strong>anomalies<\/strong> non sp\u00e9cifiques pour chaque composant avec ModOFFICE. Gagnez du temps sans compromettre la pr\u00e9cision.<\/li>\n<\/ul>\n<h3>Logiciel<\/h3>\n<p>ModOFFICE s&rsquo;appuie sur des processus it\u00e9ratifs pour le traitement des donn\u00e9es et la cr\u00e9ation de mod\u00e8les d&rsquo;IA. Cette structure garantit la clart\u00e9 et la possibilit\u00e9 d&rsquo;un d\u00e9veloppement continu des mod\u00e8les.<\/p>\n<p>Outre la qualit\u00e9 fonctionnelle, ModOFFICE a \u00e9t\u00e9 d\u00e9velopp\u00e9 en tenant compte de l&rsquo;exp\u00e9rience utilisateur. Les diff\u00e9rentes \u00e9tapes de la cr\u00e9ation de votre propre mod\u00e8le d&rsquo;IA sont clairement structur\u00e9es et la conception est bien organis\u00e9e.<\/p>\n<p>Les mod\u00e8les d&rsquo;IA ModOFFICE sont cr\u00e9\u00e9s conform\u00e9ment aux processus de pointe du secteur et garantissent une pr\u00e9cision maximale. Des outils d&rsquo;analyse sophistiqu\u00e9s pour l&rsquo;\u00e9valuation des mod\u00e8les d&rsquo;IA contribuent \u00e9galement \u00e0 obtenir les meilleurs r\u00e9sultats possibles.<\/p>\n","protected":false},"excerpt":{"rendered":"<p>L&rsquo;IA au service de l&rsquo;AOI et de l&rsquo;accompagnement des op\u00e9rateurs<\/p>\n","protected":false},"featured_media":0,"template":"","meta":{"_acf_changed":false},"pwb-brand":[],"product_brand":[],"product_cat":[18066,17990,17997,17991,18007,18023],"product_tag":[],"class_list":{"0":"post-55805","1":"product","2":"type-product","3":"status-publish","5":"product_cat-automated-optical-inspection-fr","6":"product_cat-cables-et-cablage-fr","7":"product_cat-control-de-la-qualite-fr","8":"product_cat-electronique-fr","9":"product_cat-inspection-fr","10":"product_cat-magnification-systems-fr","12":"first","13":"instock","14":"taxable","15":"shipping-taxable","16":"product-type-simple"},"acf":[],"yoast_head":"<!-- This site is optimized with the Yoast SEO plugin v27.1.1 - https:\/\/yoast.com\/product\/yoast-seo-wordpress\/ -->\n<title>ModOFFICE - Smans<\/title>\n<meta name=\"robots\" content=\"index, follow, max-snippet:-1, max-image-preview:large, max-video-preview:-1\" \/>\n<link rel=\"canonical\" href=\"https:\/\/smans.com\/fr\/product\/modoffice\/\" \/>\n<meta property=\"og:locale\" content=\"fr_FR\" \/>\n<meta property=\"og:type\" content=\"article\" \/>\n<meta property=\"og:title\" content=\"ModOFFICE - Smans\" \/>\n<meta property=\"og:description\" content=\"L&#039;IA au service de l&#039;AOI et de l&#039;accompagnement des op\u00e9rateurs\" \/>\n<meta property=\"og:url\" content=\"https:\/\/smans.com\/fr\/product\/modoffice\/\" \/>\n<meta property=\"og:site_name\" content=\"Smans\" \/>\n<meta property=\"article:modified_time\" content=\"2026-04-30T09:19:32+00:00\" \/>\n<meta name=\"twitter:card\" content=\"summary_large_image\" \/>\n<meta name=\"twitter:label1\" content=\"Dur\u00e9e de lecture estim\u00e9e\" \/>\n\t<meta name=\"twitter:data1\" content=\"2 minutes\" \/>\n<script type=\"application\/ld+json\" class=\"yoast-schema-graph\">{\"@context\":\"https:\/\/schema.org\",\"@graph\":[{\"@type\":\"WebPage\",\"@id\":\"https:\/\/smans.com\/fr\/product\/modoffice\/\",\"url\":\"https:\/\/smans.com\/fr\/product\/modoffice\/\",\"name\":\"ModOFFICE - Smans\",\"isPartOf\":{\"@id\":\"https:\/\/smans.com\/nl\/#website\"},\"datePublished\":\"2026-04-23T02:44:46+00:00\",\"dateModified\":\"2026-04-30T09:19:32+00:00\",\"breadcrumb\":{\"@id\":\"https:\/\/smans.com\/fr\/product\/modoffice\/#breadcrumb\"},\"inLanguage\":\"fr-FR\",\"potentialAction\":[{\"@type\":\"ReadAction\",\"target\":[\"https:\/\/smans.com\/fr\/product\/modoffice\/\"]}]},{\"@type\":\"BreadcrumbList\",\"@id\":\"https:\/\/smans.com\/fr\/product\/modoffice\/#breadcrumb\",\"itemListElement\":[{\"@type\":\"ListItem\",\"position\":1,\"name\":\"Home\",\"item\":\"https:\/\/smans.com\/fr\/\"},{\"@type\":\"ListItem\",\"position\":2,\"name\":\"Boutique\",\"item\":\"https:\/\/smans.com\/nl\/shop\/\"},{\"@type\":\"ListItem\",\"position\":3,\"name\":\"ModOFFICE\"}]},{\"@type\":\"WebSite\",\"@id\":\"https:\/\/smans.com\/nl\/#website\",\"url\":\"https:\/\/smans.com\/nl\/\",\"name\":\"Smans\",\"description\":\"\",\"publisher\":{\"@id\":\"https:\/\/smans.com\/nl\/#organization\"},\"potentialAction\":[{\"@type\":\"SearchAction\",\"target\":{\"@type\":\"EntryPoint\",\"urlTemplate\":\"https:\/\/smans.com\/nl\/?s={search_term_string}\"},\"query-input\":{\"@type\":\"PropertyValueSpecification\",\"valueRequired\":true,\"valueName\":\"search_term_string\"}}],\"inLanguage\":\"fr-FR\"},{\"@type\":\"Organization\",\"@id\":\"https:\/\/smans.com\/nl\/#organization\",\"name\":\"Smans\",\"url\":\"https:\/\/smans.com\/nl\/\",\"logo\":{\"@type\":\"ImageObject\",\"inLanguage\":\"fr-FR\",\"@id\":\"https:\/\/smans.com\/nl\/#\/schema\/logo\/image\/\",\"url\":\"https:\/\/smans.com\/wp-content\/uploads\/2023\/09\/logo.svg\",\"contentUrl\":\"https:\/\/smans.com\/wp-content\/uploads\/2023\/09\/logo.svg\",\"caption\":\"Smans\"},\"image\":{\"@id\":\"https:\/\/smans.com\/nl\/#\/schema\/logo\/image\/\"}}]}<\/script>\n<!-- \/ Yoast SEO plugin. -->","yoast_head_json":{"title":"ModOFFICE - Smans","robots":{"index":"index","follow":"follow","max-snippet":"max-snippet:-1","max-image-preview":"max-image-preview:large","max-video-preview":"max-video-preview:-1"},"canonical":"https:\/\/smans.com\/fr\/product\/modoffice\/","og_locale":"fr_FR","og_type":"article","og_title":"ModOFFICE - Smans","og_description":"L'IA au service de l'AOI et de l'accompagnement des op\u00e9rateurs","og_url":"https:\/\/smans.com\/fr\/product\/modoffice\/","og_site_name":"Smans","article_modified_time":"2026-04-30T09:19:32+00:00","twitter_card":"summary_large_image","twitter_misc":{"Dur\u00e9e de lecture estim\u00e9e":"2 minutes"},"schema":{"@context":"https:\/\/schema.org","@graph":[{"@type":"WebPage","@id":"https:\/\/smans.com\/fr\/product\/modoffice\/","url":"https:\/\/smans.com\/fr\/product\/modoffice\/","name":"ModOFFICE - Smans","isPartOf":{"@id":"https:\/\/smans.com\/nl\/#website"},"datePublished":"2026-04-23T02:44:46+00:00","dateModified":"2026-04-30T09:19:32+00:00","breadcrumb":{"@id":"https:\/\/smans.com\/fr\/product\/modoffice\/#breadcrumb"},"inLanguage":"fr-FR","potentialAction":[{"@type":"ReadAction","target":["https:\/\/smans.com\/fr\/product\/modoffice\/"]}]},{"@type":"BreadcrumbList","@id":"https:\/\/smans.com\/fr\/product\/modoffice\/#breadcrumb","itemListElement":[{"@type":"ListItem","position":1,"name":"Home","item":"https:\/\/smans.com\/fr\/"},{"@type":"ListItem","position":2,"name":"Boutique","item":"https:\/\/smans.com\/nl\/shop\/"},{"@type":"ListItem","position":3,"name":"ModOFFICE"}]},{"@type":"WebSite","@id":"https:\/\/smans.com\/nl\/#website","url":"https:\/\/smans.com\/nl\/","name":"Smans","description":"","publisher":{"@id":"https:\/\/smans.com\/nl\/#organization"},"potentialAction":[{"@type":"SearchAction","target":{"@type":"EntryPoint","urlTemplate":"https:\/\/smans.com\/nl\/?s={search_term_string}"},"query-input":{"@type":"PropertyValueSpecification","valueRequired":true,"valueName":"search_term_string"}}],"inLanguage":"fr-FR"},{"@type":"Organization","@id":"https:\/\/smans.com\/nl\/#organization","name":"Smans","url":"https:\/\/smans.com\/nl\/","logo":{"@type":"ImageObject","inLanguage":"fr-FR","@id":"https:\/\/smans.com\/nl\/#\/schema\/logo\/image\/","url":"https:\/\/smans.com\/wp-content\/uploads\/2023\/09\/logo.svg","contentUrl":"https:\/\/smans.com\/wp-content\/uploads\/2023\/09\/logo.svg","caption":"Smans"},"image":{"@id":"https:\/\/smans.com\/nl\/#\/schema\/logo\/image\/"}}]}},"brands":[],"_links":{"self":[{"href":"https:\/\/smans.com\/fr\/wp-json\/wp\/v2\/product\/55805","targetHints":{"allow":["GET"]}}],"collection":[{"href":"https:\/\/smans.com\/fr\/wp-json\/wp\/v2\/product"}],"about":[{"href":"https:\/\/smans.com\/fr\/wp-json\/wp\/v2\/types\/product"}],"wp:attachment":[{"href":"https:\/\/smans.com\/fr\/wp-json\/wp\/v2\/media?parent=55805"}],"wp:term":[{"taxonomy":"pwb-brand","embeddable":true,"href":"https:\/\/smans.com\/fr\/wp-json\/wp\/v2\/pwb-brand?post=55805"},{"taxonomy":"product_brand","embeddable":true,"href":"https:\/\/smans.com\/fr\/wp-json\/wp\/v2\/product_brand?post=55805"},{"taxonomy":"product_cat","embeddable":true,"href":"https:\/\/smans.com\/fr\/wp-json\/wp\/v2\/product_cat?post=55805"},{"taxonomy":"product_tag","embeddable":true,"href":"https:\/\/smans.com\/fr\/wp-json\/wp\/v2\/product_tag?post=55805"}],"curies":[{"name":"wp","href":"https:\/\/api.w.org\/{rel}","templated":true}]}}