{"id":55806,"date":"2026-04-23T04:44:48","date_gmt":"2026-04-23T02:44:48","guid":{"rendered":"https:\/\/smans.com\/product\/modpcb\/"},"modified":"2026-04-30T11:19:33","modified_gmt":"2026-04-30T09:19:33","slug":"modpcb","status":"publish","type":"product","link":"https:\/\/smans.com\/fr\/product\/modpcb\/","title":{"rendered":"Vision4Quality - ModPCB"},"content":{"rendered":"<p>ModPCB est notre syst\u00e8me d&rsquo;assistance \u00e0 l&rsquo;op\u00e9rateur bas\u00e9 sur une cam\u00e9ra qui garantit une installation sans faille pour tous les domaines d&rsquo;application. Compos\u00e9 d&rsquo;un syst\u00e8me de cam\u00e9ra et d&rsquo;ordinateur pratique et \u00e9quip\u00e9 du logiciel ad\u00e9quat, le syst\u00e8me est pr\u00eat \u00e0 l&#8217;emploi d\u00e8s sa sortie de l&#8217;emballage.<\/p>\n<p>Gr\u00e2ce \u00e0 l&rsquo;utilisation de l&rsquo;IA, le syst\u00e8me est extr\u00eamement performant tout en restant simple \u00e0 utiliser gr\u00e2ce \u00e0 notre logiciel sans code. Gr\u00e2ce \u00e0 une vari\u00e9t\u00e9 d&rsquo;outils suppl\u00e9mentaires, ModPCB peut \u00eatre adapt\u00e9 avec pr\u00e9cision \u00e0 divers environnements de production et offre toujours les meilleurs r\u00e9sultats.<\/p>\n<h4>Champ de vision variable<\/h4>\n<p>Des objectifs interchangeables et des configurations multi-cam\u00e9ras permettent \u00e9galement d&rsquo;obtenir des champs de vision de plusieurs m\u00e8tres de large.<\/p>\n<h4>Distance de travail flexible<\/h4>\n<p>L&rsquo;objectif est s\u00e9lectionn\u00e9 en fonction de vos besoins. Des distances allant de quelques centim\u00e8tres \u00e0 plusieurs m\u00e8tres sont possibles.<\/p>\n<h4>R\u00e9solution adapt\u00e9e<\/h4>\n<p>Plusieurs r\u00e9solutions sont disponibles pour ModPCB et les cam\u00e9ras suppl\u00e9mentaires. Nous vous aiderons \u00e0 choisir la version qui vous convient.<\/p>\n<h3>Guidage des op\u00e9rateurs pour chaque cas d&rsquo;utilisation<\/h3>\n<p>Chaque secteur d&rsquo;activit\u00e9 est confront\u00e9 \u00e0 des d\u00e9fis qui lui sont propres, lesquels varient d&rsquo;un produit \u00e0 l&rsquo;autre.<\/p>\n<p>En tant que syst\u00e8me de guidage des op\u00e9rateurs bas\u00e9 sur la cam\u00e9ra, ModPCB offre une solution tout-en-un qui peut \u00eatre adapt\u00e9e \u00e0 n&rsquo;importe quel environnement de production gr\u00e2ce \u00e0 une gamme de fonctionnalit\u00e9s. Quel que soit votre probl\u00e8me, vous trouverez la solution chez nous.<\/p>\n<ul>\n<li>\u00c9lectronique : ModPCB permet des tests pr\u00e9cis ainsi qu&rsquo;un guidage intuitif des op\u00e9rateurs, de l&rsquo;<strong>assemblage THT<\/strong> \u00e0 l&rsquo;<strong>assemblage<\/strong> d&rsquo;armoires de commande complexes.<\/li>\n<li>Automobile : De l&rsquo;<strong>assemblage<\/strong> de l&rsquo;ordinateur de bord \u00e0 la v\u00e9rification des <strong>dimensions des jeux<\/strong>, ModPCB est un jeu d&rsquo;enfant \u00e0 utiliser et offre une pr\u00e9cision maximale.<\/li>\n<li>A\u00e9rospatiale : Qu&rsquo;il s&rsquo;agisse de petits composants techniques ou de l&rsquo;assemblage de grands groupes de composants : ModPCB garantit la plus haute qualit\u00e9 m\u00eame avec une main-d&rsquo;\u0153uvre non qualifi\u00e9e et d\u00e9tecte imm\u00e9diatement les <strong>erreurs <\/strong>ou les <strong>dommages<\/strong>.<\/li>\n<li>M\u00e9dical : la technologie m\u00e9dicale est soumise \u00e0 des normes \u00e9lev\u00e9es. ModPCB garantit la qualit\u00e9 de vos produits et pr\u00e9vient <strong>les anomalies <\/strong>et <strong>les d\u00e9fauts <\/strong>gr\u00e2ce \u00e0 des tests pr\u00e9cis et un fonctionnement intuitif.<\/li>\n<\/ul>\n<h3>Fonctionnalit\u00e9s<\/h3>\n<h4>Int\u00e9gration d&rsquo;outils<\/h4>\n<p>Pour construire quelque chose, il faut des outils. Qu&rsquo;il s&rsquo;agisse d&rsquo;une perceuse ou d&rsquo;un pied \u00e0 coulisse, ModPCB permet d&rsquo;int\u00e9grer divers outils directement dans le processus de test.<\/p>\n<h4>Cam\u00e9ras suppl\u00e9mentaires<\/h4>\n<p>Pr\u00e9cision dans toutes les dimensions : gr\u00e2ce \u00e0 des cam\u00e9ras suppl\u00e9mentaires, les composants peuvent \u00eatre examin\u00e9s de pr\u00e8s sous tous les angles.<\/p>\n<h4>Optimisation par IA<\/h4>\n<p>Gr\u00e2ce \u00e0 l&rsquo;IA, les programmes pour ModPCB peuvent \u00eatre con\u00e7us de mani\u00e8re encore plus efficace et pr\u00e9cise. Avec <strong>ModOFFICE<\/strong>, vous pouvez cr\u00e9er vous-m\u00eame des mod\u00e8les d&rsquo;IA \u00e0 partir de vos propres donn\u00e9es et les utiliser avec ModPCB<\/p>\n","protected":false},"excerpt":{"rendered":"<p>Le syst\u00e8me d&rsquo;orientation des travailleurs<\/p>\n","protected":false},"featured_media":0,"template":"","meta":{"_acf_changed":false},"pwb-brand":[],"product_brand":[],"product_cat":[18066,17990,17997,17991,18007,18023],"product_tag":[],"class_list":{"0":"post-55806","1":"product","2":"type-product","3":"status-publish","5":"product_cat-automated-optical-inspection-fr","6":"product_cat-cables-et-cablage-fr","7":"product_cat-control-de-la-qualite-fr","8":"product_cat-electronique-fr","9":"product_cat-inspection-fr","10":"product_cat-magnification-systems-fr","12":"first","13":"instock","14":"taxable","15":"shipping-taxable","16":"product-type-simple"},"acf":[],"yoast_head":"<!-- This site is optimized with the Yoast SEO plugin v27.1.1 - https:\/\/yoast.com\/product\/yoast-seo-wordpress\/ -->\n<title>ModPCB - Smans<\/title>\n<meta name=\"robots\" content=\"index, follow, max-snippet:-1, max-image-preview:large, max-video-preview:-1\" \/>\n<link rel=\"canonical\" href=\"https:\/\/smans.com\/fr\/product\/modpcb\/\" \/>\n<meta property=\"og:locale\" content=\"fr_FR\" \/>\n<meta property=\"og:type\" content=\"article\" \/>\n<meta property=\"og:title\" content=\"ModPCB - Smans\" \/>\n<meta property=\"og:description\" content=\"Le syst\u00e8me d&#039;orientation des travailleurs\" \/>\n<meta property=\"og:url\" content=\"https:\/\/smans.com\/fr\/product\/modpcb\/\" \/>\n<meta property=\"og:site_name\" content=\"Smans\" \/>\n<meta property=\"article:modified_time\" content=\"2026-04-30T09:19:33+00:00\" \/>\n<meta name=\"twitter:card\" content=\"summary_large_image\" \/>\n<meta name=\"twitter:label1\" content=\"Dur\u00e9e de lecture estim\u00e9e\" \/>\n\t<meta name=\"twitter:data1\" content=\"2 minutes\" \/>\n<script type=\"application\/ld+json\" class=\"yoast-schema-graph\">{\"@context\":\"https:\/\/schema.org\",\"@graph\":[{\"@type\":\"WebPage\",\"@id\":\"https:\/\/smans.com\/fr\/product\/modpcb\/\",\"url\":\"https:\/\/smans.com\/fr\/product\/modpcb\/\",\"name\":\"ModPCB - Smans\",\"isPartOf\":{\"@id\":\"https:\/\/smans.com\/nl\/#website\"},\"datePublished\":\"2026-04-23T02:44:48+00:00\",\"dateModified\":\"2026-04-30T09:19:33+00:00\",\"breadcrumb\":{\"@id\":\"https:\/\/smans.com\/fr\/product\/modpcb\/#breadcrumb\"},\"inLanguage\":\"fr-FR\",\"potentialAction\":[{\"@type\":\"ReadAction\",\"target\":[\"https:\/\/smans.com\/fr\/product\/modpcb\/\"]}]},{\"@type\":\"BreadcrumbList\",\"@id\":\"https:\/\/smans.com\/fr\/product\/modpcb\/#breadcrumb\",\"itemListElement\":[{\"@type\":\"ListItem\",\"position\":1,\"name\":\"Home\",\"item\":\"https:\/\/smans.com\/fr\/\"},{\"@type\":\"ListItem\",\"position\":2,\"name\":\"Boutique\",\"item\":\"https:\/\/smans.com\/nl\/shop\/\"},{\"@type\":\"ListItem\",\"position\":3,\"name\":\"ModPCB\"}]},{\"@type\":\"WebSite\",\"@id\":\"https:\/\/smans.com\/nl\/#website\",\"url\":\"https:\/\/smans.com\/nl\/\",\"name\":\"Smans\",\"description\":\"\",\"publisher\":{\"@id\":\"https:\/\/smans.com\/nl\/#organization\"},\"potentialAction\":[{\"@type\":\"SearchAction\",\"target\":{\"@type\":\"EntryPoint\",\"urlTemplate\":\"https:\/\/smans.com\/nl\/?s={search_term_string}\"},\"query-input\":{\"@type\":\"PropertyValueSpecification\",\"valueRequired\":true,\"valueName\":\"search_term_string\"}}],\"inLanguage\":\"fr-FR\"},{\"@type\":\"Organization\",\"@id\":\"https:\/\/smans.com\/nl\/#organization\",\"name\":\"Smans\",\"url\":\"https:\/\/smans.com\/nl\/\",\"logo\":{\"@type\":\"ImageObject\",\"inLanguage\":\"fr-FR\",\"@id\":\"https:\/\/smans.com\/nl\/#\/schema\/logo\/image\/\",\"url\":\"https:\/\/smans.com\/wp-content\/uploads\/2023\/09\/logo.svg\",\"contentUrl\":\"https:\/\/smans.com\/wp-content\/uploads\/2023\/09\/logo.svg\",\"caption\":\"Smans\"},\"image\":{\"@id\":\"https:\/\/smans.com\/nl\/#\/schema\/logo\/image\/\"}}]}<\/script>\n<!-- \/ Yoast SEO plugin. -->","yoast_head_json":{"title":"ModPCB - Smans","robots":{"index":"index","follow":"follow","max-snippet":"max-snippet:-1","max-image-preview":"max-image-preview:large","max-video-preview":"max-video-preview:-1"},"canonical":"https:\/\/smans.com\/fr\/product\/modpcb\/","og_locale":"fr_FR","og_type":"article","og_title":"ModPCB - Smans","og_description":"Le syst\u00e8me d'orientation des travailleurs","og_url":"https:\/\/smans.com\/fr\/product\/modpcb\/","og_site_name":"Smans","article_modified_time":"2026-04-30T09:19:33+00:00","twitter_card":"summary_large_image","twitter_misc":{"Dur\u00e9e de lecture estim\u00e9e":"2 minutes"},"schema":{"@context":"https:\/\/schema.org","@graph":[{"@type":"WebPage","@id":"https:\/\/smans.com\/fr\/product\/modpcb\/","url":"https:\/\/smans.com\/fr\/product\/modpcb\/","name":"ModPCB - Smans","isPartOf":{"@id":"https:\/\/smans.com\/nl\/#website"},"datePublished":"2026-04-23T02:44:48+00:00","dateModified":"2026-04-30T09:19:33+00:00","breadcrumb":{"@id":"https:\/\/smans.com\/fr\/product\/modpcb\/#breadcrumb"},"inLanguage":"fr-FR","potentialAction":[{"@type":"ReadAction","target":["https:\/\/smans.com\/fr\/product\/modpcb\/"]}]},{"@type":"BreadcrumbList","@id":"https:\/\/smans.com\/fr\/product\/modpcb\/#breadcrumb","itemListElement":[{"@type":"ListItem","position":1,"name":"Home","item":"https:\/\/smans.com\/fr\/"},{"@type":"ListItem","position":2,"name":"Boutique","item":"https:\/\/smans.com\/nl\/shop\/"},{"@type":"ListItem","position":3,"name":"ModPCB"}]},{"@type":"WebSite","@id":"https:\/\/smans.com\/nl\/#website","url":"https:\/\/smans.com\/nl\/","name":"Smans","description":"","publisher":{"@id":"https:\/\/smans.com\/nl\/#organization"},"potentialAction":[{"@type":"SearchAction","target":{"@type":"EntryPoint","urlTemplate":"https:\/\/smans.com\/nl\/?s={search_term_string}"},"query-input":{"@type":"PropertyValueSpecification","valueRequired":true,"valueName":"search_term_string"}}],"inLanguage":"fr-FR"},{"@type":"Organization","@id":"https:\/\/smans.com\/nl\/#organization","name":"Smans","url":"https:\/\/smans.com\/nl\/","logo":{"@type":"ImageObject","inLanguage":"fr-FR","@id":"https:\/\/smans.com\/nl\/#\/schema\/logo\/image\/","url":"https:\/\/smans.com\/wp-content\/uploads\/2023\/09\/logo.svg","contentUrl":"https:\/\/smans.com\/wp-content\/uploads\/2023\/09\/logo.svg","caption":"Smans"},"image":{"@id":"https:\/\/smans.com\/nl\/#\/schema\/logo\/image\/"}}]}},"brands":[],"_links":{"self":[{"href":"https:\/\/smans.com\/fr\/wp-json\/wp\/v2\/product\/55806","targetHints":{"allow":["GET"]}}],"collection":[{"href":"https:\/\/smans.com\/fr\/wp-json\/wp\/v2\/product"}],"about":[{"href":"https:\/\/smans.com\/fr\/wp-json\/wp\/v2\/types\/product"}],"wp:attachment":[{"href":"https:\/\/smans.com\/fr\/wp-json\/wp\/v2\/media?parent=55806"}],"wp:term":[{"taxonomy":"pwb-brand","embeddable":true,"href":"https:\/\/smans.com\/fr\/wp-json\/wp\/v2\/pwb-brand?post=55806"},{"taxonomy":"product_brand","embeddable":true,"href":"https:\/\/smans.com\/fr\/wp-json\/wp\/v2\/product_brand?post=55806"},{"taxonomy":"product_cat","embeddable":true,"href":"https:\/\/smans.com\/fr\/wp-json\/wp\/v2\/product_cat?post=55806"},{"taxonomy":"product_tag","embeddable":true,"href":"https:\/\/smans.com\/fr\/wp-json\/wp\/v2\/product_tag?post=55806"}],"curies":[{"name":"wp","href":"https:\/\/api.w.org\/{rel}","templated":true}]}}